{"id":6958,"date":"2022-11-02T10:21:19","date_gmt":"2022-11-02T10:21:19","guid":{"rendered":"https:\/\/dohiku.eu\/shop\/nezaraden\u00e9\/napajaci-zavit-micro\/"},"modified":"2025-11-20T10:31:58","modified_gmt":"2025-11-20T10:31:58","slug":"super-pevna-viazacia-nit-power-thread-micro","status":"publish","type":"product","link":"https:\/\/dohiku.eu\/sk\/shop\/viazacie-materialy\/nite-lametky-a-drotiky\/super-pevna-viazacia-nit\/super-pevna-viazacia-nit-power-thread-micro\/","title":{"rendered":"Super pevn\u00e1 viazacia ni\u0165 Power Thread Micro"},"content":{"rendered":"<p style=\"margin-top:0px;margin-bottom:.8rem;color:#777777;font-family:'Open Sans', sans-serif;font-size:15px\">Extreme je najten\u0161ia viazacia ni\u0165, ak\u00e1 bola kedy vytvoren\u00e1, ktor\u00e1 d\u00e1va mo\u017enos\u0165 prekona\u0165 s\u00fa\u010dasn\u00e9 limity vo svete viazania mu\u0161iek.<\/p>\n<h3 style=\"margin-top:0px;margin-bottom:.5rem;font-family:'Open Sans', sans-serif;line-height:1.2;color:#777777;font-size:1.125rem\"><span style=\"color:#222222;font-family:Arial, Helvetica, sans-serif;font-size:small\">Ni\u0165 je vyroben\u00e1 z technick\u00e9ho polym\u00e9ru s ve\u013emi vysokou medzou pevnosti v pomere k jej priemeru, a\u017e desa\u0165kr\u00e1t vy\u0161\u0161ou ako oce\u013e rovnak\u00e9ho priemeru, je vhodn\u00e1 na viazanie mu\u0161iek, kde je potrebn\u00e9, aby ni\u0165 bola prakticky nevidite\u013en\u00e1, ale s vynikaj\u00facou medzou pevnosti.<\/span><\/h3>\n<p style=\"margin-top:0px;margin-bottom:.8rem;color:#777777;font-family:'Open Sans', sans-serif;font-size:15px\">PTM 01 &#8211; Biela<\/p>\n<p style=\"margin-top:0px;margin-bottom:.8rem;color:#777777;font-family:'Open Sans', sans-serif;font-size:15px\">PTM 02 &#8211; \u010cierna<\/p>\n<p style=\"margin-top:0px;margin-bottom:.8rem;color:#777777;font-family:'Open Sans', sans-serif;font-size:15px\">25 Den.<\/p>\n<p style=\"margin-top:0px;margin-bottom:.8rem;color:#777777;font-family:'Open Sans', sans-serif;font-size:15px\">100 m<\/p>\n<p style=\"margin-top:0px;margin-bottom:.8rem;color:#777777;font-family:'Open Sans', sans-serif;font-size:15px\"><span style=\"color:#777777;font-family:'Open Sans', sans-serif\"><span style=\"font-size:15px\">\u2013 medza pevnosti 1,10 kg.<\/span><\/span><\/p>\n<p style=\"margin-top:0px;margin-bottom:.8rem;color:#777777;font-family:'Open Sans', sans-serif;font-size:15px\"><span style=\"color:#777777;font-family:'Open Sans', sans-serif\"><span style=\"font-size:15px\">&#8211; Odpor\u00fa\u010dan\u00e9 pre h\u00e1\u010dik od #10 do #20.<\/span><\/span><\/p>\n","protected":false},"excerpt":{"rendered":"<p style=\"margin-bottom:1.7em;margin-top:0px;color:#666666;font-family:'work sans', Arial, sans-serif;font-size:15px\"><span style=\"color:#222222;font-family:Arial, Helvetica, sans-serif;font-size:small\">Extreme je najten\u0161ia viazacia ni\u0165, ak\u00e1 bola kedy vytvoren\u00e1, ktor\u00e1 d\u00e1va mo\u017enos\u0165 prekona\u0165 s\u00fa\u010dasn\u00e9 limity vo svete viazania mu\u0161iek.<\/span><br style=\"color:#222222;font-family:Arial, Helvetica, sans-serif;font-size:small\"><span style=\"color:#222222;font-family:Arial, Helvetica, sans-serif;font-size:small\">Ni\u0165 je vyroben\u00e1 z technick\u00e9ho polym\u00e9ru s ve\u013emi vysokou medzou pevnosti v pomere k jej priemeru, a\u017e desa\u0165kr\u00e1t vy\u0161\u0161ou ako oce\u013e rovnak\u00e9ho priemeru, je vhodn\u00e1 na viazanie mu\u0161iek, kde je potrebn\u00e9, aby ni\u0165 bola prakticky nevidite\u013en\u00e1, ale s vynikaj\u00facou medzou pevnosti.<\/span><br style=\"color:#222222;font-family:Arial, Helvetica, sans-serif;font-size:small\"><span style=\"color:#222222;font-family:Arial, Helvetica, sans-serif;font-size:small\">Pon\u00faka sa v \u010diernej aj bielej farbe. Farby po\u010das pou\u017e\u00edvania nevybledn\u00fa: a bielu farbu mo\u017eno \u013eahko vyfarbi\u0165 aj permanentn\u00fdm fixom.<\/span><\/p>\n<p style=\"margin-top:0px;margin-bottom:.8rem;color:#777777;font-family:'Open Sans', sans-serif;font-size:15px\">PTM 01 &#8211; Biela<\/p>\n<p style=\"margin-top:0px;margin-bottom:.8rem;color:#777777;font-family:'Open Sans', sans-serif;font-size:15px\">PTM 02 &#8211; \u010dierna<\/p>\n<p style=\"margin-bottom:1.7em;margin-top:0px;color:#666666;font-family:'work sans', Arial, sans-serif;font-size:15px\">25 Den.<br \/>\u2013 medza pevnosti 1,10 kg.<br \/>&#8211; Odpor\u00fa\u010dan\u00e9 pre h\u00e1\u010dik od #10 do #20.<br \/>100 m<\/p>\n<p style=\"margin-top:0px;margin-bottom:.8rem;color:#777777;font-family:'Open Sans', sans-serif;font-size:15px\">\n<p style=\"margin-top:0px;margin-bottom:.8rem;color:#777777;font-family:'Open Sans', sans-serif;font-size:15px\">\n","protected":false},"featured_media":6748,"comment_status":"closed","ping_status":"closed","template":"","meta":[],"product_brand":[],"product_cat":[511,538,539],"product_tag":[],"class_list":{"0":"post-6958","1":"product","2":"type-product","3":"status-publish","4":"has-post-thumbnail","6":"product_cat-haciky","7":"product_cat-nite-lametky-a-drotiky","8":"product_cat-super-pevna-viazacia-nit","10":"first","11":"outofstock","12":"taxable","13":"shipping-taxable","14":"purchasable","15":"product-type-variable"},"yoast_head":"<!-- This site is optimized with the Yoast SEO plugin v27.4 - https:\/\/yoast.com\/product\/yoast-seo-wordpress\/ -->\n<title>Super pevn\u00e1 viazacia ni\u0165 Power Thread Micro - DOHIKU<\/title>\n<meta name=\"description\" content=\"Ni\u0165 je vyroben\u00e1 z technick\u00e9ho polym\u00e9ru s ve\u013emi vysokou medzou pevnosti v pomere k jej priemeru, a\u017e desa\u0165kr\u00e1t vy\u0161\u0161ou ako oce\u013e rovnak\u00e9ho priemeru...\" \/>\n<meta name=\"robots\" content=\"index, follow, max-snippet:-1, max-image-preview:large, max-video-preview:-1\" \/>\n<link rel=\"canonical\" href=\"https:\/\/dohiku.eu\/sk\/shop\/viazacie-materialy\/nite-lametky-a-drotiky\/super-pevna-viazacia-nit\/super-pevna-viazacia-nit-power-thread-micro\/\" \/>\n<meta property=\"og:locale\" content=\"sk_SK\" \/>\n<meta property=\"og:type\" content=\"article\" \/>\n<meta property=\"og:title\" content=\"Super pevn\u00e1 viazacia ni\u0165 Power Thread Micro - DOHIKU\" \/>\n<meta property=\"og:description\" content=\"Ni\u0165 je vyroben\u00e1 z technick\u00e9ho polym\u00e9ru s ve\u013emi vysokou medzou pevnosti v pomere k jej priemeru, a\u017e desa\u0165kr\u00e1t vy\u0161\u0161ou ako oce\u013e rovnak\u00e9ho priemeru...\" \/>\n<meta property=\"og:url\" content=\"https:\/\/dohiku.eu\/sk\/shop\/viazacie-materialy\/nite-lametky-a-drotiky\/super-pevna-viazacia-nit\/super-pevna-viazacia-nit-power-thread-micro\/\" \/>\n<meta property=\"og:site_name\" content=\"DOHIKU\" \/>\n<meta property=\"article:modified_time\" content=\"2025-11-20T10:31:58+00:00\" \/>\n<meta property=\"og:image\" content=\"https:\/\/dohiku.eu\/wp-content\/uploads\/2022\/11\/2710-Power-Thread-Micro.jpg\" \/>\n\t<meta property=\"og:image:width\" content=\"800\" \/>\n\t<meta property=\"og:image:height\" content=\"673\" \/>\n\t<meta property=\"og:image:type\" content=\"image\/jpeg\" \/>\n<meta name=\"twitter:card\" content=\"summary_large_image\" \/>\n<meta name=\"twitter:label1\" content=\"Predpokladan\u00fd \u010das \u010d\u00edtania\" \/>\n\t<meta name=\"twitter:data1\" content=\"1 min\u00fata\" \/>\n<script type=\"application\/ld+json\" class=\"yoast-schema-graph\">{\"@context\":\"https:\\\/\\\/schema.org\",\"@graph\":[{\"@type\":\"WebPage\",\"@id\":\"https:\\\/\\\/dohiku.eu\\\/sk\\\/shop\\\/viazacie-materialy\\\/nite-lametky-a-drotiky\\\/super-pevna-viazacia-nit\\\/super-pevna-viazacia-nit-power-thread-micro\\\/\",\"url\":\"https:\\\/\\\/dohiku.eu\\\/sk\\\/shop\\\/viazacie-materialy\\\/nite-lametky-a-drotiky\\\/super-pevna-viazacia-nit\\\/super-pevna-viazacia-nit-power-thread-micro\\\/\",\"name\":\"Super pevn\u00e1 viazacia ni\u0165 Power Thread Micro - DOHIKU\",\"isPartOf\":{\"@id\":\"https:\\\/\\\/dohiku.eu\\\/sk\\\/#website\"},\"primaryImageOfPage\":{\"@id\":\"https:\\\/\\\/dohiku.eu\\\/sk\\\/shop\\\/viazacie-materialy\\\/nite-lametky-a-drotiky\\\/super-pevna-viazacia-nit\\\/super-pevna-viazacia-nit-power-thread-micro\\\/#primaryimage\"},\"image\":{\"@id\":\"https:\\\/\\\/dohiku.eu\\\/sk\\\/shop\\\/viazacie-materialy\\\/nite-lametky-a-drotiky\\\/super-pevna-viazacia-nit\\\/super-pevna-viazacia-nit-power-thread-micro\\\/#primaryimage\"},\"thumbnailUrl\":\"https:\\\/\\\/dohiku.eu\\\/wp-content\\\/uploads\\\/2022\\\/11\\\/2710-Power-Thread-Micro.jpg\",\"datePublished\":\"2022-11-02T10:21:19+00:00\",\"dateModified\":\"2025-11-20T10:31:58+00:00\",\"description\":\"Ni\u0165 je vyroben\u00e1 z technick\u00e9ho polym\u00e9ru s ve\u013emi vysokou medzou pevnosti v pomere k jej priemeru, a\u017e desa\u0165kr\u00e1t vy\u0161\u0161ou ako oce\u013e rovnak\u00e9ho priemeru...\",\"breadcrumb\":{\"@id\":\"https:\\\/\\\/dohiku.eu\\\/sk\\\/shop\\\/viazacie-materialy\\\/nite-lametky-a-drotiky\\\/super-pevna-viazacia-nit\\\/super-pevna-viazacia-nit-power-thread-micro\\\/#breadcrumb\"},\"inLanguage\":\"sk-SK\",\"potentialAction\":[{\"@type\":\"ReadAction\",\"target\":[\"https:\\\/\\\/dohiku.eu\\\/sk\\\/shop\\\/viazacie-materialy\\\/nite-lametky-a-drotiky\\\/super-pevna-viazacia-nit\\\/super-pevna-viazacia-nit-power-thread-micro\\\/\"]}]},{\"@type\":\"ImageObject\",\"inLanguage\":\"sk-SK\",\"@id\":\"https:\\\/\\\/dohiku.eu\\\/sk\\\/shop\\\/viazacie-materialy\\\/nite-lametky-a-drotiky\\\/super-pevna-viazacia-nit\\\/super-pevna-viazacia-nit-power-thread-micro\\\/#primaryimage\",\"url\":\"https:\\\/\\\/dohiku.eu\\\/wp-content\\\/uploads\\\/2022\\\/11\\\/2710-Power-Thread-Micro.jpg\",\"contentUrl\":\"https:\\\/\\\/dohiku.eu\\\/wp-content\\\/uploads\\\/2022\\\/11\\\/2710-Power-Thread-Micro.jpg\",\"width\":800,\"height\":673},{\"@type\":\"BreadcrumbList\",\"@id\":\"https:\\\/\\\/dohiku.eu\\\/sk\\\/shop\\\/viazacie-materialy\\\/nite-lametky-a-drotiky\\\/super-pevna-viazacia-nit\\\/super-pevna-viazacia-nit-power-thread-micro\\\/#breadcrumb\",\"itemListElement\":[{\"@type\":\"ListItem\",\"position\":1,\"name\":\"Home\",\"item\":\"https:\\\/\\\/dohiku.eu\\\/sk\\\/\"},{\"@type\":\"ListItem\",\"position\":2,\"name\":\"PRODUCTS\",\"item\":\"https:\\\/\\\/dohiku.eu\\\/sk\\\/products\\\/\"},{\"@type\":\"ListItem\",\"position\":3,\"name\":\"Super pevn\u00e1 viazacia ni\u0165 Power Thread Micro\"}]},{\"@type\":\"WebSite\",\"@id\":\"https:\\\/\\\/dohiku.eu\\\/sk\\\/#website\",\"url\":\"https:\\\/\\\/dohiku.eu\\\/sk\\\/\",\"name\":\"DOHIKU\",\"description\":\"H\u00e1\u010diky DOHIKU s\u00fa vyroben\u00e9 z vysoko uhl\u00edkovej ocele, ktor\u00e1 je kalen\u00e1 a pop\u00fa\u0161\u0165an\u00e1 pod\u013ea presn\u00e9ho receptu.\",\"publisher\":{\"@id\":\"https:\\\/\\\/dohiku.eu\\\/sk\\\/#organization\"},\"potentialAction\":[{\"@type\":\"SearchAction\",\"target\":{\"@type\":\"EntryPoint\",\"urlTemplate\":\"https:\\\/\\\/dohiku.eu\\\/sk\\\/?s={search_term_string}\"},\"query-input\":{\"@type\":\"PropertyValueSpecification\",\"valueRequired\":true,\"valueName\":\"search_term_string\"}}],\"inLanguage\":\"sk-SK\"},{\"@type\":\"Organization\",\"@id\":\"https:\\\/\\\/dohiku.eu\\\/sk\\\/#organization\",\"name\":\"DOHIKU s.r.o.\",\"url\":\"https:\\\/\\\/dohiku.eu\\\/sk\\\/\",\"logo\":{\"@type\":\"ImageObject\",\"inLanguage\":\"sk-SK\",\"@id\":\"https:\\\/\\\/dohiku.eu\\\/sk\\\/#\\\/schema\\\/logo\\\/image\\\/\",\"url\":\"https:\\\/\\\/dohiku.eu\\\/wp-content\\\/uploads\\\/2024\\\/01\\\/cropped-dohiku.png\",\"contentUrl\":\"https:\\\/\\\/dohiku.eu\\\/wp-content\\\/uploads\\\/2024\\\/01\\\/cropped-dohiku.png\",\"width\":137,\"height\":87,\"caption\":\"DOHIKU s.r.o.\"},\"image\":{\"@id\":\"https:\\\/\\\/dohiku.eu\\\/sk\\\/#\\\/schema\\\/logo\\\/image\\\/\"}}]}<\/script>\n<!-- \/ Yoast SEO plugin. -->","yoast_head_json":{"title":"Super pevn\u00e1 viazacia ni\u0165 Power Thread Micro - DOHIKU","description":"Ni\u0165 je vyroben\u00e1 z technick\u00e9ho polym\u00e9ru s ve\u013emi vysokou medzou pevnosti v pomere k jej priemeru, a\u017e desa\u0165kr\u00e1t vy\u0161\u0161ou ako oce\u013e rovnak\u00e9ho priemeru...","robots":{"index":"index","follow":"follow","max-snippet":"max-snippet:-1","max-image-preview":"max-image-preview:large","max-video-preview":"max-video-preview:-1"},"canonical":"https:\/\/dohiku.eu\/sk\/shop\/viazacie-materialy\/nite-lametky-a-drotiky\/super-pevna-viazacia-nit\/super-pevna-viazacia-nit-power-thread-micro\/","og_locale":"sk_SK","og_type":"article","og_title":"Super pevn\u00e1 viazacia ni\u0165 Power Thread Micro - DOHIKU","og_description":"Ni\u0165 je vyroben\u00e1 z technick\u00e9ho polym\u00e9ru s ve\u013emi vysokou medzou pevnosti v pomere k jej priemeru, a\u017e desa\u0165kr\u00e1t vy\u0161\u0161ou ako oce\u013e rovnak\u00e9ho priemeru...","og_url":"https:\/\/dohiku.eu\/sk\/shop\/viazacie-materialy\/nite-lametky-a-drotiky\/super-pevna-viazacia-nit\/super-pevna-viazacia-nit-power-thread-micro\/","og_site_name":"DOHIKU","article_modified_time":"2025-11-20T10:31:58+00:00","og_image":[{"width":800,"height":673,"url":"https:\/\/dohiku.eu\/wp-content\/uploads\/2022\/11\/2710-Power-Thread-Micro.jpg","type":"image\/jpeg"}],"twitter_card":"summary_large_image","twitter_misc":{"Predpokladan\u00fd \u010das \u010d\u00edtania":"1 min\u00fata"},"schema":{"@context":"https:\/\/schema.org","@graph":[{"@type":"WebPage","@id":"https:\/\/dohiku.eu\/sk\/shop\/viazacie-materialy\/nite-lametky-a-drotiky\/super-pevna-viazacia-nit\/super-pevna-viazacia-nit-power-thread-micro\/","url":"https:\/\/dohiku.eu\/sk\/shop\/viazacie-materialy\/nite-lametky-a-drotiky\/super-pevna-viazacia-nit\/super-pevna-viazacia-nit-power-thread-micro\/","name":"Super pevn\u00e1 viazacia ni\u0165 Power Thread Micro - DOHIKU","isPartOf":{"@id":"https:\/\/dohiku.eu\/sk\/#website"},"primaryImageOfPage":{"@id":"https:\/\/dohiku.eu\/sk\/shop\/viazacie-materialy\/nite-lametky-a-drotiky\/super-pevna-viazacia-nit\/super-pevna-viazacia-nit-power-thread-micro\/#primaryimage"},"image":{"@id":"https:\/\/dohiku.eu\/sk\/shop\/viazacie-materialy\/nite-lametky-a-drotiky\/super-pevna-viazacia-nit\/super-pevna-viazacia-nit-power-thread-micro\/#primaryimage"},"thumbnailUrl":"https:\/\/dohiku.eu\/wp-content\/uploads\/2022\/11\/2710-Power-Thread-Micro.jpg","datePublished":"2022-11-02T10:21:19+00:00","dateModified":"2025-11-20T10:31:58+00:00","description":"Ni\u0165 je vyroben\u00e1 z technick\u00e9ho polym\u00e9ru s ve\u013emi vysokou medzou pevnosti v pomere k jej priemeru, a\u017e desa\u0165kr\u00e1t vy\u0161\u0161ou ako oce\u013e rovnak\u00e9ho priemeru...","breadcrumb":{"@id":"https:\/\/dohiku.eu\/sk\/shop\/viazacie-materialy\/nite-lametky-a-drotiky\/super-pevna-viazacia-nit\/super-pevna-viazacia-nit-power-thread-micro\/#breadcrumb"},"inLanguage":"sk-SK","potentialAction":[{"@type":"ReadAction","target":["https:\/\/dohiku.eu\/sk\/shop\/viazacie-materialy\/nite-lametky-a-drotiky\/super-pevna-viazacia-nit\/super-pevna-viazacia-nit-power-thread-micro\/"]}]},{"@type":"ImageObject","inLanguage":"sk-SK","@id":"https:\/\/dohiku.eu\/sk\/shop\/viazacie-materialy\/nite-lametky-a-drotiky\/super-pevna-viazacia-nit\/super-pevna-viazacia-nit-power-thread-micro\/#primaryimage","url":"https:\/\/dohiku.eu\/wp-content\/uploads\/2022\/11\/2710-Power-Thread-Micro.jpg","contentUrl":"https:\/\/dohiku.eu\/wp-content\/uploads\/2022\/11\/2710-Power-Thread-Micro.jpg","width":800,"height":673},{"@type":"BreadcrumbList","@id":"https:\/\/dohiku.eu\/sk\/shop\/viazacie-materialy\/nite-lametky-a-drotiky\/super-pevna-viazacia-nit\/super-pevna-viazacia-nit-power-thread-micro\/#breadcrumb","itemListElement":[{"@type":"ListItem","position":1,"name":"Home","item":"https:\/\/dohiku.eu\/sk\/"},{"@type":"ListItem","position":2,"name":"PRODUCTS","item":"https:\/\/dohiku.eu\/sk\/products\/"},{"@type":"ListItem","position":3,"name":"Super pevn\u00e1 viazacia ni\u0165 Power Thread Micro"}]},{"@type":"WebSite","@id":"https:\/\/dohiku.eu\/sk\/#website","url":"https:\/\/dohiku.eu\/sk\/","name":"DOHIKU","description":"H\u00e1\u010diky DOHIKU s\u00fa vyroben\u00e9 z vysoko uhl\u00edkovej ocele, ktor\u00e1 je kalen\u00e1 a pop\u00fa\u0161\u0165an\u00e1 pod\u013ea presn\u00e9ho receptu.","publisher":{"@id":"https:\/\/dohiku.eu\/sk\/#organization"},"potentialAction":[{"@type":"SearchAction","target":{"@type":"EntryPoint","urlTemplate":"https:\/\/dohiku.eu\/sk\/?s={search_term_string}"},"query-input":{"@type":"PropertyValueSpecification","valueRequired":true,"valueName":"search_term_string"}}],"inLanguage":"sk-SK"},{"@type":"Organization","@id":"https:\/\/dohiku.eu\/sk\/#organization","name":"DOHIKU s.r.o.","url":"https:\/\/dohiku.eu\/sk\/","logo":{"@type":"ImageObject","inLanguage":"sk-SK","@id":"https:\/\/dohiku.eu\/sk\/#\/schema\/logo\/image\/","url":"https:\/\/dohiku.eu\/wp-content\/uploads\/2024\/01\/cropped-dohiku.png","contentUrl":"https:\/\/dohiku.eu\/wp-content\/uploads\/2024\/01\/cropped-dohiku.png","width":137,"height":87,"caption":"DOHIKU s.r.o."},"image":{"@id":"https:\/\/dohiku.eu\/sk\/#\/schema\/logo\/image\/"}}]}},"_links":{"self":[{"href":"https:\/\/dohiku.eu\/sk\/wp-json\/wp\/v2\/product\/6958","targetHints":{"allow":["GET"]}}],"collection":[{"href":"https:\/\/dohiku.eu\/sk\/wp-json\/wp\/v2\/product"}],"about":[{"href":"https:\/\/dohiku.eu\/sk\/wp-json\/wp\/v2\/types\/product"}],"replies":[{"embeddable":true,"href":"https:\/\/dohiku.eu\/sk\/wp-json\/wp\/v2\/comments?post=6958"}],"wp:featuredmedia":[{"embeddable":true,"href":"https:\/\/dohiku.eu\/sk\/wp-json\/wp\/v2\/media\/6748"}],"wp:attachment":[{"href":"https:\/\/dohiku.eu\/sk\/wp-json\/wp\/v2\/media?parent=6958"}],"wp:term":[{"taxonomy":"product_brand","embeddable":true,"href":"https:\/\/dohiku.eu\/sk\/wp-json\/wp\/v2\/product_brand?post=6958"},{"taxonomy":"product_cat","embeddable":true,"href":"https:\/\/dohiku.eu\/sk\/wp-json\/wp\/v2\/product_cat?post=6958"},{"taxonomy":"product_tag","embeddable":true,"href":"https:\/\/dohiku.eu\/sk\/wp-json\/wp\/v2\/product_tag?post=6958"}],"curies":[{"name":"wp","href":"https:\/\/api.w.org\/{rel}","templated":true}]}}