{"id":6952,"date":"2023-04-24T12:26:08","date_gmt":"2023-04-24T12:26:08","guid":{"rendered":"https:\/\/dohiku.eu\/shop\/nezaraden\u00e9\/nymfa-z-muskarskeho-boxu-khn-2\/"},"modified":"2024-06-07T08:42:58","modified_gmt":"2024-06-07T08:42:58","slug":"skatulka-na-musky-nymfa-khn-2","status":"publish","type":"product","link":"https:\/\/dohiku.eu\/sk\/shop\/skatulky-na-musky\/plastove-skatulky-na-musky\/skatulka-na-musky-nymfa-khn-2\/","title":{"rendered":"Nymfa z mu\u0161k\u00e1rskeho boxu &#8211; KHN 2"},"content":{"rendered":"<p>Kapacita:\u00a0104 m\u00fach. Rozmery: 12,5 x10,3 x1,2 cm<\/p>\n","protected":false},"excerpt":{"rendered":"<p>Rozmery: 10,3 x 12,5 x 1,2 cm<\/p>\n","protected":false},"featured_media":6756,"comment_status":"closed","ping_status":"closed","template":"","meta":[],"product_brand":[],"product_cat":[511,514],"product_tag":[],"class_list":{"0":"post-6952","1":"product","2":"type-product","3":"status-publish","4":"has-post-thumbnail","6":"product_cat-haciky","7":"product_cat-plastove-skatulky-na-musky","9":"first","10":"instock","11":"taxable","12":"shipping-taxable","13":"purchasable","14":"product-type-simple"},"yoast_head":"<!-- This site is optimized with the Yoast SEO plugin v27.4 - https:\/\/yoast.com\/product\/yoast-seo-wordpress\/ -->\n<title>Nymfa z mu\u0161k\u00e1rskeho boxu - KHN 2 - DOHIKU<\/title>\n<meta name=\"robots\" content=\"index, follow, max-snippet:-1, max-image-preview:large, max-video-preview:-1\" \/>\n<link rel=\"canonical\" href=\"https:\/\/dohiku.eu\/sk\/shop\/skatulky-na-musky\/plastove-skatulky-na-musky\/skatulka-na-musky-nymfa-khn-2\/\" \/>\n<meta property=\"og:locale\" content=\"sk_SK\" \/>\n<meta property=\"og:type\" content=\"article\" \/>\n<meta property=\"og:title\" content=\"Nymfa z mu\u0161k\u00e1rskeho boxu - KHN 2 - DOHIKU\" \/>\n<meta property=\"og:description\" content=\"Rozmery: 10,3 x 12,5 x 1,2 cm\" \/>\n<meta property=\"og:url\" content=\"https:\/\/dohiku.eu\/sk\/shop\/skatulky-na-musky\/plastove-skatulky-na-musky\/skatulka-na-musky-nymfa-khn-2\/\" \/>\n<meta property=\"og:site_name\" content=\"DOHIKU\" \/>\n<meta property=\"article:modified_time\" content=\"2024-06-07T08:42:58+00:00\" \/>\n<meta property=\"og:image\" content=\"https:\/\/dohiku.eu\/wp-content\/uploads\/2023\/04\/2747-Fly-Box-Nymph-KHN-2.jpg\" \/>\n\t<meta property=\"og:image:width\" content=\"250\" \/>\n\t<meta property=\"og:image:height\" content=\"230\" \/>\n\t<meta property=\"og:image:type\" content=\"image\/jpeg\" \/>\n<meta name=\"twitter:card\" content=\"summary_large_image\" \/>\n<script type=\"application\/ld+json\" class=\"yoast-schema-graph\">{\"@context\":\"https:\\\/\\\/schema.org\",\"@graph\":[{\"@type\":\"WebPage\",\"@id\":\"https:\\\/\\\/dohiku.eu\\\/sk\\\/shop\\\/skatulky-na-musky\\\/plastove-skatulky-na-musky\\\/skatulka-na-musky-nymfa-khn-2\\\/\",\"url\":\"https:\\\/\\\/dohiku.eu\\\/sk\\\/shop\\\/skatulky-na-musky\\\/plastove-skatulky-na-musky\\\/skatulka-na-musky-nymfa-khn-2\\\/\",\"name\":\"Nymfa z mu\u0161k\u00e1rskeho boxu - KHN 2 - DOHIKU\",\"isPartOf\":{\"@id\":\"https:\\\/\\\/dohiku.eu\\\/sk\\\/#website\"},\"primaryImageOfPage\":{\"@id\":\"https:\\\/\\\/dohiku.eu\\\/sk\\\/shop\\\/skatulky-na-musky\\\/plastove-skatulky-na-musky\\\/skatulka-na-musky-nymfa-khn-2\\\/#primaryimage\"},\"image\":{\"@id\":\"https:\\\/\\\/dohiku.eu\\\/sk\\\/shop\\\/skatulky-na-musky\\\/plastove-skatulky-na-musky\\\/skatulka-na-musky-nymfa-khn-2\\\/#primaryimage\"},\"thumbnailUrl\":\"https:\\\/\\\/dohiku.eu\\\/wp-content\\\/uploads\\\/2023\\\/04\\\/2747-Fly-Box-Nymph-KHN-2.jpg\",\"datePublished\":\"2023-04-24T12:26:08+00:00\",\"dateModified\":\"2024-06-07T08:42:58+00:00\",\"breadcrumb\":{\"@id\":\"https:\\\/\\\/dohiku.eu\\\/sk\\\/shop\\\/skatulky-na-musky\\\/plastove-skatulky-na-musky\\\/skatulka-na-musky-nymfa-khn-2\\\/#breadcrumb\"},\"inLanguage\":\"sk-SK\",\"potentialAction\":[{\"@type\":\"ReadAction\",\"target\":[\"https:\\\/\\\/dohiku.eu\\\/sk\\\/shop\\\/skatulky-na-musky\\\/plastove-skatulky-na-musky\\\/skatulka-na-musky-nymfa-khn-2\\\/\"]}]},{\"@type\":\"ImageObject\",\"inLanguage\":\"sk-SK\",\"@id\":\"https:\\\/\\\/dohiku.eu\\\/sk\\\/shop\\\/skatulky-na-musky\\\/plastove-skatulky-na-musky\\\/skatulka-na-musky-nymfa-khn-2\\\/#primaryimage\",\"url\":\"https:\\\/\\\/dohiku.eu\\\/wp-content\\\/uploads\\\/2023\\\/04\\\/2747-Fly-Box-Nymph-KHN-2.jpg\",\"contentUrl\":\"https:\\\/\\\/dohiku.eu\\\/wp-content\\\/uploads\\\/2023\\\/04\\\/2747-Fly-Box-Nymph-KHN-2.jpg\",\"width\":250,\"height\":230},{\"@type\":\"BreadcrumbList\",\"@id\":\"https:\\\/\\\/dohiku.eu\\\/sk\\\/shop\\\/skatulky-na-musky\\\/plastove-skatulky-na-musky\\\/skatulka-na-musky-nymfa-khn-2\\\/#breadcrumb\",\"itemListElement\":[{\"@type\":\"ListItem\",\"position\":1,\"name\":\"Home\",\"item\":\"https:\\\/\\\/dohiku.eu\\\/sk\\\/\"},{\"@type\":\"ListItem\",\"position\":2,\"name\":\"PRODUCTS\",\"item\":\"https:\\\/\\\/dohiku.eu\\\/sk\\\/products\\\/\"},{\"@type\":\"ListItem\",\"position\":3,\"name\":\"Nymfa z mu\u0161k\u00e1rskeho boxu &#8211; KHN 2\"}]},{\"@type\":\"WebSite\",\"@id\":\"https:\\\/\\\/dohiku.eu\\\/sk\\\/#website\",\"url\":\"https:\\\/\\\/dohiku.eu\\\/sk\\\/\",\"name\":\"DOHIKU\",\"description\":\"H\u00e1\u010diky DOHIKU s\u00fa vyroben\u00e9 z vysoko uhl\u00edkovej ocele, ktor\u00e1 je kalen\u00e1 a pop\u00fa\u0161\u0165an\u00e1 pod\u013ea presn\u00e9ho receptu.\",\"publisher\":{\"@id\":\"https:\\\/\\\/dohiku.eu\\\/sk\\\/#organization\"},\"potentialAction\":[{\"@type\":\"SearchAction\",\"target\":{\"@type\":\"EntryPoint\",\"urlTemplate\":\"https:\\\/\\\/dohiku.eu\\\/sk\\\/?s={search_term_string}\"},\"query-input\":{\"@type\":\"PropertyValueSpecification\",\"valueRequired\":true,\"valueName\":\"search_term_string\"}}],\"inLanguage\":\"sk-SK\"},{\"@type\":\"Organization\",\"@id\":\"https:\\\/\\\/dohiku.eu\\\/sk\\\/#organization\",\"name\":\"DOHIKU s.r.o.\",\"url\":\"https:\\\/\\\/dohiku.eu\\\/sk\\\/\",\"logo\":{\"@type\":\"ImageObject\",\"inLanguage\":\"sk-SK\",\"@id\":\"https:\\\/\\\/dohiku.eu\\\/sk\\\/#\\\/schema\\\/logo\\\/image\\\/\",\"url\":\"https:\\\/\\\/dohiku.eu\\\/wp-content\\\/uploads\\\/2024\\\/01\\\/cropped-dohiku.png\",\"contentUrl\":\"https:\\\/\\\/dohiku.eu\\\/wp-content\\\/uploads\\\/2024\\\/01\\\/cropped-dohiku.png\",\"width\":137,\"height\":87,\"caption\":\"DOHIKU s.r.o.\"},\"image\":{\"@id\":\"https:\\\/\\\/dohiku.eu\\\/sk\\\/#\\\/schema\\\/logo\\\/image\\\/\"}}]}<\/script>\n<!-- \/ Yoast SEO plugin. -->","yoast_head_json":{"title":"Nymfa z mu\u0161k\u00e1rskeho boxu - KHN 2 - DOHIKU","robots":{"index":"index","follow":"follow","max-snippet":"max-snippet:-1","max-image-preview":"max-image-preview:large","max-video-preview":"max-video-preview:-1"},"canonical":"https:\/\/dohiku.eu\/sk\/shop\/skatulky-na-musky\/plastove-skatulky-na-musky\/skatulka-na-musky-nymfa-khn-2\/","og_locale":"sk_SK","og_type":"article","og_title":"Nymfa z mu\u0161k\u00e1rskeho boxu - KHN 2 - DOHIKU","og_description":"Rozmery: 10,3 x 12,5 x 1,2 cm","og_url":"https:\/\/dohiku.eu\/sk\/shop\/skatulky-na-musky\/plastove-skatulky-na-musky\/skatulka-na-musky-nymfa-khn-2\/","og_site_name":"DOHIKU","article_modified_time":"2024-06-07T08:42:58+00:00","og_image":[{"width":250,"height":230,"url":"https:\/\/dohiku.eu\/wp-content\/uploads\/2023\/04\/2747-Fly-Box-Nymph-KHN-2.jpg","type":"image\/jpeg"}],"twitter_card":"summary_large_image","schema":{"@context":"https:\/\/schema.org","@graph":[{"@type":"WebPage","@id":"https:\/\/dohiku.eu\/sk\/shop\/skatulky-na-musky\/plastove-skatulky-na-musky\/skatulka-na-musky-nymfa-khn-2\/","url":"https:\/\/dohiku.eu\/sk\/shop\/skatulky-na-musky\/plastove-skatulky-na-musky\/skatulka-na-musky-nymfa-khn-2\/","name":"Nymfa z mu\u0161k\u00e1rskeho boxu - KHN 2 - DOHIKU","isPartOf":{"@id":"https:\/\/dohiku.eu\/sk\/#website"},"primaryImageOfPage":{"@id":"https:\/\/dohiku.eu\/sk\/shop\/skatulky-na-musky\/plastove-skatulky-na-musky\/skatulka-na-musky-nymfa-khn-2\/#primaryimage"},"image":{"@id":"https:\/\/dohiku.eu\/sk\/shop\/skatulky-na-musky\/plastove-skatulky-na-musky\/skatulka-na-musky-nymfa-khn-2\/#primaryimage"},"thumbnailUrl":"https:\/\/dohiku.eu\/wp-content\/uploads\/2023\/04\/2747-Fly-Box-Nymph-KHN-2.jpg","datePublished":"2023-04-24T12:26:08+00:00","dateModified":"2024-06-07T08:42:58+00:00","breadcrumb":{"@id":"https:\/\/dohiku.eu\/sk\/shop\/skatulky-na-musky\/plastove-skatulky-na-musky\/skatulka-na-musky-nymfa-khn-2\/#breadcrumb"},"inLanguage":"sk-SK","potentialAction":[{"@type":"ReadAction","target":["https:\/\/dohiku.eu\/sk\/shop\/skatulky-na-musky\/plastove-skatulky-na-musky\/skatulka-na-musky-nymfa-khn-2\/"]}]},{"@type":"ImageObject","inLanguage":"sk-SK","@id":"https:\/\/dohiku.eu\/sk\/shop\/skatulky-na-musky\/plastove-skatulky-na-musky\/skatulka-na-musky-nymfa-khn-2\/#primaryimage","url":"https:\/\/dohiku.eu\/wp-content\/uploads\/2023\/04\/2747-Fly-Box-Nymph-KHN-2.jpg","contentUrl":"https:\/\/dohiku.eu\/wp-content\/uploads\/2023\/04\/2747-Fly-Box-Nymph-KHN-2.jpg","width":250,"height":230},{"@type":"BreadcrumbList","@id":"https:\/\/dohiku.eu\/sk\/shop\/skatulky-na-musky\/plastove-skatulky-na-musky\/skatulka-na-musky-nymfa-khn-2\/#breadcrumb","itemListElement":[{"@type":"ListItem","position":1,"name":"Home","item":"https:\/\/dohiku.eu\/sk\/"},{"@type":"ListItem","position":2,"name":"PRODUCTS","item":"https:\/\/dohiku.eu\/sk\/products\/"},{"@type":"ListItem","position":3,"name":"Nymfa z mu\u0161k\u00e1rskeho boxu &#8211; KHN 2"}]},{"@type":"WebSite","@id":"https:\/\/dohiku.eu\/sk\/#website","url":"https:\/\/dohiku.eu\/sk\/","name":"DOHIKU","description":"H\u00e1\u010diky DOHIKU s\u00fa vyroben\u00e9 z vysoko uhl\u00edkovej ocele, ktor\u00e1 je kalen\u00e1 a pop\u00fa\u0161\u0165an\u00e1 pod\u013ea presn\u00e9ho receptu.","publisher":{"@id":"https:\/\/dohiku.eu\/sk\/#organization"},"potentialAction":[{"@type":"SearchAction","target":{"@type":"EntryPoint","urlTemplate":"https:\/\/dohiku.eu\/sk\/?s={search_term_string}"},"query-input":{"@type":"PropertyValueSpecification","valueRequired":true,"valueName":"search_term_string"}}],"inLanguage":"sk-SK"},{"@type":"Organization","@id":"https:\/\/dohiku.eu\/sk\/#organization","name":"DOHIKU s.r.o.","url":"https:\/\/dohiku.eu\/sk\/","logo":{"@type":"ImageObject","inLanguage":"sk-SK","@id":"https:\/\/dohiku.eu\/sk\/#\/schema\/logo\/image\/","url":"https:\/\/dohiku.eu\/wp-content\/uploads\/2024\/01\/cropped-dohiku.png","contentUrl":"https:\/\/dohiku.eu\/wp-content\/uploads\/2024\/01\/cropped-dohiku.png","width":137,"height":87,"caption":"DOHIKU s.r.o."},"image":{"@id":"https:\/\/dohiku.eu\/sk\/#\/schema\/logo\/image\/"}}]}},"_links":{"self":[{"href":"https:\/\/dohiku.eu\/sk\/wp-json\/wp\/v2\/product\/6952","targetHints":{"allow":["GET"]}}],"collection":[{"href":"https:\/\/dohiku.eu\/sk\/wp-json\/wp\/v2\/product"}],"about":[{"href":"https:\/\/dohiku.eu\/sk\/wp-json\/wp\/v2\/types\/product"}],"replies":[{"embeddable":true,"href":"https:\/\/dohiku.eu\/sk\/wp-json\/wp\/v2\/comments?post=6952"}],"wp:featuredmedia":[{"embeddable":true,"href":"https:\/\/dohiku.eu\/sk\/wp-json\/wp\/v2\/media\/6756"}],"wp:attachment":[{"href":"https:\/\/dohiku.eu\/sk\/wp-json\/wp\/v2\/media?parent=6952"}],"wp:term":[{"taxonomy":"product_brand","embeddable":true,"href":"https:\/\/dohiku.eu\/sk\/wp-json\/wp\/v2\/product_brand?post=6952"},{"taxonomy":"product_cat","embeddable":true,"href":"https:\/\/dohiku.eu\/sk\/wp-json\/wp\/v2\/product_cat?post=6952"},{"taxonomy":"product_tag","embeddable":true,"href":"https:\/\/dohiku.eu\/sk\/wp-json\/wp\/v2\/product_tag?post=6952"}],"curies":[{"name":"wp","href":"https:\/\/api.w.org\/{rel}","templated":true}]}}