{"id":6942,"date":"2023-05-23T11:12:16","date_gmt":"2023-05-23T11:12:16","guid":{"rendered":"https:\/\/dohiku.eu\/shop\/nezaraden\u00e9\/uv-ciry-cement-na-hlavy\/"},"modified":"2026-01-28T15:45:02","modified_gmt":"2026-01-28T15:45:02","slug":"uv-clear-head-cement-hlavickovy-lak","status":"publish","type":"product","link":"https:\/\/dohiku.eu\/sk\/shop\/viazacie-materialy\/lak-vosk\/uv-clear-head-cement-hlavickovy-lak\/","title":{"rendered":"UV \u010d\u00edry cement na hlavy"},"content":{"rendered":"<p>\u00da\u010del:<\/p>\n<p>ide\u00e1lne na nahradenie klasick\u00e9ho cementu na hlavy<\/p>\n<p>ide\u00e1lny na dodanie dodato\u010dnej odolnosti tel\u00e1m mu\u0161iek, hlav\u00e1m alebo na upevnenie r\u00f4znych \u010dast\u00ed komponentov mu\u0161iek ( ako s\u00fa realistick\u00e9 nohy, kr\u00eddla at\u010f. )<\/p>\n<p>funguje perfektne s UV formou na tel\u00e1, o\u010di alebo hlavy minnow<\/p>\n<p>mo\u017eno pou\u017ei\u0165 na potiahnutie mikron\u00fdmf alebo such\u00fdch mu\u0161iek, aby sa zv\u00fd\u0161ila ich odolnos\u0165.<\/p>\n","protected":false},"excerpt":{"rendered":"<p>N\u00e1\u0161 UV Clear Head Cement je vyvinut\u00fd tak, aby poskytoval mimoriadne vysok\u00fa penetr\u00e1ciu do materi\u00e1lov a aby bol n\u00e1ter kri\u0161t\u00e1\u013eovo \u010dist\u00fd a tvrd\u00fd ako sklo. Je to perfektn\u00fd cement na hlavy, nie je zap\u00e1chaj\u00faci, ve\u013emi tekut\u00fd, prakticky je to, \u010do potrebujete na dokonal\u00e9 viazanie mu\u0161iek!<\/p>\n<p>Pri klasick\u00fdch cementoch na b\u00e1ze tolu\u00e9nu alebo acet\u00f3nu mus\u00edte po\u010dka\u0165 2-3 min\u00faty, k\u00fdm zaschne. S UV cementom hlava va\u0161ej mu\u0161ky vyschne za nieko\u013eko sek\u00fand a len vtedy, ke\u010f sa rozhodnete<\/p>\n","protected":false},"featured_media":6774,"comment_status":"closed","ping_status":"closed","template":"","meta":[],"product_brand":[],"product_cat":[511,532,533],"product_tag":[],"class_list":{"0":"post-6942","1":"product","2":"type-product","3":"status-publish","4":"has-post-thumbnail","6":"product_cat-haciky","7":"product_cat-laky-uv-laky-a-uv-lampy","8":"product_cat-lak-vosk","10":"first","11":"outofstock","12":"taxable","13":"shipping-taxable","14":"purchasable","15":"product-type-simple"},"yoast_head":"<!-- This site is optimized with the Yoast SEO plugin v27.5 - https:\/\/yoast.com\/product\/yoast-seo-wordpress\/ -->\n<title>UV \u010d\u00edry cement na hlavy - DOHIKU<\/title>\n<meta name=\"robots\" content=\"index, follow, max-snippet:-1, max-image-preview:large, max-video-preview:-1\" \/>\n<link rel=\"canonical\" href=\"https:\/\/dohiku.eu\/sk\/shop\/viazacie-materialy\/lak-vosk\/uv-clear-head-cement-hlavickovy-lak\/\" \/>\n<meta property=\"og:locale\" content=\"sk_SK\" \/>\n<meta property=\"og:type\" content=\"article\" \/>\n<meta property=\"og:title\" content=\"UV \u010d\u00edry cement na hlavy - DOHIKU\" \/>\n<meta property=\"og:description\" content=\"N\u00e1\u0161 UV Clear Head Cement je vyvinut\u00fd tak, aby poskytoval mimoriadne vysok\u00fa penetr\u00e1ciu do materi\u00e1lov a aby bol n\u00e1ter kri\u0161t\u00e1\u013eovo \u010dist\u00fd a tvrd\u00fd ako sklo. Je to perfektn\u00fd cement na hlavy, nie je zap\u00e1chaj\u00faci, ve\u013emi tekut\u00fd, prakticky je to, \u010do potrebujete na dokonal\u00e9 viazanie mu\u0161iek! Pri klasick\u00fdch cementoch na b\u00e1ze tolu\u00e9nu alebo acet\u00f3nu mus\u00edte po\u010dka\u0165 2-3 min\u00faty, k\u00fdm zaschne. S UV cementom hlava va\u0161ej mu\u0161ky vyschne za nieko\u013eko sek\u00fand a len vtedy, ke\u010f sa rozhodnete\" \/>\n<meta property=\"og:url\" content=\"https:\/\/dohiku.eu\/sk\/shop\/viazacie-materialy\/lak-vosk\/uv-clear-head-cement-hlavickovy-lak\/\" \/>\n<meta property=\"og:site_name\" content=\"DOHIKU\" \/>\n<meta property=\"article:modified_time\" content=\"2026-01-28T15:45:02+00:00\" \/>\n<meta property=\"og:image\" content=\"https:\/\/dohiku.eu\/wp-content\/uploads\/2023\/05\/2766-UV-Clear-Head-Cement.jpg\" \/>\n\t<meta property=\"og:image:width\" content=\"375\" \/>\n\t<meta property=\"og:image:height\" content=\"800\" \/>\n\t<meta property=\"og:image:type\" content=\"image\/jpeg\" \/>\n<meta name=\"twitter:card\" content=\"summary_large_image\" \/>\n<script type=\"application\/ld+json\" class=\"yoast-schema-graph\">{\"@context\":\"https:\\\/\\\/schema.org\",\"@graph\":[{\"@type\":\"WebPage\",\"@id\":\"https:\\\/\\\/dohiku.eu\\\/sk\\\/shop\\\/viazacie-materialy\\\/lak-vosk\\\/uv-clear-head-cement-hlavickovy-lak\\\/\",\"url\":\"https:\\\/\\\/dohiku.eu\\\/sk\\\/shop\\\/viazacie-materialy\\\/lak-vosk\\\/uv-clear-head-cement-hlavickovy-lak\\\/\",\"name\":\"UV \u010d\u00edry cement na hlavy - DOHIKU\",\"isPartOf\":{\"@id\":\"https:\\\/\\\/dohiku.eu\\\/sk\\\/#website\"},\"primaryImageOfPage\":{\"@id\":\"https:\\\/\\\/dohiku.eu\\\/sk\\\/shop\\\/viazacie-materialy\\\/lak-vosk\\\/uv-clear-head-cement-hlavickovy-lak\\\/#primaryimage\"},\"image\":{\"@id\":\"https:\\\/\\\/dohiku.eu\\\/sk\\\/shop\\\/viazacie-materialy\\\/lak-vosk\\\/uv-clear-head-cement-hlavickovy-lak\\\/#primaryimage\"},\"thumbnailUrl\":\"https:\\\/\\\/dohiku.eu\\\/wp-content\\\/uploads\\\/2023\\\/05\\\/2766-UV-Clear-Head-Cement.jpg\",\"datePublished\":\"2023-05-23T11:12:16+00:00\",\"dateModified\":\"2026-01-28T15:45:02+00:00\",\"breadcrumb\":{\"@id\":\"https:\\\/\\\/dohiku.eu\\\/sk\\\/shop\\\/viazacie-materialy\\\/lak-vosk\\\/uv-clear-head-cement-hlavickovy-lak\\\/#breadcrumb\"},\"inLanguage\":\"sk-SK\",\"potentialAction\":[{\"@type\":\"ReadAction\",\"target\":[\"https:\\\/\\\/dohiku.eu\\\/sk\\\/shop\\\/viazacie-materialy\\\/lak-vosk\\\/uv-clear-head-cement-hlavickovy-lak\\\/\"]}]},{\"@type\":\"ImageObject\",\"inLanguage\":\"sk-SK\",\"@id\":\"https:\\\/\\\/dohiku.eu\\\/sk\\\/shop\\\/viazacie-materialy\\\/lak-vosk\\\/uv-clear-head-cement-hlavickovy-lak\\\/#primaryimage\",\"url\":\"https:\\\/\\\/dohiku.eu\\\/wp-content\\\/uploads\\\/2023\\\/05\\\/2766-UV-Clear-Head-Cement.jpg\",\"contentUrl\":\"https:\\\/\\\/dohiku.eu\\\/wp-content\\\/uploads\\\/2023\\\/05\\\/2766-UV-Clear-Head-Cement.jpg\",\"width\":375,\"height\":800},{\"@type\":\"BreadcrumbList\",\"@id\":\"https:\\\/\\\/dohiku.eu\\\/sk\\\/shop\\\/viazacie-materialy\\\/lak-vosk\\\/uv-clear-head-cement-hlavickovy-lak\\\/#breadcrumb\",\"itemListElement\":[{\"@type\":\"ListItem\",\"position\":1,\"name\":\"Home\",\"item\":\"https:\\\/\\\/dohiku.eu\\\/sk\\\/\"},{\"@type\":\"ListItem\",\"position\":2,\"name\":\"PRODUCTS\",\"item\":\"https:\\\/\\\/dohiku.eu\\\/sk\\\/products\\\/\"},{\"@type\":\"ListItem\",\"position\":3,\"name\":\"UV \u010d\u00edry cement na hlavy\"}]},{\"@type\":\"WebSite\",\"@id\":\"https:\\\/\\\/dohiku.eu\\\/sk\\\/#website\",\"url\":\"https:\\\/\\\/dohiku.eu\\\/sk\\\/\",\"name\":\"DOHIKU\",\"description\":\"H\u00e1\u010diky DOHIKU s\u00fa vyroben\u00e9 z vysoko uhl\u00edkovej ocele, ktor\u00e1 je kalen\u00e1 a pop\u00fa\u0161\u0165an\u00e1 pod\u013ea presn\u00e9ho receptu.\",\"publisher\":{\"@id\":\"https:\\\/\\\/dohiku.eu\\\/sk\\\/#organization\"},\"potentialAction\":[{\"@type\":\"SearchAction\",\"target\":{\"@type\":\"EntryPoint\",\"urlTemplate\":\"https:\\\/\\\/dohiku.eu\\\/sk\\\/?s={search_term_string}\"},\"query-input\":{\"@type\":\"PropertyValueSpecification\",\"valueRequired\":true,\"valueName\":\"search_term_string\"}}],\"inLanguage\":\"sk-SK\"},{\"@type\":\"Organization\",\"@id\":\"https:\\\/\\\/dohiku.eu\\\/sk\\\/#organization\",\"name\":\"DOHIKU s.r.o.\",\"url\":\"https:\\\/\\\/dohiku.eu\\\/sk\\\/\",\"logo\":{\"@type\":\"ImageObject\",\"inLanguage\":\"sk-SK\",\"@id\":\"https:\\\/\\\/dohiku.eu\\\/sk\\\/#\\\/schema\\\/logo\\\/image\\\/\",\"url\":\"https:\\\/\\\/dohiku.eu\\\/wp-content\\\/uploads\\\/2024\\\/01\\\/cropped-dohiku.png\",\"contentUrl\":\"https:\\\/\\\/dohiku.eu\\\/wp-content\\\/uploads\\\/2024\\\/01\\\/cropped-dohiku.png\",\"width\":137,\"height\":87,\"caption\":\"DOHIKU s.r.o.\"},\"image\":{\"@id\":\"https:\\\/\\\/dohiku.eu\\\/sk\\\/#\\\/schema\\\/logo\\\/image\\\/\"}}]}<\/script>\n<!-- \/ Yoast SEO plugin. -->","yoast_head_json":{"title":"UV \u010d\u00edry cement na hlavy - DOHIKU","robots":{"index":"index","follow":"follow","max-snippet":"max-snippet:-1","max-image-preview":"max-image-preview:large","max-video-preview":"max-video-preview:-1"},"canonical":"https:\/\/dohiku.eu\/sk\/shop\/viazacie-materialy\/lak-vosk\/uv-clear-head-cement-hlavickovy-lak\/","og_locale":"sk_SK","og_type":"article","og_title":"UV \u010d\u00edry cement na hlavy - DOHIKU","og_description":"N\u00e1\u0161 UV Clear Head Cement je vyvinut\u00fd tak, aby poskytoval mimoriadne vysok\u00fa penetr\u00e1ciu do materi\u00e1lov a aby bol n\u00e1ter kri\u0161t\u00e1\u013eovo \u010dist\u00fd a tvrd\u00fd ako sklo. Je to perfektn\u00fd cement na hlavy, nie je zap\u00e1chaj\u00faci, ve\u013emi tekut\u00fd, prakticky je to, \u010do potrebujete na dokonal\u00e9 viazanie mu\u0161iek! Pri klasick\u00fdch cementoch na b\u00e1ze tolu\u00e9nu alebo acet\u00f3nu mus\u00edte po\u010dka\u0165 2-3 min\u00faty, k\u00fdm zaschne. S UV cementom hlava va\u0161ej mu\u0161ky vyschne za nieko\u013eko sek\u00fand a len vtedy, ke\u010f sa rozhodnete","og_url":"https:\/\/dohiku.eu\/sk\/shop\/viazacie-materialy\/lak-vosk\/uv-clear-head-cement-hlavickovy-lak\/","og_site_name":"DOHIKU","article_modified_time":"2026-01-28T15:45:02+00:00","og_image":[{"width":375,"height":800,"url":"https:\/\/dohiku.eu\/wp-content\/uploads\/2023\/05\/2766-UV-Clear-Head-Cement.jpg","type":"image\/jpeg"}],"twitter_card":"summary_large_image","schema":{"@context":"https:\/\/schema.org","@graph":[{"@type":"WebPage","@id":"https:\/\/dohiku.eu\/sk\/shop\/viazacie-materialy\/lak-vosk\/uv-clear-head-cement-hlavickovy-lak\/","url":"https:\/\/dohiku.eu\/sk\/shop\/viazacie-materialy\/lak-vosk\/uv-clear-head-cement-hlavickovy-lak\/","name":"UV \u010d\u00edry cement na hlavy - DOHIKU","isPartOf":{"@id":"https:\/\/dohiku.eu\/sk\/#website"},"primaryImageOfPage":{"@id":"https:\/\/dohiku.eu\/sk\/shop\/viazacie-materialy\/lak-vosk\/uv-clear-head-cement-hlavickovy-lak\/#primaryimage"},"image":{"@id":"https:\/\/dohiku.eu\/sk\/shop\/viazacie-materialy\/lak-vosk\/uv-clear-head-cement-hlavickovy-lak\/#primaryimage"},"thumbnailUrl":"https:\/\/dohiku.eu\/wp-content\/uploads\/2023\/05\/2766-UV-Clear-Head-Cement.jpg","datePublished":"2023-05-23T11:12:16+00:00","dateModified":"2026-01-28T15:45:02+00:00","breadcrumb":{"@id":"https:\/\/dohiku.eu\/sk\/shop\/viazacie-materialy\/lak-vosk\/uv-clear-head-cement-hlavickovy-lak\/#breadcrumb"},"inLanguage":"sk-SK","potentialAction":[{"@type":"ReadAction","target":["https:\/\/dohiku.eu\/sk\/shop\/viazacie-materialy\/lak-vosk\/uv-clear-head-cement-hlavickovy-lak\/"]}]},{"@type":"ImageObject","inLanguage":"sk-SK","@id":"https:\/\/dohiku.eu\/sk\/shop\/viazacie-materialy\/lak-vosk\/uv-clear-head-cement-hlavickovy-lak\/#primaryimage","url":"https:\/\/dohiku.eu\/wp-content\/uploads\/2023\/05\/2766-UV-Clear-Head-Cement.jpg","contentUrl":"https:\/\/dohiku.eu\/wp-content\/uploads\/2023\/05\/2766-UV-Clear-Head-Cement.jpg","width":375,"height":800},{"@type":"BreadcrumbList","@id":"https:\/\/dohiku.eu\/sk\/shop\/viazacie-materialy\/lak-vosk\/uv-clear-head-cement-hlavickovy-lak\/#breadcrumb","itemListElement":[{"@type":"ListItem","position":1,"name":"Home","item":"https:\/\/dohiku.eu\/sk\/"},{"@type":"ListItem","position":2,"name":"PRODUCTS","item":"https:\/\/dohiku.eu\/sk\/products\/"},{"@type":"ListItem","position":3,"name":"UV \u010d\u00edry cement na hlavy"}]},{"@type":"WebSite","@id":"https:\/\/dohiku.eu\/sk\/#website","url":"https:\/\/dohiku.eu\/sk\/","name":"DOHIKU","description":"H\u00e1\u010diky DOHIKU s\u00fa vyroben\u00e9 z vysoko uhl\u00edkovej ocele, ktor\u00e1 je kalen\u00e1 a pop\u00fa\u0161\u0165an\u00e1 pod\u013ea presn\u00e9ho receptu.","publisher":{"@id":"https:\/\/dohiku.eu\/sk\/#organization"},"potentialAction":[{"@type":"SearchAction","target":{"@type":"EntryPoint","urlTemplate":"https:\/\/dohiku.eu\/sk\/?s={search_term_string}"},"query-input":{"@type":"PropertyValueSpecification","valueRequired":true,"valueName":"search_term_string"}}],"inLanguage":"sk-SK"},{"@type":"Organization","@id":"https:\/\/dohiku.eu\/sk\/#organization","name":"DOHIKU s.r.o.","url":"https:\/\/dohiku.eu\/sk\/","logo":{"@type":"ImageObject","inLanguage":"sk-SK","@id":"https:\/\/dohiku.eu\/sk\/#\/schema\/logo\/image\/","url":"https:\/\/dohiku.eu\/wp-content\/uploads\/2024\/01\/cropped-dohiku.png","contentUrl":"https:\/\/dohiku.eu\/wp-content\/uploads\/2024\/01\/cropped-dohiku.png","width":137,"height":87,"caption":"DOHIKU s.r.o."},"image":{"@id":"https:\/\/dohiku.eu\/sk\/#\/schema\/logo\/image\/"}}]}},"_links":{"self":[{"href":"https:\/\/dohiku.eu\/sk\/wp-json\/wp\/v2\/product\/6942","targetHints":{"allow":["GET"]}}],"collection":[{"href":"https:\/\/dohiku.eu\/sk\/wp-json\/wp\/v2\/product"}],"about":[{"href":"https:\/\/dohiku.eu\/sk\/wp-json\/wp\/v2\/types\/product"}],"replies":[{"embeddable":true,"href":"https:\/\/dohiku.eu\/sk\/wp-json\/wp\/v2\/comments?post=6942"}],"wp:featuredmedia":[{"embeddable":true,"href":"https:\/\/dohiku.eu\/sk\/wp-json\/wp\/v2\/media\/6774"}],"wp:attachment":[{"href":"https:\/\/dohiku.eu\/sk\/wp-json\/wp\/v2\/media?parent=6942"}],"wp:term":[{"taxonomy":"product_brand","embeddable":true,"href":"https:\/\/dohiku.eu\/sk\/wp-json\/wp\/v2\/product_brand?post=6942"},{"taxonomy":"product_cat","embeddable":true,"href":"https:\/\/dohiku.eu\/sk\/wp-json\/wp\/v2\/product_cat?post=6942"},{"taxonomy":"product_tag","embeddable":true,"href":"https:\/\/dohiku.eu\/sk\/wp-json\/wp\/v2\/product_tag?post=6942"}],"curies":[{"name":"wp","href":"https:\/\/api.w.org\/{rel}","templated":true}]}}