{"id":6916,"date":"2023-11-02T10:54:30","date_gmt":"2023-11-02T10:54:30","guid":{"rendered":"https:\/\/dohiku.eu\/shop\/nezaraden\u00e9\/maruto-8264-bl-barbless-2\/"},"modified":"2024-02-12T14:37:11","modified_gmt":"2024-02-12T14:37:11","slug":"maruto-8264-bl-barbless-2","status":"publish","type":"product","link":"https:\/\/dohiku.eu\/sk\/shop\/nezaradene\/maruto-8264-bl-barbless-2\/","title":{"rendered":"Maruto 8264 BL Barbless"},"content":{"rendered":"<p style=\"margin-top:0px;margin-bottom:.8rem;color:#777777;font-family:'Open Sans', sans-serif;font-size:15px;\">Povrchov\u00e1 \u00faprava: Black Nickel, mokr\u00fd h\u00e1\u010dik, kovan\u00fd.<\/p>\n<p style=\"margin-top:0px;margin-bottom:0px;color:#777777;font-family:'Open Sans', sans-serif;font-size:15px;\">1 bal.\/25ks<\/p>\n","protected":false},"excerpt":{"rendered":"<p style=\"margin-top:0px;margin-bottom:.8rem;color:#777777;font-family:Karla, sans-serif;font-size:15px;\">Bezh\u00e1\u010dikov\u00fd h\u00e1\u010dik, kovan\u00fd.<\/p>\n<p style=\"margin-top:0px;margin-bottom:.8rem;color:#777777;font-family:Karla, sans-serif;font-size:15px;\">\u010cierny nikel.<\/p>\n<p style=\"margin-top:0px;margin-bottom:0px;color:#777777;font-family:Karla, sans-serif;font-size:15px;\">1 balenie \/ 25 ks.<\/p>\n","protected":false},"featured_media":6851,"comment_status":"closed","ping_status":"closed","template":"","meta":[],"product_brand":[],"product_cat":[14],"product_tag":[],"class_list":{"0":"post-6916","1":"product","2":"type-product","3":"status-publish","4":"has-post-thumbnail","6":"product_cat-uncategorized","8":"first","9":"instock","10":"taxable","11":"shipping-taxable","12":"purchasable","13":"product-type-simple"},"yoast_head":"<!-- This site is optimized with the Yoast SEO plugin v27.4 - https:\/\/yoast.com\/product\/yoast-seo-wordpress\/ -->\n<title>Maruto 8264 BL Barbless - DOHIKU<\/title>\n<meta name=\"robots\" content=\"index, follow, max-snippet:-1, max-image-preview:large, max-video-preview:-1\" \/>\n<link rel=\"canonical\" href=\"https:\/\/dohiku.eu\/sk\/shop\/nezaradene\/maruto-8264-bl-barbless-2\/\" \/>\n<meta property=\"og:locale\" content=\"sk_SK\" \/>\n<meta property=\"og:type\" content=\"article\" \/>\n<meta property=\"og:title\" content=\"Maruto 8264 BL Barbless - DOHIKU\" \/>\n<meta property=\"og:description\" content=\"Bezh\u00e1\u010dikov\u00fd h\u00e1\u010dik, kovan\u00fd. \u010cierny nikel. 1 balenie \/ 25 ks.\" \/>\n<meta property=\"og:url\" content=\"https:\/\/dohiku.eu\/sk\/shop\/nezaradene\/maruto-8264-bl-barbless-2\/\" \/>\n<meta property=\"og:site_name\" content=\"DOHIKU\" \/>\n<meta property=\"article:modified_time\" content=\"2024-02-12T14:37:11+00:00\" \/>\n<meta property=\"og:image\" content=\"https:\/\/dohiku.eu\/wp-content\/uploads\/2023\/11\/2888-Maruto-8264-BL-Barbless.jpg\" \/>\n\t<meta property=\"og:image:width\" content=\"800\" \/>\n\t<meta property=\"og:image:height\" content=\"594\" \/>\n\t<meta property=\"og:image:type\" content=\"image\/jpeg\" \/>\n<meta name=\"twitter:card\" content=\"summary_large_image\" \/>\n<script type=\"application\/ld+json\" class=\"yoast-schema-graph\">{\"@context\":\"https:\\\/\\\/schema.org\",\"@graph\":[{\"@type\":\"WebPage\",\"@id\":\"https:\\\/\\\/dohiku.eu\\\/sk\\\/shop\\\/nezaradene\\\/maruto-8264-bl-barbless-2\\\/\",\"url\":\"https:\\\/\\\/dohiku.eu\\\/sk\\\/shop\\\/nezaradene\\\/maruto-8264-bl-barbless-2\\\/\",\"name\":\"Maruto 8264 BL Barbless - DOHIKU\",\"isPartOf\":{\"@id\":\"https:\\\/\\\/dohiku.eu\\\/sk\\\/#website\"},\"primaryImageOfPage\":{\"@id\":\"https:\\\/\\\/dohiku.eu\\\/sk\\\/shop\\\/nezaradene\\\/maruto-8264-bl-barbless-2\\\/#primaryimage\"},\"image\":{\"@id\":\"https:\\\/\\\/dohiku.eu\\\/sk\\\/shop\\\/nezaradene\\\/maruto-8264-bl-barbless-2\\\/#primaryimage\"},\"thumbnailUrl\":\"https:\\\/\\\/dohiku.eu\\\/wp-content\\\/uploads\\\/2023\\\/11\\\/2888-Maruto-8264-BL-Barbless.jpg\",\"datePublished\":\"2023-11-02T10:54:30+00:00\",\"dateModified\":\"2024-02-12T14:37:11+00:00\",\"breadcrumb\":{\"@id\":\"https:\\\/\\\/dohiku.eu\\\/sk\\\/shop\\\/nezaradene\\\/maruto-8264-bl-barbless-2\\\/#breadcrumb\"},\"inLanguage\":\"sk-SK\",\"potentialAction\":[{\"@type\":\"ReadAction\",\"target\":[\"https:\\\/\\\/dohiku.eu\\\/sk\\\/shop\\\/nezaradene\\\/maruto-8264-bl-barbless-2\\\/\"]}]},{\"@type\":\"ImageObject\",\"inLanguage\":\"sk-SK\",\"@id\":\"https:\\\/\\\/dohiku.eu\\\/sk\\\/shop\\\/nezaradene\\\/maruto-8264-bl-barbless-2\\\/#primaryimage\",\"url\":\"https:\\\/\\\/dohiku.eu\\\/wp-content\\\/uploads\\\/2023\\\/11\\\/2888-Maruto-8264-BL-Barbless.jpg\",\"contentUrl\":\"https:\\\/\\\/dohiku.eu\\\/wp-content\\\/uploads\\\/2023\\\/11\\\/2888-Maruto-8264-BL-Barbless.jpg\",\"width\":800,\"height\":594},{\"@type\":\"BreadcrumbList\",\"@id\":\"https:\\\/\\\/dohiku.eu\\\/sk\\\/shop\\\/nezaradene\\\/maruto-8264-bl-barbless-2\\\/#breadcrumb\",\"itemListElement\":[{\"@type\":\"ListItem\",\"position\":1,\"name\":\"Home\",\"item\":\"https:\\\/\\\/dohiku.eu\\\/sk\\\/\"},{\"@type\":\"ListItem\",\"position\":2,\"name\":\"PRODUCTS\",\"item\":\"https:\\\/\\\/dohiku.eu\\\/sk\\\/products\\\/\"},{\"@type\":\"ListItem\",\"position\":3,\"name\":\"Maruto 8264 BL Barbless\"}]},{\"@type\":\"WebSite\",\"@id\":\"https:\\\/\\\/dohiku.eu\\\/sk\\\/#website\",\"url\":\"https:\\\/\\\/dohiku.eu\\\/sk\\\/\",\"name\":\"DOHIKU\",\"description\":\"H\u00e1\u010diky DOHIKU s\u00fa vyroben\u00e9 z vysoko uhl\u00edkovej ocele, ktor\u00e1 je kalen\u00e1 a pop\u00fa\u0161\u0165an\u00e1 pod\u013ea presn\u00e9ho receptu.\",\"publisher\":{\"@id\":\"https:\\\/\\\/dohiku.eu\\\/sk\\\/#organization\"},\"potentialAction\":[{\"@type\":\"SearchAction\",\"target\":{\"@type\":\"EntryPoint\",\"urlTemplate\":\"https:\\\/\\\/dohiku.eu\\\/sk\\\/?s={search_term_string}\"},\"query-input\":{\"@type\":\"PropertyValueSpecification\",\"valueRequired\":true,\"valueName\":\"search_term_string\"}}],\"inLanguage\":\"sk-SK\"},{\"@type\":\"Organization\",\"@id\":\"https:\\\/\\\/dohiku.eu\\\/sk\\\/#organization\",\"name\":\"DOHIKU s.r.o.\",\"url\":\"https:\\\/\\\/dohiku.eu\\\/sk\\\/\",\"logo\":{\"@type\":\"ImageObject\",\"inLanguage\":\"sk-SK\",\"@id\":\"https:\\\/\\\/dohiku.eu\\\/sk\\\/#\\\/schema\\\/logo\\\/image\\\/\",\"url\":\"https:\\\/\\\/dohiku.eu\\\/wp-content\\\/uploads\\\/2024\\\/01\\\/cropped-dohiku.png\",\"contentUrl\":\"https:\\\/\\\/dohiku.eu\\\/wp-content\\\/uploads\\\/2024\\\/01\\\/cropped-dohiku.png\",\"width\":137,\"height\":87,\"caption\":\"DOHIKU s.r.o.\"},\"image\":{\"@id\":\"https:\\\/\\\/dohiku.eu\\\/sk\\\/#\\\/schema\\\/logo\\\/image\\\/\"}}]}<\/script>\n<!-- \/ Yoast SEO plugin. -->","yoast_head_json":{"title":"Maruto 8264 BL Barbless - DOHIKU","robots":{"index":"index","follow":"follow","max-snippet":"max-snippet:-1","max-image-preview":"max-image-preview:large","max-video-preview":"max-video-preview:-1"},"canonical":"https:\/\/dohiku.eu\/sk\/shop\/nezaradene\/maruto-8264-bl-barbless-2\/","og_locale":"sk_SK","og_type":"article","og_title":"Maruto 8264 BL Barbless - DOHIKU","og_description":"Bezh\u00e1\u010dikov\u00fd h\u00e1\u010dik, kovan\u00fd. \u010cierny nikel. 1 balenie \/ 25 ks.","og_url":"https:\/\/dohiku.eu\/sk\/shop\/nezaradene\/maruto-8264-bl-barbless-2\/","og_site_name":"DOHIKU","article_modified_time":"2024-02-12T14:37:11+00:00","og_image":[{"width":800,"height":594,"url":"https:\/\/dohiku.eu\/wp-content\/uploads\/2023\/11\/2888-Maruto-8264-BL-Barbless.jpg","type":"image\/jpeg"}],"twitter_card":"summary_large_image","schema":{"@context":"https:\/\/schema.org","@graph":[{"@type":"WebPage","@id":"https:\/\/dohiku.eu\/sk\/shop\/nezaradene\/maruto-8264-bl-barbless-2\/","url":"https:\/\/dohiku.eu\/sk\/shop\/nezaradene\/maruto-8264-bl-barbless-2\/","name":"Maruto 8264 BL Barbless - DOHIKU","isPartOf":{"@id":"https:\/\/dohiku.eu\/sk\/#website"},"primaryImageOfPage":{"@id":"https:\/\/dohiku.eu\/sk\/shop\/nezaradene\/maruto-8264-bl-barbless-2\/#primaryimage"},"image":{"@id":"https:\/\/dohiku.eu\/sk\/shop\/nezaradene\/maruto-8264-bl-barbless-2\/#primaryimage"},"thumbnailUrl":"https:\/\/dohiku.eu\/wp-content\/uploads\/2023\/11\/2888-Maruto-8264-BL-Barbless.jpg","datePublished":"2023-11-02T10:54:30+00:00","dateModified":"2024-02-12T14:37:11+00:00","breadcrumb":{"@id":"https:\/\/dohiku.eu\/sk\/shop\/nezaradene\/maruto-8264-bl-barbless-2\/#breadcrumb"},"inLanguage":"sk-SK","potentialAction":[{"@type":"ReadAction","target":["https:\/\/dohiku.eu\/sk\/shop\/nezaradene\/maruto-8264-bl-barbless-2\/"]}]},{"@type":"ImageObject","inLanguage":"sk-SK","@id":"https:\/\/dohiku.eu\/sk\/shop\/nezaradene\/maruto-8264-bl-barbless-2\/#primaryimage","url":"https:\/\/dohiku.eu\/wp-content\/uploads\/2023\/11\/2888-Maruto-8264-BL-Barbless.jpg","contentUrl":"https:\/\/dohiku.eu\/wp-content\/uploads\/2023\/11\/2888-Maruto-8264-BL-Barbless.jpg","width":800,"height":594},{"@type":"BreadcrumbList","@id":"https:\/\/dohiku.eu\/sk\/shop\/nezaradene\/maruto-8264-bl-barbless-2\/#breadcrumb","itemListElement":[{"@type":"ListItem","position":1,"name":"Home","item":"https:\/\/dohiku.eu\/sk\/"},{"@type":"ListItem","position":2,"name":"PRODUCTS","item":"https:\/\/dohiku.eu\/sk\/products\/"},{"@type":"ListItem","position":3,"name":"Maruto 8264 BL Barbless"}]},{"@type":"WebSite","@id":"https:\/\/dohiku.eu\/sk\/#website","url":"https:\/\/dohiku.eu\/sk\/","name":"DOHIKU","description":"H\u00e1\u010diky DOHIKU s\u00fa vyroben\u00e9 z vysoko uhl\u00edkovej ocele, ktor\u00e1 je kalen\u00e1 a pop\u00fa\u0161\u0165an\u00e1 pod\u013ea presn\u00e9ho receptu.","publisher":{"@id":"https:\/\/dohiku.eu\/sk\/#organization"},"potentialAction":[{"@type":"SearchAction","target":{"@type":"EntryPoint","urlTemplate":"https:\/\/dohiku.eu\/sk\/?s={search_term_string}"},"query-input":{"@type":"PropertyValueSpecification","valueRequired":true,"valueName":"search_term_string"}}],"inLanguage":"sk-SK"},{"@type":"Organization","@id":"https:\/\/dohiku.eu\/sk\/#organization","name":"DOHIKU s.r.o.","url":"https:\/\/dohiku.eu\/sk\/","logo":{"@type":"ImageObject","inLanguage":"sk-SK","@id":"https:\/\/dohiku.eu\/sk\/#\/schema\/logo\/image\/","url":"https:\/\/dohiku.eu\/wp-content\/uploads\/2024\/01\/cropped-dohiku.png","contentUrl":"https:\/\/dohiku.eu\/wp-content\/uploads\/2024\/01\/cropped-dohiku.png","width":137,"height":87,"caption":"DOHIKU s.r.o."},"image":{"@id":"https:\/\/dohiku.eu\/sk\/#\/schema\/logo\/image\/"}}]}},"_links":{"self":[{"href":"https:\/\/dohiku.eu\/sk\/wp-json\/wp\/v2\/product\/6916","targetHints":{"allow":["GET"]}}],"collection":[{"href":"https:\/\/dohiku.eu\/sk\/wp-json\/wp\/v2\/product"}],"about":[{"href":"https:\/\/dohiku.eu\/sk\/wp-json\/wp\/v2\/types\/product"}],"replies":[{"embeddable":true,"href":"https:\/\/dohiku.eu\/sk\/wp-json\/wp\/v2\/comments?post=6916"}],"wp:featuredmedia":[{"embeddable":true,"href":"https:\/\/dohiku.eu\/sk\/wp-json\/wp\/v2\/media\/6851"}],"wp:attachment":[{"href":"https:\/\/dohiku.eu\/sk\/wp-json\/wp\/v2\/media?parent=6916"}],"wp:term":[{"taxonomy":"product_brand","embeddable":true,"href":"https:\/\/dohiku.eu\/sk\/wp-json\/wp\/v2\/product_brand?post=6916"},{"taxonomy":"product_cat","embeddable":true,"href":"https:\/\/dohiku.eu\/sk\/wp-json\/wp\/v2\/product_cat?post=6916"},{"taxonomy":"product_tag","embeddable":true,"href":"https:\/\/dohiku.eu\/sk\/wp-json\/wp\/v2\/product_tag?post=6916"}],"curies":[{"name":"wp","href":"https:\/\/api.w.org\/{rel}","templated":true}]}}