{"id":14429,"date":"2026-01-08T09:08:15","date_gmt":"2026-01-08T09:08:15","guid":{"rendered":"https:\/\/dohiku.eu\/shop\/nezaraden\u00e9\/magnet-na-podberak-mpf-520\/"},"modified":"2026-04-23T10:35:44","modified_gmt":"2026-04-23T10:35:44","slug":"magnet-na-podberak-mpf-520","status":"publish","type":"product","link":"https:\/\/dohiku.eu\/sk\/shop\/prislusenstvo\/magnet-na-podberak-mpf-520\/","title":{"rendered":"Magnet na podber\u00e1k, MPF 520"},"content":{"rendered":"<pre class=\"aLF-aPX-K0-aPE\">Dr\u017eiak GB Botton so siln\u00fdmi magnetmi na uchytenie podber\u00e1ku, alebo in\u00e9ho pr\u00edslu\u0161enstva. Plastov\u00e1 pru\u017eina je siln\u00e1, odoln\u00e1 vo\u010di kor\u00f3zii a d\u00e1 sa pred\u013a\u017ei\u0165 a\u017e na 130 cm.<\/pre>\n","protected":false},"excerpt":{"rendered":"<pre class=\"aLF-aPX-K0-aPE\">Dr\u017eiak GB Botton so siln\u00fdmi magnetmi na uchytenie podber\u00e1ku, alebo in\u00e9ho pr\u00edslu\u0161enstva. Plastov\u00e1 pru\u017eina je siln\u00e1, odoln\u00e1 vo\u010di kor\u00f3zii a d\u00e1 sa pred\u013a\u017ei\u0165 a\u017e na 130 cm.<\/pre>\n","protected":false},"featured_media":14431,"comment_status":"open","ping_status":"closed","template":"","meta":[],"product_brand":[],"product_cat":[535],"product_tag":[],"class_list":{"0":"post-14429","1":"product","2":"type-product","3":"status-publish","4":"has-post-thumbnail","6":"product_cat-prislusenstvo","8":"first","9":"instock","10":"taxable","11":"shipping-taxable","12":"purchasable","13":"product-type-simple"},"yoast_head":"<!-- This site is optimized with the Yoast SEO plugin v27.4 - https:\/\/yoast.com\/product\/yoast-seo-wordpress\/ -->\n<title>Magnet na podber\u00e1k, MPF 520 - DOHIKU<\/title>\n<meta name=\"robots\" content=\"index, follow, max-snippet:-1, max-image-preview:large, max-video-preview:-1\" \/>\n<link rel=\"canonical\" href=\"https:\/\/dohiku.eu\/sk\/shop\/prislusenstvo\/magnet-na-podberak-mpf-520\/\" \/>\n<meta property=\"og:locale\" content=\"sk_SK\" \/>\n<meta property=\"og:type\" content=\"article\" \/>\n<meta property=\"og:title\" content=\"Magnet na podber\u00e1k, MPF 520 - DOHIKU\" \/>\n<meta property=\"og:description\" content=\"Dr\u017eiak GB Botton so siln\u00fdmi magnetmi na uchytenie podber\u00e1ku, alebo in\u00e9ho pr\u00edslu\u0161enstva. Plastov\u00e1 pru\u017eina je siln\u00e1, odoln\u00e1 vo\u010di kor\u00f3zii a d\u00e1 sa pred\u013a\u017ei\u0165 a\u017e na 130 cm.\" \/>\n<meta property=\"og:url\" content=\"https:\/\/dohiku.eu\/sk\/shop\/prislusenstvo\/magnet-na-podberak-mpf-520\/\" \/>\n<meta property=\"og:site_name\" content=\"DOHIKU\" \/>\n<meta property=\"article:modified_time\" content=\"2026-04-23T10:35:44+00:00\" \/>\n<meta property=\"og:image\" content=\"https:\/\/dohiku.eu\/wp-content\/uploads\/2026\/01\/20260423_114438.webp\" \/>\n\t<meta property=\"og:image:width\" content=\"2546\" \/>\n\t<meta property=\"og:image:height\" content=\"2250\" \/>\n\t<meta property=\"og:image:type\" content=\"image\/webp\" \/>\n<meta name=\"twitter:card\" content=\"summary_large_image\" \/>\n<meta name=\"twitter:label1\" content=\"Predpokladan\u00fd \u010das \u010d\u00edtania\" \/>\n\t<meta name=\"twitter:data1\" content=\"1 min\u00fata\" \/>\n<script type=\"application\/ld+json\" class=\"yoast-schema-graph\">{\"@context\":\"https:\\\/\\\/schema.org\",\"@graph\":[{\"@type\":\"WebPage\",\"@id\":\"https:\\\/\\\/dohiku.eu\\\/sk\\\/shop\\\/prislusenstvo\\\/magnet-na-podberak-mpf-520\\\/\",\"url\":\"https:\\\/\\\/dohiku.eu\\\/sk\\\/shop\\\/prislusenstvo\\\/magnet-na-podberak-mpf-520\\\/\",\"name\":\"Magnet na podber\u00e1k, MPF 520 - DOHIKU\",\"isPartOf\":{\"@id\":\"https:\\\/\\\/dohiku.eu\\\/sk\\\/#website\"},\"primaryImageOfPage\":{\"@id\":\"https:\\\/\\\/dohiku.eu\\\/sk\\\/shop\\\/prislusenstvo\\\/magnet-na-podberak-mpf-520\\\/#primaryimage\"},\"image\":{\"@id\":\"https:\\\/\\\/dohiku.eu\\\/sk\\\/shop\\\/prislusenstvo\\\/magnet-na-podberak-mpf-520\\\/#primaryimage\"},\"thumbnailUrl\":\"https:\\\/\\\/dohiku.eu\\\/wp-content\\\/uploads\\\/2026\\\/01\\\/20260423_114438.webp\",\"datePublished\":\"2026-01-08T09:08:15+00:00\",\"dateModified\":\"2026-04-23T10:35:44+00:00\",\"breadcrumb\":{\"@id\":\"https:\\\/\\\/dohiku.eu\\\/sk\\\/shop\\\/prislusenstvo\\\/magnet-na-podberak-mpf-520\\\/#breadcrumb\"},\"inLanguage\":\"sk-SK\",\"potentialAction\":[{\"@type\":\"ReadAction\",\"target\":[\"https:\\\/\\\/dohiku.eu\\\/sk\\\/shop\\\/prislusenstvo\\\/magnet-na-podberak-mpf-520\\\/\"]}]},{\"@type\":\"ImageObject\",\"inLanguage\":\"sk-SK\",\"@id\":\"https:\\\/\\\/dohiku.eu\\\/sk\\\/shop\\\/prislusenstvo\\\/magnet-na-podberak-mpf-520\\\/#primaryimage\",\"url\":\"https:\\\/\\\/dohiku.eu\\\/wp-content\\\/uploads\\\/2026\\\/01\\\/20260423_114438.webp\",\"contentUrl\":\"https:\\\/\\\/dohiku.eu\\\/wp-content\\\/uploads\\\/2026\\\/01\\\/20260423_114438.webp\",\"width\":2546,\"height\":2250},{\"@type\":\"BreadcrumbList\",\"@id\":\"https:\\\/\\\/dohiku.eu\\\/sk\\\/shop\\\/prislusenstvo\\\/magnet-na-podberak-mpf-520\\\/#breadcrumb\",\"itemListElement\":[{\"@type\":\"ListItem\",\"position\":1,\"name\":\"Home\",\"item\":\"https:\\\/\\\/dohiku.eu\\\/sk\\\/\"},{\"@type\":\"ListItem\",\"position\":2,\"name\":\"PRODUCTS\",\"item\":\"https:\\\/\\\/dohiku.eu\\\/sk\\\/products\\\/\"},{\"@type\":\"ListItem\",\"position\":3,\"name\":\"Magnet na podber\u00e1k, MPF 520\"}]},{\"@type\":\"WebSite\",\"@id\":\"https:\\\/\\\/dohiku.eu\\\/sk\\\/#website\",\"url\":\"https:\\\/\\\/dohiku.eu\\\/sk\\\/\",\"name\":\"DOHIKU\",\"description\":\"H\u00e1\u010diky DOHIKU s\u00fa vyroben\u00e9 z vysoko uhl\u00edkovej ocele, ktor\u00e1 je kalen\u00e1 a pop\u00fa\u0161\u0165an\u00e1 pod\u013ea presn\u00e9ho receptu.\",\"publisher\":{\"@id\":\"https:\\\/\\\/dohiku.eu\\\/sk\\\/#organization\"},\"potentialAction\":[{\"@type\":\"SearchAction\",\"target\":{\"@type\":\"EntryPoint\",\"urlTemplate\":\"https:\\\/\\\/dohiku.eu\\\/sk\\\/?s={search_term_string}\"},\"query-input\":{\"@type\":\"PropertyValueSpecification\",\"valueRequired\":true,\"valueName\":\"search_term_string\"}}],\"inLanguage\":\"sk-SK\"},{\"@type\":\"Organization\",\"@id\":\"https:\\\/\\\/dohiku.eu\\\/sk\\\/#organization\",\"name\":\"DOHIKU s.r.o.\",\"url\":\"https:\\\/\\\/dohiku.eu\\\/sk\\\/\",\"logo\":{\"@type\":\"ImageObject\",\"inLanguage\":\"sk-SK\",\"@id\":\"https:\\\/\\\/dohiku.eu\\\/sk\\\/#\\\/schema\\\/logo\\\/image\\\/\",\"url\":\"https:\\\/\\\/dohiku.eu\\\/wp-content\\\/uploads\\\/2024\\\/01\\\/cropped-dohiku.png\",\"contentUrl\":\"https:\\\/\\\/dohiku.eu\\\/wp-content\\\/uploads\\\/2024\\\/01\\\/cropped-dohiku.png\",\"width\":137,\"height\":87,\"caption\":\"DOHIKU s.r.o.\"},\"image\":{\"@id\":\"https:\\\/\\\/dohiku.eu\\\/sk\\\/#\\\/schema\\\/logo\\\/image\\\/\"}}]}<\/script>\n<!-- \/ Yoast SEO plugin. -->","yoast_head_json":{"title":"Magnet na podber\u00e1k, MPF 520 - DOHIKU","robots":{"index":"index","follow":"follow","max-snippet":"max-snippet:-1","max-image-preview":"max-image-preview:large","max-video-preview":"max-video-preview:-1"},"canonical":"https:\/\/dohiku.eu\/sk\/shop\/prislusenstvo\/magnet-na-podberak-mpf-520\/","og_locale":"sk_SK","og_type":"article","og_title":"Magnet na podber\u00e1k, MPF 520 - DOHIKU","og_description":"Dr\u017eiak GB Botton so siln\u00fdmi magnetmi na uchytenie podber\u00e1ku, alebo in\u00e9ho pr\u00edslu\u0161enstva. Plastov\u00e1 pru\u017eina je siln\u00e1, odoln\u00e1 vo\u010di kor\u00f3zii a d\u00e1 sa pred\u013a\u017ei\u0165 a\u017e na 130 cm.","og_url":"https:\/\/dohiku.eu\/sk\/shop\/prislusenstvo\/magnet-na-podberak-mpf-520\/","og_site_name":"DOHIKU","article_modified_time":"2026-04-23T10:35:44+00:00","og_image":[{"width":2546,"height":2250,"url":"https:\/\/dohiku.eu\/wp-content\/uploads\/2026\/01\/20260423_114438.webp","type":"image\/webp"}],"twitter_card":"summary_large_image","twitter_misc":{"Predpokladan\u00fd \u010das \u010d\u00edtania":"1 min\u00fata"},"schema":{"@context":"https:\/\/schema.org","@graph":[{"@type":"WebPage","@id":"https:\/\/dohiku.eu\/sk\/shop\/prislusenstvo\/magnet-na-podberak-mpf-520\/","url":"https:\/\/dohiku.eu\/sk\/shop\/prislusenstvo\/magnet-na-podberak-mpf-520\/","name":"Magnet na podber\u00e1k, MPF 520 - DOHIKU","isPartOf":{"@id":"https:\/\/dohiku.eu\/sk\/#website"},"primaryImageOfPage":{"@id":"https:\/\/dohiku.eu\/sk\/shop\/prislusenstvo\/magnet-na-podberak-mpf-520\/#primaryimage"},"image":{"@id":"https:\/\/dohiku.eu\/sk\/shop\/prislusenstvo\/magnet-na-podberak-mpf-520\/#primaryimage"},"thumbnailUrl":"https:\/\/dohiku.eu\/wp-content\/uploads\/2026\/01\/20260423_114438.webp","datePublished":"2026-01-08T09:08:15+00:00","dateModified":"2026-04-23T10:35:44+00:00","breadcrumb":{"@id":"https:\/\/dohiku.eu\/sk\/shop\/prislusenstvo\/magnet-na-podberak-mpf-520\/#breadcrumb"},"inLanguage":"sk-SK","potentialAction":[{"@type":"ReadAction","target":["https:\/\/dohiku.eu\/sk\/shop\/prislusenstvo\/magnet-na-podberak-mpf-520\/"]}]},{"@type":"ImageObject","inLanguage":"sk-SK","@id":"https:\/\/dohiku.eu\/sk\/shop\/prislusenstvo\/magnet-na-podberak-mpf-520\/#primaryimage","url":"https:\/\/dohiku.eu\/wp-content\/uploads\/2026\/01\/20260423_114438.webp","contentUrl":"https:\/\/dohiku.eu\/wp-content\/uploads\/2026\/01\/20260423_114438.webp","width":2546,"height":2250},{"@type":"BreadcrumbList","@id":"https:\/\/dohiku.eu\/sk\/shop\/prislusenstvo\/magnet-na-podberak-mpf-520\/#breadcrumb","itemListElement":[{"@type":"ListItem","position":1,"name":"Home","item":"https:\/\/dohiku.eu\/sk\/"},{"@type":"ListItem","position":2,"name":"PRODUCTS","item":"https:\/\/dohiku.eu\/sk\/products\/"},{"@type":"ListItem","position":3,"name":"Magnet na podber\u00e1k, MPF 520"}]},{"@type":"WebSite","@id":"https:\/\/dohiku.eu\/sk\/#website","url":"https:\/\/dohiku.eu\/sk\/","name":"DOHIKU","description":"H\u00e1\u010diky DOHIKU s\u00fa vyroben\u00e9 z vysoko uhl\u00edkovej ocele, ktor\u00e1 je kalen\u00e1 a pop\u00fa\u0161\u0165an\u00e1 pod\u013ea presn\u00e9ho receptu.","publisher":{"@id":"https:\/\/dohiku.eu\/sk\/#organization"},"potentialAction":[{"@type":"SearchAction","target":{"@type":"EntryPoint","urlTemplate":"https:\/\/dohiku.eu\/sk\/?s={search_term_string}"},"query-input":{"@type":"PropertyValueSpecification","valueRequired":true,"valueName":"search_term_string"}}],"inLanguage":"sk-SK"},{"@type":"Organization","@id":"https:\/\/dohiku.eu\/sk\/#organization","name":"DOHIKU s.r.o.","url":"https:\/\/dohiku.eu\/sk\/","logo":{"@type":"ImageObject","inLanguage":"sk-SK","@id":"https:\/\/dohiku.eu\/sk\/#\/schema\/logo\/image\/","url":"https:\/\/dohiku.eu\/wp-content\/uploads\/2024\/01\/cropped-dohiku.png","contentUrl":"https:\/\/dohiku.eu\/wp-content\/uploads\/2024\/01\/cropped-dohiku.png","width":137,"height":87,"caption":"DOHIKU s.r.o."},"image":{"@id":"https:\/\/dohiku.eu\/sk\/#\/schema\/logo\/image\/"}}]}},"_links":{"self":[{"href":"https:\/\/dohiku.eu\/sk\/wp-json\/wp\/v2\/product\/14429","targetHints":{"allow":["GET"]}}],"collection":[{"href":"https:\/\/dohiku.eu\/sk\/wp-json\/wp\/v2\/product"}],"about":[{"href":"https:\/\/dohiku.eu\/sk\/wp-json\/wp\/v2\/types\/product"}],"replies":[{"embeddable":true,"href":"https:\/\/dohiku.eu\/sk\/wp-json\/wp\/v2\/comments?post=14429"}],"wp:featuredmedia":[{"embeddable":true,"href":"https:\/\/dohiku.eu\/sk\/wp-json\/wp\/v2\/media\/14431"}],"wp:attachment":[{"href":"https:\/\/dohiku.eu\/sk\/wp-json\/wp\/v2\/media?parent=14429"}],"wp:term":[{"taxonomy":"product_brand","embeddable":true,"href":"https:\/\/dohiku.eu\/sk\/wp-json\/wp\/v2\/product_brand?post=14429"},{"taxonomy":"product_cat","embeddable":true,"href":"https:\/\/dohiku.eu\/sk\/wp-json\/wp\/v2\/product_cat?post=14429"},{"taxonomy":"product_tag","embeddable":true,"href":"https:\/\/dohiku.eu\/sk\/wp-json\/wp\/v2\/product_tag?post=14429"}],"curies":[{"name":"wp","href":"https:\/\/api.w.org\/{rel}","templated":true}]}}