{"id":14415,"date":"2026-01-08T09:10:19","date_gmt":"2026-01-08T09:10:19","guid":{"rendered":"https:\/\/dohiku.eu\/shop\/nezaraden\u00e9\/flash-nymph-competition-rusty-brown-orange-hnedo-oranzova-dfn-05\/"},"modified":"2026-04-22T08:28:50","modified_gmt":"2026-04-22T08:28:50","slug":"flash-nymph-competition-rusty-brown-orange-hnedo-oranzova-dfn-05","status":"publish","type":"product","link":"https:\/\/dohiku.eu\/sk\/shop\/viazacie-materialy\/dubbing-sk\/flash-nymph-competition\/flash-nymph-competition-rusty-brown-orange-hnedo-oranzova-dfn-05\/","title":{"rendered":"Flash Nymph &#8211; Competition Rusty Brown Orange\/Hnedo oran\u017eov\u00e1, DFN 05"},"content":{"rendered":"<p>Vynikaj\u00faci dubbing na viazanie v\u00fdvojov\u00fdch \u0161t\u00e1di\u00ed podeniek od n\u00fdmf a\u017e po im\u00e1ga.<br \/>\nUr\u010dite ocen\u00edte jeho vlastnosti pri tvarovan\u00ed tielka mu\u0161ky. Vynikaj\u00faci dubbing na viazanie v\u00fdvojov\u00fdch \u0161t\u00e1di\u00ed podeniek od n\u00fdmf a\u017e po im\u00e1ga.<\/p>\n","protected":false},"excerpt":{"rendered":"<p>Vynikaj\u00faci dubbing na viazanie v\u00fdvojov\u00fdch \u0161t\u00e1di\u00ed podeniek od n\u00fdmf a\u017e po im\u00e1ga.<br \/>\nUr\u010dite ocen\u00edte jeho vlastnosti pri tvarovan\u00ed tielka mu\u0161ky. Vynikaj\u00faci dubbing na viazanie v\u00fdvojov\u00fdch \u0161t\u00e1di\u00ed podeniek od n\u00fdmf a\u017e po im\u00e1ga.<\/p>\n","protected":false},"featured_media":14445,"comment_status":"open","ping_status":"closed","template":"","meta":[],"product_brand":[],"product_cat":[526,3580],"product_tag":[],"class_list":{"0":"post-14415","1":"product","2":"type-product","3":"status-publish","4":"has-post-thumbnail","6":"product_cat-dubbing-sk","7":"product_cat-flash-nymph-competition","9":"first","10":"instock","11":"taxable","12":"shipping-taxable","13":"purchasable","14":"product-type-simple"},"yoast_head":"<!-- This site is optimized with the Yoast SEO plugin v27.4 - https:\/\/yoast.com\/product\/yoast-seo-wordpress\/ -->\n<title>Flash Nymph - Competition Rusty Brown Orange\/Hnedo oran\u017eov\u00e1, DFN 05 - DOHIKU<\/title>\n<meta name=\"robots\" content=\"index, follow, max-snippet:-1, max-image-preview:large, max-video-preview:-1\" \/>\n<link rel=\"canonical\" href=\"https:\/\/dohiku.eu\/sk\/shop\/viazacie-materialy\/dubbing-sk\/flash-nymph-competition\/flash-nymph-competition-rusty-brown-orange-hnedo-oranzova-dfn-05\/\" \/>\n<meta property=\"og:locale\" content=\"sk_SK\" \/>\n<meta property=\"og:type\" content=\"article\" \/>\n<meta property=\"og:title\" content=\"Flash Nymph - Competition Rusty Brown Orange\/Hnedo oran\u017eov\u00e1, DFN 05 - DOHIKU\" \/>\n<meta property=\"og:description\" content=\"Vynikaj\u00faci dubbing na viazanie v\u00fdvojov\u00fdch \u0161t\u00e1di\u00ed podeniek od n\u00fdmf a\u017e po im\u00e1ga. Ur\u010dite ocen\u00edte jeho vlastnosti pri tvarovan\u00ed tielka mu\u0161ky. Vynikaj\u00faci dubbing na viazanie v\u00fdvojov\u00fdch \u0161t\u00e1di\u00ed podeniek od n\u00fdmf a\u017e po im\u00e1ga.\" \/>\n<meta property=\"og:url\" content=\"https:\/\/dohiku.eu\/sk\/shop\/viazacie-materialy\/dubbing-sk\/flash-nymph-competition\/flash-nymph-competition-rusty-brown-orange-hnedo-oranzova-dfn-05\/\" \/>\n<meta property=\"og:site_name\" content=\"DOHIKU\" \/>\n<meta property=\"article:modified_time\" content=\"2026-04-22T08:28:50+00:00\" \/>\n<meta property=\"og:image\" content=\"https:\/\/dohiku.eu\/wp-content\/uploads\/2026\/01\/20260422_103857.webp\" \/>\n\t<meta property=\"og:image:width\" content=\"2107\" \/>\n\t<meta property=\"og:image:height\" content=\"1494\" \/>\n\t<meta property=\"og:image:type\" content=\"image\/webp\" \/>\n<meta name=\"twitter:card\" content=\"summary_large_image\" \/>\n<meta name=\"twitter:label1\" content=\"Predpokladan\u00fd \u010das \u010d\u00edtania\" \/>\n\t<meta name=\"twitter:data1\" content=\"1 min\u00fata\" \/>\n<script type=\"application\/ld+json\" class=\"yoast-schema-graph\">{\"@context\":\"https:\\\/\\\/schema.org\",\"@graph\":[{\"@type\":\"WebPage\",\"@id\":\"https:\\\/\\\/dohiku.eu\\\/sk\\\/shop\\\/viazacie-materialy\\\/dubbing-sk\\\/flash-nymph-competition\\\/flash-nymph-competition-rusty-brown-orange-hnedo-oranzova-dfn-05\\\/\",\"url\":\"https:\\\/\\\/dohiku.eu\\\/sk\\\/shop\\\/viazacie-materialy\\\/dubbing-sk\\\/flash-nymph-competition\\\/flash-nymph-competition-rusty-brown-orange-hnedo-oranzova-dfn-05\\\/\",\"name\":\"Flash Nymph - Competition Rusty Brown Orange\\\/Hnedo oran\u017eov\u00e1, DFN 05 - DOHIKU\",\"isPartOf\":{\"@id\":\"https:\\\/\\\/dohiku.eu\\\/sk\\\/#website\"},\"primaryImageOfPage\":{\"@id\":\"https:\\\/\\\/dohiku.eu\\\/sk\\\/shop\\\/viazacie-materialy\\\/dubbing-sk\\\/flash-nymph-competition\\\/flash-nymph-competition-rusty-brown-orange-hnedo-oranzova-dfn-05\\\/#primaryimage\"},\"image\":{\"@id\":\"https:\\\/\\\/dohiku.eu\\\/sk\\\/shop\\\/viazacie-materialy\\\/dubbing-sk\\\/flash-nymph-competition\\\/flash-nymph-competition-rusty-brown-orange-hnedo-oranzova-dfn-05\\\/#primaryimage\"},\"thumbnailUrl\":\"https:\\\/\\\/dohiku.eu\\\/wp-content\\\/uploads\\\/2026\\\/01\\\/20260422_103857_1.webp\",\"datePublished\":\"2026-01-08T09:10:19+00:00\",\"dateModified\":\"2026-04-22T08:28:50+00:00\",\"breadcrumb\":{\"@id\":\"https:\\\/\\\/dohiku.eu\\\/sk\\\/shop\\\/viazacie-materialy\\\/dubbing-sk\\\/flash-nymph-competition\\\/flash-nymph-competition-rusty-brown-orange-hnedo-oranzova-dfn-05\\\/#breadcrumb\"},\"inLanguage\":\"sk-SK\",\"potentialAction\":[{\"@type\":\"ReadAction\",\"target\":[\"https:\\\/\\\/dohiku.eu\\\/sk\\\/shop\\\/viazacie-materialy\\\/dubbing-sk\\\/flash-nymph-competition\\\/flash-nymph-competition-rusty-brown-orange-hnedo-oranzova-dfn-05\\\/\"]}]},{\"@type\":\"ImageObject\",\"inLanguage\":\"sk-SK\",\"@id\":\"https:\\\/\\\/dohiku.eu\\\/sk\\\/shop\\\/viazacie-materialy\\\/dubbing-sk\\\/flash-nymph-competition\\\/flash-nymph-competition-rusty-brown-orange-hnedo-oranzova-dfn-05\\\/#primaryimage\",\"url\":\"https:\\\/\\\/dohiku.eu\\\/wp-content\\\/uploads\\\/2026\\\/01\\\/20260422_103857_1.webp\",\"contentUrl\":\"https:\\\/\\\/dohiku.eu\\\/wp-content\\\/uploads\\\/2026\\\/01\\\/20260422_103857_1.webp\",\"width\":2107,\"height\":1494},{\"@type\":\"BreadcrumbList\",\"@id\":\"https:\\\/\\\/dohiku.eu\\\/sk\\\/shop\\\/viazacie-materialy\\\/dubbing-sk\\\/flash-nymph-competition\\\/flash-nymph-competition-rusty-brown-orange-hnedo-oranzova-dfn-05\\\/#breadcrumb\",\"itemListElement\":[{\"@type\":\"ListItem\",\"position\":1,\"name\":\"Home\",\"item\":\"https:\\\/\\\/dohiku.eu\\\/sk\\\/\"},{\"@type\":\"ListItem\",\"position\":2,\"name\":\"PRODUCTS\",\"item\":\"https:\\\/\\\/dohiku.eu\\\/sk\\\/products\\\/\"},{\"@type\":\"ListItem\",\"position\":3,\"name\":\"Flash Nymph &#8211; Competition Rusty Brown Orange\\\/Hnedo oran\u017eov\u00e1, DFN 05\"}]},{\"@type\":\"WebSite\",\"@id\":\"https:\\\/\\\/dohiku.eu\\\/sk\\\/#website\",\"url\":\"https:\\\/\\\/dohiku.eu\\\/sk\\\/\",\"name\":\"DOHIKU\",\"description\":\"H\u00e1\u010diky DOHIKU s\u00fa vyroben\u00e9 z vysoko uhl\u00edkovej ocele, ktor\u00e1 je kalen\u00e1 a pop\u00fa\u0161\u0165an\u00e1 pod\u013ea presn\u00e9ho receptu.\",\"publisher\":{\"@id\":\"https:\\\/\\\/dohiku.eu\\\/sk\\\/#organization\"},\"potentialAction\":[{\"@type\":\"SearchAction\",\"target\":{\"@type\":\"EntryPoint\",\"urlTemplate\":\"https:\\\/\\\/dohiku.eu\\\/sk\\\/?s={search_term_string}\"},\"query-input\":{\"@type\":\"PropertyValueSpecification\",\"valueRequired\":true,\"valueName\":\"search_term_string\"}}],\"inLanguage\":\"sk-SK\"},{\"@type\":\"Organization\",\"@id\":\"https:\\\/\\\/dohiku.eu\\\/sk\\\/#organization\",\"name\":\"DOHIKU s.r.o.\",\"url\":\"https:\\\/\\\/dohiku.eu\\\/sk\\\/\",\"logo\":{\"@type\":\"ImageObject\",\"inLanguage\":\"sk-SK\",\"@id\":\"https:\\\/\\\/dohiku.eu\\\/sk\\\/#\\\/schema\\\/logo\\\/image\\\/\",\"url\":\"https:\\\/\\\/dohiku.eu\\\/wp-content\\\/uploads\\\/2024\\\/01\\\/cropped-dohiku.png\",\"contentUrl\":\"https:\\\/\\\/dohiku.eu\\\/wp-content\\\/uploads\\\/2024\\\/01\\\/cropped-dohiku.png\",\"width\":137,\"height\":87,\"caption\":\"DOHIKU s.r.o.\"},\"image\":{\"@id\":\"https:\\\/\\\/dohiku.eu\\\/sk\\\/#\\\/schema\\\/logo\\\/image\\\/\"}}]}<\/script>\n<!-- \/ Yoast SEO plugin. -->","yoast_head_json":{"title":"Flash Nymph - Competition Rusty Brown Orange\/Hnedo oran\u017eov\u00e1, DFN 05 - DOHIKU","robots":{"index":"index","follow":"follow","max-snippet":"max-snippet:-1","max-image-preview":"max-image-preview:large","max-video-preview":"max-video-preview:-1"},"canonical":"https:\/\/dohiku.eu\/sk\/shop\/viazacie-materialy\/dubbing-sk\/flash-nymph-competition\/flash-nymph-competition-rusty-brown-orange-hnedo-oranzova-dfn-05\/","og_locale":"sk_SK","og_type":"article","og_title":"Flash Nymph - Competition Rusty Brown Orange\/Hnedo oran\u017eov\u00e1, DFN 05 - DOHIKU","og_description":"Vynikaj\u00faci dubbing na viazanie v\u00fdvojov\u00fdch \u0161t\u00e1di\u00ed podeniek od n\u00fdmf a\u017e po im\u00e1ga. Ur\u010dite ocen\u00edte jeho vlastnosti pri tvarovan\u00ed tielka mu\u0161ky. Vynikaj\u00faci dubbing na viazanie v\u00fdvojov\u00fdch \u0161t\u00e1di\u00ed podeniek od n\u00fdmf a\u017e po im\u00e1ga.","og_url":"https:\/\/dohiku.eu\/sk\/shop\/viazacie-materialy\/dubbing-sk\/flash-nymph-competition\/flash-nymph-competition-rusty-brown-orange-hnedo-oranzova-dfn-05\/","og_site_name":"DOHIKU","article_modified_time":"2026-04-22T08:28:50+00:00","og_image":[{"width":2107,"height":1494,"url":"https:\/\/dohiku.eu\/wp-content\/uploads\/2026\/01\/20260422_103857.webp","type":"image\/webp"}],"twitter_card":"summary_large_image","twitter_misc":{"Predpokladan\u00fd \u010das \u010d\u00edtania":"1 min\u00fata"},"schema":{"@context":"https:\/\/schema.org","@graph":[{"@type":"WebPage","@id":"https:\/\/dohiku.eu\/sk\/shop\/viazacie-materialy\/dubbing-sk\/flash-nymph-competition\/flash-nymph-competition-rusty-brown-orange-hnedo-oranzova-dfn-05\/","url":"https:\/\/dohiku.eu\/sk\/shop\/viazacie-materialy\/dubbing-sk\/flash-nymph-competition\/flash-nymph-competition-rusty-brown-orange-hnedo-oranzova-dfn-05\/","name":"Flash Nymph - Competition Rusty Brown Orange\/Hnedo oran\u017eov\u00e1, DFN 05 - DOHIKU","isPartOf":{"@id":"https:\/\/dohiku.eu\/sk\/#website"},"primaryImageOfPage":{"@id":"https:\/\/dohiku.eu\/sk\/shop\/viazacie-materialy\/dubbing-sk\/flash-nymph-competition\/flash-nymph-competition-rusty-brown-orange-hnedo-oranzova-dfn-05\/#primaryimage"},"image":{"@id":"https:\/\/dohiku.eu\/sk\/shop\/viazacie-materialy\/dubbing-sk\/flash-nymph-competition\/flash-nymph-competition-rusty-brown-orange-hnedo-oranzova-dfn-05\/#primaryimage"},"thumbnailUrl":"https:\/\/dohiku.eu\/wp-content\/uploads\/2026\/01\/20260422_103857_1.webp","datePublished":"2026-01-08T09:10:19+00:00","dateModified":"2026-04-22T08:28:50+00:00","breadcrumb":{"@id":"https:\/\/dohiku.eu\/sk\/shop\/viazacie-materialy\/dubbing-sk\/flash-nymph-competition\/flash-nymph-competition-rusty-brown-orange-hnedo-oranzova-dfn-05\/#breadcrumb"},"inLanguage":"sk-SK","potentialAction":[{"@type":"ReadAction","target":["https:\/\/dohiku.eu\/sk\/shop\/viazacie-materialy\/dubbing-sk\/flash-nymph-competition\/flash-nymph-competition-rusty-brown-orange-hnedo-oranzova-dfn-05\/"]}]},{"@type":"ImageObject","inLanguage":"sk-SK","@id":"https:\/\/dohiku.eu\/sk\/shop\/viazacie-materialy\/dubbing-sk\/flash-nymph-competition\/flash-nymph-competition-rusty-brown-orange-hnedo-oranzova-dfn-05\/#primaryimage","url":"https:\/\/dohiku.eu\/wp-content\/uploads\/2026\/01\/20260422_103857_1.webp","contentUrl":"https:\/\/dohiku.eu\/wp-content\/uploads\/2026\/01\/20260422_103857_1.webp","width":2107,"height":1494},{"@type":"BreadcrumbList","@id":"https:\/\/dohiku.eu\/sk\/shop\/viazacie-materialy\/dubbing-sk\/flash-nymph-competition\/flash-nymph-competition-rusty-brown-orange-hnedo-oranzova-dfn-05\/#breadcrumb","itemListElement":[{"@type":"ListItem","position":1,"name":"Home","item":"https:\/\/dohiku.eu\/sk\/"},{"@type":"ListItem","position":2,"name":"PRODUCTS","item":"https:\/\/dohiku.eu\/sk\/products\/"},{"@type":"ListItem","position":3,"name":"Flash Nymph &#8211; Competition Rusty Brown Orange\/Hnedo oran\u017eov\u00e1, DFN 05"}]},{"@type":"WebSite","@id":"https:\/\/dohiku.eu\/sk\/#website","url":"https:\/\/dohiku.eu\/sk\/","name":"DOHIKU","description":"H\u00e1\u010diky DOHIKU s\u00fa vyroben\u00e9 z vysoko uhl\u00edkovej ocele, ktor\u00e1 je kalen\u00e1 a pop\u00fa\u0161\u0165an\u00e1 pod\u013ea presn\u00e9ho receptu.","publisher":{"@id":"https:\/\/dohiku.eu\/sk\/#organization"},"potentialAction":[{"@type":"SearchAction","target":{"@type":"EntryPoint","urlTemplate":"https:\/\/dohiku.eu\/sk\/?s={search_term_string}"},"query-input":{"@type":"PropertyValueSpecification","valueRequired":true,"valueName":"search_term_string"}}],"inLanguage":"sk-SK"},{"@type":"Organization","@id":"https:\/\/dohiku.eu\/sk\/#organization","name":"DOHIKU s.r.o.","url":"https:\/\/dohiku.eu\/sk\/","logo":{"@type":"ImageObject","inLanguage":"sk-SK","@id":"https:\/\/dohiku.eu\/sk\/#\/schema\/logo\/image\/","url":"https:\/\/dohiku.eu\/wp-content\/uploads\/2024\/01\/cropped-dohiku.png","contentUrl":"https:\/\/dohiku.eu\/wp-content\/uploads\/2024\/01\/cropped-dohiku.png","width":137,"height":87,"caption":"DOHIKU s.r.o."},"image":{"@id":"https:\/\/dohiku.eu\/sk\/#\/schema\/logo\/image\/"}}]}},"_links":{"self":[{"href":"https:\/\/dohiku.eu\/sk\/wp-json\/wp\/v2\/product\/14415","targetHints":{"allow":["GET"]}}],"collection":[{"href":"https:\/\/dohiku.eu\/sk\/wp-json\/wp\/v2\/product"}],"about":[{"href":"https:\/\/dohiku.eu\/sk\/wp-json\/wp\/v2\/types\/product"}],"replies":[{"embeddable":true,"href":"https:\/\/dohiku.eu\/sk\/wp-json\/wp\/v2\/comments?post=14415"}],"wp:featuredmedia":[{"embeddable":true,"href":"https:\/\/dohiku.eu\/sk\/wp-json\/wp\/v2\/media\/14445"}],"wp:attachment":[{"href":"https:\/\/dohiku.eu\/sk\/wp-json\/wp\/v2\/media?parent=14415"}],"wp:term":[{"taxonomy":"product_brand","embeddable":true,"href":"https:\/\/dohiku.eu\/sk\/wp-json\/wp\/v2\/product_brand?post=14415"},{"taxonomy":"product_cat","embeddable":true,"href":"https:\/\/dohiku.eu\/sk\/wp-json\/wp\/v2\/product_cat?post=14415"},{"taxonomy":"product_tag","embeddable":true,"href":"https:\/\/dohiku.eu\/sk\/wp-json\/wp\/v2\/product_tag?post=14415"}],"curies":[{"name":"wp","href":"https:\/\/api.w.org\/{rel}","templated":true}]}}