{"id":14364,"date":"2026-04-15T07:51:02","date_gmt":"2026-04-15T07:51:02","guid":{"rendered":"https:\/\/dohiku.eu\/shop\/nezaraden\u00e9\/lososie-a-strimrove-haciky-hdl-30-08\/"},"modified":"2026-04-15T07:54:30","modified_gmt":"2026-04-15T07:54:30","slug":"lososie-a-strimrove-haciky-hdl-30-08","status":"publish","type":"product","link":"https:\/\/dohiku.eu\/sk\/shop\/haciky\/lososie-a-strimrove-haciky-hdl-30-08\/","title":{"rendered":"Lososie a str\u00edmrov\u00e9 h\u00e1\u010diky, HDL 30\/08"},"content":{"rendered":"<p>1 bal\/20 ks<\/p>\n","protected":false},"excerpt":{"rendered":"<p>1 bal\/20 ks<\/p>\n","protected":false},"featured_media":14363,"comment_status":"closed","ping_status":"closed","template":"","meta":[],"product_brand":[],"product_cat":[511],"product_tag":[],"class_list":{"0":"post-14364","1":"product","2":"type-product","3":"status-publish","4":"has-post-thumbnail","6":"product_cat-haciky","8":"first","9":"instock","10":"taxable","11":"shipping-taxable","12":"purchasable","13":"product-type-simple"},"yoast_head":"<!-- This site is optimized with the Yoast SEO plugin v27.4 - https:\/\/yoast.com\/product\/yoast-seo-wordpress\/ -->\n<title>Lososie a str\u00edmrov\u00e9 h\u00e1\u010diky, HDL 30\/08 - DOHIKU<\/title>\n<meta name=\"robots\" content=\"index, follow, max-snippet:-1, max-image-preview:large, max-video-preview:-1\" \/>\n<link rel=\"canonical\" href=\"https:\/\/dohiku.eu\/sk\/shop\/haciky\/lososie-a-strimrove-haciky-hdl-30-08\/\" \/>\n<meta property=\"og:locale\" content=\"sk_SK\" \/>\n<meta property=\"og:type\" content=\"article\" \/>\n<meta property=\"og:title\" content=\"Lososie a str\u00edmrov\u00e9 h\u00e1\u010diky, HDL 30\/08 - DOHIKU\" \/>\n<meta property=\"og:description\" content=\"1 bal\/20 ks\" \/>\n<meta property=\"og:url\" content=\"https:\/\/dohiku.eu\/sk\/shop\/haciky\/lososie-a-strimrove-haciky-hdl-30-08\/\" \/>\n<meta property=\"og:site_name\" content=\"DOHIKU\" \/>\n<meta property=\"article:modified_time\" content=\"2026-04-15T07:54:30+00:00\" \/>\n<meta property=\"og:image\" content=\"https:\/\/dohiku.eu\/wp-content\/uploads\/2026\/04\/Losos-hak-1-1.webp\" \/>\n\t<meta property=\"og:image:width\" content=\"1974\" \/>\n\t<meta property=\"og:image:height\" content=\"1135\" \/>\n\t<meta property=\"og:image:type\" content=\"image\/webp\" \/>\n<meta name=\"twitter:card\" content=\"summary_large_image\" \/>\n<meta name=\"twitter:label1\" content=\"Predpokladan\u00fd \u010das \u010d\u00edtania\" \/>\n\t<meta name=\"twitter:data1\" content=\"1 min\u00fata\" \/>\n<script type=\"application\/ld+json\" class=\"yoast-schema-graph\">{\"@context\":\"https:\\\/\\\/schema.org\",\"@graph\":[{\"@type\":\"WebPage\",\"@id\":\"https:\\\/\\\/dohiku.eu\\\/sk\\\/shop\\\/haciky\\\/lososie-a-strimrove-haciky-hdl-30-08\\\/\",\"url\":\"https:\\\/\\\/dohiku.eu\\\/sk\\\/shop\\\/haciky\\\/lososie-a-strimrove-haciky-hdl-30-08\\\/\",\"name\":\"Lososie a str\u00edmrov\u00e9 h\u00e1\u010diky, HDL 30\\\/08 - DOHIKU\",\"isPartOf\":{\"@id\":\"https:\\\/\\\/dohiku.eu\\\/sk\\\/#website\"},\"primaryImageOfPage\":{\"@id\":\"https:\\\/\\\/dohiku.eu\\\/sk\\\/shop\\\/haciky\\\/lososie-a-strimrove-haciky-hdl-30-08\\\/#primaryimage\"},\"image\":{\"@id\":\"https:\\\/\\\/dohiku.eu\\\/sk\\\/shop\\\/haciky\\\/lososie-a-strimrove-haciky-hdl-30-08\\\/#primaryimage\"},\"thumbnailUrl\":\"https:\\\/\\\/dohiku.eu\\\/wp-content\\\/uploads\\\/2026\\\/04\\\/Losos-hak-1-1.webp\",\"datePublished\":\"2026-04-15T07:51:02+00:00\",\"dateModified\":\"2026-04-15T07:54:30+00:00\",\"breadcrumb\":{\"@id\":\"https:\\\/\\\/dohiku.eu\\\/sk\\\/shop\\\/haciky\\\/lososie-a-strimrove-haciky-hdl-30-08\\\/#breadcrumb\"},\"inLanguage\":\"sk-SK\",\"potentialAction\":[{\"@type\":\"ReadAction\",\"target\":[\"https:\\\/\\\/dohiku.eu\\\/sk\\\/shop\\\/haciky\\\/lososie-a-strimrove-haciky-hdl-30-08\\\/\"]}]},{\"@type\":\"ImageObject\",\"inLanguage\":\"sk-SK\",\"@id\":\"https:\\\/\\\/dohiku.eu\\\/sk\\\/shop\\\/haciky\\\/lososie-a-strimrove-haciky-hdl-30-08\\\/#primaryimage\",\"url\":\"https:\\\/\\\/dohiku.eu\\\/wp-content\\\/uploads\\\/2026\\\/04\\\/Losos-hak-1-1.webp\",\"contentUrl\":\"https:\\\/\\\/dohiku.eu\\\/wp-content\\\/uploads\\\/2026\\\/04\\\/Losos-hak-1-1.webp\",\"width\":1974,\"height\":1135},{\"@type\":\"BreadcrumbList\",\"@id\":\"https:\\\/\\\/dohiku.eu\\\/sk\\\/shop\\\/haciky\\\/lososie-a-strimrove-haciky-hdl-30-08\\\/#breadcrumb\",\"itemListElement\":[{\"@type\":\"ListItem\",\"position\":1,\"name\":\"Home\",\"item\":\"https:\\\/\\\/dohiku.eu\\\/sk\\\/\"},{\"@type\":\"ListItem\",\"position\":2,\"name\":\"PRODUCTS\",\"item\":\"https:\\\/\\\/dohiku.eu\\\/sk\\\/products\\\/\"},{\"@type\":\"ListItem\",\"position\":3,\"name\":\"Lososie a str\u00edmrov\u00e9 h\u00e1\u010diky, HDL 30\\\/08\"}]},{\"@type\":\"WebSite\",\"@id\":\"https:\\\/\\\/dohiku.eu\\\/sk\\\/#website\",\"url\":\"https:\\\/\\\/dohiku.eu\\\/sk\\\/\",\"name\":\"DOHIKU\",\"description\":\"H\u00e1\u010diky DOHIKU s\u00fa vyroben\u00e9 z vysoko uhl\u00edkovej ocele, ktor\u00e1 je kalen\u00e1 a pop\u00fa\u0161\u0165an\u00e1 pod\u013ea presn\u00e9ho receptu.\",\"publisher\":{\"@id\":\"https:\\\/\\\/dohiku.eu\\\/sk\\\/#organization\"},\"potentialAction\":[{\"@type\":\"SearchAction\",\"target\":{\"@type\":\"EntryPoint\",\"urlTemplate\":\"https:\\\/\\\/dohiku.eu\\\/sk\\\/?s={search_term_string}\"},\"query-input\":{\"@type\":\"PropertyValueSpecification\",\"valueRequired\":true,\"valueName\":\"search_term_string\"}}],\"inLanguage\":\"sk-SK\"},{\"@type\":\"Organization\",\"@id\":\"https:\\\/\\\/dohiku.eu\\\/sk\\\/#organization\",\"name\":\"DOHIKU s.r.o.\",\"url\":\"https:\\\/\\\/dohiku.eu\\\/sk\\\/\",\"logo\":{\"@type\":\"ImageObject\",\"inLanguage\":\"sk-SK\",\"@id\":\"https:\\\/\\\/dohiku.eu\\\/sk\\\/#\\\/schema\\\/logo\\\/image\\\/\",\"url\":\"https:\\\/\\\/dohiku.eu\\\/wp-content\\\/uploads\\\/2024\\\/01\\\/cropped-dohiku.png\",\"contentUrl\":\"https:\\\/\\\/dohiku.eu\\\/wp-content\\\/uploads\\\/2024\\\/01\\\/cropped-dohiku.png\",\"width\":137,\"height\":87,\"caption\":\"DOHIKU s.r.o.\"},\"image\":{\"@id\":\"https:\\\/\\\/dohiku.eu\\\/sk\\\/#\\\/schema\\\/logo\\\/image\\\/\"}}]}<\/script>\n<!-- \/ Yoast SEO plugin. -->","yoast_head_json":{"title":"Lososie a str\u00edmrov\u00e9 h\u00e1\u010diky, HDL 30\/08 - DOHIKU","robots":{"index":"index","follow":"follow","max-snippet":"max-snippet:-1","max-image-preview":"max-image-preview:large","max-video-preview":"max-video-preview:-1"},"canonical":"https:\/\/dohiku.eu\/sk\/shop\/haciky\/lososie-a-strimrove-haciky-hdl-30-08\/","og_locale":"sk_SK","og_type":"article","og_title":"Lososie a str\u00edmrov\u00e9 h\u00e1\u010diky, HDL 30\/08 - DOHIKU","og_description":"1 bal\/20 ks","og_url":"https:\/\/dohiku.eu\/sk\/shop\/haciky\/lososie-a-strimrove-haciky-hdl-30-08\/","og_site_name":"DOHIKU","article_modified_time":"2026-04-15T07:54:30+00:00","og_image":[{"width":1974,"height":1135,"url":"https:\/\/dohiku.eu\/wp-content\/uploads\/2026\/04\/Losos-hak-1-1.webp","type":"image\/webp"}],"twitter_card":"summary_large_image","twitter_misc":{"Predpokladan\u00fd \u010das \u010d\u00edtania":"1 min\u00fata"},"schema":{"@context":"https:\/\/schema.org","@graph":[{"@type":"WebPage","@id":"https:\/\/dohiku.eu\/sk\/shop\/haciky\/lososie-a-strimrove-haciky-hdl-30-08\/","url":"https:\/\/dohiku.eu\/sk\/shop\/haciky\/lososie-a-strimrove-haciky-hdl-30-08\/","name":"Lososie a str\u00edmrov\u00e9 h\u00e1\u010diky, HDL 30\/08 - DOHIKU","isPartOf":{"@id":"https:\/\/dohiku.eu\/sk\/#website"},"primaryImageOfPage":{"@id":"https:\/\/dohiku.eu\/sk\/shop\/haciky\/lososie-a-strimrove-haciky-hdl-30-08\/#primaryimage"},"image":{"@id":"https:\/\/dohiku.eu\/sk\/shop\/haciky\/lososie-a-strimrove-haciky-hdl-30-08\/#primaryimage"},"thumbnailUrl":"https:\/\/dohiku.eu\/wp-content\/uploads\/2026\/04\/Losos-hak-1-1.webp","datePublished":"2026-04-15T07:51:02+00:00","dateModified":"2026-04-15T07:54:30+00:00","breadcrumb":{"@id":"https:\/\/dohiku.eu\/sk\/shop\/haciky\/lososie-a-strimrove-haciky-hdl-30-08\/#breadcrumb"},"inLanguage":"sk-SK","potentialAction":[{"@type":"ReadAction","target":["https:\/\/dohiku.eu\/sk\/shop\/haciky\/lososie-a-strimrove-haciky-hdl-30-08\/"]}]},{"@type":"ImageObject","inLanguage":"sk-SK","@id":"https:\/\/dohiku.eu\/sk\/shop\/haciky\/lososie-a-strimrove-haciky-hdl-30-08\/#primaryimage","url":"https:\/\/dohiku.eu\/wp-content\/uploads\/2026\/04\/Losos-hak-1-1.webp","contentUrl":"https:\/\/dohiku.eu\/wp-content\/uploads\/2026\/04\/Losos-hak-1-1.webp","width":1974,"height":1135},{"@type":"BreadcrumbList","@id":"https:\/\/dohiku.eu\/sk\/shop\/haciky\/lososie-a-strimrove-haciky-hdl-30-08\/#breadcrumb","itemListElement":[{"@type":"ListItem","position":1,"name":"Home","item":"https:\/\/dohiku.eu\/sk\/"},{"@type":"ListItem","position":2,"name":"PRODUCTS","item":"https:\/\/dohiku.eu\/sk\/products\/"},{"@type":"ListItem","position":3,"name":"Lososie a str\u00edmrov\u00e9 h\u00e1\u010diky, HDL 30\/08"}]},{"@type":"WebSite","@id":"https:\/\/dohiku.eu\/sk\/#website","url":"https:\/\/dohiku.eu\/sk\/","name":"DOHIKU","description":"H\u00e1\u010diky DOHIKU s\u00fa vyroben\u00e9 z vysoko uhl\u00edkovej ocele, ktor\u00e1 je kalen\u00e1 a pop\u00fa\u0161\u0165an\u00e1 pod\u013ea presn\u00e9ho receptu.","publisher":{"@id":"https:\/\/dohiku.eu\/sk\/#organization"},"potentialAction":[{"@type":"SearchAction","target":{"@type":"EntryPoint","urlTemplate":"https:\/\/dohiku.eu\/sk\/?s={search_term_string}"},"query-input":{"@type":"PropertyValueSpecification","valueRequired":true,"valueName":"search_term_string"}}],"inLanguage":"sk-SK"},{"@type":"Organization","@id":"https:\/\/dohiku.eu\/sk\/#organization","name":"DOHIKU s.r.o.","url":"https:\/\/dohiku.eu\/sk\/","logo":{"@type":"ImageObject","inLanguage":"sk-SK","@id":"https:\/\/dohiku.eu\/sk\/#\/schema\/logo\/image\/","url":"https:\/\/dohiku.eu\/wp-content\/uploads\/2024\/01\/cropped-dohiku.png","contentUrl":"https:\/\/dohiku.eu\/wp-content\/uploads\/2024\/01\/cropped-dohiku.png","width":137,"height":87,"caption":"DOHIKU s.r.o."},"image":{"@id":"https:\/\/dohiku.eu\/sk\/#\/schema\/logo\/image\/"}}]}},"_links":{"self":[{"href":"https:\/\/dohiku.eu\/sk\/wp-json\/wp\/v2\/product\/14364","targetHints":{"allow":["GET"]}}],"collection":[{"href":"https:\/\/dohiku.eu\/sk\/wp-json\/wp\/v2\/product"}],"about":[{"href":"https:\/\/dohiku.eu\/sk\/wp-json\/wp\/v2\/types\/product"}],"replies":[{"embeddable":true,"href":"https:\/\/dohiku.eu\/sk\/wp-json\/wp\/v2\/comments?post=14364"}],"wp:featuredmedia":[{"embeddable":true,"href":"https:\/\/dohiku.eu\/sk\/wp-json\/wp\/v2\/media\/14363"}],"wp:attachment":[{"href":"https:\/\/dohiku.eu\/sk\/wp-json\/wp\/v2\/media?parent=14364"}],"wp:term":[{"taxonomy":"product_brand","embeddable":true,"href":"https:\/\/dohiku.eu\/sk\/wp-json\/wp\/v2\/product_brand?post=14364"},{"taxonomy":"product_cat","embeddable":true,"href":"https:\/\/dohiku.eu\/sk\/wp-json\/wp\/v2\/product_cat?post=14364"},{"taxonomy":"product_tag","embeddable":true,"href":"https:\/\/dohiku.eu\/sk\/wp-json\/wp\/v2\/product_tag?post=14364"}],"curies":[{"name":"wp","href":"https:\/\/api.w.org\/{rel}","templated":true}]}}