{"id":14241,"date":"2019-03-01T12:02:00","date_gmt":"2019-03-01T12:02:00","guid":{"rendered":"https:\/\/dohiku.eu\/?post_type=product&#038;p=14241"},"modified":"2026-03-31T09:02:05","modified_gmt":"2026-03-31T09:02:05","slug":"claw-hooks-c-240-12-jigs","status":"publish","type":"product","link":"https:\/\/dohiku.eu\/sk\/shop\/haciky\/claw-bez-protihrotu\/claw-hooks-c-240-12-jigs\/","title":{"rendered":"Claw hooks C 240\/12 &#8211; Jigs"},"content":{"rendered":"<p>CLAW C 240 &#8211; je jigov\u00fd h\u00e1\u010dik, ktor\u00fd m\u00e1 \u0161ir\u0161\u00ed obl\u00fa\u010dik \/wide gap\/ \u00a0a\u00a0skr\u00e1ten\u00e9 ramienko, \u010do umo\u017e\u0148uje na\u0148\u00a0viaza\u0165\u00a0aj men\u0161ie mu\u0161ky s \u0165a\u017e\u0161ou\u00a0volf\u00e1movou gu\u013e\u00f4\u010dkou\u00a0ako by umo\u017e\u0148ovala rovnak\u00e1 ve\u013ekos\u0165 klasick\u00e9ho jigov\u00e9ho h\u00e1\u010dika.<\/p>\n<p>Povrchov\u00e1 \u00faprava: Black Nickel.<\/p>\n<p>Bez protihrotu. 1 balenie &#8211; 25 ks.<\/p>\n<p><strong>Ru\u010dne trieden\u00e9.<\/strong><\/p>\n","protected":false},"excerpt":{"rendered":"<p>CLAW C 240 &#8211; je jigov\u00fd h\u00e1\u010dik, ktor\u00fd m\u00e1 \u0161ir\u0161\u00ed obl\u00fa\u010dik \/wide gap\/ \u00a0a\u00a0skr\u00e1ten\u00e9 ramienko, \u010do umo\u017e\u0148uje na\u0148\u00a0viaza\u0165\u00a0aj men\u0161ie mu\u0161ky s \u0165a\u017e\u0161ou\u00a0volf\u00e1movou gu\u013e\u00f4\u010dkou\u00a0ako by umo\u017e\u0148ovala rovnak\u00e1 ve\u013ekos\u0165 klasick\u00e9ho jigov\u00e9ho h\u00e1\u010dika.<\/p>\n<p>Povrchov\u00e1 \u00faprava: Black Nickel.<\/p>\n<p>Bez protihrotu. 1 balenie &#8211; 25 ks.<\/p>\n<p><strong>Ru\u010dne trieden\u00e9.<\/strong><\/p>\n<p>C 240\/10<\/p>\n<div>C 240\/12<\/div>\n<div>C 240\/14<\/div>\n<div>C 240\/16<\/div>\n<div>C 240\/18<\/div>\n","protected":false},"featured_media":12173,"comment_status":"closed","ping_status":"closed","template":"","meta":[],"product_brand":[],"product_cat":[521],"product_tag":[],"class_list":{"0":"post-14241","1":"product","2":"type-product","3":"status-publish","4":"has-post-thumbnail","6":"product_cat-claw-bez-protihrotu","8":"first","9":"instock","10":"taxable","11":"shipping-taxable","12":"purchasable","13":"product-type-simple"},"yoast_head":"<!-- This site is optimized with the Yoast SEO plugin v27.4 - https:\/\/yoast.com\/product\/yoast-seo-wordpress\/ -->\n<title>Claw hooks C 240\/12 - Jigs - DOHIKU<\/title>\n<meta name=\"robots\" content=\"index, follow, max-snippet:-1, max-image-preview:large, max-video-preview:-1\" \/>\n<link rel=\"canonical\" href=\"https:\/\/dohiku.eu\/sk\/shop\/haciky\/claw-bez-protihrotu\/claw-hooks-c-240-12-jigs\/\" \/>\n<meta property=\"og:locale\" content=\"sk_SK\" \/>\n<meta property=\"og:type\" content=\"article\" \/>\n<meta property=\"og:title\" content=\"Claw hooks C 240\/12 - Jigs - DOHIKU\" \/>\n<meta property=\"og:description\" content=\"CLAW C 240 - je jigov\u00fd h\u00e1\u010dik, ktor\u00fd m\u00e1 \u0161ir\u0161\u00ed obl\u00fa\u010dik \/wide gap\/ \u00a0a\u00a0skr\u00e1ten\u00e9 ramienko, \u010do umo\u017e\u0148uje na\u0148\u00a0viaza\u0165\u00a0aj men\u0161ie mu\u0161ky s \u0165a\u017e\u0161ou\u00a0volf\u00e1movou gu\u013e\u00f4\u010dkou\u00a0ako by umo\u017e\u0148ovala rovnak\u00e1 ve\u013ekos\u0165 klasick\u00e9ho jigov\u00e9ho h\u00e1\u010dika.  Povrchov\u00e1 \u00faprava: Black Nickel.  Bez protihrotu. 1 balenie - 25 ks.  Ru\u010dne trieden\u00e9.  C 240\/10 C 240\/12 C 240\/14 C 240\/16 C 240\/18\" \/>\n<meta property=\"og:url\" content=\"https:\/\/dohiku.eu\/sk\/shop\/haciky\/claw-bez-protihrotu\/claw-hooks-c-240-12-jigs\/\" \/>\n<meta property=\"og:site_name\" content=\"DOHIKU\" \/>\n<meta property=\"article:modified_time\" content=\"2026-03-31T09:02:05+00:00\" \/>\n<meta property=\"og:image\" content=\"https:\/\/dohiku.eu\/wp-content\/uploads\/2019\/03\/claw-barbless-c-24012-jig-hooks.jpg\" \/>\n\t<meta property=\"og:image:width\" content=\"1100\" \/>\n\t<meta property=\"og:image:height\" content=\"1422\" \/>\n\t<meta property=\"og:image:type\" content=\"image\/jpeg\" \/>\n<meta name=\"twitter:card\" content=\"summary_large_image\" \/>\n<meta name=\"twitter:label1\" content=\"Predpokladan\u00fd \u010das \u010d\u00edtania\" \/>\n\t<meta name=\"twitter:data1\" content=\"1 min\u00fata\" \/>\n<script type=\"application\/ld+json\" class=\"yoast-schema-graph\">{\"@context\":\"https:\\\/\\\/schema.org\",\"@graph\":[{\"@type\":\"WebPage\",\"@id\":\"https:\\\/\\\/dohiku.eu\\\/sk\\\/shop\\\/haciky\\\/claw-bez-protihrotu\\\/claw-hooks-c-240-12-jigs\\\/\",\"url\":\"https:\\\/\\\/dohiku.eu\\\/sk\\\/shop\\\/haciky\\\/claw-bez-protihrotu\\\/claw-hooks-c-240-12-jigs\\\/\",\"name\":\"Claw hooks C 240\\\/12 - Jigs - DOHIKU\",\"isPartOf\":{\"@id\":\"https:\\\/\\\/dohiku.eu\\\/sk\\\/#website\"},\"primaryImageOfPage\":{\"@id\":\"https:\\\/\\\/dohiku.eu\\\/sk\\\/shop\\\/haciky\\\/claw-bez-protihrotu\\\/claw-hooks-c-240-12-jigs\\\/#primaryimage\"},\"image\":{\"@id\":\"https:\\\/\\\/dohiku.eu\\\/sk\\\/shop\\\/haciky\\\/claw-bez-protihrotu\\\/claw-hooks-c-240-12-jigs\\\/#primaryimage\"},\"thumbnailUrl\":\"https:\\\/\\\/dohiku.eu\\\/wp-content\\\/uploads\\\/2019\\\/03\\\/claw-barbless-c-24012-jig-hooks.jpg\",\"datePublished\":\"2019-03-01T12:02:00+00:00\",\"dateModified\":\"2026-03-31T09:02:05+00:00\",\"breadcrumb\":{\"@id\":\"https:\\\/\\\/dohiku.eu\\\/sk\\\/shop\\\/haciky\\\/claw-bez-protihrotu\\\/claw-hooks-c-240-12-jigs\\\/#breadcrumb\"},\"inLanguage\":\"sk-SK\",\"potentialAction\":[{\"@type\":\"ReadAction\",\"target\":[\"https:\\\/\\\/dohiku.eu\\\/sk\\\/shop\\\/haciky\\\/claw-bez-protihrotu\\\/claw-hooks-c-240-12-jigs\\\/\"]}]},{\"@type\":\"ImageObject\",\"inLanguage\":\"sk-SK\",\"@id\":\"https:\\\/\\\/dohiku.eu\\\/sk\\\/shop\\\/haciky\\\/claw-bez-protihrotu\\\/claw-hooks-c-240-12-jigs\\\/#primaryimage\",\"url\":\"https:\\\/\\\/dohiku.eu\\\/wp-content\\\/uploads\\\/2019\\\/03\\\/claw-barbless-c-24012-jig-hooks.jpg\",\"contentUrl\":\"https:\\\/\\\/dohiku.eu\\\/wp-content\\\/uploads\\\/2019\\\/03\\\/claw-barbless-c-24012-jig-hooks.jpg\",\"width\":1100,\"height\":1422},{\"@type\":\"BreadcrumbList\",\"@id\":\"https:\\\/\\\/dohiku.eu\\\/sk\\\/shop\\\/haciky\\\/claw-bez-protihrotu\\\/claw-hooks-c-240-12-jigs\\\/#breadcrumb\",\"itemListElement\":[{\"@type\":\"ListItem\",\"position\":1,\"name\":\"Home\",\"item\":\"https:\\\/\\\/dohiku.eu\\\/sk\\\/\"},{\"@type\":\"ListItem\",\"position\":2,\"name\":\"PRODUCTS\",\"item\":\"https:\\\/\\\/dohiku.eu\\\/sk\\\/products\\\/\"},{\"@type\":\"ListItem\",\"position\":3,\"name\":\"Claw hooks C 240\\\/12 &#8211; Jigs\"}]},{\"@type\":\"WebSite\",\"@id\":\"https:\\\/\\\/dohiku.eu\\\/sk\\\/#website\",\"url\":\"https:\\\/\\\/dohiku.eu\\\/sk\\\/\",\"name\":\"DOHIKU\",\"description\":\"H\u00e1\u010diky DOHIKU s\u00fa vyroben\u00e9 z vysoko uhl\u00edkovej ocele, ktor\u00e1 je kalen\u00e1 a pop\u00fa\u0161\u0165an\u00e1 pod\u013ea presn\u00e9ho receptu.\",\"publisher\":{\"@id\":\"https:\\\/\\\/dohiku.eu\\\/sk\\\/#organization\"},\"potentialAction\":[{\"@type\":\"SearchAction\",\"target\":{\"@type\":\"EntryPoint\",\"urlTemplate\":\"https:\\\/\\\/dohiku.eu\\\/sk\\\/?s={search_term_string}\"},\"query-input\":{\"@type\":\"PropertyValueSpecification\",\"valueRequired\":true,\"valueName\":\"search_term_string\"}}],\"inLanguage\":\"sk-SK\"},{\"@type\":\"Organization\",\"@id\":\"https:\\\/\\\/dohiku.eu\\\/sk\\\/#organization\",\"name\":\"DOHIKU s.r.o.\",\"url\":\"https:\\\/\\\/dohiku.eu\\\/sk\\\/\",\"logo\":{\"@type\":\"ImageObject\",\"inLanguage\":\"sk-SK\",\"@id\":\"https:\\\/\\\/dohiku.eu\\\/sk\\\/#\\\/schema\\\/logo\\\/image\\\/\",\"url\":\"https:\\\/\\\/dohiku.eu\\\/wp-content\\\/uploads\\\/2024\\\/01\\\/cropped-dohiku.png\",\"contentUrl\":\"https:\\\/\\\/dohiku.eu\\\/wp-content\\\/uploads\\\/2024\\\/01\\\/cropped-dohiku.png\",\"width\":137,\"height\":87,\"caption\":\"DOHIKU s.r.o.\"},\"image\":{\"@id\":\"https:\\\/\\\/dohiku.eu\\\/sk\\\/#\\\/schema\\\/logo\\\/image\\\/\"}}]}<\/script>\n<!-- \/ Yoast SEO plugin. -->","yoast_head_json":{"title":"Claw hooks C 240\/12 - Jigs - DOHIKU","robots":{"index":"index","follow":"follow","max-snippet":"max-snippet:-1","max-image-preview":"max-image-preview:large","max-video-preview":"max-video-preview:-1"},"canonical":"https:\/\/dohiku.eu\/sk\/shop\/haciky\/claw-bez-protihrotu\/claw-hooks-c-240-12-jigs\/","og_locale":"sk_SK","og_type":"article","og_title":"Claw hooks C 240\/12 - Jigs - DOHIKU","og_description":"CLAW C 240 - je jigov\u00fd h\u00e1\u010dik, ktor\u00fd m\u00e1 \u0161ir\u0161\u00ed obl\u00fa\u010dik \/wide gap\/ \u00a0a\u00a0skr\u00e1ten\u00e9 ramienko, \u010do umo\u017e\u0148uje na\u0148\u00a0viaza\u0165\u00a0aj men\u0161ie mu\u0161ky s \u0165a\u017e\u0161ou\u00a0volf\u00e1movou gu\u013e\u00f4\u010dkou\u00a0ako by umo\u017e\u0148ovala rovnak\u00e1 ve\u013ekos\u0165 klasick\u00e9ho jigov\u00e9ho h\u00e1\u010dika.  Povrchov\u00e1 \u00faprava: Black Nickel.  Bez protihrotu. 1 balenie - 25 ks.  Ru\u010dne trieden\u00e9.  C 240\/10 C 240\/12 C 240\/14 C 240\/16 C 240\/18","og_url":"https:\/\/dohiku.eu\/sk\/shop\/haciky\/claw-bez-protihrotu\/claw-hooks-c-240-12-jigs\/","og_site_name":"DOHIKU","article_modified_time":"2026-03-31T09:02:05+00:00","og_image":[{"width":1100,"height":1422,"url":"https:\/\/dohiku.eu\/wp-content\/uploads\/2019\/03\/claw-barbless-c-24012-jig-hooks.jpg","type":"image\/jpeg"}],"twitter_card":"summary_large_image","twitter_misc":{"Predpokladan\u00fd \u010das \u010d\u00edtania":"1 min\u00fata"},"schema":{"@context":"https:\/\/schema.org","@graph":[{"@type":"WebPage","@id":"https:\/\/dohiku.eu\/sk\/shop\/haciky\/claw-bez-protihrotu\/claw-hooks-c-240-12-jigs\/","url":"https:\/\/dohiku.eu\/sk\/shop\/haciky\/claw-bez-protihrotu\/claw-hooks-c-240-12-jigs\/","name":"Claw hooks C 240\/12 - Jigs - DOHIKU","isPartOf":{"@id":"https:\/\/dohiku.eu\/sk\/#website"},"primaryImageOfPage":{"@id":"https:\/\/dohiku.eu\/sk\/shop\/haciky\/claw-bez-protihrotu\/claw-hooks-c-240-12-jigs\/#primaryimage"},"image":{"@id":"https:\/\/dohiku.eu\/sk\/shop\/haciky\/claw-bez-protihrotu\/claw-hooks-c-240-12-jigs\/#primaryimage"},"thumbnailUrl":"https:\/\/dohiku.eu\/wp-content\/uploads\/2019\/03\/claw-barbless-c-24012-jig-hooks.jpg","datePublished":"2019-03-01T12:02:00+00:00","dateModified":"2026-03-31T09:02:05+00:00","breadcrumb":{"@id":"https:\/\/dohiku.eu\/sk\/shop\/haciky\/claw-bez-protihrotu\/claw-hooks-c-240-12-jigs\/#breadcrumb"},"inLanguage":"sk-SK","potentialAction":[{"@type":"ReadAction","target":["https:\/\/dohiku.eu\/sk\/shop\/haciky\/claw-bez-protihrotu\/claw-hooks-c-240-12-jigs\/"]}]},{"@type":"ImageObject","inLanguage":"sk-SK","@id":"https:\/\/dohiku.eu\/sk\/shop\/haciky\/claw-bez-protihrotu\/claw-hooks-c-240-12-jigs\/#primaryimage","url":"https:\/\/dohiku.eu\/wp-content\/uploads\/2019\/03\/claw-barbless-c-24012-jig-hooks.jpg","contentUrl":"https:\/\/dohiku.eu\/wp-content\/uploads\/2019\/03\/claw-barbless-c-24012-jig-hooks.jpg","width":1100,"height":1422},{"@type":"BreadcrumbList","@id":"https:\/\/dohiku.eu\/sk\/shop\/haciky\/claw-bez-protihrotu\/claw-hooks-c-240-12-jigs\/#breadcrumb","itemListElement":[{"@type":"ListItem","position":1,"name":"Home","item":"https:\/\/dohiku.eu\/sk\/"},{"@type":"ListItem","position":2,"name":"PRODUCTS","item":"https:\/\/dohiku.eu\/sk\/products\/"},{"@type":"ListItem","position":3,"name":"Claw hooks C 240\/12 &#8211; Jigs"}]},{"@type":"WebSite","@id":"https:\/\/dohiku.eu\/sk\/#website","url":"https:\/\/dohiku.eu\/sk\/","name":"DOHIKU","description":"H\u00e1\u010diky DOHIKU s\u00fa vyroben\u00e9 z vysoko uhl\u00edkovej ocele, ktor\u00e1 je kalen\u00e1 a pop\u00fa\u0161\u0165an\u00e1 pod\u013ea presn\u00e9ho receptu.","publisher":{"@id":"https:\/\/dohiku.eu\/sk\/#organization"},"potentialAction":[{"@type":"SearchAction","target":{"@type":"EntryPoint","urlTemplate":"https:\/\/dohiku.eu\/sk\/?s={search_term_string}"},"query-input":{"@type":"PropertyValueSpecification","valueRequired":true,"valueName":"search_term_string"}}],"inLanguage":"sk-SK"},{"@type":"Organization","@id":"https:\/\/dohiku.eu\/sk\/#organization","name":"DOHIKU s.r.o.","url":"https:\/\/dohiku.eu\/sk\/","logo":{"@type":"ImageObject","inLanguage":"sk-SK","@id":"https:\/\/dohiku.eu\/sk\/#\/schema\/logo\/image\/","url":"https:\/\/dohiku.eu\/wp-content\/uploads\/2024\/01\/cropped-dohiku.png","contentUrl":"https:\/\/dohiku.eu\/wp-content\/uploads\/2024\/01\/cropped-dohiku.png","width":137,"height":87,"caption":"DOHIKU s.r.o."},"image":{"@id":"https:\/\/dohiku.eu\/sk\/#\/schema\/logo\/image\/"}}]}},"_links":{"self":[{"href":"https:\/\/dohiku.eu\/sk\/wp-json\/wp\/v2\/product\/14241","targetHints":{"allow":["GET"]}}],"collection":[{"href":"https:\/\/dohiku.eu\/sk\/wp-json\/wp\/v2\/product"}],"about":[{"href":"https:\/\/dohiku.eu\/sk\/wp-json\/wp\/v2\/types\/product"}],"replies":[{"embeddable":true,"href":"https:\/\/dohiku.eu\/sk\/wp-json\/wp\/v2\/comments?post=14241"}],"wp:featuredmedia":[{"embeddable":true,"href":"https:\/\/dohiku.eu\/sk\/wp-json\/wp\/v2\/media\/12173"}],"wp:attachment":[{"href":"https:\/\/dohiku.eu\/sk\/wp-json\/wp\/v2\/media?parent=14241"}],"wp:term":[{"taxonomy":"product_brand","embeddable":true,"href":"https:\/\/dohiku.eu\/sk\/wp-json\/wp\/v2\/product_brand?post=14241"},{"taxonomy":"product_cat","embeddable":true,"href":"https:\/\/dohiku.eu\/sk\/wp-json\/wp\/v2\/product_cat?post=14241"},{"taxonomy":"product_tag","embeddable":true,"href":"https:\/\/dohiku.eu\/sk\/wp-json\/wp\/v2\/product_tag?post=14241"}],"curies":[{"name":"wp","href":"https:\/\/api.w.org\/{rel}","templated":true}]}}