{"id":14203,"date":"2019-03-01T12:02:02","date_gmt":"2019-03-01T12:02:02","guid":{"rendered":"https:\/\/dohiku.eu\/shop\/nezaraden\u00e9\/bi-color-tippet\/"},"modified":"2019-03-01T12:02:02","modified_gmt":"2019-03-01T12:02:02","slug":"bi-color-tippet","status":"publish","type":"product","link":"https:\/\/dohiku.eu\/sk\/shop\/muskarske-snury\/muskarske-snury-dohiku-special\/bi-color-tippet\/","title":{"rendered":"Bi-Color Tippet"},"content":{"rendered":"<p>Kvalitn\u00fd a ve\u013emi dobre vidite\u013en\u00fd dvojfarebn\u00fd n\u00e1v\u00e4zec Bi-Color Tippet. Efekt\u00edvne pou\u017eitie pod\u013ea vlastn\u00e9ho uv\u00e1\u017eenia a sk\u00fasennosti &#8211; splietan\u00e9 indik\u00e1tory.<br \/>\nColor: Fl.Orange\/Fl.Yellow<br \/>\n<span style=\"color: #ff0000\">1 cievka \/ 50 m<\/span><\/p>\n<p>5x &#8211; 0,148 mm, 1,7 kg\/3,0 lbs<\/p>\n<p>4x &#8211; 0,185 mm, 2,3 kg\/5,0 libier<\/p>\n<p>3x &#8211; 0,205 mm, 2,7 kg\/6,0 libier<\/p>\n<div>2x &#8211; 0,235 mm, 3,6 kg\/8,0 libier<\/div>\n<div>1x &#8211; 0,260 mm, 4,5 kg\/10,0 libier<\/div>\n","protected":false},"excerpt":{"rendered":"<p style=\"margin-top: 0px;margin-bottom: .8rem;color: #777777;font-family: Karla, sans-serif;font-size: 15px\"><span style=\"color: #d0121a;font-family: Arial, Helvetica, sans-serif;font-size: small\">Dve mu\u0161ky zdarma pod\u013ea v\u00e1\u0161ho v\u00fdberu z:<\/span><\/p>\n<p><a style=\"background-color: transparent;color: #1155cc;font-family: Arial, Helvetica, sans-serif;font-size: small\" href=\"https:\/\/www.dohiku.eu\/14-flies.html\" target=\"_blank\" rel=\"noreferrer noopener\">https:\/\/www.dohiku.eu\/14-flies.html<\/a><\/p>\n<p>Kvalitn\u00fd a ve\u013emi dobre vidite\u013en\u00fd dvojfarebn\u00fd n\u00e1v\u00e4zec Bi-Color Tippet. Efekt\u00edvne pou\u017eitie pod\u013ea vlastn\u00e9ho uv\u00e1\u017eenia a sk\u00fasennosti &#8211; splietan\u00e9 indik\u00e1tory.<\/p>\n<p>Samozrejme, m\u00f4\u017eete si z neho vyrobi\u0165 aj ak\u00e9ko\u013evek \u0161pir\u00e1lov\u00e9 indik\u00e1tory.<br \/>\nFarba: Oran\u017eov\u00e1\/\u017dlt\u00e1<br \/>\n<span style=\"color: #ff0000\">1 cievka \/ 50 m<\/span><\/p>\n","protected":false},"featured_media":6443,"comment_status":"closed","ping_status":"closed","template":"","meta":[],"product_brand":[],"product_cat":[557,555],"product_tag":[],"class_list":{"0":"post-14203","1":"product","2":"type-product","3":"status-publish","4":"has-post-thumbnail","6":"product_cat-muskarske-snury-dohiku-special","7":"product_cat-silony-navazce-a-indikatory","9":"first","10":"outofstock","11":"taxable","12":"shipping-taxable","13":"purchasable","14":"product-type-variable","15":"has-default-attributes"},"yoast_head":"<!-- This site is optimized with the Yoast SEO plugin v27.4 - https:\/\/yoast.com\/product\/yoast-seo-wordpress\/ -->\n<title>Bi-Color Tippet - DOHIKU<\/title>\n<meta name=\"description\" content=\"Kvalitn\u00fd a ve\u013emi dobre vidite\u013en\u00fd dvojfarebn\u00fd n\u00e1v\u00e4zec Bi-Color Tippet. Efekt\u00edvne pou\u017eitie pod\u013ea vlastn\u00e9ho uv\u00e1\u017eenia a sk\u00fasennosti - splietan\u00e9 indik\u00e1tory.\" \/>\n<meta name=\"robots\" content=\"index, follow, max-snippet:-1, max-image-preview:large, max-video-preview:-1\" \/>\n<link rel=\"canonical\" href=\"https:\/\/dohiku.eu\/sk\/shop\/muskarske-snury\/muskarske-snury-dohiku-special\/bi-color-tippet\/\" \/>\n<meta property=\"og:locale\" content=\"sk_SK\" \/>\n<meta property=\"og:type\" content=\"article\" \/>\n<meta property=\"og:title\" content=\"Bi-Color Tippet - DOHIKU\" \/>\n<meta property=\"og:description\" content=\"Kvalitn\u00fd a ve\u013emi dobre vidite\u013en\u00fd dvojfarebn\u00fd n\u00e1v\u00e4zec Bi-Color Tippet. Efekt\u00edvne pou\u017eitie pod\u013ea vlastn\u00e9ho uv\u00e1\u017eenia a sk\u00fasennosti - splietan\u00e9 indik\u00e1tory.\" \/>\n<meta property=\"og:url\" content=\"https:\/\/dohiku.eu\/sk\/shop\/muskarske-snury\/muskarske-snury-dohiku-special\/bi-color-tippet\/\" \/>\n<meta property=\"og:site_name\" content=\"DOHIKU\" \/>\n<meta property=\"og:image\" content=\"https:\/\/dohiku.eu\/wp-content\/uploads\/2019\/03\/2368-Bi-Color-Tippet.jpg\" \/>\n\t<meta property=\"og:image:width\" content=\"1532\" \/>\n\t<meta property=\"og:image:height\" content=\"1065\" \/>\n\t<meta property=\"og:image:type\" content=\"image\/jpeg\" \/>\n<meta name=\"twitter:card\" content=\"summary_large_image\" \/>\n<script type=\"application\/ld+json\" class=\"yoast-schema-graph\">{\"@context\":\"https:\\\/\\\/schema.org\",\"@graph\":[{\"@type\":\"WebPage\",\"@id\":\"https:\\\/\\\/dohiku.eu\\\/sk\\\/shop\\\/muskarske-snury\\\/muskarske-snury-dohiku-special\\\/bi-color-tippet\\\/\",\"url\":\"https:\\\/\\\/dohiku.eu\\\/sk\\\/shop\\\/muskarske-snury\\\/muskarske-snury-dohiku-special\\\/bi-color-tippet\\\/\",\"name\":\"Bi-Color Tippet - DOHIKU\",\"isPartOf\":{\"@id\":\"https:\\\/\\\/dohiku.eu\\\/sk\\\/#website\"},\"primaryImageOfPage\":{\"@id\":\"https:\\\/\\\/dohiku.eu\\\/sk\\\/shop\\\/muskarske-snury\\\/muskarske-snury-dohiku-special\\\/bi-color-tippet\\\/#primaryimage\"},\"image\":{\"@id\":\"https:\\\/\\\/dohiku.eu\\\/sk\\\/shop\\\/muskarske-snury\\\/muskarske-snury-dohiku-special\\\/bi-color-tippet\\\/#primaryimage\"},\"thumbnailUrl\":\"https:\\\/\\\/dohiku.eu\\\/wp-content\\\/uploads\\\/2019\\\/03\\\/2368-Bi-Color-Tippet.jpg\",\"datePublished\":\"2019-03-01T12:02:02+00:00\",\"description\":\"Kvalitn\u00fd a ve\u013emi dobre vidite\u013en\u00fd dvojfarebn\u00fd n\u00e1v\u00e4zec Bi-Color Tippet. Efekt\u00edvne pou\u017eitie pod\u013ea vlastn\u00e9ho uv\u00e1\u017eenia a sk\u00fasennosti - splietan\u00e9 indik\u00e1tory.\",\"breadcrumb\":{\"@id\":\"https:\\\/\\\/dohiku.eu\\\/sk\\\/shop\\\/muskarske-snury\\\/muskarske-snury-dohiku-special\\\/bi-color-tippet\\\/#breadcrumb\"},\"inLanguage\":\"sk-SK\",\"potentialAction\":[{\"@type\":\"ReadAction\",\"target\":[\"https:\\\/\\\/dohiku.eu\\\/sk\\\/shop\\\/muskarske-snury\\\/muskarske-snury-dohiku-special\\\/bi-color-tippet\\\/\"]}]},{\"@type\":\"ImageObject\",\"inLanguage\":\"sk-SK\",\"@id\":\"https:\\\/\\\/dohiku.eu\\\/sk\\\/shop\\\/muskarske-snury\\\/muskarske-snury-dohiku-special\\\/bi-color-tippet\\\/#primaryimage\",\"url\":\"https:\\\/\\\/dohiku.eu\\\/wp-content\\\/uploads\\\/2019\\\/03\\\/2368-Bi-Color-Tippet.jpg\",\"contentUrl\":\"https:\\\/\\\/dohiku.eu\\\/wp-content\\\/uploads\\\/2019\\\/03\\\/2368-Bi-Color-Tippet.jpg\",\"width\":1532,\"height\":1065,\"caption\":\"Bi-Color Tippet\"},{\"@type\":\"BreadcrumbList\",\"@id\":\"https:\\\/\\\/dohiku.eu\\\/sk\\\/shop\\\/muskarske-snury\\\/muskarske-snury-dohiku-special\\\/bi-color-tippet\\\/#breadcrumb\",\"itemListElement\":[{\"@type\":\"ListItem\",\"position\":1,\"name\":\"Home\",\"item\":\"https:\\\/\\\/dohiku.eu\\\/sk\\\/\"},{\"@type\":\"ListItem\",\"position\":2,\"name\":\"PRODUCTS\",\"item\":\"https:\\\/\\\/dohiku.eu\\\/sk\\\/products\\\/\"},{\"@type\":\"ListItem\",\"position\":3,\"name\":\"Bi-Color Tippet\"}]},{\"@type\":\"WebSite\",\"@id\":\"https:\\\/\\\/dohiku.eu\\\/sk\\\/#website\",\"url\":\"https:\\\/\\\/dohiku.eu\\\/sk\\\/\",\"name\":\"DOHIKU\",\"description\":\"H\u00e1\u010diky DOHIKU s\u00fa vyroben\u00e9 z vysoko uhl\u00edkovej ocele, ktor\u00e1 je kalen\u00e1 a pop\u00fa\u0161\u0165an\u00e1 pod\u013ea presn\u00e9ho receptu.\",\"publisher\":{\"@id\":\"https:\\\/\\\/dohiku.eu\\\/sk\\\/#organization\"},\"potentialAction\":[{\"@type\":\"SearchAction\",\"target\":{\"@type\":\"EntryPoint\",\"urlTemplate\":\"https:\\\/\\\/dohiku.eu\\\/sk\\\/?s={search_term_string}\"},\"query-input\":{\"@type\":\"PropertyValueSpecification\",\"valueRequired\":true,\"valueName\":\"search_term_string\"}}],\"inLanguage\":\"sk-SK\"},{\"@type\":\"Organization\",\"@id\":\"https:\\\/\\\/dohiku.eu\\\/sk\\\/#organization\",\"name\":\"DOHIKU s.r.o.\",\"url\":\"https:\\\/\\\/dohiku.eu\\\/sk\\\/\",\"logo\":{\"@type\":\"ImageObject\",\"inLanguage\":\"sk-SK\",\"@id\":\"https:\\\/\\\/dohiku.eu\\\/sk\\\/#\\\/schema\\\/logo\\\/image\\\/\",\"url\":\"https:\\\/\\\/dohiku.eu\\\/wp-content\\\/uploads\\\/2024\\\/01\\\/cropped-dohiku.png\",\"contentUrl\":\"https:\\\/\\\/dohiku.eu\\\/wp-content\\\/uploads\\\/2024\\\/01\\\/cropped-dohiku.png\",\"width\":137,\"height\":87,\"caption\":\"DOHIKU s.r.o.\"},\"image\":{\"@id\":\"https:\\\/\\\/dohiku.eu\\\/sk\\\/#\\\/schema\\\/logo\\\/image\\\/\"}}]}<\/script>\n<!-- \/ Yoast SEO plugin. -->","yoast_head_json":{"title":"Bi-Color Tippet - DOHIKU","description":"Kvalitn\u00fd a ve\u013emi dobre vidite\u013en\u00fd dvojfarebn\u00fd n\u00e1v\u00e4zec Bi-Color Tippet. Efekt\u00edvne pou\u017eitie pod\u013ea vlastn\u00e9ho uv\u00e1\u017eenia a sk\u00fasennosti - splietan\u00e9 indik\u00e1tory.","robots":{"index":"index","follow":"follow","max-snippet":"max-snippet:-1","max-image-preview":"max-image-preview:large","max-video-preview":"max-video-preview:-1"},"canonical":"https:\/\/dohiku.eu\/sk\/shop\/muskarske-snury\/muskarske-snury-dohiku-special\/bi-color-tippet\/","og_locale":"sk_SK","og_type":"article","og_title":"Bi-Color Tippet - DOHIKU","og_description":"Kvalitn\u00fd a ve\u013emi dobre vidite\u013en\u00fd dvojfarebn\u00fd n\u00e1v\u00e4zec Bi-Color Tippet. Efekt\u00edvne pou\u017eitie pod\u013ea vlastn\u00e9ho uv\u00e1\u017eenia a sk\u00fasennosti - splietan\u00e9 indik\u00e1tory.","og_url":"https:\/\/dohiku.eu\/sk\/shop\/muskarske-snury\/muskarske-snury-dohiku-special\/bi-color-tippet\/","og_site_name":"DOHIKU","og_image":[{"width":1532,"height":1065,"url":"https:\/\/dohiku.eu\/wp-content\/uploads\/2019\/03\/2368-Bi-Color-Tippet.jpg","type":"image\/jpeg"}],"twitter_card":"summary_large_image","schema":{"@context":"https:\/\/schema.org","@graph":[{"@type":"WebPage","@id":"https:\/\/dohiku.eu\/sk\/shop\/muskarske-snury\/muskarske-snury-dohiku-special\/bi-color-tippet\/","url":"https:\/\/dohiku.eu\/sk\/shop\/muskarske-snury\/muskarske-snury-dohiku-special\/bi-color-tippet\/","name":"Bi-Color Tippet - DOHIKU","isPartOf":{"@id":"https:\/\/dohiku.eu\/sk\/#website"},"primaryImageOfPage":{"@id":"https:\/\/dohiku.eu\/sk\/shop\/muskarske-snury\/muskarske-snury-dohiku-special\/bi-color-tippet\/#primaryimage"},"image":{"@id":"https:\/\/dohiku.eu\/sk\/shop\/muskarske-snury\/muskarske-snury-dohiku-special\/bi-color-tippet\/#primaryimage"},"thumbnailUrl":"https:\/\/dohiku.eu\/wp-content\/uploads\/2019\/03\/2368-Bi-Color-Tippet.jpg","datePublished":"2019-03-01T12:02:02+00:00","description":"Kvalitn\u00fd a ve\u013emi dobre vidite\u013en\u00fd dvojfarebn\u00fd n\u00e1v\u00e4zec Bi-Color Tippet. Efekt\u00edvne pou\u017eitie pod\u013ea vlastn\u00e9ho uv\u00e1\u017eenia a sk\u00fasennosti - splietan\u00e9 indik\u00e1tory.","breadcrumb":{"@id":"https:\/\/dohiku.eu\/sk\/shop\/muskarske-snury\/muskarske-snury-dohiku-special\/bi-color-tippet\/#breadcrumb"},"inLanguage":"sk-SK","potentialAction":[{"@type":"ReadAction","target":["https:\/\/dohiku.eu\/sk\/shop\/muskarske-snury\/muskarske-snury-dohiku-special\/bi-color-tippet\/"]}]},{"@type":"ImageObject","inLanguage":"sk-SK","@id":"https:\/\/dohiku.eu\/sk\/shop\/muskarske-snury\/muskarske-snury-dohiku-special\/bi-color-tippet\/#primaryimage","url":"https:\/\/dohiku.eu\/wp-content\/uploads\/2019\/03\/2368-Bi-Color-Tippet.jpg","contentUrl":"https:\/\/dohiku.eu\/wp-content\/uploads\/2019\/03\/2368-Bi-Color-Tippet.jpg","width":1532,"height":1065,"caption":"Bi-Color Tippet"},{"@type":"BreadcrumbList","@id":"https:\/\/dohiku.eu\/sk\/shop\/muskarske-snury\/muskarske-snury-dohiku-special\/bi-color-tippet\/#breadcrumb","itemListElement":[{"@type":"ListItem","position":1,"name":"Home","item":"https:\/\/dohiku.eu\/sk\/"},{"@type":"ListItem","position":2,"name":"PRODUCTS","item":"https:\/\/dohiku.eu\/sk\/products\/"},{"@type":"ListItem","position":3,"name":"Bi-Color Tippet"}]},{"@type":"WebSite","@id":"https:\/\/dohiku.eu\/sk\/#website","url":"https:\/\/dohiku.eu\/sk\/","name":"DOHIKU","description":"H\u00e1\u010diky DOHIKU s\u00fa vyroben\u00e9 z vysoko uhl\u00edkovej ocele, ktor\u00e1 je kalen\u00e1 a pop\u00fa\u0161\u0165an\u00e1 pod\u013ea presn\u00e9ho receptu.","publisher":{"@id":"https:\/\/dohiku.eu\/sk\/#organization"},"potentialAction":[{"@type":"SearchAction","target":{"@type":"EntryPoint","urlTemplate":"https:\/\/dohiku.eu\/sk\/?s={search_term_string}"},"query-input":{"@type":"PropertyValueSpecification","valueRequired":true,"valueName":"search_term_string"}}],"inLanguage":"sk-SK"},{"@type":"Organization","@id":"https:\/\/dohiku.eu\/sk\/#organization","name":"DOHIKU s.r.o.","url":"https:\/\/dohiku.eu\/sk\/","logo":{"@type":"ImageObject","inLanguage":"sk-SK","@id":"https:\/\/dohiku.eu\/sk\/#\/schema\/logo\/image\/","url":"https:\/\/dohiku.eu\/wp-content\/uploads\/2024\/01\/cropped-dohiku.png","contentUrl":"https:\/\/dohiku.eu\/wp-content\/uploads\/2024\/01\/cropped-dohiku.png","width":137,"height":87,"caption":"DOHIKU s.r.o."},"image":{"@id":"https:\/\/dohiku.eu\/sk\/#\/schema\/logo\/image\/"}}]}},"_links":{"self":[{"href":"https:\/\/dohiku.eu\/sk\/wp-json\/wp\/v2\/product\/14203","targetHints":{"allow":["GET"]}}],"collection":[{"href":"https:\/\/dohiku.eu\/sk\/wp-json\/wp\/v2\/product"}],"about":[{"href":"https:\/\/dohiku.eu\/sk\/wp-json\/wp\/v2\/types\/product"}],"replies":[{"embeddable":true,"href":"https:\/\/dohiku.eu\/sk\/wp-json\/wp\/v2\/comments?post=14203"}],"wp:featuredmedia":[{"embeddable":true,"href":"https:\/\/dohiku.eu\/sk\/wp-json\/wp\/v2\/media\/6443"}],"wp:attachment":[{"href":"https:\/\/dohiku.eu\/sk\/wp-json\/wp\/v2\/media?parent=14203"}],"wp:term":[{"taxonomy":"product_brand","embeddable":true,"href":"https:\/\/dohiku.eu\/sk\/wp-json\/wp\/v2\/product_brand?post=14203"},{"taxonomy":"product_cat","embeddable":true,"href":"https:\/\/dohiku.eu\/sk\/wp-json\/wp\/v2\/product_cat?post=14203"},{"taxonomy":"product_tag","embeddable":true,"href":"https:\/\/dohiku.eu\/sk\/wp-json\/wp\/v2\/product_tag?post=14203"}],"curies":[{"name":"wp","href":"https:\/\/api.w.org\/{rel}","templated":true}]}}