{"id":14184,"date":"2019-03-01T12:01:56","date_gmt":"2019-03-01T12:01:56","guid":{"rendered":"https:\/\/dohiku.eu\/shop\/nezaraden\u00e9\/bobikove-oci-booby-eyes-beo\/"},"modified":"2026-03-20T10:01:05","modified_gmt":"2026-03-20T10:01:05","slug":"bobikove-oci-booby-eyes-beo","status":"publish","type":"product","link":"https:\/\/dohiku.eu\/sk\/shop\/viazacie-materialy\/oci\/bobikove-oci-booby-eyes-beo\/","title":{"rendered":"Bob\u00edkov\u00e9 o\u010di\/Booby eyes, BEO"},"content":{"rendered":"<p>Val\u010deky s\u00fa vyroben\u00e9 zo \u0161peci\u00e1lnej penovej hmoty, ktor\u00e1 ma v\u00fdborn\u00e9 pl\u00e1vaj\u00face vlastnosti. Pou\u017e\u00edva sa \u0161peci\u00e1lne na lurky a str\u00edmre. Lov\u00ed sa s pot\u00e1pav\u00fdmi \u0161n\u00farami. N\u00e1vnada je nad\u013eah\u010dovan\u00e1 a vytv\u00e1ra pre ryby dr\u00e1\u017ediv\u00fd pohyb. Bob\u00edky sa pou\u017e\u00edvaju na lov pstruhov ale aj zub\u00e1\u010dov a \u0161\u0165\u00fak. Doporu\u010dujeme nalepi\u0165 \u201eFlat Eyes\u201c alebo \u201e3D Epoxy Eyes\u201c.<\/p>\n<p>1 balenie \/ 6 ks.<\/p>\n<p>BEO 2 &#8211; 5 mm \/ \u017elt\u00e1<\/p>\n<p>BEO 2 &#8211; 7 mm \/\u017elt\u00e1<\/p>\n<p>BEO 2 &#8211; 8 mm \/\u017elt\u00e1<\/p>\n<p>BEO 3 &#8211; 5 mm \/ oran\u017eov\u00e1<\/p>\n<p>BEO 3 &#8211; 7 mm \/ oran\u017eov\u00e1<\/p>\n<p>BEO 3 &#8211; 8 mm \/ oran\u017eov\u00e1<\/p>\n<p>BEO 4 &#8211; 5 mm \/ \u010dierna<\/p>\n<p>BEO 4 &#8211; 7 mm \/ \u010dierna<\/p>\n<p>BEO 4 &#8211; 8 mm \/ \u010dierna<\/p>\n","protected":false},"excerpt":{"rendered":"<p>Val\u010deky s\u00fa vyroben\u00e9 zo \u0161peci\u00e1lnej penovej hmoty, ktor\u00e1 ma v\u00fdborn\u00e9 pl\u00e1vaj\u00face vlastnosti. Pou\u017e\u00edva sa \u0161peci\u00e1lne na lurky a str\u00edmre. Lov\u00ed sa s pot\u00e1pav\u00fdmi \u0161n\u00farami. N\u00e1vnada je nad\u013eah\u010dovan\u00e1 a vytv\u00e1ra pre ryby dr\u00e1\u017ediv\u00fd pohyb. Bob\u00edky sa pou\u017e\u00edvaju na lov pstruhov ale aj zub\u00e1\u010dov a \u0161\u0165\u00fak. Doporu\u010dujeme nalepi\u0165 \u201eFlat Eyes\u201c alebo \u201e3D Epoxy Eyes\u201c.<\/p>\n<p>1 balenie \/ 6 ks.<\/p>\n","protected":false},"featured_media":5984,"comment_status":"closed","ping_status":"closed","template":"","meta":[],"product_brand":[],"product_cat":[507],"product_tag":[],"class_list":{"0":"post-14184","1":"product","2":"type-product","3":"status-publish","4":"has-post-thumbnail","6":"product_cat-oci","8":"first","9":"outofstock","10":"taxable","11":"shipping-taxable","12":"purchasable","13":"product-type-variable","14":"has-default-attributes"},"yoast_head":"<!-- This site is optimized with the Yoast SEO plugin v27.4 - https:\/\/yoast.com\/product\/yoast-seo-wordpress\/ -->\n<title>Bob\u00edkov\u00e9 o\u010di\/Booby eyes, BEO - DOHIKU<\/title>\n<meta name=\"robots\" content=\"index, follow, max-snippet:-1, max-image-preview:large, max-video-preview:-1\" \/>\n<link rel=\"canonical\" href=\"https:\/\/dohiku.eu\/sk\/shop\/viazacie-materialy\/oci\/bobikove-oci-booby-eyes-beo\/\" \/>\n<meta property=\"og:locale\" content=\"sk_SK\" \/>\n<meta property=\"og:type\" content=\"article\" \/>\n<meta property=\"og:title\" content=\"Bob\u00edkov\u00e9 o\u010di\/Booby eyes, BEO - DOHIKU\" \/>\n<meta property=\"og:description\" content=\"Val\u010deky s\u00fa vyroben\u00e9 zo \u0161peci\u00e1lnej penovej hmoty, ktor\u00e1 ma v\u00fdborn\u00e9 pl\u00e1vaj\u00face vlastnosti. Pou\u017e\u00edva sa \u0161peci\u00e1lne na lurky a str\u00edmre. Lov\u00ed sa s pot\u00e1pav\u00fdmi \u0161n\u00farami. N\u00e1vnada je nad\u013eah\u010dovan\u00e1 a vytv\u00e1ra pre ryby dr\u00e1\u017ediv\u00fd pohyb. Bob\u00edky sa pou\u017e\u00edvaju na lov pstruhov ale aj zub\u00e1\u010dov a \u0161\u0165\u00fak. Doporu\u010dujeme nalepi\u0165 \u201eFlat Eyes\u201c alebo \u201e3D Epoxy Eyes\u201c.  1 balenie \/ 6 ks.\" \/>\n<meta property=\"og:url\" content=\"https:\/\/dohiku.eu\/sk\/shop\/viazacie-materialy\/oci\/bobikove-oci-booby-eyes-beo\/\" \/>\n<meta property=\"og:site_name\" content=\"DOHIKU\" \/>\n<meta property=\"article:modified_time\" content=\"2026-03-20T10:01:05+00:00\" \/>\n<meta property=\"og:image\" content=\"https:\/\/dohiku.eu\/wp-content\/uploads\/2019\/03\/1370-Booby-eyes-BEO.jpg\" \/>\n\t<meta property=\"og:image:width\" content=\"2496\" \/>\n\t<meta property=\"og:image:height\" content=\"1548\" \/>\n\t<meta property=\"og:image:type\" content=\"image\/jpeg\" \/>\n<meta name=\"twitter:card\" content=\"summary_large_image\" \/>\n<meta name=\"twitter:label1\" content=\"Predpokladan\u00fd \u010das \u010d\u00edtania\" \/>\n\t<meta name=\"twitter:data1\" content=\"1 min\u00fata\" \/>\n<script type=\"application\/ld+json\" class=\"yoast-schema-graph\">{\"@context\":\"https:\\\/\\\/schema.org\",\"@graph\":[{\"@type\":\"WebPage\",\"@id\":\"https:\\\/\\\/dohiku.eu\\\/sk\\\/shop\\\/viazacie-materialy\\\/oci\\\/bobikove-oci-booby-eyes-beo\\\/\",\"url\":\"https:\\\/\\\/dohiku.eu\\\/sk\\\/shop\\\/viazacie-materialy\\\/oci\\\/bobikove-oci-booby-eyes-beo\\\/\",\"name\":\"Bob\u00edkov\u00e9 o\u010di\\\/Booby eyes, BEO - DOHIKU\",\"isPartOf\":{\"@id\":\"https:\\\/\\\/dohiku.eu\\\/sk\\\/#website\"},\"primaryImageOfPage\":{\"@id\":\"https:\\\/\\\/dohiku.eu\\\/sk\\\/shop\\\/viazacie-materialy\\\/oci\\\/bobikove-oci-booby-eyes-beo\\\/#primaryimage\"},\"image\":{\"@id\":\"https:\\\/\\\/dohiku.eu\\\/sk\\\/shop\\\/viazacie-materialy\\\/oci\\\/bobikove-oci-booby-eyes-beo\\\/#primaryimage\"},\"thumbnailUrl\":\"https:\\\/\\\/dohiku.eu\\\/wp-content\\\/uploads\\\/2019\\\/03\\\/1370-Booby-eyes-BEO.jpg\",\"datePublished\":\"2019-03-01T12:01:56+00:00\",\"dateModified\":\"2026-03-20T10:01:05+00:00\",\"breadcrumb\":{\"@id\":\"https:\\\/\\\/dohiku.eu\\\/sk\\\/shop\\\/viazacie-materialy\\\/oci\\\/bobikove-oci-booby-eyes-beo\\\/#breadcrumb\"},\"inLanguage\":\"sk-SK\",\"potentialAction\":[{\"@type\":\"ReadAction\",\"target\":[\"https:\\\/\\\/dohiku.eu\\\/sk\\\/shop\\\/viazacie-materialy\\\/oci\\\/bobikove-oci-booby-eyes-beo\\\/\"]}]},{\"@type\":\"ImageObject\",\"inLanguage\":\"sk-SK\",\"@id\":\"https:\\\/\\\/dohiku.eu\\\/sk\\\/shop\\\/viazacie-materialy\\\/oci\\\/bobikove-oci-booby-eyes-beo\\\/#primaryimage\",\"url\":\"https:\\\/\\\/dohiku.eu\\\/wp-content\\\/uploads\\\/2019\\\/03\\\/1370-Booby-eyes-BEO.jpg\",\"contentUrl\":\"https:\\\/\\\/dohiku.eu\\\/wp-content\\\/uploads\\\/2019\\\/03\\\/1370-Booby-eyes-BEO.jpg\",\"width\":2496,\"height\":1548,\"caption\":\"Bob\u00edkov\u00e9 o\u010di\\\/Booby eyes, BEO\"},{\"@type\":\"BreadcrumbList\",\"@id\":\"https:\\\/\\\/dohiku.eu\\\/sk\\\/shop\\\/viazacie-materialy\\\/oci\\\/bobikove-oci-booby-eyes-beo\\\/#breadcrumb\",\"itemListElement\":[{\"@type\":\"ListItem\",\"position\":1,\"name\":\"Home\",\"item\":\"https:\\\/\\\/dohiku.eu\\\/sk\\\/\"},{\"@type\":\"ListItem\",\"position\":2,\"name\":\"PRODUCTS\",\"item\":\"https:\\\/\\\/dohiku.eu\\\/sk\\\/products\\\/\"},{\"@type\":\"ListItem\",\"position\":3,\"name\":\"Bob\u00edkov\u00e9 o\u010di\\\/Booby eyes, BEO\"}]},{\"@type\":\"WebSite\",\"@id\":\"https:\\\/\\\/dohiku.eu\\\/sk\\\/#website\",\"url\":\"https:\\\/\\\/dohiku.eu\\\/sk\\\/\",\"name\":\"DOHIKU\",\"description\":\"H\u00e1\u010diky DOHIKU s\u00fa vyroben\u00e9 z vysoko uhl\u00edkovej ocele, ktor\u00e1 je kalen\u00e1 a pop\u00fa\u0161\u0165an\u00e1 pod\u013ea presn\u00e9ho receptu.\",\"publisher\":{\"@id\":\"https:\\\/\\\/dohiku.eu\\\/sk\\\/#organization\"},\"potentialAction\":[{\"@type\":\"SearchAction\",\"target\":{\"@type\":\"EntryPoint\",\"urlTemplate\":\"https:\\\/\\\/dohiku.eu\\\/sk\\\/?s={search_term_string}\"},\"query-input\":{\"@type\":\"PropertyValueSpecification\",\"valueRequired\":true,\"valueName\":\"search_term_string\"}}],\"inLanguage\":\"sk-SK\"},{\"@type\":\"Organization\",\"@id\":\"https:\\\/\\\/dohiku.eu\\\/sk\\\/#organization\",\"name\":\"DOHIKU s.r.o.\",\"url\":\"https:\\\/\\\/dohiku.eu\\\/sk\\\/\",\"logo\":{\"@type\":\"ImageObject\",\"inLanguage\":\"sk-SK\",\"@id\":\"https:\\\/\\\/dohiku.eu\\\/sk\\\/#\\\/schema\\\/logo\\\/image\\\/\",\"url\":\"https:\\\/\\\/dohiku.eu\\\/wp-content\\\/uploads\\\/2024\\\/01\\\/cropped-dohiku.png\",\"contentUrl\":\"https:\\\/\\\/dohiku.eu\\\/wp-content\\\/uploads\\\/2024\\\/01\\\/cropped-dohiku.png\",\"width\":137,\"height\":87,\"caption\":\"DOHIKU s.r.o.\"},\"image\":{\"@id\":\"https:\\\/\\\/dohiku.eu\\\/sk\\\/#\\\/schema\\\/logo\\\/image\\\/\"}}]}<\/script>\n<!-- \/ Yoast SEO plugin. -->","yoast_head_json":{"title":"Bob\u00edkov\u00e9 o\u010di\/Booby eyes, BEO - DOHIKU","robots":{"index":"index","follow":"follow","max-snippet":"max-snippet:-1","max-image-preview":"max-image-preview:large","max-video-preview":"max-video-preview:-1"},"canonical":"https:\/\/dohiku.eu\/sk\/shop\/viazacie-materialy\/oci\/bobikove-oci-booby-eyes-beo\/","og_locale":"sk_SK","og_type":"article","og_title":"Bob\u00edkov\u00e9 o\u010di\/Booby eyes, BEO - DOHIKU","og_description":"Val\u010deky s\u00fa vyroben\u00e9 zo \u0161peci\u00e1lnej penovej hmoty, ktor\u00e1 ma v\u00fdborn\u00e9 pl\u00e1vaj\u00face vlastnosti. Pou\u017e\u00edva sa \u0161peci\u00e1lne na lurky a str\u00edmre. Lov\u00ed sa s pot\u00e1pav\u00fdmi \u0161n\u00farami. N\u00e1vnada je nad\u013eah\u010dovan\u00e1 a vytv\u00e1ra pre ryby dr\u00e1\u017ediv\u00fd pohyb. Bob\u00edky sa pou\u017e\u00edvaju na lov pstruhov ale aj zub\u00e1\u010dov a \u0161\u0165\u00fak. Doporu\u010dujeme nalepi\u0165 \u201eFlat Eyes\u201c alebo \u201e3D Epoxy Eyes\u201c.  1 balenie \/ 6 ks.","og_url":"https:\/\/dohiku.eu\/sk\/shop\/viazacie-materialy\/oci\/bobikove-oci-booby-eyes-beo\/","og_site_name":"DOHIKU","article_modified_time":"2026-03-20T10:01:05+00:00","og_image":[{"width":2496,"height":1548,"url":"https:\/\/dohiku.eu\/wp-content\/uploads\/2019\/03\/1370-Booby-eyes-BEO.jpg","type":"image\/jpeg"}],"twitter_card":"summary_large_image","twitter_misc":{"Predpokladan\u00fd \u010das \u010d\u00edtania":"1 min\u00fata"},"schema":{"@context":"https:\/\/schema.org","@graph":[{"@type":"WebPage","@id":"https:\/\/dohiku.eu\/sk\/shop\/viazacie-materialy\/oci\/bobikove-oci-booby-eyes-beo\/","url":"https:\/\/dohiku.eu\/sk\/shop\/viazacie-materialy\/oci\/bobikove-oci-booby-eyes-beo\/","name":"Bob\u00edkov\u00e9 o\u010di\/Booby eyes, BEO - DOHIKU","isPartOf":{"@id":"https:\/\/dohiku.eu\/sk\/#website"},"primaryImageOfPage":{"@id":"https:\/\/dohiku.eu\/sk\/shop\/viazacie-materialy\/oci\/bobikove-oci-booby-eyes-beo\/#primaryimage"},"image":{"@id":"https:\/\/dohiku.eu\/sk\/shop\/viazacie-materialy\/oci\/bobikove-oci-booby-eyes-beo\/#primaryimage"},"thumbnailUrl":"https:\/\/dohiku.eu\/wp-content\/uploads\/2019\/03\/1370-Booby-eyes-BEO.jpg","datePublished":"2019-03-01T12:01:56+00:00","dateModified":"2026-03-20T10:01:05+00:00","breadcrumb":{"@id":"https:\/\/dohiku.eu\/sk\/shop\/viazacie-materialy\/oci\/bobikove-oci-booby-eyes-beo\/#breadcrumb"},"inLanguage":"sk-SK","potentialAction":[{"@type":"ReadAction","target":["https:\/\/dohiku.eu\/sk\/shop\/viazacie-materialy\/oci\/bobikove-oci-booby-eyes-beo\/"]}]},{"@type":"ImageObject","inLanguage":"sk-SK","@id":"https:\/\/dohiku.eu\/sk\/shop\/viazacie-materialy\/oci\/bobikove-oci-booby-eyes-beo\/#primaryimage","url":"https:\/\/dohiku.eu\/wp-content\/uploads\/2019\/03\/1370-Booby-eyes-BEO.jpg","contentUrl":"https:\/\/dohiku.eu\/wp-content\/uploads\/2019\/03\/1370-Booby-eyes-BEO.jpg","width":2496,"height":1548,"caption":"Bob\u00edkov\u00e9 o\u010di\/Booby eyes, BEO"},{"@type":"BreadcrumbList","@id":"https:\/\/dohiku.eu\/sk\/shop\/viazacie-materialy\/oci\/bobikove-oci-booby-eyes-beo\/#breadcrumb","itemListElement":[{"@type":"ListItem","position":1,"name":"Home","item":"https:\/\/dohiku.eu\/sk\/"},{"@type":"ListItem","position":2,"name":"PRODUCTS","item":"https:\/\/dohiku.eu\/sk\/products\/"},{"@type":"ListItem","position":3,"name":"Bob\u00edkov\u00e9 o\u010di\/Booby eyes, BEO"}]},{"@type":"WebSite","@id":"https:\/\/dohiku.eu\/sk\/#website","url":"https:\/\/dohiku.eu\/sk\/","name":"DOHIKU","description":"H\u00e1\u010diky DOHIKU s\u00fa vyroben\u00e9 z vysoko uhl\u00edkovej ocele, ktor\u00e1 je kalen\u00e1 a pop\u00fa\u0161\u0165an\u00e1 pod\u013ea presn\u00e9ho receptu.","publisher":{"@id":"https:\/\/dohiku.eu\/sk\/#organization"},"potentialAction":[{"@type":"SearchAction","target":{"@type":"EntryPoint","urlTemplate":"https:\/\/dohiku.eu\/sk\/?s={search_term_string}"},"query-input":{"@type":"PropertyValueSpecification","valueRequired":true,"valueName":"search_term_string"}}],"inLanguage":"sk-SK"},{"@type":"Organization","@id":"https:\/\/dohiku.eu\/sk\/#organization","name":"DOHIKU s.r.o.","url":"https:\/\/dohiku.eu\/sk\/","logo":{"@type":"ImageObject","inLanguage":"sk-SK","@id":"https:\/\/dohiku.eu\/sk\/#\/schema\/logo\/image\/","url":"https:\/\/dohiku.eu\/wp-content\/uploads\/2024\/01\/cropped-dohiku.png","contentUrl":"https:\/\/dohiku.eu\/wp-content\/uploads\/2024\/01\/cropped-dohiku.png","width":137,"height":87,"caption":"DOHIKU s.r.o."},"image":{"@id":"https:\/\/dohiku.eu\/sk\/#\/schema\/logo\/image\/"}}]}},"_links":{"self":[{"href":"https:\/\/dohiku.eu\/sk\/wp-json\/wp\/v2\/product\/14184","targetHints":{"allow":["GET"]}}],"collection":[{"href":"https:\/\/dohiku.eu\/sk\/wp-json\/wp\/v2\/product"}],"about":[{"href":"https:\/\/dohiku.eu\/sk\/wp-json\/wp\/v2\/types\/product"}],"replies":[{"embeddable":true,"href":"https:\/\/dohiku.eu\/sk\/wp-json\/wp\/v2\/comments?post=14184"}],"wp:featuredmedia":[{"embeddable":true,"href":"https:\/\/dohiku.eu\/sk\/wp-json\/wp\/v2\/media\/5984"}],"wp:attachment":[{"href":"https:\/\/dohiku.eu\/sk\/wp-json\/wp\/v2\/media?parent=14184"}],"wp:term":[{"taxonomy":"product_brand","embeddable":true,"href":"https:\/\/dohiku.eu\/sk\/wp-json\/wp\/v2\/product_brand?post=14184"},{"taxonomy":"product_cat","embeddable":true,"href":"https:\/\/dohiku.eu\/sk\/wp-json\/wp\/v2\/product_cat?post=14184"},{"taxonomy":"product_tag","embeddable":true,"href":"https:\/\/dohiku.eu\/sk\/wp-json\/wp\/v2\/product_tag?post=14184"}],"curies":[{"name":"wp","href":"https:\/\/api.w.org\/{rel}","templated":true}]}}