{"id":14014,"date":"2019-03-01T12:01:57","date_gmt":"2019-03-01T12:01:57","guid":{"rendered":"https:\/\/dohiku.eu\/shop\/nezaraden\u00e9\/epoxidove-oci-3d-holograficke-eoh\/"},"modified":"2026-02-27T08:45:50","modified_gmt":"2026-02-27T08:45:50","slug":"epoxidove-oci-3d-holograficke-eoh","status":"publish","type":"product","link":"https:\/\/dohiku.eu\/sk\/shop\/viazacie-materialy\/oci\/epoxidove-oci-3d-holograficke-eoh\/","title":{"rendered":"Epoxidov\u00e9 o\u010di 3D &#8211; holografick\u00e9, EOH"},"content":{"rendered":"<p>Epoxidov\u00e9 o\u010di v na\u0161om vyhotoven\u00ed s v\u00fdrazn\u00fdm holografick\u00fdm efektom a priezra\u010dne priesvitnou \u017eivicou. O\u010di s 3D efektom v\u00fdrazne zv\u00fd\u0161ia \u00fa\u010dinnos\u0165 va\u0161ej n\u00e1strahy. K fix\u00e1ci\u00ed doporu\u010dujeme pou\u017ei\u0165 kvalitn\u00e9 sekundov\u00e9 lepidlo.<\/p>\n<ul>\n<li>UV radiation resistance ( no getting yellow and colour stability supporting)<\/li>\n<li>long time elasticity ( scratching and cracking by stroke resistance)<\/li>\n<li>high transparency ( against usually used resins on the polyester base our ones reach higher \u201e 3 D\u201ceffect)<\/li>\n<\/ul>\n<p>1 pack\/10pcs.<\/p>\n","protected":false},"excerpt":{"rendered":"<p>Epoxidov\u00e9 o\u010di v na\u0161om vyhotoven\u00ed s v\u00fdrazn\u00fdm holografick\u00fdm efektom a priezra\u010dne priesvitnou \u017eivicou. O\u010di s 3D efektom v\u00fdrazne zv\u00fd\u0161ia \u00fa\u010dinnos\u0165 va\u0161ej n\u00e1strahy. K fix\u00e1ci\u00ed doporu\u010dujeme pou\u017ei\u0165 kvalitn\u00e9 sekundov\u00e9 lepidlo.<\/p>\n<ul>\n<li>UV radiation resistance ( no getting yellow and colour stability supporting)<\/li>\n<li>long time elasticity ( scratching and cracking by stroke resistance)<\/li>\n<li>high transparency ( against usually used resins on the polyester base our ones reach higher \u201e 3 D\u201ceffect)<\/li>\n<\/ul>\n<p>1 pack\/10pcs.<\/p>\n","protected":false},"featured_media":5989,"comment_status":"closed","ping_status":"closed","template":"","meta":[],"product_brand":[],"product_cat":[525,507],"product_tag":[],"class_list":{"0":"post-14014","1":"product","2":"type-product","3":"status-publish","4":"has-post-thumbnail","6":"product_cat-viazacie-materialy","7":"product_cat-oci","9":"first","10":"outofstock","11":"taxable","12":"shipping-taxable","13":"purchasable","14":"product-type-variable","15":"has-default-attributes"},"yoast_head":"<!-- This site is optimized with the Yoast SEO plugin v27.4 - https:\/\/yoast.com\/product\/yoast-seo-wordpress\/ -->\n<title>Epoxidov\u00e9 o\u010di 3D - holografick\u00e9, EOH - DOHIKU<\/title>\n<meta name=\"description\" content=\"Epoxidov\u00e9 o\u010di v na\u0161om vyhotoven\u00ed s v\u00fdrazn\u00fdm holografick\u00fdm efektom a priezra\u010dne priesvitnou \u017eivicou. O\u010di s 3D efektom v\u00fdrazne zv\u00fd\u0161ia \u00fa\u010dinnos\u0165 va\u0161ej n\u00e1strahy. K fix\u00e1ci\u00ed doporu\u010dujeme pou\u017ei\u0165 kvalitn\u00e9 sekundov\u00e9 lepidlo.\" \/>\n<meta name=\"robots\" content=\"index, follow, max-snippet:-1, max-image-preview:large, max-video-preview:-1\" \/>\n<link rel=\"canonical\" href=\"https:\/\/dohiku.eu\/sk\/shop\/viazacie-materialy\/oci\/epoxidove-oci-3d-holograficke-eoh\/\" \/>\n<meta property=\"og:locale\" content=\"sk_SK\" \/>\n<meta property=\"og:type\" content=\"article\" \/>\n<meta property=\"og:title\" content=\"Epoxidov\u00e9 o\u010di 3D - holografick\u00e9, EOH - DOHIKU\" \/>\n<meta property=\"og:description\" content=\"Epoxidov\u00e9 o\u010di v na\u0161om vyhotoven\u00ed s v\u00fdrazn\u00fdm holografick\u00fdm efektom a priezra\u010dne priesvitnou \u017eivicou. O\u010di s 3D efektom v\u00fdrazne zv\u00fd\u0161ia \u00fa\u010dinnos\u0165 va\u0161ej n\u00e1strahy. K fix\u00e1ci\u00ed doporu\u010dujeme pou\u017ei\u0165 kvalitn\u00e9 sekundov\u00e9 lepidlo.\" \/>\n<meta property=\"og:url\" content=\"https:\/\/dohiku.eu\/sk\/shop\/viazacie-materialy\/oci\/epoxidove-oci-3d-holograficke-eoh\/\" \/>\n<meta property=\"og:site_name\" content=\"DOHIKU\" \/>\n<meta property=\"article:modified_time\" content=\"2026-02-27T08:45:50+00:00\" \/>\n<meta property=\"og:image\" content=\"https:\/\/dohiku.eu\/wp-content\/uploads\/2019\/03\/1925-3D-Epoxy-Eyes-Holographic-EOH.jpg\" \/>\n\t<meta property=\"og:image:width\" content=\"900\" \/>\n\t<meta property=\"og:image:height\" content=\"720\" \/>\n\t<meta property=\"og:image:type\" content=\"image\/jpeg\" \/>\n<meta name=\"twitter:card\" content=\"summary_large_image\" \/>\n<meta name=\"twitter:label1\" content=\"Predpokladan\u00fd \u010das \u010d\u00edtania\" \/>\n\t<meta name=\"twitter:data1\" content=\"1 min\u00fata\" \/>\n<script type=\"application\/ld+json\" class=\"yoast-schema-graph\">{\"@context\":\"https:\\\/\\\/schema.org\",\"@graph\":[{\"@type\":\"WebPage\",\"@id\":\"https:\\\/\\\/dohiku.eu\\\/sk\\\/shop\\\/viazacie-materialy\\\/oci\\\/epoxidove-oci-3d-holograficke-eoh\\\/\",\"url\":\"https:\\\/\\\/dohiku.eu\\\/sk\\\/shop\\\/viazacie-materialy\\\/oci\\\/epoxidove-oci-3d-holograficke-eoh\\\/\",\"name\":\"Epoxidov\u00e9 o\u010di 3D - holografick\u00e9, EOH - DOHIKU\",\"isPartOf\":{\"@id\":\"https:\\\/\\\/dohiku.eu\\\/sk\\\/#website\"},\"primaryImageOfPage\":{\"@id\":\"https:\\\/\\\/dohiku.eu\\\/sk\\\/shop\\\/viazacie-materialy\\\/oci\\\/epoxidove-oci-3d-holograficke-eoh\\\/#primaryimage\"},\"image\":{\"@id\":\"https:\\\/\\\/dohiku.eu\\\/sk\\\/shop\\\/viazacie-materialy\\\/oci\\\/epoxidove-oci-3d-holograficke-eoh\\\/#primaryimage\"},\"thumbnailUrl\":\"https:\\\/\\\/dohiku.eu\\\/wp-content\\\/uploads\\\/2019\\\/03\\\/1925-3D-Epoxy-Eyes-Holographic-EOH.jpg\",\"datePublished\":\"2019-03-01T12:01:57+00:00\",\"dateModified\":\"2026-02-27T08:45:50+00:00\",\"description\":\"Epoxidov\u00e9 o\u010di v na\u0161om vyhotoven\u00ed s v\u00fdrazn\u00fdm holografick\u00fdm efektom a priezra\u010dne priesvitnou \u017eivicou. O\u010di s 3D efektom v\u00fdrazne zv\u00fd\u0161ia \u00fa\u010dinnos\u0165 va\u0161ej n\u00e1strahy. K fix\u00e1ci\u00ed doporu\u010dujeme pou\u017ei\u0165 kvalitn\u00e9 sekundov\u00e9 lepidlo.\",\"breadcrumb\":{\"@id\":\"https:\\\/\\\/dohiku.eu\\\/sk\\\/shop\\\/viazacie-materialy\\\/oci\\\/epoxidove-oci-3d-holograficke-eoh\\\/#breadcrumb\"},\"inLanguage\":\"sk-SK\",\"potentialAction\":[{\"@type\":\"ReadAction\",\"target\":[\"https:\\\/\\\/dohiku.eu\\\/sk\\\/shop\\\/viazacie-materialy\\\/oci\\\/epoxidove-oci-3d-holograficke-eoh\\\/\"]}]},{\"@type\":\"ImageObject\",\"inLanguage\":\"sk-SK\",\"@id\":\"https:\\\/\\\/dohiku.eu\\\/sk\\\/shop\\\/viazacie-materialy\\\/oci\\\/epoxidove-oci-3d-holograficke-eoh\\\/#primaryimage\",\"url\":\"https:\\\/\\\/dohiku.eu\\\/wp-content\\\/uploads\\\/2019\\\/03\\\/1925-3D-Epoxy-Eyes-Holographic-EOH.jpg\",\"contentUrl\":\"https:\\\/\\\/dohiku.eu\\\/wp-content\\\/uploads\\\/2019\\\/03\\\/1925-3D-Epoxy-Eyes-Holographic-EOH.jpg\",\"width\":900,\"height\":720},{\"@type\":\"BreadcrumbList\",\"@id\":\"https:\\\/\\\/dohiku.eu\\\/sk\\\/shop\\\/viazacie-materialy\\\/oci\\\/epoxidove-oci-3d-holograficke-eoh\\\/#breadcrumb\",\"itemListElement\":[{\"@type\":\"ListItem\",\"position\":1,\"name\":\"Home\",\"item\":\"https:\\\/\\\/dohiku.eu\\\/sk\\\/\"},{\"@type\":\"ListItem\",\"position\":2,\"name\":\"PRODUCTS\",\"item\":\"https:\\\/\\\/dohiku.eu\\\/sk\\\/products\\\/\"},{\"@type\":\"ListItem\",\"position\":3,\"name\":\"Epoxidov\u00e9 o\u010di 3D &#8211; holografick\u00e9, EOH\"}]},{\"@type\":\"WebSite\",\"@id\":\"https:\\\/\\\/dohiku.eu\\\/sk\\\/#website\",\"url\":\"https:\\\/\\\/dohiku.eu\\\/sk\\\/\",\"name\":\"DOHIKU\",\"description\":\"H\u00e1\u010diky DOHIKU s\u00fa vyroben\u00e9 z vysoko uhl\u00edkovej ocele, ktor\u00e1 je kalen\u00e1 a pop\u00fa\u0161\u0165an\u00e1 pod\u013ea presn\u00e9ho receptu.\",\"publisher\":{\"@id\":\"https:\\\/\\\/dohiku.eu\\\/sk\\\/#organization\"},\"potentialAction\":[{\"@type\":\"SearchAction\",\"target\":{\"@type\":\"EntryPoint\",\"urlTemplate\":\"https:\\\/\\\/dohiku.eu\\\/sk\\\/?s={search_term_string}\"},\"query-input\":{\"@type\":\"PropertyValueSpecification\",\"valueRequired\":true,\"valueName\":\"search_term_string\"}}],\"inLanguage\":\"sk-SK\"},{\"@type\":\"Organization\",\"@id\":\"https:\\\/\\\/dohiku.eu\\\/sk\\\/#organization\",\"name\":\"DOHIKU s.r.o.\",\"url\":\"https:\\\/\\\/dohiku.eu\\\/sk\\\/\",\"logo\":{\"@type\":\"ImageObject\",\"inLanguage\":\"sk-SK\",\"@id\":\"https:\\\/\\\/dohiku.eu\\\/sk\\\/#\\\/schema\\\/logo\\\/image\\\/\",\"url\":\"https:\\\/\\\/dohiku.eu\\\/wp-content\\\/uploads\\\/2024\\\/01\\\/cropped-dohiku.png\",\"contentUrl\":\"https:\\\/\\\/dohiku.eu\\\/wp-content\\\/uploads\\\/2024\\\/01\\\/cropped-dohiku.png\",\"width\":137,\"height\":87,\"caption\":\"DOHIKU s.r.o.\"},\"image\":{\"@id\":\"https:\\\/\\\/dohiku.eu\\\/sk\\\/#\\\/schema\\\/logo\\\/image\\\/\"}}]}<\/script>\n<!-- \/ Yoast SEO plugin. -->","yoast_head_json":{"title":"Epoxidov\u00e9 o\u010di 3D - holografick\u00e9, EOH - DOHIKU","description":"Epoxidov\u00e9 o\u010di v na\u0161om vyhotoven\u00ed s v\u00fdrazn\u00fdm holografick\u00fdm efektom a priezra\u010dne priesvitnou \u017eivicou. O\u010di s 3D efektom v\u00fdrazne zv\u00fd\u0161ia \u00fa\u010dinnos\u0165 va\u0161ej n\u00e1strahy. K fix\u00e1ci\u00ed doporu\u010dujeme pou\u017ei\u0165 kvalitn\u00e9 sekundov\u00e9 lepidlo.","robots":{"index":"index","follow":"follow","max-snippet":"max-snippet:-1","max-image-preview":"max-image-preview:large","max-video-preview":"max-video-preview:-1"},"canonical":"https:\/\/dohiku.eu\/sk\/shop\/viazacie-materialy\/oci\/epoxidove-oci-3d-holograficke-eoh\/","og_locale":"sk_SK","og_type":"article","og_title":"Epoxidov\u00e9 o\u010di 3D - holografick\u00e9, EOH - DOHIKU","og_description":"Epoxidov\u00e9 o\u010di v na\u0161om vyhotoven\u00ed s v\u00fdrazn\u00fdm holografick\u00fdm efektom a priezra\u010dne priesvitnou \u017eivicou. O\u010di s 3D efektom v\u00fdrazne zv\u00fd\u0161ia \u00fa\u010dinnos\u0165 va\u0161ej n\u00e1strahy. K fix\u00e1ci\u00ed doporu\u010dujeme pou\u017ei\u0165 kvalitn\u00e9 sekundov\u00e9 lepidlo.","og_url":"https:\/\/dohiku.eu\/sk\/shop\/viazacie-materialy\/oci\/epoxidove-oci-3d-holograficke-eoh\/","og_site_name":"DOHIKU","article_modified_time":"2026-02-27T08:45:50+00:00","og_image":[{"width":900,"height":720,"url":"https:\/\/dohiku.eu\/wp-content\/uploads\/2019\/03\/1925-3D-Epoxy-Eyes-Holographic-EOH.jpg","type":"image\/jpeg"}],"twitter_card":"summary_large_image","twitter_misc":{"Predpokladan\u00fd \u010das \u010d\u00edtania":"1 min\u00fata"},"schema":{"@context":"https:\/\/schema.org","@graph":[{"@type":"WebPage","@id":"https:\/\/dohiku.eu\/sk\/shop\/viazacie-materialy\/oci\/epoxidove-oci-3d-holograficke-eoh\/","url":"https:\/\/dohiku.eu\/sk\/shop\/viazacie-materialy\/oci\/epoxidove-oci-3d-holograficke-eoh\/","name":"Epoxidov\u00e9 o\u010di 3D - holografick\u00e9, EOH - DOHIKU","isPartOf":{"@id":"https:\/\/dohiku.eu\/sk\/#website"},"primaryImageOfPage":{"@id":"https:\/\/dohiku.eu\/sk\/shop\/viazacie-materialy\/oci\/epoxidove-oci-3d-holograficke-eoh\/#primaryimage"},"image":{"@id":"https:\/\/dohiku.eu\/sk\/shop\/viazacie-materialy\/oci\/epoxidove-oci-3d-holograficke-eoh\/#primaryimage"},"thumbnailUrl":"https:\/\/dohiku.eu\/wp-content\/uploads\/2019\/03\/1925-3D-Epoxy-Eyes-Holographic-EOH.jpg","datePublished":"2019-03-01T12:01:57+00:00","dateModified":"2026-02-27T08:45:50+00:00","description":"Epoxidov\u00e9 o\u010di v na\u0161om vyhotoven\u00ed s v\u00fdrazn\u00fdm holografick\u00fdm efektom a priezra\u010dne priesvitnou \u017eivicou. O\u010di s 3D efektom v\u00fdrazne zv\u00fd\u0161ia \u00fa\u010dinnos\u0165 va\u0161ej n\u00e1strahy. K fix\u00e1ci\u00ed doporu\u010dujeme pou\u017ei\u0165 kvalitn\u00e9 sekundov\u00e9 lepidlo.","breadcrumb":{"@id":"https:\/\/dohiku.eu\/sk\/shop\/viazacie-materialy\/oci\/epoxidove-oci-3d-holograficke-eoh\/#breadcrumb"},"inLanguage":"sk-SK","potentialAction":[{"@type":"ReadAction","target":["https:\/\/dohiku.eu\/sk\/shop\/viazacie-materialy\/oci\/epoxidove-oci-3d-holograficke-eoh\/"]}]},{"@type":"ImageObject","inLanguage":"sk-SK","@id":"https:\/\/dohiku.eu\/sk\/shop\/viazacie-materialy\/oci\/epoxidove-oci-3d-holograficke-eoh\/#primaryimage","url":"https:\/\/dohiku.eu\/wp-content\/uploads\/2019\/03\/1925-3D-Epoxy-Eyes-Holographic-EOH.jpg","contentUrl":"https:\/\/dohiku.eu\/wp-content\/uploads\/2019\/03\/1925-3D-Epoxy-Eyes-Holographic-EOH.jpg","width":900,"height":720},{"@type":"BreadcrumbList","@id":"https:\/\/dohiku.eu\/sk\/shop\/viazacie-materialy\/oci\/epoxidove-oci-3d-holograficke-eoh\/#breadcrumb","itemListElement":[{"@type":"ListItem","position":1,"name":"Home","item":"https:\/\/dohiku.eu\/sk\/"},{"@type":"ListItem","position":2,"name":"PRODUCTS","item":"https:\/\/dohiku.eu\/sk\/products\/"},{"@type":"ListItem","position":3,"name":"Epoxidov\u00e9 o\u010di 3D &#8211; holografick\u00e9, EOH"}]},{"@type":"WebSite","@id":"https:\/\/dohiku.eu\/sk\/#website","url":"https:\/\/dohiku.eu\/sk\/","name":"DOHIKU","description":"H\u00e1\u010diky DOHIKU s\u00fa vyroben\u00e9 z vysoko uhl\u00edkovej ocele, ktor\u00e1 je kalen\u00e1 a pop\u00fa\u0161\u0165an\u00e1 pod\u013ea presn\u00e9ho receptu.","publisher":{"@id":"https:\/\/dohiku.eu\/sk\/#organization"},"potentialAction":[{"@type":"SearchAction","target":{"@type":"EntryPoint","urlTemplate":"https:\/\/dohiku.eu\/sk\/?s={search_term_string}"},"query-input":{"@type":"PropertyValueSpecification","valueRequired":true,"valueName":"search_term_string"}}],"inLanguage":"sk-SK"},{"@type":"Organization","@id":"https:\/\/dohiku.eu\/sk\/#organization","name":"DOHIKU s.r.o.","url":"https:\/\/dohiku.eu\/sk\/","logo":{"@type":"ImageObject","inLanguage":"sk-SK","@id":"https:\/\/dohiku.eu\/sk\/#\/schema\/logo\/image\/","url":"https:\/\/dohiku.eu\/wp-content\/uploads\/2024\/01\/cropped-dohiku.png","contentUrl":"https:\/\/dohiku.eu\/wp-content\/uploads\/2024\/01\/cropped-dohiku.png","width":137,"height":87,"caption":"DOHIKU s.r.o."},"image":{"@id":"https:\/\/dohiku.eu\/sk\/#\/schema\/logo\/image\/"}}]}},"_links":{"self":[{"href":"https:\/\/dohiku.eu\/sk\/wp-json\/wp\/v2\/product\/14014","targetHints":{"allow":["GET"]}}],"collection":[{"href":"https:\/\/dohiku.eu\/sk\/wp-json\/wp\/v2\/product"}],"about":[{"href":"https:\/\/dohiku.eu\/sk\/wp-json\/wp\/v2\/types\/product"}],"replies":[{"embeddable":true,"href":"https:\/\/dohiku.eu\/sk\/wp-json\/wp\/v2\/comments?post=14014"}],"wp:featuredmedia":[{"embeddable":true,"href":"https:\/\/dohiku.eu\/sk\/wp-json\/wp\/v2\/media\/5989"}],"wp:attachment":[{"href":"https:\/\/dohiku.eu\/sk\/wp-json\/wp\/v2\/media?parent=14014"}],"wp:term":[{"taxonomy":"product_brand","embeddable":true,"href":"https:\/\/dohiku.eu\/sk\/wp-json\/wp\/v2\/product_brand?post=14014"},{"taxonomy":"product_cat","embeddable":true,"href":"https:\/\/dohiku.eu\/sk\/wp-json\/wp\/v2\/product_cat?post=14014"},{"taxonomy":"product_tag","embeddable":true,"href":"https:\/\/dohiku.eu\/sk\/wp-json\/wp\/v2\/product_tag?post=14014"}],"curies":[{"name":"wp","href":"https:\/\/api.w.org\/{rel}","templated":true}]}}