{"id":13815,"date":"2019-03-01T12:01:52","date_gmt":"2019-03-01T12:01:52","guid":{"rendered":"https:\/\/dohiku.eu\/shop\/nezaraden\u00e9\/quill-body-prirodne-pav\/"},"modified":"2026-02-10T10:03:40","modified_gmt":"2026-02-10T10:03:40","slug":"quill-body-prirodne-pav","status":"publish","type":"product","link":"https:\/\/dohiku.eu\/sk\/shop\/viazacie-materialy\/quil-body-natural-sk\/quill-body-prirodne-pav\/","title":{"rendered":"Quill Body Pr\u00edrodn\u00fd P\u00e1v"},"content":{"rendered":"<p>Quill Body Pr\u00edrodn\u00fd P\u00e1v. Driapan\u00fd pav\u00fd l\u00fa\u010d, dnes u\u017e ve\u013emi zn\u00e1my materi\u00e1l na viazanie br\u010dkov\u00fdch mu\u0161iek, \u010di u\u017e mal\u00fdch n\u00fdmf podeniek ale hlavne such\u00fdch mu\u0161iek subim\u00e1g podeniek. Napr\u00edklad zn\u00e1ma mu\u0161ka Red Quill. Doporu\u010dujeme tesne pred pou\u017eit\u00edm br\u010dko namo\u010di\u0165 cca 3 min. do vla\u017enej vody.<\/p>\n<p>1bal.\/ 20 pcs.<\/p>\n<p>Natural: Code: QBN 1<\/p>\n<p>Brown: Code: QBN 2<\/p>\n<p>Golden olive: Code: QBN 3<\/p>\n<p>Olive: Code: QBN 4<\/p>\n<p>Red: Code: QBN 5<\/p>\n<p>Yellow: Code: QBN 6<\/p>\n","protected":false},"excerpt":{"rendered":"<p>Quill Body Pr\u00edrodn\u00fd P\u00e1v. Driapan\u00fd pav\u00fd l\u00fa\u010d, dnes u\u017e ve\u013emi zn\u00e1my materi\u00e1l na viazanie br\u010dkov\u00fdch mu\u0161iek, \u010di u\u017e mal\u00fdch n\u00fdmf podeniek ale hlavne such\u00fdch mu\u0161iek subim\u00e1g podeniek. Napr\u00edklad zn\u00e1ma mu\u0161ka Red Quill. Doporu\u010dujeme tesne pred pou\u017eit\u00edm br\u010dko namo\u010di\u0165 cca 3 min. do vla\u017enej vody.<\/p>\n<p>1 bal.\/ 20 ks.<\/p>\n","protected":false},"featured_media":5580,"comment_status":"closed","ping_status":"closed","template":"","meta":[],"product_brand":[],"product_cat":[663,525],"product_tag":[],"class_list":{"0":"post-13815","1":"product","2":"type-product","3":"status-publish","4":"has-post-thumbnail","6":"product_cat-quil-body-natural-sk","7":"product_cat-viazacie-materialy","9":"first","10":"outofstock","11":"taxable","12":"shipping-taxable","13":"purchasable","14":"product-type-variable","15":"has-default-attributes"},"yoast_head":"<!-- This site is optimized with the Yoast SEO plugin v27.4 - https:\/\/yoast.com\/product\/yoast-seo-wordpress\/ -->\n<title>Quill Body Pr\u00edrodn\u00fd P\u00e1v - DOHIKU<\/title>\n<meta name=\"robots\" content=\"index, follow, max-snippet:-1, max-image-preview:large, max-video-preview:-1\" \/>\n<link rel=\"canonical\" href=\"https:\/\/dohiku.eu\/sk\/shop\/viazacie-materialy\/quil-body-natural-sk\/quill-body-prirodne-pav\/\" \/>\n<meta property=\"og:locale\" content=\"sk_SK\" \/>\n<meta property=\"og:type\" content=\"article\" \/>\n<meta property=\"og:title\" content=\"Quill Body Pr\u00edrodn\u00fd P\u00e1v - DOHIKU\" \/>\n<meta property=\"og:description\" content=\"Quill Body Pr\u00edrodn\u00fd P\u00e1v. Driapan\u00fd pav\u00fd l\u00fa\u010d, dnes u\u017e ve\u013emi zn\u00e1my materi\u00e1l na viazanie br\u010dkov\u00fdch mu\u0161iek, \u010di u\u017e mal\u00fdch n\u00fdmf podeniek ale hlavne such\u00fdch mu\u0161iek subim\u00e1g podeniek. Napr\u00edklad zn\u00e1ma mu\u0161ka Red Quill. Doporu\u010dujeme tesne pred pou\u017eit\u00edm br\u010dko namo\u010di\u0165 cca 3 min. do vla\u017enej vody.  1 bal.\/ 20 ks.\" \/>\n<meta property=\"og:url\" content=\"https:\/\/dohiku.eu\/sk\/shop\/viazacie-materialy\/quil-body-natural-sk\/quill-body-prirodne-pav\/\" \/>\n<meta property=\"og:site_name\" content=\"DOHIKU\" \/>\n<meta property=\"article:modified_time\" content=\"2026-02-10T10:03:40+00:00\" \/>\n<meta property=\"og:image\" content=\"https:\/\/dohiku.eu\/wp-content\/uploads\/2019\/03\/965-Quill-Body-Natural.jpg\" \/>\n\t<meta property=\"og:image:width\" content=\"303\" \/>\n\t<meta property=\"og:image:height\" content=\"900\" \/>\n\t<meta property=\"og:image:type\" content=\"image\/jpeg\" \/>\n<meta name=\"twitter:card\" content=\"summary_large_image\" \/>\n<meta name=\"twitter:label1\" content=\"Predpokladan\u00fd \u010das \u010d\u00edtania\" \/>\n\t<meta name=\"twitter:data1\" content=\"1 min\u00fata\" \/>\n<script type=\"application\/ld+json\" class=\"yoast-schema-graph\">{\"@context\":\"https:\\\/\\\/schema.org\",\"@graph\":[{\"@type\":\"WebPage\",\"@id\":\"https:\\\/\\\/dohiku.eu\\\/sk\\\/shop\\\/viazacie-materialy\\\/quil-body-natural-sk\\\/quill-body-prirodne-pav\\\/\",\"url\":\"https:\\\/\\\/dohiku.eu\\\/sk\\\/shop\\\/viazacie-materialy\\\/quil-body-natural-sk\\\/quill-body-prirodne-pav\\\/\",\"name\":\"Quill Body Pr\u00edrodn\u00fd P\u00e1v - DOHIKU\",\"isPartOf\":{\"@id\":\"https:\\\/\\\/dohiku.eu\\\/sk\\\/#website\"},\"primaryImageOfPage\":{\"@id\":\"https:\\\/\\\/dohiku.eu\\\/sk\\\/shop\\\/viazacie-materialy\\\/quil-body-natural-sk\\\/quill-body-prirodne-pav\\\/#primaryimage\"},\"image\":{\"@id\":\"https:\\\/\\\/dohiku.eu\\\/sk\\\/shop\\\/viazacie-materialy\\\/quil-body-natural-sk\\\/quill-body-prirodne-pav\\\/#primaryimage\"},\"thumbnailUrl\":\"https:\\\/\\\/dohiku.eu\\\/wp-content\\\/uploads\\\/2019\\\/03\\\/965-Quill-Body-Natural.jpg\",\"datePublished\":\"2019-03-01T12:01:52+00:00\",\"dateModified\":\"2026-02-10T10:03:40+00:00\",\"breadcrumb\":{\"@id\":\"https:\\\/\\\/dohiku.eu\\\/sk\\\/shop\\\/viazacie-materialy\\\/quil-body-natural-sk\\\/quill-body-prirodne-pav\\\/#breadcrumb\"},\"inLanguage\":\"sk-SK\",\"potentialAction\":[{\"@type\":\"ReadAction\",\"target\":[\"https:\\\/\\\/dohiku.eu\\\/sk\\\/shop\\\/viazacie-materialy\\\/quil-body-natural-sk\\\/quill-body-prirodne-pav\\\/\"]}]},{\"@type\":\"ImageObject\",\"inLanguage\":\"sk-SK\",\"@id\":\"https:\\\/\\\/dohiku.eu\\\/sk\\\/shop\\\/viazacie-materialy\\\/quil-body-natural-sk\\\/quill-body-prirodne-pav\\\/#primaryimage\",\"url\":\"https:\\\/\\\/dohiku.eu\\\/wp-content\\\/uploads\\\/2019\\\/03\\\/965-Quill-Body-Natural.jpg\",\"contentUrl\":\"https:\\\/\\\/dohiku.eu\\\/wp-content\\\/uploads\\\/2019\\\/03\\\/965-Quill-Body-Natural.jpg\",\"width\":303,\"height\":900},{\"@type\":\"BreadcrumbList\",\"@id\":\"https:\\\/\\\/dohiku.eu\\\/sk\\\/shop\\\/viazacie-materialy\\\/quil-body-natural-sk\\\/quill-body-prirodne-pav\\\/#breadcrumb\",\"itemListElement\":[{\"@type\":\"ListItem\",\"position\":1,\"name\":\"Home\",\"item\":\"https:\\\/\\\/dohiku.eu\\\/sk\\\/\"},{\"@type\":\"ListItem\",\"position\":2,\"name\":\"PRODUCTS\",\"item\":\"https:\\\/\\\/dohiku.eu\\\/sk\\\/products\\\/\"},{\"@type\":\"ListItem\",\"position\":3,\"name\":\"Quill Body Pr\u00edrodn\u00fd P\u00e1v\"}]},{\"@type\":\"WebSite\",\"@id\":\"https:\\\/\\\/dohiku.eu\\\/sk\\\/#website\",\"url\":\"https:\\\/\\\/dohiku.eu\\\/sk\\\/\",\"name\":\"DOHIKU\",\"description\":\"H\u00e1\u010diky DOHIKU s\u00fa vyroben\u00e9 z vysoko uhl\u00edkovej ocele, ktor\u00e1 je kalen\u00e1 a pop\u00fa\u0161\u0165an\u00e1 pod\u013ea presn\u00e9ho receptu.\",\"publisher\":{\"@id\":\"https:\\\/\\\/dohiku.eu\\\/sk\\\/#organization\"},\"potentialAction\":[{\"@type\":\"SearchAction\",\"target\":{\"@type\":\"EntryPoint\",\"urlTemplate\":\"https:\\\/\\\/dohiku.eu\\\/sk\\\/?s={search_term_string}\"},\"query-input\":{\"@type\":\"PropertyValueSpecification\",\"valueRequired\":true,\"valueName\":\"search_term_string\"}}],\"inLanguage\":\"sk-SK\"},{\"@type\":\"Organization\",\"@id\":\"https:\\\/\\\/dohiku.eu\\\/sk\\\/#organization\",\"name\":\"DOHIKU s.r.o.\",\"url\":\"https:\\\/\\\/dohiku.eu\\\/sk\\\/\",\"logo\":{\"@type\":\"ImageObject\",\"inLanguage\":\"sk-SK\",\"@id\":\"https:\\\/\\\/dohiku.eu\\\/sk\\\/#\\\/schema\\\/logo\\\/image\\\/\",\"url\":\"https:\\\/\\\/dohiku.eu\\\/wp-content\\\/uploads\\\/2024\\\/01\\\/cropped-dohiku.png\",\"contentUrl\":\"https:\\\/\\\/dohiku.eu\\\/wp-content\\\/uploads\\\/2024\\\/01\\\/cropped-dohiku.png\",\"width\":137,\"height\":87,\"caption\":\"DOHIKU s.r.o.\"},\"image\":{\"@id\":\"https:\\\/\\\/dohiku.eu\\\/sk\\\/#\\\/schema\\\/logo\\\/image\\\/\"}}]}<\/script>\n<!-- \/ Yoast SEO plugin. -->","yoast_head_json":{"title":"Quill Body Pr\u00edrodn\u00fd P\u00e1v - DOHIKU","robots":{"index":"index","follow":"follow","max-snippet":"max-snippet:-1","max-image-preview":"max-image-preview:large","max-video-preview":"max-video-preview:-1"},"canonical":"https:\/\/dohiku.eu\/sk\/shop\/viazacie-materialy\/quil-body-natural-sk\/quill-body-prirodne-pav\/","og_locale":"sk_SK","og_type":"article","og_title":"Quill Body Pr\u00edrodn\u00fd P\u00e1v - DOHIKU","og_description":"Quill Body Pr\u00edrodn\u00fd P\u00e1v. Driapan\u00fd pav\u00fd l\u00fa\u010d, dnes u\u017e ve\u013emi zn\u00e1my materi\u00e1l na viazanie br\u010dkov\u00fdch mu\u0161iek, \u010di u\u017e mal\u00fdch n\u00fdmf podeniek ale hlavne such\u00fdch mu\u0161iek subim\u00e1g podeniek. Napr\u00edklad zn\u00e1ma mu\u0161ka Red Quill. Doporu\u010dujeme tesne pred pou\u017eit\u00edm br\u010dko namo\u010di\u0165 cca 3 min. do vla\u017enej vody.  1 bal.\/ 20 ks.","og_url":"https:\/\/dohiku.eu\/sk\/shop\/viazacie-materialy\/quil-body-natural-sk\/quill-body-prirodne-pav\/","og_site_name":"DOHIKU","article_modified_time":"2026-02-10T10:03:40+00:00","og_image":[{"width":303,"height":900,"url":"https:\/\/dohiku.eu\/wp-content\/uploads\/2019\/03\/965-Quill-Body-Natural.jpg","type":"image\/jpeg"}],"twitter_card":"summary_large_image","twitter_misc":{"Predpokladan\u00fd \u010das \u010d\u00edtania":"1 min\u00fata"},"schema":{"@context":"https:\/\/schema.org","@graph":[{"@type":"WebPage","@id":"https:\/\/dohiku.eu\/sk\/shop\/viazacie-materialy\/quil-body-natural-sk\/quill-body-prirodne-pav\/","url":"https:\/\/dohiku.eu\/sk\/shop\/viazacie-materialy\/quil-body-natural-sk\/quill-body-prirodne-pav\/","name":"Quill Body Pr\u00edrodn\u00fd P\u00e1v - DOHIKU","isPartOf":{"@id":"https:\/\/dohiku.eu\/sk\/#website"},"primaryImageOfPage":{"@id":"https:\/\/dohiku.eu\/sk\/shop\/viazacie-materialy\/quil-body-natural-sk\/quill-body-prirodne-pav\/#primaryimage"},"image":{"@id":"https:\/\/dohiku.eu\/sk\/shop\/viazacie-materialy\/quil-body-natural-sk\/quill-body-prirodne-pav\/#primaryimage"},"thumbnailUrl":"https:\/\/dohiku.eu\/wp-content\/uploads\/2019\/03\/965-Quill-Body-Natural.jpg","datePublished":"2019-03-01T12:01:52+00:00","dateModified":"2026-02-10T10:03:40+00:00","breadcrumb":{"@id":"https:\/\/dohiku.eu\/sk\/shop\/viazacie-materialy\/quil-body-natural-sk\/quill-body-prirodne-pav\/#breadcrumb"},"inLanguage":"sk-SK","potentialAction":[{"@type":"ReadAction","target":["https:\/\/dohiku.eu\/sk\/shop\/viazacie-materialy\/quil-body-natural-sk\/quill-body-prirodne-pav\/"]}]},{"@type":"ImageObject","inLanguage":"sk-SK","@id":"https:\/\/dohiku.eu\/sk\/shop\/viazacie-materialy\/quil-body-natural-sk\/quill-body-prirodne-pav\/#primaryimage","url":"https:\/\/dohiku.eu\/wp-content\/uploads\/2019\/03\/965-Quill-Body-Natural.jpg","contentUrl":"https:\/\/dohiku.eu\/wp-content\/uploads\/2019\/03\/965-Quill-Body-Natural.jpg","width":303,"height":900},{"@type":"BreadcrumbList","@id":"https:\/\/dohiku.eu\/sk\/shop\/viazacie-materialy\/quil-body-natural-sk\/quill-body-prirodne-pav\/#breadcrumb","itemListElement":[{"@type":"ListItem","position":1,"name":"Home","item":"https:\/\/dohiku.eu\/sk\/"},{"@type":"ListItem","position":2,"name":"PRODUCTS","item":"https:\/\/dohiku.eu\/sk\/products\/"},{"@type":"ListItem","position":3,"name":"Quill Body Pr\u00edrodn\u00fd P\u00e1v"}]},{"@type":"WebSite","@id":"https:\/\/dohiku.eu\/sk\/#website","url":"https:\/\/dohiku.eu\/sk\/","name":"DOHIKU","description":"H\u00e1\u010diky DOHIKU s\u00fa vyroben\u00e9 z vysoko uhl\u00edkovej ocele, ktor\u00e1 je kalen\u00e1 a pop\u00fa\u0161\u0165an\u00e1 pod\u013ea presn\u00e9ho receptu.","publisher":{"@id":"https:\/\/dohiku.eu\/sk\/#organization"},"potentialAction":[{"@type":"SearchAction","target":{"@type":"EntryPoint","urlTemplate":"https:\/\/dohiku.eu\/sk\/?s={search_term_string}"},"query-input":{"@type":"PropertyValueSpecification","valueRequired":true,"valueName":"search_term_string"}}],"inLanguage":"sk-SK"},{"@type":"Organization","@id":"https:\/\/dohiku.eu\/sk\/#organization","name":"DOHIKU s.r.o.","url":"https:\/\/dohiku.eu\/sk\/","logo":{"@type":"ImageObject","inLanguage":"sk-SK","@id":"https:\/\/dohiku.eu\/sk\/#\/schema\/logo\/image\/","url":"https:\/\/dohiku.eu\/wp-content\/uploads\/2024\/01\/cropped-dohiku.png","contentUrl":"https:\/\/dohiku.eu\/wp-content\/uploads\/2024\/01\/cropped-dohiku.png","width":137,"height":87,"caption":"DOHIKU s.r.o."},"image":{"@id":"https:\/\/dohiku.eu\/sk\/#\/schema\/logo\/image\/"}}]}},"_links":{"self":[{"href":"https:\/\/dohiku.eu\/sk\/wp-json\/wp\/v2\/product\/13815","targetHints":{"allow":["GET"]}}],"collection":[{"href":"https:\/\/dohiku.eu\/sk\/wp-json\/wp\/v2\/product"}],"about":[{"href":"https:\/\/dohiku.eu\/sk\/wp-json\/wp\/v2\/types\/product"}],"replies":[{"embeddable":true,"href":"https:\/\/dohiku.eu\/sk\/wp-json\/wp\/v2\/comments?post=13815"}],"wp:featuredmedia":[{"embeddable":true,"href":"https:\/\/dohiku.eu\/sk\/wp-json\/wp\/v2\/media\/5580"}],"wp:attachment":[{"href":"https:\/\/dohiku.eu\/sk\/wp-json\/wp\/v2\/media?parent=13815"}],"wp:term":[{"taxonomy":"product_brand","embeddable":true,"href":"https:\/\/dohiku.eu\/sk\/wp-json\/wp\/v2\/product_brand?post=13815"},{"taxonomy":"product_cat","embeddable":true,"href":"https:\/\/dohiku.eu\/sk\/wp-json\/wp\/v2\/product_cat?post=13815"},{"taxonomy":"product_tag","embeddable":true,"href":"https:\/\/dohiku.eu\/sk\/wp-json\/wp\/v2\/product_tag?post=13815"}],"curies":[{"name":"wp","href":"https:\/\/api.w.org\/{rel}","templated":true}]}}