{"id":13694,"date":"2020-01-19T20:03:26","date_gmt":"2020-01-19T20:03:26","guid":{"rendered":"https:\/\/dohiku.eu\/shop\/nezaraden\u00e9\/jigovy-hacik-hdj-12-tazky-zlaty-strieborny\/"},"modified":"2026-02-04T10:25:49","modified_gmt":"2026-02-04T10:25:49","slug":"jigovy-hacik-hdj-12-tazky-zlaty-strieborny","status":"publish","type":"product","link":"https:\/\/dohiku.eu\/sk\/shop\/haciky\/muskarske-haciky-dohiku-bez-protihrotu\/jigovy-hacik-hdj-12-tazky-zlaty-strieborny\/","title":{"rendered":"Jigov\u00fd h\u00e1\u010dik, HDJ 12 &#8211; \u0165a\u017ek\u00fd\/zlat\u00fd, strieborn\u00fd"},"content":{"rendered":"<p>Jigov\u00fd h\u00e1\u010dik DOHIKU Heavy, H\u00e1\u010dik je doplnen\u00fd oloven\u00fdm odliatkom s tungstenovou gu\u013ev\u00f4\u010dkou. Je to \u0161pecialitka do hlb\u0161\u00edch a silnej\u0161\u00edch pr\u00fadov.<br \/>\nV\u00e1ha 0,45g &#8211; Tungsten Slotted Beads 3,3 mm<br \/>\nPovrchov\u00e1 \u00faprava: Black Nickel.<br \/>\n1 balenie 10 kusov.<br \/>\nK\u00f3d HDJ HG je so zlatou gu\u013e\u00f4\u010dkou.<br \/>\nK\u00f3d HDJ HS je so striebornou gu\u013e\u00f4\u010dkou.<\/p>\n","protected":false},"excerpt":{"rendered":"<p>&#8222;Za\u0165a\u017een\u00fd JIG h\u00e1\u010dik DOHIKU. Dostane va\u0161e muchy na dno r\u00fdchlej\u0161ie. Ve\u013emi u\u017eito\u010dn\u00fd v hlbok\u00fdch riekach so siln\u00fdm pr\u00fadom.&#8220;<br \/>\nPovrchov\u00e1 \u00faprava: \u010dierny nikel.<br \/>\nHmotnos\u0165 0,45 g &#8211; volfr\u00e1mov\u00e9 dr\u00e1\u017ekovan\u00e9 kor\u00e1lky 3,3 mm<br \/>\n10 h\u00e1\u010dikov v balen\u00ed.<br \/>\nHDJ HG znamen\u00e1 so zlat\u00fdmi volfr\u00e1mov\u00fdmi kor\u00e1lkami.<br \/>\nHDJ HS znamen\u00e1 so strieborn\u00fdmi volfr\u00e1mov\u00fdmi kor\u00e1lkami.<\/p>\n","protected":false},"featured_media":11693,"comment_status":"closed","ping_status":"closed","template":"","meta":[],"product_brand":[],"product_cat":[511,509,594,592],"product_tag":[],"class_list":{"0":"post-13694","1":"product","2":"type-product","3":"status-publish","4":"has-post-thumbnail","6":"product_cat-haciky","7":"product_cat-muskarske-haciky-dohiku-bez-protihrotu","8":"product_cat-dohiku-hdj-flies-jig-sk","9":"product_cat-jig-heavy-dohiku-hooks-sk","11":"first","12":"outofstock","13":"taxable","14":"shipping-taxable","15":"purchasable","16":"product-type-variable","17":"has-default-attributes"},"yoast_head":"<!-- This site is optimized with the Yoast SEO plugin v27.4 - https:\/\/yoast.com\/product\/yoast-seo-wordpress\/ -->\n<title>Jigov\u00fd h\u00e1\u010dik, HDJ 12 - \u0165a\u017ek\u00fd\/zlat\u00fd, strieborn\u00fd - DOHIKU<\/title>\n<meta name=\"robots\" content=\"index, follow, max-snippet:-1, max-image-preview:large, max-video-preview:-1\" \/>\n<link rel=\"canonical\" href=\"https:\/\/dohiku.eu\/sk\/shop\/haciky\/muskarske-haciky-dohiku-bez-protihrotu\/jigovy-hacik-hdj-12-tazky-zlaty-strieborny\/\" \/>\n<meta property=\"og:locale\" content=\"sk_SK\" \/>\n<meta property=\"og:type\" content=\"article\" \/>\n<meta property=\"og:title\" content=\"Jigov\u00fd h\u00e1\u010dik, HDJ 12 - \u0165a\u017ek\u00fd\/zlat\u00fd, strieborn\u00fd - DOHIKU\" \/>\n<meta property=\"og:description\" content=\"&quot;Za\u0165a\u017een\u00fd JIG h\u00e1\u010dik DOHIKU. Dostane va\u0161e muchy na dno r\u00fdchlej\u0161ie. Ve\u013emi u\u017eito\u010dn\u00fd v hlbok\u00fdch riekach so siln\u00fdm pr\u00fadom.&quot; Povrchov\u00e1 \u00faprava: \u010dierny nikel. Hmotnos\u0165 0,45 g - volfr\u00e1mov\u00e9 dr\u00e1\u017ekovan\u00e9 kor\u00e1lky 3,3 mm 10 h\u00e1\u010dikov v balen\u00ed. HDJ HG znamen\u00e1 so zlat\u00fdmi volfr\u00e1mov\u00fdmi kor\u00e1lkami. HDJ HS znamen\u00e1 so strieborn\u00fdmi volfr\u00e1mov\u00fdmi kor\u00e1lkami.\" \/>\n<meta property=\"og:url\" content=\"https:\/\/dohiku.eu\/sk\/shop\/haciky\/muskarske-haciky-dohiku-bez-protihrotu\/jigovy-hacik-hdj-12-tazky-zlaty-strieborny\/\" \/>\n<meta property=\"og:site_name\" content=\"DOHIKU\" \/>\n<meta property=\"article:modified_time\" content=\"2026-02-04T10:25:49+00:00\" \/>\n<meta property=\"og:image\" content=\"https:\/\/dohiku.eu\/wp-content\/uploads\/2020\/01\/jigovy-hacik-hdj-12-hs.jpg\" \/>\n\t<meta property=\"og:image:width\" content=\"1100\" \/>\n\t<meta property=\"og:image:height\" content=\"1422\" \/>\n\t<meta property=\"og:image:type\" content=\"image\/jpeg\" \/>\n<meta name=\"twitter:card\" content=\"summary_large_image\" \/>\n<meta name=\"twitter:label1\" content=\"Predpokladan\u00fd \u010das \u010d\u00edtania\" \/>\n\t<meta name=\"twitter:data1\" content=\"1 min\u00fata\" \/>\n<script type=\"application\/ld+json\" class=\"yoast-schema-graph\">{\"@context\":\"https:\\\/\\\/schema.org\",\"@graph\":[{\"@type\":\"WebPage\",\"@id\":\"https:\\\/\\\/dohiku.eu\\\/sk\\\/shop\\\/haciky\\\/muskarske-haciky-dohiku-bez-protihrotu\\\/jigovy-hacik-hdj-12-tazky-zlaty-strieborny\\\/\",\"url\":\"https:\\\/\\\/dohiku.eu\\\/sk\\\/shop\\\/haciky\\\/muskarske-haciky-dohiku-bez-protihrotu\\\/jigovy-hacik-hdj-12-tazky-zlaty-strieborny\\\/\",\"name\":\"Jigov\u00fd h\u00e1\u010dik, HDJ 12 - \u0165a\u017ek\u00fd\\\/zlat\u00fd, strieborn\u00fd - DOHIKU\",\"isPartOf\":{\"@id\":\"https:\\\/\\\/dohiku.eu\\\/sk\\\/#website\"},\"primaryImageOfPage\":{\"@id\":\"https:\\\/\\\/dohiku.eu\\\/sk\\\/shop\\\/haciky\\\/muskarske-haciky-dohiku-bez-protihrotu\\\/jigovy-hacik-hdj-12-tazky-zlaty-strieborny\\\/#primaryimage\"},\"image\":{\"@id\":\"https:\\\/\\\/dohiku.eu\\\/sk\\\/shop\\\/haciky\\\/muskarske-haciky-dohiku-bez-protihrotu\\\/jigovy-hacik-hdj-12-tazky-zlaty-strieborny\\\/#primaryimage\"},\"thumbnailUrl\":\"https:\\\/\\\/dohiku.eu\\\/wp-content\\\/uploads\\\/2020\\\/01\\\/jigovy-hacik-hdj-12-hs.jpg\",\"datePublished\":\"2020-01-19T20:03:26+00:00\",\"dateModified\":\"2026-02-04T10:25:49+00:00\",\"breadcrumb\":{\"@id\":\"https:\\\/\\\/dohiku.eu\\\/sk\\\/shop\\\/haciky\\\/muskarske-haciky-dohiku-bez-protihrotu\\\/jigovy-hacik-hdj-12-tazky-zlaty-strieborny\\\/#breadcrumb\"},\"inLanguage\":\"sk-SK\",\"potentialAction\":[{\"@type\":\"ReadAction\",\"target\":[\"https:\\\/\\\/dohiku.eu\\\/sk\\\/shop\\\/haciky\\\/muskarske-haciky-dohiku-bez-protihrotu\\\/jigovy-hacik-hdj-12-tazky-zlaty-strieborny\\\/\"]}]},{\"@type\":\"ImageObject\",\"inLanguage\":\"sk-SK\",\"@id\":\"https:\\\/\\\/dohiku.eu\\\/sk\\\/shop\\\/haciky\\\/muskarske-haciky-dohiku-bez-protihrotu\\\/jigovy-hacik-hdj-12-tazky-zlaty-strieborny\\\/#primaryimage\",\"url\":\"https:\\\/\\\/dohiku.eu\\\/wp-content\\\/uploads\\\/2020\\\/01\\\/jigovy-hacik-hdj-12-hs.jpg\",\"contentUrl\":\"https:\\\/\\\/dohiku.eu\\\/wp-content\\\/uploads\\\/2020\\\/01\\\/jigovy-hacik-hdj-12-hs.jpg\",\"width\":1100,\"height\":1422,\"caption\":\"HDJ 12 HS\"},{\"@type\":\"BreadcrumbList\",\"@id\":\"https:\\\/\\\/dohiku.eu\\\/sk\\\/shop\\\/haciky\\\/muskarske-haciky-dohiku-bez-protihrotu\\\/jigovy-hacik-hdj-12-tazky-zlaty-strieborny\\\/#breadcrumb\",\"itemListElement\":[{\"@type\":\"ListItem\",\"position\":1,\"name\":\"Home\",\"item\":\"https:\\\/\\\/dohiku.eu\\\/sk\\\/\"},{\"@type\":\"ListItem\",\"position\":2,\"name\":\"PRODUCTS\",\"item\":\"https:\\\/\\\/dohiku.eu\\\/sk\\\/products\\\/\"},{\"@type\":\"ListItem\",\"position\":3,\"name\":\"Jigov\u00fd h\u00e1\u010dik, HDJ 12 &#8211; \u0165a\u017ek\u00fd\\\/zlat\u00fd, strieborn\u00fd\"}]},{\"@type\":\"WebSite\",\"@id\":\"https:\\\/\\\/dohiku.eu\\\/sk\\\/#website\",\"url\":\"https:\\\/\\\/dohiku.eu\\\/sk\\\/\",\"name\":\"DOHIKU\",\"description\":\"H\u00e1\u010diky DOHIKU s\u00fa vyroben\u00e9 z vysoko uhl\u00edkovej ocele, ktor\u00e1 je kalen\u00e1 a pop\u00fa\u0161\u0165an\u00e1 pod\u013ea presn\u00e9ho receptu.\",\"publisher\":{\"@id\":\"https:\\\/\\\/dohiku.eu\\\/sk\\\/#organization\"},\"potentialAction\":[{\"@type\":\"SearchAction\",\"target\":{\"@type\":\"EntryPoint\",\"urlTemplate\":\"https:\\\/\\\/dohiku.eu\\\/sk\\\/?s={search_term_string}\"},\"query-input\":{\"@type\":\"PropertyValueSpecification\",\"valueRequired\":true,\"valueName\":\"search_term_string\"}}],\"inLanguage\":\"sk-SK\"},{\"@type\":\"Organization\",\"@id\":\"https:\\\/\\\/dohiku.eu\\\/sk\\\/#organization\",\"name\":\"DOHIKU s.r.o.\",\"url\":\"https:\\\/\\\/dohiku.eu\\\/sk\\\/\",\"logo\":{\"@type\":\"ImageObject\",\"inLanguage\":\"sk-SK\",\"@id\":\"https:\\\/\\\/dohiku.eu\\\/sk\\\/#\\\/schema\\\/logo\\\/image\\\/\",\"url\":\"https:\\\/\\\/dohiku.eu\\\/wp-content\\\/uploads\\\/2024\\\/01\\\/cropped-dohiku.png\",\"contentUrl\":\"https:\\\/\\\/dohiku.eu\\\/wp-content\\\/uploads\\\/2024\\\/01\\\/cropped-dohiku.png\",\"width\":137,\"height\":87,\"caption\":\"DOHIKU s.r.o.\"},\"image\":{\"@id\":\"https:\\\/\\\/dohiku.eu\\\/sk\\\/#\\\/schema\\\/logo\\\/image\\\/\"}}]}<\/script>\n<!-- \/ Yoast SEO plugin. -->","yoast_head_json":{"title":"Jigov\u00fd h\u00e1\u010dik, HDJ 12 - \u0165a\u017ek\u00fd\/zlat\u00fd, strieborn\u00fd - DOHIKU","robots":{"index":"index","follow":"follow","max-snippet":"max-snippet:-1","max-image-preview":"max-image-preview:large","max-video-preview":"max-video-preview:-1"},"canonical":"https:\/\/dohiku.eu\/sk\/shop\/haciky\/muskarske-haciky-dohiku-bez-protihrotu\/jigovy-hacik-hdj-12-tazky-zlaty-strieborny\/","og_locale":"sk_SK","og_type":"article","og_title":"Jigov\u00fd h\u00e1\u010dik, HDJ 12 - \u0165a\u017ek\u00fd\/zlat\u00fd, strieborn\u00fd - DOHIKU","og_description":"\"Za\u0165a\u017een\u00fd JIG h\u00e1\u010dik DOHIKU. Dostane va\u0161e muchy na dno r\u00fdchlej\u0161ie. Ve\u013emi u\u017eito\u010dn\u00fd v hlbok\u00fdch riekach so siln\u00fdm pr\u00fadom.\" Povrchov\u00e1 \u00faprava: \u010dierny nikel. Hmotnos\u0165 0,45 g - volfr\u00e1mov\u00e9 dr\u00e1\u017ekovan\u00e9 kor\u00e1lky 3,3 mm 10 h\u00e1\u010dikov v balen\u00ed. HDJ HG znamen\u00e1 so zlat\u00fdmi volfr\u00e1mov\u00fdmi kor\u00e1lkami. HDJ HS znamen\u00e1 so strieborn\u00fdmi volfr\u00e1mov\u00fdmi kor\u00e1lkami.","og_url":"https:\/\/dohiku.eu\/sk\/shop\/haciky\/muskarske-haciky-dohiku-bez-protihrotu\/jigovy-hacik-hdj-12-tazky-zlaty-strieborny\/","og_site_name":"DOHIKU","article_modified_time":"2026-02-04T10:25:49+00:00","og_image":[{"width":1100,"height":1422,"url":"https:\/\/dohiku.eu\/wp-content\/uploads\/2020\/01\/jigovy-hacik-hdj-12-hs.jpg","type":"image\/jpeg"}],"twitter_card":"summary_large_image","twitter_misc":{"Predpokladan\u00fd \u010das \u010d\u00edtania":"1 min\u00fata"},"schema":{"@context":"https:\/\/schema.org","@graph":[{"@type":"WebPage","@id":"https:\/\/dohiku.eu\/sk\/shop\/haciky\/muskarske-haciky-dohiku-bez-protihrotu\/jigovy-hacik-hdj-12-tazky-zlaty-strieborny\/","url":"https:\/\/dohiku.eu\/sk\/shop\/haciky\/muskarske-haciky-dohiku-bez-protihrotu\/jigovy-hacik-hdj-12-tazky-zlaty-strieborny\/","name":"Jigov\u00fd h\u00e1\u010dik, HDJ 12 - \u0165a\u017ek\u00fd\/zlat\u00fd, strieborn\u00fd - DOHIKU","isPartOf":{"@id":"https:\/\/dohiku.eu\/sk\/#website"},"primaryImageOfPage":{"@id":"https:\/\/dohiku.eu\/sk\/shop\/haciky\/muskarske-haciky-dohiku-bez-protihrotu\/jigovy-hacik-hdj-12-tazky-zlaty-strieborny\/#primaryimage"},"image":{"@id":"https:\/\/dohiku.eu\/sk\/shop\/haciky\/muskarske-haciky-dohiku-bez-protihrotu\/jigovy-hacik-hdj-12-tazky-zlaty-strieborny\/#primaryimage"},"thumbnailUrl":"https:\/\/dohiku.eu\/wp-content\/uploads\/2020\/01\/jigovy-hacik-hdj-12-hs.jpg","datePublished":"2020-01-19T20:03:26+00:00","dateModified":"2026-02-04T10:25:49+00:00","breadcrumb":{"@id":"https:\/\/dohiku.eu\/sk\/shop\/haciky\/muskarske-haciky-dohiku-bez-protihrotu\/jigovy-hacik-hdj-12-tazky-zlaty-strieborny\/#breadcrumb"},"inLanguage":"sk-SK","potentialAction":[{"@type":"ReadAction","target":["https:\/\/dohiku.eu\/sk\/shop\/haciky\/muskarske-haciky-dohiku-bez-protihrotu\/jigovy-hacik-hdj-12-tazky-zlaty-strieborny\/"]}]},{"@type":"ImageObject","inLanguage":"sk-SK","@id":"https:\/\/dohiku.eu\/sk\/shop\/haciky\/muskarske-haciky-dohiku-bez-protihrotu\/jigovy-hacik-hdj-12-tazky-zlaty-strieborny\/#primaryimage","url":"https:\/\/dohiku.eu\/wp-content\/uploads\/2020\/01\/jigovy-hacik-hdj-12-hs.jpg","contentUrl":"https:\/\/dohiku.eu\/wp-content\/uploads\/2020\/01\/jigovy-hacik-hdj-12-hs.jpg","width":1100,"height":1422,"caption":"HDJ 12 HS"},{"@type":"BreadcrumbList","@id":"https:\/\/dohiku.eu\/sk\/shop\/haciky\/muskarske-haciky-dohiku-bez-protihrotu\/jigovy-hacik-hdj-12-tazky-zlaty-strieborny\/#breadcrumb","itemListElement":[{"@type":"ListItem","position":1,"name":"Home","item":"https:\/\/dohiku.eu\/sk\/"},{"@type":"ListItem","position":2,"name":"PRODUCTS","item":"https:\/\/dohiku.eu\/sk\/products\/"},{"@type":"ListItem","position":3,"name":"Jigov\u00fd h\u00e1\u010dik, HDJ 12 &#8211; \u0165a\u017ek\u00fd\/zlat\u00fd, strieborn\u00fd"}]},{"@type":"WebSite","@id":"https:\/\/dohiku.eu\/sk\/#website","url":"https:\/\/dohiku.eu\/sk\/","name":"DOHIKU","description":"H\u00e1\u010diky DOHIKU s\u00fa vyroben\u00e9 z vysoko uhl\u00edkovej ocele, ktor\u00e1 je kalen\u00e1 a pop\u00fa\u0161\u0165an\u00e1 pod\u013ea presn\u00e9ho receptu.","publisher":{"@id":"https:\/\/dohiku.eu\/sk\/#organization"},"potentialAction":[{"@type":"SearchAction","target":{"@type":"EntryPoint","urlTemplate":"https:\/\/dohiku.eu\/sk\/?s={search_term_string}"},"query-input":{"@type":"PropertyValueSpecification","valueRequired":true,"valueName":"search_term_string"}}],"inLanguage":"sk-SK"},{"@type":"Organization","@id":"https:\/\/dohiku.eu\/sk\/#organization","name":"DOHIKU s.r.o.","url":"https:\/\/dohiku.eu\/sk\/","logo":{"@type":"ImageObject","inLanguage":"sk-SK","@id":"https:\/\/dohiku.eu\/sk\/#\/schema\/logo\/image\/","url":"https:\/\/dohiku.eu\/wp-content\/uploads\/2024\/01\/cropped-dohiku.png","contentUrl":"https:\/\/dohiku.eu\/wp-content\/uploads\/2024\/01\/cropped-dohiku.png","width":137,"height":87,"caption":"DOHIKU s.r.o."},"image":{"@id":"https:\/\/dohiku.eu\/sk\/#\/schema\/logo\/image\/"}}]}},"_links":{"self":[{"href":"https:\/\/dohiku.eu\/sk\/wp-json\/wp\/v2\/product\/13694","targetHints":{"allow":["GET"]}}],"collection":[{"href":"https:\/\/dohiku.eu\/sk\/wp-json\/wp\/v2\/product"}],"about":[{"href":"https:\/\/dohiku.eu\/sk\/wp-json\/wp\/v2\/types\/product"}],"replies":[{"embeddable":true,"href":"https:\/\/dohiku.eu\/sk\/wp-json\/wp\/v2\/comments?post=13694"}],"wp:featuredmedia":[{"embeddable":true,"href":"https:\/\/dohiku.eu\/sk\/wp-json\/wp\/v2\/media\/11693"}],"wp:attachment":[{"href":"https:\/\/dohiku.eu\/sk\/wp-json\/wp\/v2\/media?parent=13694"}],"wp:term":[{"taxonomy":"product_brand","embeddable":true,"href":"https:\/\/dohiku.eu\/sk\/wp-json\/wp\/v2\/product_brand?post=13694"},{"taxonomy":"product_cat","embeddable":true,"href":"https:\/\/dohiku.eu\/sk\/wp-json\/wp\/v2\/product_cat?post=13694"},{"taxonomy":"product_tag","embeddable":true,"href":"https:\/\/dohiku.eu\/sk\/wp-json\/wp\/v2\/product_tag?post=13694"}],"curies":[{"name":"wp","href":"https:\/\/api.w.org\/{rel}","templated":true}]}}