{"id":13644,"date":"2019-03-01T12:01:53","date_gmt":"2019-03-01T12:01:53","guid":{"rendered":"https:\/\/dohiku.eu\/shop\/nezaraden\u00e9\/catgut-cg07-zelena\/"},"modified":"2026-02-02T18:34:30","modified_gmt":"2026-02-02T18:34:30","slug":"catgut-cg07-zelena","status":"publish","type":"product","link":"https:\/\/dohiku.eu\/sk\/shop\/viazacie-materialy\/prirodna-struna\/catgut-cg07-zelena\/","title":{"rendered":"Catgut, CG07 &#8211; zelen\u00e1"},"content":{"rendered":"<p>Pozrite si video:<a href=\"http:\/\/globalflyfisher.com\/video\/?q=node\/3918\">www.globalflyfisher.com\/video\/?q=node\/3918<\/a><\/p>\n<p>Catgut je skvel\u00fd mu\u0161k\u00e1rsky materi\u00e1l a mu\u0161ky viazan\u00e9 catgutom vyzeraj\u00fa ve\u013emi realisticky.<br \/>\nCatgut je pr\u00edrodn\u00fd materi\u00e1l, ktor\u00fd sa pripravuje z pr\u00edrodn\u00fdch vl\u00e1kien v stene \u010driev oviec a k\u00f4z, ktor\u00e9 sa potom kr\u00fatia do stu\u017eiek a sp\u00e1jaj\u00fa sa za mokra, \u010d\u00edm sa dosiahne monofilov\u00e1 \u00faprava. V suchom stave je to such\u00fd, tuh\u00fd a pru\u017en\u00fd povraz. Prirodzen\u00e1 farba je \u0161pinav\u00e1 kr\u00e9mov\u00e1 s ob\u010dasn\u00fdmi sklovit\u00fdmi \u010d\u00edrymi \u0161kvrnami.<br \/>\nCatgut je tuh\u00fd materi\u00e1l. V suchom stave je to such\u00fd, tuh\u00fd a pru\u017en\u00fd povraz. Prirodzen\u00e1 farba je \u0161pinav\u00e1 kr\u00e9mov\u00e1 s ob\u010dasn\u00fdmi sklovit\u00fdmi \u010d\u00edrymi \u0161kvrnami.<br \/>\nKe\u010f sa dobre namo\u010d\u00ed do vody, jeho fyzik\u00e1lny\/\u0161trukt\u00farny stav sa dramaticky zmen\u00ed. V\u00fdrazne napu\u010diava a st\u00e1va sa ve\u013emi jemnou a cel\u00e1 \u0161n\u00fara z\u00edskava mlie\u010dnu priesvitnos\u0165.<br \/>\nCatgut je tuh\u00fd materi\u00e1l. Ak s n\u00edm pracujete, mali by ste ho dr\u017ea\u0165 v teplej vode 3-5 min\u00fat. Ke\u010f sa materi\u00e1l stane priesvitn\u00fdm a m\u00e4kk\u00fdm, m\u00f4\u017eete ho pou\u017ei\u0165. Nevkladajte cel\u00fd materi\u00e1l do vody. Vo vode nechajte len t\u00fa \u010das\u0165, ktor\u00fa pou\u017e\u00edvate.<br \/>\nPo skon\u010den\u00ed viazania na ne nenan\u00e1\u0161ajte \u017eiadnu vrstvu!!! Neodpor\u00fa\u010dame to robi\u0165. Zni\u010d\u00edte si t\u00fdm ma\u010dac\u00ed vlasec na mu\u0161k\u00e1ch !!! V suchom stave je to such\u00fd, tuh\u00fd a pru\u017en\u00fd povraz. Prirodzen\u00e1 farba je \u0161pinavo kr\u00e9mov\u00e1 s ob\u010dasn\u00fdmi sklovit\u00fdmi \u010d\u00edrymi \u0161kvrnami.<br \/>\nKatgut je pevn\u00fd materi\u00e1l. V suchom stave je to such\u00fd, tuh\u00fd a pru\u017en\u00fd povraz. Prirodzen\u00e1 farba je \u0161pinavo kr\u00e9mov\u00e1 s ob\u010dasn\u00fdmi sklovit\u00fdmi prieh\u013eadn\u00fdmi miestami.<br \/>\nKe\u010f je dobre namo\u010den\u00fd vo vode, jeho fyzik\u00e1lny\/\u0161truktur\u00e1lny stav sa dramaticky zmen\u00ed. Vidite\u013ene napu\u010diava, st\u00e1va sa ultra ochabnut\u00fdm a cel\u00e1 \u0161n\u00fara nadobudne mlie\u010dnu priesvitnos\u0165.<br \/>\nKatgut je tuh\u00fd materi\u00e1l. Ak s n\u00edm pracujete, mali by ste ho dr\u017ea\u0165 v teplej vode 3-5 min\u00fat. Ke\u010f sa materi\u00e1l stane priesvitn\u00fdm a m\u00e4kk\u00fdm, m\u00f4\u017eete ho pou\u017ei\u0165. Nevkladajte cel\u00fd materi\u00e1l do vody. Vo vode nechajte iba t\u00fa \u010das\u0165, ktor\u00fa pou\u017e\u00edvate.<br \/>\nPo ukon\u010den\u00ed viazania na ne nenan\u00e1\u0161ajte \u017eiadny n\u00e1ter!!! Neodpor\u00fa\u010dame to robi\u0165. Ni\u010d\u00edte t\u00fdm katgut na mu\u0161k\u00e1ch!!<\/p>\n","protected":false},"excerpt":{"rendered":"<p>Catgut je skvel\u00fd mu\u0161k\u00e1rsky materi\u00e1l a mu\u0161ky viazan\u00e9 catgutom vyzeraj\u00fa ve\u013emi realisticky.<\/p>\n<p>Farba : Zelen\u00e1<\/p>\n<p>50cm\/bal.<br \/>\nSize L is for hooks #8 and #10<br \/>\nSize M is for hooks #12 and #14<br \/>\nSize S is for hooks #14 and #16<br \/>\nSize XS is for hooks #16 and #20<br \/>\nL=0.7mm<br \/>\nM=0.5mm<br \/>\nS=0.3mm<br \/>\nXS=0.2mm<\/p>\n<div class=\"yj6qo ajU\">\n<div class=\"ajR\"><img decoding=\"async\" class=\"ajT\" src=\"https:\/\/mail.google.com\/mail\/u\/0\/images\/cleardot.gif\" alt=\"\" \/><\/div>\n<div><\/div>\n<\/div>\n","protected":false},"featured_media":5719,"comment_status":"closed","ping_status":"closed","template":"","meta":[],"product_brand":[],"product_cat":[525,659],"product_tag":[],"class_list":{"0":"post-13644","1":"product","2":"type-product","3":"status-publish","4":"has-post-thumbnail","6":"product_cat-viazacie-materialy","7":"product_cat-prirodna-struna","9":"first","10":"outofstock","11":"taxable","12":"shipping-taxable","13":"purchasable","14":"product-type-variable","15":"has-default-attributes"},"yoast_head":"<!-- This site is optimized with the Yoast SEO plugin v27.5 - https:\/\/yoast.com\/product\/yoast-seo-wordpress\/ -->\n<title>Catgut, CG07 - zelen\u00e1 - DOHIKU<\/title>\n<meta name=\"description\" content=\"Catgut je tuh\u00fd materi\u00e1l. V suchom stave je to such\u00fd, tuh\u00fd a pru\u017en\u00fd povraz. Prirodzen\u00e1 farba je \u0161pinav\u00e1 kr\u00e9mov\u00e1 s podivn\u00fdmi\" \/>\n<meta name=\"robots\" content=\"index, follow, max-snippet:-1, max-image-preview:large, max-video-preview:-1\" \/>\n<link rel=\"canonical\" href=\"https:\/\/dohiku.eu\/sk\/shop\/viazacie-materialy\/prirodna-struna\/catgut-cg07-zelena\/\" \/>\n<meta property=\"og:locale\" content=\"sk_SK\" \/>\n<meta property=\"og:type\" content=\"article\" \/>\n<meta property=\"og:title\" content=\"Catgut, CG07 - zelen\u00e1 - DOHIKU\" \/>\n<meta property=\"og:description\" content=\"Catgut je tuh\u00fd materi\u00e1l. V suchom stave je to such\u00fd, tuh\u00fd a pru\u017en\u00fd povraz. Prirodzen\u00e1 farba je \u0161pinav\u00e1 kr\u00e9mov\u00e1 s podivn\u00fdmi\" \/>\n<meta property=\"og:url\" content=\"https:\/\/dohiku.eu\/sk\/shop\/viazacie-materialy\/prirodna-struna\/catgut-cg07-zelena\/\" \/>\n<meta property=\"og:site_name\" content=\"DOHIKU\" \/>\n<meta property=\"article:modified_time\" content=\"2026-02-02T18:34:30+00:00\" \/>\n<meta property=\"og:image\" content=\"https:\/\/dohiku.eu\/wp-content\/uploads\/2019\/03\/1101-Catgut-CG07-Green.jpg\" \/>\n\t<meta property=\"og:image:width\" content=\"1058\" \/>\n\t<meta property=\"og:image:height\" content=\"1498\" \/>\n\t<meta property=\"og:image:type\" content=\"image\/jpeg\" \/>\n<meta name=\"twitter:card\" content=\"summary_large_image\" \/>\n<meta name=\"twitter:label1\" content=\"Predpokladan\u00fd \u010das \u010d\u00edtania\" \/>\n\t<meta name=\"twitter:data1\" content=\"2 min\u00faty\" \/>\n<script type=\"application\/ld+json\" class=\"yoast-schema-graph\">{\"@context\":\"https:\\\/\\\/schema.org\",\"@graph\":[{\"@type\":\"WebPage\",\"@id\":\"https:\\\/\\\/dohiku.eu\\\/sk\\\/shop\\\/viazacie-materialy\\\/prirodna-struna\\\/catgut-cg07-zelena\\\/\",\"url\":\"https:\\\/\\\/dohiku.eu\\\/sk\\\/shop\\\/viazacie-materialy\\\/prirodna-struna\\\/catgut-cg07-zelena\\\/\",\"name\":\"Catgut, CG07 - zelen\u00e1 - DOHIKU\",\"isPartOf\":{\"@id\":\"https:\\\/\\\/dohiku.eu\\\/sk\\\/#website\"},\"primaryImageOfPage\":{\"@id\":\"https:\\\/\\\/dohiku.eu\\\/sk\\\/shop\\\/viazacie-materialy\\\/prirodna-struna\\\/catgut-cg07-zelena\\\/#primaryimage\"},\"image\":{\"@id\":\"https:\\\/\\\/dohiku.eu\\\/sk\\\/shop\\\/viazacie-materialy\\\/prirodna-struna\\\/catgut-cg07-zelena\\\/#primaryimage\"},\"thumbnailUrl\":\"https:\\\/\\\/dohiku.eu\\\/wp-content\\\/uploads\\\/2019\\\/03\\\/1101-Catgut-CG07-Green.jpg\",\"datePublished\":\"2019-03-01T12:01:53+00:00\",\"dateModified\":\"2026-02-02T18:34:30+00:00\",\"description\":\"Catgut je tuh\u00fd materi\u00e1l. V suchom stave je to such\u00fd, tuh\u00fd a pru\u017en\u00fd povraz. Prirodzen\u00e1 farba je \u0161pinav\u00e1 kr\u00e9mov\u00e1 s podivn\u00fdmi\",\"breadcrumb\":{\"@id\":\"https:\\\/\\\/dohiku.eu\\\/sk\\\/shop\\\/viazacie-materialy\\\/prirodna-struna\\\/catgut-cg07-zelena\\\/#breadcrumb\"},\"inLanguage\":\"sk-SK\",\"potentialAction\":[{\"@type\":\"ReadAction\",\"target\":[\"https:\\\/\\\/dohiku.eu\\\/sk\\\/shop\\\/viazacie-materialy\\\/prirodna-struna\\\/catgut-cg07-zelena\\\/\"]}]},{\"@type\":\"ImageObject\",\"inLanguage\":\"sk-SK\",\"@id\":\"https:\\\/\\\/dohiku.eu\\\/sk\\\/shop\\\/viazacie-materialy\\\/prirodna-struna\\\/catgut-cg07-zelena\\\/#primaryimage\",\"url\":\"https:\\\/\\\/dohiku.eu\\\/wp-content\\\/uploads\\\/2019\\\/03\\\/1101-Catgut-CG07-Green.jpg\",\"contentUrl\":\"https:\\\/\\\/dohiku.eu\\\/wp-content\\\/uploads\\\/2019\\\/03\\\/1101-Catgut-CG07-Green.jpg\",\"width\":1058,\"height\":1498},{\"@type\":\"BreadcrumbList\",\"@id\":\"https:\\\/\\\/dohiku.eu\\\/sk\\\/shop\\\/viazacie-materialy\\\/prirodna-struna\\\/catgut-cg07-zelena\\\/#breadcrumb\",\"itemListElement\":[{\"@type\":\"ListItem\",\"position\":1,\"name\":\"Home\",\"item\":\"https:\\\/\\\/dohiku.eu\\\/sk\\\/\"},{\"@type\":\"ListItem\",\"position\":2,\"name\":\"PRODUCTS\",\"item\":\"https:\\\/\\\/dohiku.eu\\\/sk\\\/products\\\/\"},{\"@type\":\"ListItem\",\"position\":3,\"name\":\"Catgut, CG07 &#8211; zelen\u00e1\"}]},{\"@type\":\"WebSite\",\"@id\":\"https:\\\/\\\/dohiku.eu\\\/sk\\\/#website\",\"url\":\"https:\\\/\\\/dohiku.eu\\\/sk\\\/\",\"name\":\"DOHIKU\",\"description\":\"H\u00e1\u010diky DOHIKU s\u00fa vyroben\u00e9 z vysoko uhl\u00edkovej ocele, ktor\u00e1 je kalen\u00e1 a pop\u00fa\u0161\u0165an\u00e1 pod\u013ea presn\u00e9ho receptu.\",\"publisher\":{\"@id\":\"https:\\\/\\\/dohiku.eu\\\/sk\\\/#organization\"},\"potentialAction\":[{\"@type\":\"SearchAction\",\"target\":{\"@type\":\"EntryPoint\",\"urlTemplate\":\"https:\\\/\\\/dohiku.eu\\\/sk\\\/?s={search_term_string}\"},\"query-input\":{\"@type\":\"PropertyValueSpecification\",\"valueRequired\":true,\"valueName\":\"search_term_string\"}}],\"inLanguage\":\"sk-SK\"},{\"@type\":\"Organization\",\"@id\":\"https:\\\/\\\/dohiku.eu\\\/sk\\\/#organization\",\"name\":\"DOHIKU s.r.o.\",\"url\":\"https:\\\/\\\/dohiku.eu\\\/sk\\\/\",\"logo\":{\"@type\":\"ImageObject\",\"inLanguage\":\"sk-SK\",\"@id\":\"https:\\\/\\\/dohiku.eu\\\/sk\\\/#\\\/schema\\\/logo\\\/image\\\/\",\"url\":\"https:\\\/\\\/dohiku.eu\\\/wp-content\\\/uploads\\\/2024\\\/01\\\/cropped-dohiku.png\",\"contentUrl\":\"https:\\\/\\\/dohiku.eu\\\/wp-content\\\/uploads\\\/2024\\\/01\\\/cropped-dohiku.png\",\"width\":137,\"height\":87,\"caption\":\"DOHIKU s.r.o.\"},\"image\":{\"@id\":\"https:\\\/\\\/dohiku.eu\\\/sk\\\/#\\\/schema\\\/logo\\\/image\\\/\"}}]}<\/script>\n<!-- \/ Yoast SEO plugin. -->","yoast_head_json":{"title":"Catgut, CG07 - zelen\u00e1 - DOHIKU","description":"Catgut je tuh\u00fd materi\u00e1l. V suchom stave je to such\u00fd, tuh\u00fd a pru\u017en\u00fd povraz. Prirodzen\u00e1 farba je \u0161pinav\u00e1 kr\u00e9mov\u00e1 s podivn\u00fdmi","robots":{"index":"index","follow":"follow","max-snippet":"max-snippet:-1","max-image-preview":"max-image-preview:large","max-video-preview":"max-video-preview:-1"},"canonical":"https:\/\/dohiku.eu\/sk\/shop\/viazacie-materialy\/prirodna-struna\/catgut-cg07-zelena\/","og_locale":"sk_SK","og_type":"article","og_title":"Catgut, CG07 - zelen\u00e1 - DOHIKU","og_description":"Catgut je tuh\u00fd materi\u00e1l. V suchom stave je to such\u00fd, tuh\u00fd a pru\u017en\u00fd povraz. Prirodzen\u00e1 farba je \u0161pinav\u00e1 kr\u00e9mov\u00e1 s podivn\u00fdmi","og_url":"https:\/\/dohiku.eu\/sk\/shop\/viazacie-materialy\/prirodna-struna\/catgut-cg07-zelena\/","og_site_name":"DOHIKU","article_modified_time":"2026-02-02T18:34:30+00:00","og_image":[{"width":1058,"height":1498,"url":"https:\/\/dohiku.eu\/wp-content\/uploads\/2019\/03\/1101-Catgut-CG07-Green.jpg","type":"image\/jpeg"}],"twitter_card":"summary_large_image","twitter_misc":{"Predpokladan\u00fd \u010das \u010d\u00edtania":"2 min\u00faty"},"schema":{"@context":"https:\/\/schema.org","@graph":[{"@type":"WebPage","@id":"https:\/\/dohiku.eu\/sk\/shop\/viazacie-materialy\/prirodna-struna\/catgut-cg07-zelena\/","url":"https:\/\/dohiku.eu\/sk\/shop\/viazacie-materialy\/prirodna-struna\/catgut-cg07-zelena\/","name":"Catgut, CG07 - zelen\u00e1 - DOHIKU","isPartOf":{"@id":"https:\/\/dohiku.eu\/sk\/#website"},"primaryImageOfPage":{"@id":"https:\/\/dohiku.eu\/sk\/shop\/viazacie-materialy\/prirodna-struna\/catgut-cg07-zelena\/#primaryimage"},"image":{"@id":"https:\/\/dohiku.eu\/sk\/shop\/viazacie-materialy\/prirodna-struna\/catgut-cg07-zelena\/#primaryimage"},"thumbnailUrl":"https:\/\/dohiku.eu\/wp-content\/uploads\/2019\/03\/1101-Catgut-CG07-Green.jpg","datePublished":"2019-03-01T12:01:53+00:00","dateModified":"2026-02-02T18:34:30+00:00","description":"Catgut je tuh\u00fd materi\u00e1l. V suchom stave je to such\u00fd, tuh\u00fd a pru\u017en\u00fd povraz. Prirodzen\u00e1 farba je \u0161pinav\u00e1 kr\u00e9mov\u00e1 s podivn\u00fdmi","breadcrumb":{"@id":"https:\/\/dohiku.eu\/sk\/shop\/viazacie-materialy\/prirodna-struna\/catgut-cg07-zelena\/#breadcrumb"},"inLanguage":"sk-SK","potentialAction":[{"@type":"ReadAction","target":["https:\/\/dohiku.eu\/sk\/shop\/viazacie-materialy\/prirodna-struna\/catgut-cg07-zelena\/"]}]},{"@type":"ImageObject","inLanguage":"sk-SK","@id":"https:\/\/dohiku.eu\/sk\/shop\/viazacie-materialy\/prirodna-struna\/catgut-cg07-zelena\/#primaryimage","url":"https:\/\/dohiku.eu\/wp-content\/uploads\/2019\/03\/1101-Catgut-CG07-Green.jpg","contentUrl":"https:\/\/dohiku.eu\/wp-content\/uploads\/2019\/03\/1101-Catgut-CG07-Green.jpg","width":1058,"height":1498},{"@type":"BreadcrumbList","@id":"https:\/\/dohiku.eu\/sk\/shop\/viazacie-materialy\/prirodna-struna\/catgut-cg07-zelena\/#breadcrumb","itemListElement":[{"@type":"ListItem","position":1,"name":"Home","item":"https:\/\/dohiku.eu\/sk\/"},{"@type":"ListItem","position":2,"name":"PRODUCTS","item":"https:\/\/dohiku.eu\/sk\/products\/"},{"@type":"ListItem","position":3,"name":"Catgut, CG07 &#8211; zelen\u00e1"}]},{"@type":"WebSite","@id":"https:\/\/dohiku.eu\/sk\/#website","url":"https:\/\/dohiku.eu\/sk\/","name":"DOHIKU","description":"H\u00e1\u010diky DOHIKU s\u00fa vyroben\u00e9 z vysoko uhl\u00edkovej ocele, ktor\u00e1 je kalen\u00e1 a pop\u00fa\u0161\u0165an\u00e1 pod\u013ea presn\u00e9ho receptu.","publisher":{"@id":"https:\/\/dohiku.eu\/sk\/#organization"},"potentialAction":[{"@type":"SearchAction","target":{"@type":"EntryPoint","urlTemplate":"https:\/\/dohiku.eu\/sk\/?s={search_term_string}"},"query-input":{"@type":"PropertyValueSpecification","valueRequired":true,"valueName":"search_term_string"}}],"inLanguage":"sk-SK"},{"@type":"Organization","@id":"https:\/\/dohiku.eu\/sk\/#organization","name":"DOHIKU s.r.o.","url":"https:\/\/dohiku.eu\/sk\/","logo":{"@type":"ImageObject","inLanguage":"sk-SK","@id":"https:\/\/dohiku.eu\/sk\/#\/schema\/logo\/image\/","url":"https:\/\/dohiku.eu\/wp-content\/uploads\/2024\/01\/cropped-dohiku.png","contentUrl":"https:\/\/dohiku.eu\/wp-content\/uploads\/2024\/01\/cropped-dohiku.png","width":137,"height":87,"caption":"DOHIKU s.r.o."},"image":{"@id":"https:\/\/dohiku.eu\/sk\/#\/schema\/logo\/image\/"}}]}},"_links":{"self":[{"href":"https:\/\/dohiku.eu\/sk\/wp-json\/wp\/v2\/product\/13644","targetHints":{"allow":["GET"]}}],"collection":[{"href":"https:\/\/dohiku.eu\/sk\/wp-json\/wp\/v2\/product"}],"about":[{"href":"https:\/\/dohiku.eu\/sk\/wp-json\/wp\/v2\/types\/product"}],"replies":[{"embeddable":true,"href":"https:\/\/dohiku.eu\/sk\/wp-json\/wp\/v2\/comments?post=13644"}],"wp:featuredmedia":[{"embeddable":true,"href":"https:\/\/dohiku.eu\/sk\/wp-json\/wp\/v2\/media\/5719"}],"wp:attachment":[{"href":"https:\/\/dohiku.eu\/sk\/wp-json\/wp\/v2\/media?parent=13644"}],"wp:term":[{"taxonomy":"product_brand","embeddable":true,"href":"https:\/\/dohiku.eu\/sk\/wp-json\/wp\/v2\/product_brand?post=13644"},{"taxonomy":"product_cat","embeddable":true,"href":"https:\/\/dohiku.eu\/sk\/wp-json\/wp\/v2\/product_cat?post=13644"},{"taxonomy":"product_tag","embeddable":true,"href":"https:\/\/dohiku.eu\/sk\/wp-json\/wp\/v2\/product_tag?post=13644"}],"curies":[{"name":"wp","href":"https:\/\/api.w.org\/{rel}","templated":true}]}}