{"id":13586,"date":"2025-06-05T07:39:12","date_gmt":"2025-06-05T07:39:12","guid":{"rendered":"https:\/\/dohiku.eu\/shop\/nezaraden\u00e9\/cast-connector-oranzova-code-cc427o\/"},"modified":"2026-02-01T09:18:37","modified_gmt":"2026-02-01T09:18:37","slug":"cast-connector-oranzova-code-cc427o","status":"publish","type":"product","link":"https:\/\/dohiku.eu\/sk\/shop\/muskarske-snury\/muskarske-snury-dohiku\/cast-connector-oranzova-code-cc427o\/","title":{"rendered":"Cast Connector\/Oran\u017eov\u00e1, Code: CC427O"},"content":{"rendered":"<p>Cast konektor je ide\u00e1lnym spojen\u00edm medzi mu\u0161k\u00e1rskou \u0161n\u00farou a nadv\u00e4zcom. V\u010faka svojmu vyhladen\u00e9mu tvaru vo\u013ene prech\u00e1dza vodidlami ty\u010de. Dostupn\u00e9 v pr\u00edrodn\u00fdch alebo fluo-oran\u017eov\u00fdch farb\u00e1ch pre lep\u0161iu vidite\u013enos\u0165. Dve ve\u013ekosti pre ka\u017ed\u00fd druh mu\u0161k\u00e1rskej \u0161n\u00fary.<\/p>\n<p>Ve\u013ekos\u0165 1, 11,0 mm: mu\u0161k\u00e1rska \u0161n\u00fara od 3 do 6, CC427O1<br \/>\nVe\u013ekos\u0165 2, 13,0 mm: mu\u0161k\u00e1rska \u0161n\u00fara od 7 do 12, CC427O2<\/p>\n<p>&nbsp;<\/p>\n","protected":false},"excerpt":{"rendered":"<p>Cast konektor je ide\u00e1lnym spojen\u00edm medzi mu\u0161k\u00e1rskou \u0161n\u00farou a nadv\u00e4zcom. V\u010faka svojmu vyhladen\u00e9mu tvaru vo\u013ene prech\u00e1dza vodidlami ty\u010de. Dostupn\u00e9 v pr\u00edrodn\u00fdch alebo fluo-oran\u017eov\u00fdch farb\u00e1ch pre lep\u0161iu vidite\u013enos\u0165. Dve ve\u013ekosti pre ka\u017ed\u00fd druh mu\u0161k\u00e1rskej \u0161n\u00fary.<\/p>\n<p>Ve\u013ekos\u0165 1, 11,0 mm: mu\u0161k\u00e1rska \u0161n\u00fara od 3 do 6, CC427O1<br \/>\nVe\u013ekos\u0165 2, 13,0 mm: mu\u0161k\u00e1rska \u0161n\u00fara od 7 do 12, CC427O2<\/p>\n<p>&nbsp;<\/p>\n","protected":false},"featured_media":11651,"comment_status":"closed","ping_status":"closed","template":"","meta":[],"product_brand":[],"product_cat":[558,556,557,535],"product_tag":[],"class_list":{"0":"post-13586","1":"product","2":"type-product","3":"status-publish","4":"has-post-thumbnail","6":"product_cat-muskarske-snury","7":"product_cat-muskarske-snury-dohiku","8":"product_cat-muskarske-snury-dohiku-special","9":"product_cat-prislusenstvo","11":"first","12":"instock","13":"taxable","14":"shipping-taxable","15":"purchasable","16":"product-type-variable","17":"has-default-attributes"},"yoast_head":"<!-- This site is optimized with the Yoast SEO plugin v27.4 - https:\/\/yoast.com\/product\/yoast-seo-wordpress\/ -->\n<title>Cast Connector\/Oran\u017eov\u00e1, Code: CC427O - DOHIKU<\/title>\n<meta name=\"robots\" content=\"index, follow, max-snippet:-1, max-image-preview:large, max-video-preview:-1\" \/>\n<link rel=\"canonical\" href=\"https:\/\/dohiku.eu\/sk\/shop\/muskarske-snury\/muskarske-snury-dohiku\/cast-connector-oranzova-code-cc427o\/\" \/>\n<meta property=\"og:locale\" content=\"sk_SK\" \/>\n<meta property=\"og:type\" content=\"article\" \/>\n<meta property=\"og:title\" content=\"Cast Connector\/Oran\u017eov\u00e1, Code: CC427O - DOHIKU\" \/>\n<meta property=\"og:description\" content=\"Cast konektor je ide\u00e1lnym spojen\u00edm medzi mu\u0161k\u00e1rskou \u0161n\u00farou a nadv\u00e4zcom. V\u010faka svojmu vyhladen\u00e9mu tvaru vo\u013ene prech\u00e1dza vodidlami ty\u010de. Dostupn\u00e9 v pr\u00edrodn\u00fdch alebo fluo-oran\u017eov\u00fdch farb\u00e1ch pre lep\u0161iu vidite\u013enos\u0165. Dve ve\u013ekosti pre ka\u017ed\u00fd druh mu\u0161k\u00e1rskej \u0161n\u00fary.  Ve\u013ekos\u0165 1, 11,0 mm: mu\u0161k\u00e1rska \u0161n\u00fara od 3 do 6, CC427O1 Ve\u013ekos\u0165 2, 13,0 mm: mu\u0161k\u00e1rska \u0161n\u00fara od 7 do 12, CC427O2  &nbsp;\" \/>\n<meta property=\"og:url\" content=\"https:\/\/dohiku.eu\/sk\/shop\/muskarske-snury\/muskarske-snury-dohiku\/cast-connector-oranzova-code-cc427o\/\" \/>\n<meta property=\"og:site_name\" content=\"DOHIKU\" \/>\n<meta property=\"article:modified_time\" content=\"2026-02-01T09:18:37+00:00\" \/>\n<meta property=\"og:image\" content=\"https:\/\/dohiku.eu\/wp-content\/uploads\/2025\/06\/cast-konektor-spojenie-muskarskej-snury-a-nadvaezcaoranzova.jpg\" \/>\n\t<meta property=\"og:image:width\" content=\"1100\" \/>\n\t<meta property=\"og:image:height\" content=\"1422\" \/>\n\t<meta property=\"og:image:type\" content=\"image\/jpeg\" \/>\n<meta name=\"twitter:card\" content=\"summary_large_image\" \/>\n<meta name=\"twitter:label1\" content=\"Predpokladan\u00fd \u010das \u010d\u00edtania\" \/>\n\t<meta name=\"twitter:data1\" content=\"1 min\u00fata\" \/>\n<script type=\"application\/ld+json\" class=\"yoast-schema-graph\">{\"@context\":\"https:\\\/\\\/schema.org\",\"@graph\":[{\"@type\":\"WebPage\",\"@id\":\"https:\\\/\\\/dohiku.eu\\\/sk\\\/shop\\\/muskarske-snury\\\/muskarske-snury-dohiku\\\/cast-connector-oranzova-code-cc427o\\\/\",\"url\":\"https:\\\/\\\/dohiku.eu\\\/sk\\\/shop\\\/muskarske-snury\\\/muskarske-snury-dohiku\\\/cast-connector-oranzova-code-cc427o\\\/\",\"name\":\"Cast Connector\\\/Oran\u017eov\u00e1, Code: CC427O - DOHIKU\",\"isPartOf\":{\"@id\":\"https:\\\/\\\/dohiku.eu\\\/sk\\\/#website\"},\"primaryImageOfPage\":{\"@id\":\"https:\\\/\\\/dohiku.eu\\\/sk\\\/shop\\\/muskarske-snury\\\/muskarske-snury-dohiku\\\/cast-connector-oranzova-code-cc427o\\\/#primaryimage\"},\"image\":{\"@id\":\"https:\\\/\\\/dohiku.eu\\\/sk\\\/shop\\\/muskarske-snury\\\/muskarske-snury-dohiku\\\/cast-connector-oranzova-code-cc427o\\\/#primaryimage\"},\"thumbnailUrl\":\"https:\\\/\\\/dohiku.eu\\\/wp-content\\\/uploads\\\/2025\\\/06\\\/cast-konektor-spojenie-muskarskej-snury-a-nadvaezcaoranzova.jpg\",\"datePublished\":\"2025-06-05T07:39:12+00:00\",\"dateModified\":\"2026-02-01T09:18:37+00:00\",\"breadcrumb\":{\"@id\":\"https:\\\/\\\/dohiku.eu\\\/sk\\\/shop\\\/muskarske-snury\\\/muskarske-snury-dohiku\\\/cast-connector-oranzova-code-cc427o\\\/#breadcrumb\"},\"inLanguage\":\"sk-SK\",\"potentialAction\":[{\"@type\":\"ReadAction\",\"target\":[\"https:\\\/\\\/dohiku.eu\\\/sk\\\/shop\\\/muskarske-snury\\\/muskarske-snury-dohiku\\\/cast-connector-oranzova-code-cc427o\\\/\"]}]},{\"@type\":\"ImageObject\",\"inLanguage\":\"sk-SK\",\"@id\":\"https:\\\/\\\/dohiku.eu\\\/sk\\\/shop\\\/muskarske-snury\\\/muskarske-snury-dohiku\\\/cast-connector-oranzova-code-cc427o\\\/#primaryimage\",\"url\":\"https:\\\/\\\/dohiku.eu\\\/wp-content\\\/uploads\\\/2025\\\/06\\\/cast-konektor-spojenie-muskarskej-snury-a-nadvaezcaoranzova.jpg\",\"contentUrl\":\"https:\\\/\\\/dohiku.eu\\\/wp-content\\\/uploads\\\/2025\\\/06\\\/cast-konektor-spojenie-muskarskej-snury-a-nadvaezcaoranzova.jpg\",\"width\":1100,\"height\":1422},{\"@type\":\"BreadcrumbList\",\"@id\":\"https:\\\/\\\/dohiku.eu\\\/sk\\\/shop\\\/muskarske-snury\\\/muskarske-snury-dohiku\\\/cast-connector-oranzova-code-cc427o\\\/#breadcrumb\",\"itemListElement\":[{\"@type\":\"ListItem\",\"position\":1,\"name\":\"Home\",\"item\":\"https:\\\/\\\/dohiku.eu\\\/sk\\\/\"},{\"@type\":\"ListItem\",\"position\":2,\"name\":\"PRODUCTS\",\"item\":\"https:\\\/\\\/dohiku.eu\\\/sk\\\/products\\\/\"},{\"@type\":\"ListItem\",\"position\":3,\"name\":\"Cast Connector\\\/Oran\u017eov\u00e1, Code: CC427O\"}]},{\"@type\":\"WebSite\",\"@id\":\"https:\\\/\\\/dohiku.eu\\\/sk\\\/#website\",\"url\":\"https:\\\/\\\/dohiku.eu\\\/sk\\\/\",\"name\":\"DOHIKU\",\"description\":\"H\u00e1\u010diky DOHIKU s\u00fa vyroben\u00e9 z vysoko uhl\u00edkovej ocele, ktor\u00e1 je kalen\u00e1 a pop\u00fa\u0161\u0165an\u00e1 pod\u013ea presn\u00e9ho receptu.\",\"publisher\":{\"@id\":\"https:\\\/\\\/dohiku.eu\\\/sk\\\/#organization\"},\"potentialAction\":[{\"@type\":\"SearchAction\",\"target\":{\"@type\":\"EntryPoint\",\"urlTemplate\":\"https:\\\/\\\/dohiku.eu\\\/sk\\\/?s={search_term_string}\"},\"query-input\":{\"@type\":\"PropertyValueSpecification\",\"valueRequired\":true,\"valueName\":\"search_term_string\"}}],\"inLanguage\":\"sk-SK\"},{\"@type\":\"Organization\",\"@id\":\"https:\\\/\\\/dohiku.eu\\\/sk\\\/#organization\",\"name\":\"DOHIKU s.r.o.\",\"url\":\"https:\\\/\\\/dohiku.eu\\\/sk\\\/\",\"logo\":{\"@type\":\"ImageObject\",\"inLanguage\":\"sk-SK\",\"@id\":\"https:\\\/\\\/dohiku.eu\\\/sk\\\/#\\\/schema\\\/logo\\\/image\\\/\",\"url\":\"https:\\\/\\\/dohiku.eu\\\/wp-content\\\/uploads\\\/2024\\\/01\\\/cropped-dohiku.png\",\"contentUrl\":\"https:\\\/\\\/dohiku.eu\\\/wp-content\\\/uploads\\\/2024\\\/01\\\/cropped-dohiku.png\",\"width\":137,\"height\":87,\"caption\":\"DOHIKU s.r.o.\"},\"image\":{\"@id\":\"https:\\\/\\\/dohiku.eu\\\/sk\\\/#\\\/schema\\\/logo\\\/image\\\/\"}}]}<\/script>\n<!-- \/ Yoast SEO plugin. -->","yoast_head_json":{"title":"Cast Connector\/Oran\u017eov\u00e1, Code: CC427O - DOHIKU","robots":{"index":"index","follow":"follow","max-snippet":"max-snippet:-1","max-image-preview":"max-image-preview:large","max-video-preview":"max-video-preview:-1"},"canonical":"https:\/\/dohiku.eu\/sk\/shop\/muskarske-snury\/muskarske-snury-dohiku\/cast-connector-oranzova-code-cc427o\/","og_locale":"sk_SK","og_type":"article","og_title":"Cast Connector\/Oran\u017eov\u00e1, Code: CC427O - DOHIKU","og_description":"Cast konektor je ide\u00e1lnym spojen\u00edm medzi mu\u0161k\u00e1rskou \u0161n\u00farou a nadv\u00e4zcom. V\u010faka svojmu vyhladen\u00e9mu tvaru vo\u013ene prech\u00e1dza vodidlami ty\u010de. Dostupn\u00e9 v pr\u00edrodn\u00fdch alebo fluo-oran\u017eov\u00fdch farb\u00e1ch pre lep\u0161iu vidite\u013enos\u0165. Dve ve\u013ekosti pre ka\u017ed\u00fd druh mu\u0161k\u00e1rskej \u0161n\u00fary.  Ve\u013ekos\u0165 1, 11,0 mm: mu\u0161k\u00e1rska \u0161n\u00fara od 3 do 6, CC427O1 Ve\u013ekos\u0165 2, 13,0 mm: mu\u0161k\u00e1rska \u0161n\u00fara od 7 do 12, CC427O2  &nbsp;","og_url":"https:\/\/dohiku.eu\/sk\/shop\/muskarske-snury\/muskarske-snury-dohiku\/cast-connector-oranzova-code-cc427o\/","og_site_name":"DOHIKU","article_modified_time":"2026-02-01T09:18:37+00:00","og_image":[{"width":1100,"height":1422,"url":"https:\/\/dohiku.eu\/wp-content\/uploads\/2025\/06\/cast-konektor-spojenie-muskarskej-snury-a-nadvaezcaoranzova.jpg","type":"image\/jpeg"}],"twitter_card":"summary_large_image","twitter_misc":{"Predpokladan\u00fd \u010das \u010d\u00edtania":"1 min\u00fata"},"schema":{"@context":"https:\/\/schema.org","@graph":[{"@type":"WebPage","@id":"https:\/\/dohiku.eu\/sk\/shop\/muskarske-snury\/muskarske-snury-dohiku\/cast-connector-oranzova-code-cc427o\/","url":"https:\/\/dohiku.eu\/sk\/shop\/muskarske-snury\/muskarske-snury-dohiku\/cast-connector-oranzova-code-cc427o\/","name":"Cast Connector\/Oran\u017eov\u00e1, Code: CC427O - DOHIKU","isPartOf":{"@id":"https:\/\/dohiku.eu\/sk\/#website"},"primaryImageOfPage":{"@id":"https:\/\/dohiku.eu\/sk\/shop\/muskarske-snury\/muskarske-snury-dohiku\/cast-connector-oranzova-code-cc427o\/#primaryimage"},"image":{"@id":"https:\/\/dohiku.eu\/sk\/shop\/muskarske-snury\/muskarske-snury-dohiku\/cast-connector-oranzova-code-cc427o\/#primaryimage"},"thumbnailUrl":"https:\/\/dohiku.eu\/wp-content\/uploads\/2025\/06\/cast-konektor-spojenie-muskarskej-snury-a-nadvaezcaoranzova.jpg","datePublished":"2025-06-05T07:39:12+00:00","dateModified":"2026-02-01T09:18:37+00:00","breadcrumb":{"@id":"https:\/\/dohiku.eu\/sk\/shop\/muskarske-snury\/muskarske-snury-dohiku\/cast-connector-oranzova-code-cc427o\/#breadcrumb"},"inLanguage":"sk-SK","potentialAction":[{"@type":"ReadAction","target":["https:\/\/dohiku.eu\/sk\/shop\/muskarske-snury\/muskarske-snury-dohiku\/cast-connector-oranzova-code-cc427o\/"]}]},{"@type":"ImageObject","inLanguage":"sk-SK","@id":"https:\/\/dohiku.eu\/sk\/shop\/muskarske-snury\/muskarske-snury-dohiku\/cast-connector-oranzova-code-cc427o\/#primaryimage","url":"https:\/\/dohiku.eu\/wp-content\/uploads\/2025\/06\/cast-konektor-spojenie-muskarskej-snury-a-nadvaezcaoranzova.jpg","contentUrl":"https:\/\/dohiku.eu\/wp-content\/uploads\/2025\/06\/cast-konektor-spojenie-muskarskej-snury-a-nadvaezcaoranzova.jpg","width":1100,"height":1422},{"@type":"BreadcrumbList","@id":"https:\/\/dohiku.eu\/sk\/shop\/muskarske-snury\/muskarske-snury-dohiku\/cast-connector-oranzova-code-cc427o\/#breadcrumb","itemListElement":[{"@type":"ListItem","position":1,"name":"Home","item":"https:\/\/dohiku.eu\/sk\/"},{"@type":"ListItem","position":2,"name":"PRODUCTS","item":"https:\/\/dohiku.eu\/sk\/products\/"},{"@type":"ListItem","position":3,"name":"Cast Connector\/Oran\u017eov\u00e1, Code: CC427O"}]},{"@type":"WebSite","@id":"https:\/\/dohiku.eu\/sk\/#website","url":"https:\/\/dohiku.eu\/sk\/","name":"DOHIKU","description":"H\u00e1\u010diky DOHIKU s\u00fa vyroben\u00e9 z vysoko uhl\u00edkovej ocele, ktor\u00e1 je kalen\u00e1 a pop\u00fa\u0161\u0165an\u00e1 pod\u013ea presn\u00e9ho receptu.","publisher":{"@id":"https:\/\/dohiku.eu\/sk\/#organization"},"potentialAction":[{"@type":"SearchAction","target":{"@type":"EntryPoint","urlTemplate":"https:\/\/dohiku.eu\/sk\/?s={search_term_string}"},"query-input":{"@type":"PropertyValueSpecification","valueRequired":true,"valueName":"search_term_string"}}],"inLanguage":"sk-SK"},{"@type":"Organization","@id":"https:\/\/dohiku.eu\/sk\/#organization","name":"DOHIKU s.r.o.","url":"https:\/\/dohiku.eu\/sk\/","logo":{"@type":"ImageObject","inLanguage":"sk-SK","@id":"https:\/\/dohiku.eu\/sk\/#\/schema\/logo\/image\/","url":"https:\/\/dohiku.eu\/wp-content\/uploads\/2024\/01\/cropped-dohiku.png","contentUrl":"https:\/\/dohiku.eu\/wp-content\/uploads\/2024\/01\/cropped-dohiku.png","width":137,"height":87,"caption":"DOHIKU s.r.o."},"image":{"@id":"https:\/\/dohiku.eu\/sk\/#\/schema\/logo\/image\/"}}]}},"_links":{"self":[{"href":"https:\/\/dohiku.eu\/sk\/wp-json\/wp\/v2\/product\/13586","targetHints":{"allow":["GET"]}}],"collection":[{"href":"https:\/\/dohiku.eu\/sk\/wp-json\/wp\/v2\/product"}],"about":[{"href":"https:\/\/dohiku.eu\/sk\/wp-json\/wp\/v2\/types\/product"}],"replies":[{"embeddable":true,"href":"https:\/\/dohiku.eu\/sk\/wp-json\/wp\/v2\/comments?post=13586"}],"wp:featuredmedia":[{"embeddable":true,"href":"https:\/\/dohiku.eu\/sk\/wp-json\/wp\/v2\/media\/11651"}],"wp:attachment":[{"href":"https:\/\/dohiku.eu\/sk\/wp-json\/wp\/v2\/media?parent=13586"}],"wp:term":[{"taxonomy":"product_brand","embeddable":true,"href":"https:\/\/dohiku.eu\/sk\/wp-json\/wp\/v2\/product_brand?post=13586"},{"taxonomy":"product_cat","embeddable":true,"href":"https:\/\/dohiku.eu\/sk\/wp-json\/wp\/v2\/product_cat?post=13586"},{"taxonomy":"product_tag","embeddable":true,"href":"https:\/\/dohiku.eu\/sk\/wp-json\/wp\/v2\/product_tag?post=13586"}],"curies":[{"name":"wp","href":"https:\/\/api.w.org\/{rel}","templated":true}]}}