{"id":13481,"date":"2019-03-01T12:01:58","date_gmt":"2019-03-01T12:01:58","guid":{"rendered":"https:\/\/dohiku.eu\/shop\/nezaraden\u00e9\/tungstenove-gulvocky-zlate-velke-code-htds7-htds8-htds9\/"},"modified":"2026-01-27T10:44:06","modified_gmt":"2026-01-27T10:44:06","slug":"tungstenove-gulvocky-zlate-velke-code-htds7-htds8-htds9","status":"publish","type":"product","link":"https:\/\/dohiku.eu\/sk\/shop\/viazacie-materialy\/gulocky\/tungstenove-gulocky-s-drazkou\/tungstenove-gulvocky-zlate-velke-code-htds7-htds8-htds9\/","title":{"rendered":"Tungstenov\u00e9 gu\u013ev\u00f4\u010dky- Zlat\u00e9 (Ve\u013ek\u00e9), Code: HTDS7, HTDS8, HTDS9"},"content":{"rendered":"<p><strong>Diameter 7,0 mm<\/strong><br \/>\nWeight about 3 gram<\/p>\n<p><span style=\"color: #ff0000\">Cena za jeden kor\u00e1lik 0,89 Euro.<\/span><\/p>\n<p>&nbsp;<\/p>\n<p><strong>Diameter 8,0 mm<\/strong><br \/>\nWeight about 4 gram<\/p>\n<p><span style=\"color: #ff0000\">Cena za jeden kor\u00e1lik 1,29 Euro.<\/span><\/p>\n<p>&nbsp;<\/p>\n<p><strong>Diameter 10,0 mm<\/strong><br \/>\nWeight about 9 gram<\/p>\n<p><span style=\"color: #ff0000\">Cena za jeden kor\u00e1lik 2,29 Euro.<\/span><\/p>\n<p>&nbsp;<\/p>\n<p>&nbsp;<\/p>\n","protected":false},"excerpt":{"rendered":"<p>So \u0161trbinou, ide\u00e1lne pre v\u0161etky h\u00e1\u010diky, vynikaj\u00face pre jigov\u00e9 h\u00e1\u010diky. V\u010faka novej kon\u0161trukcii ve\u013emi vysok\u00e1 hmotnos\u0165, naj\u0165a\u017e\u0161ie kor\u00e1lky na trhu.<\/p>\n","protected":false},"featured_media":6176,"comment_status":"closed","ping_status":"closed","template":"","meta":[],"product_brand":[],"product_cat":[525,528,529],"product_tag":[],"class_list":{"0":"post-13481","1":"product","2":"type-product","3":"status-publish","4":"has-post-thumbnail","6":"product_cat-viazacie-materialy","7":"product_cat-gulocky","8":"product_cat-tungstenove-gulocky-s-drazkou","10":"first","11":"outofstock","12":"taxable","13":"shipping-taxable","14":"purchasable","15":"product-type-variable","16":"has-default-attributes"},"yoast_head":"<!-- This site is optimized with the Yoast SEO plugin v27.4 - https:\/\/yoast.com\/product\/yoast-seo-wordpress\/ -->\n<title>Tungstenov\u00e9 gu\u013ev\u00f4\u010dky- Zlat\u00e9 (Ve\u013ek\u00e9), Code: HTDS7, HTDS8, HTDS9 - DOHIKU<\/title>\n<meta name=\"description\" content=\"So \u0161trbinou, ide\u00e1lne pre v\u0161etky h\u00e1\u010diky, vynikaj\u00face pre jigov\u00e9 h\u00e1\u010diky. V\u010faka novej kon\u0161trukcii ve\u013emi vysok\u00e1 hmotnos\u0165, naj\u0165a\u017e\u0161ie kor\u00e1lky na trhu.\" \/>\n<meta name=\"robots\" content=\"index, follow, max-snippet:-1, max-image-preview:large, max-video-preview:-1\" \/>\n<link rel=\"canonical\" href=\"https:\/\/dohiku.eu\/sk\/shop\/viazacie-materialy\/gulocky\/tungstenove-gulocky-s-drazkou\/tungstenove-gulvocky-zlate-velke-code-htds7-htds8-htds9\/\" \/>\n<meta property=\"og:locale\" content=\"sk_SK\" \/>\n<meta property=\"og:type\" content=\"article\" \/>\n<meta property=\"og:title\" content=\"Tungstenov\u00e9 gu\u013ev\u00f4\u010dky- Zlat\u00e9 (Ve\u013ek\u00e9), Code: HTDS7, HTDS8, HTDS9 - DOHIKU\" \/>\n<meta property=\"og:description\" content=\"So \u0161trbinou, ide\u00e1lne pre v\u0161etky h\u00e1\u010diky, vynikaj\u00face pre jigov\u00e9 h\u00e1\u010diky. V\u010faka novej kon\u0161trukcii ve\u013emi vysok\u00e1 hmotnos\u0165, naj\u0165a\u017e\u0161ie kor\u00e1lky na trhu.\" \/>\n<meta property=\"og:url\" content=\"https:\/\/dohiku.eu\/sk\/shop\/viazacie-materialy\/gulocky\/tungstenove-gulocky-s-drazkou\/tungstenove-gulvocky-zlate-velke-code-htds7-htds8-htds9\/\" \/>\n<meta property=\"og:site_name\" content=\"DOHIKU\" \/>\n<meta property=\"article:modified_time\" content=\"2026-01-27T10:44:06+00:00\" \/>\n<meta property=\"og:image\" content=\"https:\/\/dohiku.eu\/wp-content\/uploads\/2019\/03\/1560-Tungsten-Slotted-Gold-Big.jpg\" \/>\n\t<meta property=\"og:image:width\" content=\"2502\" \/>\n\t<meta property=\"og:image:height\" content=\"1512\" \/>\n\t<meta property=\"og:image:type\" content=\"image\/jpeg\" \/>\n<meta name=\"twitter:card\" content=\"summary_large_image\" \/>\n<meta name=\"twitter:label1\" content=\"Predpokladan\u00fd \u010das \u010d\u00edtania\" \/>\n\t<meta name=\"twitter:data1\" content=\"1 min\u00fata\" \/>\n<script type=\"application\/ld+json\" class=\"yoast-schema-graph\">{\"@context\":\"https:\\\/\\\/schema.org\",\"@graph\":[{\"@type\":\"WebPage\",\"@id\":\"https:\\\/\\\/dohiku.eu\\\/sk\\\/shop\\\/viazacie-materialy\\\/gulocky\\\/tungstenove-gulocky-s-drazkou\\\/tungstenove-gulvocky-zlate-velke-code-htds7-htds8-htds9\\\/\",\"url\":\"https:\\\/\\\/dohiku.eu\\\/sk\\\/shop\\\/viazacie-materialy\\\/gulocky\\\/tungstenove-gulocky-s-drazkou\\\/tungstenove-gulvocky-zlate-velke-code-htds7-htds8-htds9\\\/\",\"name\":\"Tungstenov\u00e9 gu\u013ev\u00f4\u010dky- Zlat\u00e9 (Ve\u013ek\u00e9), Code: HTDS7, HTDS8, HTDS9 - DOHIKU\",\"isPartOf\":{\"@id\":\"https:\\\/\\\/dohiku.eu\\\/sk\\\/#website\"},\"primaryImageOfPage\":{\"@id\":\"https:\\\/\\\/dohiku.eu\\\/sk\\\/shop\\\/viazacie-materialy\\\/gulocky\\\/tungstenove-gulocky-s-drazkou\\\/tungstenove-gulvocky-zlate-velke-code-htds7-htds8-htds9\\\/#primaryimage\"},\"image\":{\"@id\":\"https:\\\/\\\/dohiku.eu\\\/sk\\\/shop\\\/viazacie-materialy\\\/gulocky\\\/tungstenove-gulocky-s-drazkou\\\/tungstenove-gulvocky-zlate-velke-code-htds7-htds8-htds9\\\/#primaryimage\"},\"thumbnailUrl\":\"https:\\\/\\\/dohiku.eu\\\/wp-content\\\/uploads\\\/2019\\\/03\\\/1560-Tungsten-Slotted-Gold-Big.jpg\",\"datePublished\":\"2019-03-01T12:01:58+00:00\",\"dateModified\":\"2026-01-27T10:44:06+00:00\",\"description\":\"So \u0161trbinou, ide\u00e1lne pre v\u0161etky h\u00e1\u010diky, vynikaj\u00face pre jigov\u00e9 h\u00e1\u010diky. V\u010faka novej kon\u0161trukcii ve\u013emi vysok\u00e1 hmotnos\u0165, naj\u0165a\u017e\u0161ie kor\u00e1lky na trhu.\",\"breadcrumb\":{\"@id\":\"https:\\\/\\\/dohiku.eu\\\/sk\\\/shop\\\/viazacie-materialy\\\/gulocky\\\/tungstenove-gulocky-s-drazkou\\\/tungstenove-gulvocky-zlate-velke-code-htds7-htds8-htds9\\\/#breadcrumb\"},\"inLanguage\":\"sk-SK\",\"potentialAction\":[{\"@type\":\"ReadAction\",\"target\":[\"https:\\\/\\\/dohiku.eu\\\/sk\\\/shop\\\/viazacie-materialy\\\/gulocky\\\/tungstenove-gulocky-s-drazkou\\\/tungstenove-gulvocky-zlate-velke-code-htds7-htds8-htds9\\\/\"]}]},{\"@type\":\"ImageObject\",\"inLanguage\":\"sk-SK\",\"@id\":\"https:\\\/\\\/dohiku.eu\\\/sk\\\/shop\\\/viazacie-materialy\\\/gulocky\\\/tungstenove-gulocky-s-drazkou\\\/tungstenove-gulvocky-zlate-velke-code-htds7-htds8-htds9\\\/#primaryimage\",\"url\":\"https:\\\/\\\/dohiku.eu\\\/wp-content\\\/uploads\\\/2019\\\/03\\\/1560-Tungsten-Slotted-Gold-Big.jpg\",\"contentUrl\":\"https:\\\/\\\/dohiku.eu\\\/wp-content\\\/uploads\\\/2019\\\/03\\\/1560-Tungsten-Slotted-Gold-Big.jpg\",\"width\":2502,\"height\":1512},{\"@type\":\"BreadcrumbList\",\"@id\":\"https:\\\/\\\/dohiku.eu\\\/sk\\\/shop\\\/viazacie-materialy\\\/gulocky\\\/tungstenove-gulocky-s-drazkou\\\/tungstenove-gulvocky-zlate-velke-code-htds7-htds8-htds9\\\/#breadcrumb\",\"itemListElement\":[{\"@type\":\"ListItem\",\"position\":1,\"name\":\"Home\",\"item\":\"https:\\\/\\\/dohiku.eu\\\/sk\\\/\"},{\"@type\":\"ListItem\",\"position\":2,\"name\":\"PRODUCTS\",\"item\":\"https:\\\/\\\/dohiku.eu\\\/sk\\\/products\\\/\"},{\"@type\":\"ListItem\",\"position\":3,\"name\":\"Tungstenov\u00e9 gu\u013ev\u00f4\u010dky- Zlat\u00e9 (Ve\u013ek\u00e9), Code: HTDS7, HTDS8, HTDS9\"}]},{\"@type\":\"WebSite\",\"@id\":\"https:\\\/\\\/dohiku.eu\\\/sk\\\/#website\",\"url\":\"https:\\\/\\\/dohiku.eu\\\/sk\\\/\",\"name\":\"DOHIKU\",\"description\":\"H\u00e1\u010diky DOHIKU s\u00fa vyroben\u00e9 z vysoko uhl\u00edkovej ocele, ktor\u00e1 je kalen\u00e1 a pop\u00fa\u0161\u0165an\u00e1 pod\u013ea presn\u00e9ho receptu.\",\"publisher\":{\"@id\":\"https:\\\/\\\/dohiku.eu\\\/sk\\\/#organization\"},\"potentialAction\":[{\"@type\":\"SearchAction\",\"target\":{\"@type\":\"EntryPoint\",\"urlTemplate\":\"https:\\\/\\\/dohiku.eu\\\/sk\\\/?s={search_term_string}\"},\"query-input\":{\"@type\":\"PropertyValueSpecification\",\"valueRequired\":true,\"valueName\":\"search_term_string\"}}],\"inLanguage\":\"sk-SK\"},{\"@type\":\"Organization\",\"@id\":\"https:\\\/\\\/dohiku.eu\\\/sk\\\/#organization\",\"name\":\"DOHIKU s.r.o.\",\"url\":\"https:\\\/\\\/dohiku.eu\\\/sk\\\/\",\"logo\":{\"@type\":\"ImageObject\",\"inLanguage\":\"sk-SK\",\"@id\":\"https:\\\/\\\/dohiku.eu\\\/sk\\\/#\\\/schema\\\/logo\\\/image\\\/\",\"url\":\"https:\\\/\\\/dohiku.eu\\\/wp-content\\\/uploads\\\/2024\\\/01\\\/cropped-dohiku.png\",\"contentUrl\":\"https:\\\/\\\/dohiku.eu\\\/wp-content\\\/uploads\\\/2024\\\/01\\\/cropped-dohiku.png\",\"width\":137,\"height\":87,\"caption\":\"DOHIKU s.r.o.\"},\"image\":{\"@id\":\"https:\\\/\\\/dohiku.eu\\\/sk\\\/#\\\/schema\\\/logo\\\/image\\\/\"}}]}<\/script>\n<!-- \/ Yoast SEO plugin. -->","yoast_head_json":{"title":"Tungstenov\u00e9 gu\u013ev\u00f4\u010dky- Zlat\u00e9 (Ve\u013ek\u00e9), Code: HTDS7, HTDS8, HTDS9 - DOHIKU","description":"So \u0161trbinou, ide\u00e1lne pre v\u0161etky h\u00e1\u010diky, vynikaj\u00face pre jigov\u00e9 h\u00e1\u010diky. V\u010faka novej kon\u0161trukcii ve\u013emi vysok\u00e1 hmotnos\u0165, naj\u0165a\u017e\u0161ie kor\u00e1lky na trhu.","robots":{"index":"index","follow":"follow","max-snippet":"max-snippet:-1","max-image-preview":"max-image-preview:large","max-video-preview":"max-video-preview:-1"},"canonical":"https:\/\/dohiku.eu\/sk\/shop\/viazacie-materialy\/gulocky\/tungstenove-gulocky-s-drazkou\/tungstenove-gulvocky-zlate-velke-code-htds7-htds8-htds9\/","og_locale":"sk_SK","og_type":"article","og_title":"Tungstenov\u00e9 gu\u013ev\u00f4\u010dky- Zlat\u00e9 (Ve\u013ek\u00e9), Code: HTDS7, HTDS8, HTDS9 - DOHIKU","og_description":"So \u0161trbinou, ide\u00e1lne pre v\u0161etky h\u00e1\u010diky, vynikaj\u00face pre jigov\u00e9 h\u00e1\u010diky. V\u010faka novej kon\u0161trukcii ve\u013emi vysok\u00e1 hmotnos\u0165, naj\u0165a\u017e\u0161ie kor\u00e1lky na trhu.","og_url":"https:\/\/dohiku.eu\/sk\/shop\/viazacie-materialy\/gulocky\/tungstenove-gulocky-s-drazkou\/tungstenove-gulvocky-zlate-velke-code-htds7-htds8-htds9\/","og_site_name":"DOHIKU","article_modified_time":"2026-01-27T10:44:06+00:00","og_image":[{"width":2502,"height":1512,"url":"https:\/\/dohiku.eu\/wp-content\/uploads\/2019\/03\/1560-Tungsten-Slotted-Gold-Big.jpg","type":"image\/jpeg"}],"twitter_card":"summary_large_image","twitter_misc":{"Predpokladan\u00fd \u010das \u010d\u00edtania":"1 min\u00fata"},"schema":{"@context":"https:\/\/schema.org","@graph":[{"@type":"WebPage","@id":"https:\/\/dohiku.eu\/sk\/shop\/viazacie-materialy\/gulocky\/tungstenove-gulocky-s-drazkou\/tungstenove-gulvocky-zlate-velke-code-htds7-htds8-htds9\/","url":"https:\/\/dohiku.eu\/sk\/shop\/viazacie-materialy\/gulocky\/tungstenove-gulocky-s-drazkou\/tungstenove-gulvocky-zlate-velke-code-htds7-htds8-htds9\/","name":"Tungstenov\u00e9 gu\u013ev\u00f4\u010dky- Zlat\u00e9 (Ve\u013ek\u00e9), Code: HTDS7, HTDS8, HTDS9 - DOHIKU","isPartOf":{"@id":"https:\/\/dohiku.eu\/sk\/#website"},"primaryImageOfPage":{"@id":"https:\/\/dohiku.eu\/sk\/shop\/viazacie-materialy\/gulocky\/tungstenove-gulocky-s-drazkou\/tungstenove-gulvocky-zlate-velke-code-htds7-htds8-htds9\/#primaryimage"},"image":{"@id":"https:\/\/dohiku.eu\/sk\/shop\/viazacie-materialy\/gulocky\/tungstenove-gulocky-s-drazkou\/tungstenove-gulvocky-zlate-velke-code-htds7-htds8-htds9\/#primaryimage"},"thumbnailUrl":"https:\/\/dohiku.eu\/wp-content\/uploads\/2019\/03\/1560-Tungsten-Slotted-Gold-Big.jpg","datePublished":"2019-03-01T12:01:58+00:00","dateModified":"2026-01-27T10:44:06+00:00","description":"So \u0161trbinou, ide\u00e1lne pre v\u0161etky h\u00e1\u010diky, vynikaj\u00face pre jigov\u00e9 h\u00e1\u010diky. V\u010faka novej kon\u0161trukcii ve\u013emi vysok\u00e1 hmotnos\u0165, naj\u0165a\u017e\u0161ie kor\u00e1lky na trhu.","breadcrumb":{"@id":"https:\/\/dohiku.eu\/sk\/shop\/viazacie-materialy\/gulocky\/tungstenove-gulocky-s-drazkou\/tungstenove-gulvocky-zlate-velke-code-htds7-htds8-htds9\/#breadcrumb"},"inLanguage":"sk-SK","potentialAction":[{"@type":"ReadAction","target":["https:\/\/dohiku.eu\/sk\/shop\/viazacie-materialy\/gulocky\/tungstenove-gulocky-s-drazkou\/tungstenove-gulvocky-zlate-velke-code-htds7-htds8-htds9\/"]}]},{"@type":"ImageObject","inLanguage":"sk-SK","@id":"https:\/\/dohiku.eu\/sk\/shop\/viazacie-materialy\/gulocky\/tungstenove-gulocky-s-drazkou\/tungstenove-gulvocky-zlate-velke-code-htds7-htds8-htds9\/#primaryimage","url":"https:\/\/dohiku.eu\/wp-content\/uploads\/2019\/03\/1560-Tungsten-Slotted-Gold-Big.jpg","contentUrl":"https:\/\/dohiku.eu\/wp-content\/uploads\/2019\/03\/1560-Tungsten-Slotted-Gold-Big.jpg","width":2502,"height":1512},{"@type":"BreadcrumbList","@id":"https:\/\/dohiku.eu\/sk\/shop\/viazacie-materialy\/gulocky\/tungstenove-gulocky-s-drazkou\/tungstenove-gulvocky-zlate-velke-code-htds7-htds8-htds9\/#breadcrumb","itemListElement":[{"@type":"ListItem","position":1,"name":"Home","item":"https:\/\/dohiku.eu\/sk\/"},{"@type":"ListItem","position":2,"name":"PRODUCTS","item":"https:\/\/dohiku.eu\/sk\/products\/"},{"@type":"ListItem","position":3,"name":"Tungstenov\u00e9 gu\u013ev\u00f4\u010dky- Zlat\u00e9 (Ve\u013ek\u00e9), Code: HTDS7, HTDS8, HTDS9"}]},{"@type":"WebSite","@id":"https:\/\/dohiku.eu\/sk\/#website","url":"https:\/\/dohiku.eu\/sk\/","name":"DOHIKU","description":"H\u00e1\u010diky DOHIKU s\u00fa vyroben\u00e9 z vysoko uhl\u00edkovej ocele, ktor\u00e1 je kalen\u00e1 a pop\u00fa\u0161\u0165an\u00e1 pod\u013ea presn\u00e9ho receptu.","publisher":{"@id":"https:\/\/dohiku.eu\/sk\/#organization"},"potentialAction":[{"@type":"SearchAction","target":{"@type":"EntryPoint","urlTemplate":"https:\/\/dohiku.eu\/sk\/?s={search_term_string}"},"query-input":{"@type":"PropertyValueSpecification","valueRequired":true,"valueName":"search_term_string"}}],"inLanguage":"sk-SK"},{"@type":"Organization","@id":"https:\/\/dohiku.eu\/sk\/#organization","name":"DOHIKU s.r.o.","url":"https:\/\/dohiku.eu\/sk\/","logo":{"@type":"ImageObject","inLanguage":"sk-SK","@id":"https:\/\/dohiku.eu\/sk\/#\/schema\/logo\/image\/","url":"https:\/\/dohiku.eu\/wp-content\/uploads\/2024\/01\/cropped-dohiku.png","contentUrl":"https:\/\/dohiku.eu\/wp-content\/uploads\/2024\/01\/cropped-dohiku.png","width":137,"height":87,"caption":"DOHIKU s.r.o."},"image":{"@id":"https:\/\/dohiku.eu\/sk\/#\/schema\/logo\/image\/"}}]}},"_links":{"self":[{"href":"https:\/\/dohiku.eu\/sk\/wp-json\/wp\/v2\/product\/13481","targetHints":{"allow":["GET"]}}],"collection":[{"href":"https:\/\/dohiku.eu\/sk\/wp-json\/wp\/v2\/product"}],"about":[{"href":"https:\/\/dohiku.eu\/sk\/wp-json\/wp\/v2\/types\/product"}],"replies":[{"embeddable":true,"href":"https:\/\/dohiku.eu\/sk\/wp-json\/wp\/v2\/comments?post=13481"}],"wp:featuredmedia":[{"embeddable":true,"href":"https:\/\/dohiku.eu\/sk\/wp-json\/wp\/v2\/media\/6176"}],"wp:attachment":[{"href":"https:\/\/dohiku.eu\/sk\/wp-json\/wp\/v2\/media?parent=13481"}],"wp:term":[{"taxonomy":"product_brand","embeddable":true,"href":"https:\/\/dohiku.eu\/sk\/wp-json\/wp\/v2\/product_brand?post=13481"},{"taxonomy":"product_cat","embeddable":true,"href":"https:\/\/dohiku.eu\/sk\/wp-json\/wp\/v2\/product_cat?post=13481"},{"taxonomy":"product_tag","embeddable":true,"href":"https:\/\/dohiku.eu\/sk\/wp-json\/wp\/v2\/product_tag?post=13481"}],"curies":[{"name":"wp","href":"https:\/\/api.w.org\/{rel}","templated":true}]}}