{"id":13477,"date":"2022-06-20T13:36:10","date_gmt":"2022-06-20T13:36:10","guid":{"rendered":"https:\/\/dohiku.eu\/shop\/nezaraden\u00e9\/tungstenove-hlavicky-jig-off-copper-code-joc\/"},"modified":"2026-01-27T10:23:00","modified_gmt":"2026-01-27T10:23:00","slug":"tungstenove-hlavicky-jig-off-copper-code-joc","status":"publish","type":"product","link":"https:\/\/dohiku.eu\/sk\/shop\/viazacie-materialy\/gulocky\/tungstenove-gulocky-s-drazkou\/tungstenove-hlavicky-jig-off-copper-code-joc\/","title":{"rendered":"Tungstenov\u00e9 hlavi\u010dky Jig Off Copper, Code: JOC"},"content":{"rendered":"<div id=\"product-description-short-1655\" class=\"rte-content\" style=\"color: #777777;font-family: Karla, sans-serif;font-size: 15px\">\n<p style=\"margin-top: 0px;margin-bottom: 0px\">1 balenie \/ 10 ks<\/p>\n<p style=\"margin-top: 0px;margin-bottom: 0px\"><span style=\"color: #222222;font-family: Arial, Helvetica, sans-serif;font-size: small\">Volfr\u00e1mov\u00e9 kor\u00e1lky JIG Off sa pou\u017e\u00edvaj\u00fa na jigov\u00fdch h\u00e1\u010dikoch, ale m\u00f4\u017eu sa pou\u017ei\u0165 aj na nymfov\u00e9 h\u00e1\u010diky.<\/span><br style=\"color: #222222;font-family: Arial, Helvetica, sans-serif;font-size: small\" \/><span style=\"color: #222222;font-family: Arial, Helvetica, sans-serif;font-size: small\">Mucha vo vodnom st\u013apci v\u017edy pl\u00e1va \u0161pi\u010dkou nahor. Mu\u0161ky sa teda v\u017edy pot\u00e1paj\u00fa \u0165a\u017ekou stranou kor\u00e1lika nadol a hrot h\u00e1\u010dika smeruje nahor. To ve\u013emi \u010dasto zabra\u0148uje chytaniu mu\u0161iek na dne. Pri viazan\u00ed t\u0155\u0148a na mu\u0161k\u00e1ch mus\u00ed by\u0165 t\u0155\u0148 viazan\u00fd na strane ohybu h\u00e1\u010dikov.<\/span><\/p>\n<\/div>\n<div class=\"product-actions\" style=\"color: #777777;font-family: Karla, sans-serif;font-size: 15px\">\n<div class=\"product-variants\">\n<div class=\"clearfix product-variants-item\" style=\"margin: .5rem 1rem .5rem 0px;vertical-align: top\"><\/div>\n<\/div>\n<\/div>\n","protected":false},"excerpt":{"rendered":"<div id=\"product-description-short-1655\" class=\"rte-content\" style=\"color: #777777;font-family: Karla, sans-serif;font-size: 15px\">\n<p style=\"margin-top: 0px;margin-bottom: 0px\">1 balenie \/ 10 ks<\/p>\n<p style=\"margin-top: 0px;margin-bottom: 0px\"><span style=\"color: #222222;font-family: Arial, Helvetica, sans-serif;font-size: small\">Volfr\u00e1mov\u00e9 kor\u00e1lky JIG Off sa pou\u017e\u00edvaj\u00fa na jigov\u00fdch h\u00e1\u010dikoch, ale m\u00f4\u017eu sa pou\u017ei\u0165 aj na nymfov\u00e9 h\u00e1\u010diky.<\/span><br style=\"color: #222222;font-family: Arial, Helvetica, sans-serif;font-size: small\" \/><span style=\"color: #222222;font-family: Arial, Helvetica, sans-serif;font-size: small\">Mucha vo vodnom st\u013apci v\u017edy pl\u00e1va \u0161pi\u010dkou nahor. Mu\u0161ky sa teda v\u017edy pot\u00e1paj\u00fa \u0165a\u017ekou stranou kor\u00e1lika nadol a hrot h\u00e1\u010dika smeruje nahor. To ve\u013emi \u010dasto zabra\u0148uje chytaniu mu\u0161iek na dne. Pri viazan\u00ed t\u0155\u0148a na mu\u0161k\u00e1ch mus\u00ed by\u0165 t\u0155\u0148 viazan\u00fd na strane ohybu h\u00e1\u010dikov.<\/span><\/p>\n<\/div>\n<div class=\"product-actions\" style=\"color: #777777;font-family: Karla, sans-serif;font-size: 15px\">\n<div class=\"product-variants\">\n<div class=\"clearfix product-variants-item\" style=\"margin: .5rem 1rem .5rem 0px;vertical-align: top\"><\/div>\n<\/div>\n<\/div>\n","protected":false},"featured_media":6737,"comment_status":"closed","ping_status":"closed","template":"","meta":[],"product_brand":[],"product_cat":[528,511,549,529,525],"product_tag":[],"class_list":{"0":"post-13477","1":"product","2":"type-product","3":"status-publish","4":"has-post-thumbnail","6":"product_cat-gulocky","7":"product_cat-haciky","8":"product_cat-tungstenove-gulocky","9":"product_cat-tungstenove-gulocky-s-drazkou","10":"product_cat-viazacie-materialy","12":"first","13":"outofstock","14":"taxable","15":"shipping-taxable","16":"purchasable","17":"product-type-variable"},"yoast_head":"<!-- This site is optimized with the Yoast SEO plugin v27.4 - https:\/\/yoast.com\/product\/yoast-seo-wordpress\/ -->\n<title>Tungstenov\u00e9 hlavi\u010dky Jig Off Copper, Code: JOC - DOHIKU<\/title>\n<meta name=\"description\" content=\"Mucha vo vodnom st\u013apci v\u017edy pl\u00e1va \u0161pi\u010dkou nahor. Mu\u0161ky sa teda v\u017edy pot\u00e1paj\u00fa \u0165a\u017ekou stranou kor\u00e1lika nadol a h\u00e1\u010dik je...\" \/>\n<meta name=\"robots\" content=\"index, follow, max-snippet:-1, max-image-preview:large, max-video-preview:-1\" \/>\n<link rel=\"canonical\" href=\"https:\/\/dohiku.eu\/sk\/shop\/viazacie-materialy\/gulocky\/tungstenove-gulocky-s-drazkou\/tungstenove-hlavicky-jig-off-copper-code-joc\/\" \/>\n<meta property=\"og:locale\" content=\"sk_SK\" \/>\n<meta property=\"og:type\" content=\"article\" \/>\n<meta property=\"og:title\" content=\"Tungstenov\u00e9 hlavi\u010dky Jig Off Copper, Code: JOC - DOHIKU\" \/>\n<meta property=\"og:description\" content=\"Mucha vo vodnom st\u013apci v\u017edy pl\u00e1va \u0161pi\u010dkou nahor. Mu\u0161ky sa teda v\u017edy pot\u00e1paj\u00fa \u0165a\u017ekou stranou kor\u00e1lika nadol a h\u00e1\u010dik je...\" \/>\n<meta property=\"og:url\" content=\"https:\/\/dohiku.eu\/sk\/shop\/viazacie-materialy\/gulocky\/tungstenove-gulocky-s-drazkou\/tungstenove-hlavicky-jig-off-copper-code-joc\/\" \/>\n<meta property=\"og:site_name\" content=\"DOHIKU\" \/>\n<meta property=\"article:modified_time\" content=\"2026-01-27T10:23:00+00:00\" \/>\n<meta property=\"og:image\" content=\"https:\/\/dohiku.eu\/wp-content\/uploads\/2022\/06\/2651-Tungsten-Beads-Jig-Off-Copper.jpg\" \/>\n\t<meta property=\"og:image:width\" content=\"800\" \/>\n\t<meta property=\"og:image:height\" content=\"477\" \/>\n\t<meta property=\"og:image:type\" content=\"image\/jpeg\" \/>\n<meta name=\"twitter:card\" content=\"summary_large_image\" \/>\n<meta name=\"twitter:label1\" content=\"Predpokladan\u00fd \u010das \u010d\u00edtania\" \/>\n\t<meta name=\"twitter:data1\" content=\"1 min\u00fata\" \/>\n<script type=\"application\/ld+json\" class=\"yoast-schema-graph\">{\"@context\":\"https:\\\/\\\/schema.org\",\"@graph\":[{\"@type\":\"WebPage\",\"@id\":\"https:\\\/\\\/dohiku.eu\\\/sk\\\/shop\\\/viazacie-materialy\\\/gulocky\\\/tungstenove-gulocky-s-drazkou\\\/tungstenove-hlavicky-jig-off-copper-code-joc\\\/\",\"url\":\"https:\\\/\\\/dohiku.eu\\\/sk\\\/shop\\\/viazacie-materialy\\\/gulocky\\\/tungstenove-gulocky-s-drazkou\\\/tungstenove-hlavicky-jig-off-copper-code-joc\\\/\",\"name\":\"Tungstenov\u00e9 hlavi\u010dky Jig Off Copper, Code: JOC - DOHIKU\",\"isPartOf\":{\"@id\":\"https:\\\/\\\/dohiku.eu\\\/sk\\\/#website\"},\"primaryImageOfPage\":{\"@id\":\"https:\\\/\\\/dohiku.eu\\\/sk\\\/shop\\\/viazacie-materialy\\\/gulocky\\\/tungstenove-gulocky-s-drazkou\\\/tungstenove-hlavicky-jig-off-copper-code-joc\\\/#primaryimage\"},\"image\":{\"@id\":\"https:\\\/\\\/dohiku.eu\\\/sk\\\/shop\\\/viazacie-materialy\\\/gulocky\\\/tungstenove-gulocky-s-drazkou\\\/tungstenove-hlavicky-jig-off-copper-code-joc\\\/#primaryimage\"},\"thumbnailUrl\":\"https:\\\/\\\/dohiku.eu\\\/wp-content\\\/uploads\\\/2022\\\/06\\\/2651-Tungsten-Beads-Jig-Off-Copper.jpg\",\"datePublished\":\"2022-06-20T13:36:10+00:00\",\"dateModified\":\"2026-01-27T10:23:00+00:00\",\"description\":\"Mucha vo vodnom st\u013apci v\u017edy pl\u00e1va \u0161pi\u010dkou nahor. Mu\u0161ky sa teda v\u017edy pot\u00e1paj\u00fa \u0165a\u017ekou stranou kor\u00e1lika nadol a h\u00e1\u010dik je...\",\"breadcrumb\":{\"@id\":\"https:\\\/\\\/dohiku.eu\\\/sk\\\/shop\\\/viazacie-materialy\\\/gulocky\\\/tungstenove-gulocky-s-drazkou\\\/tungstenove-hlavicky-jig-off-copper-code-joc\\\/#breadcrumb\"},\"inLanguage\":\"sk-SK\",\"potentialAction\":[{\"@type\":\"ReadAction\",\"target\":[\"https:\\\/\\\/dohiku.eu\\\/sk\\\/shop\\\/viazacie-materialy\\\/gulocky\\\/tungstenove-gulocky-s-drazkou\\\/tungstenove-hlavicky-jig-off-copper-code-joc\\\/\"]}]},{\"@type\":\"ImageObject\",\"inLanguage\":\"sk-SK\",\"@id\":\"https:\\\/\\\/dohiku.eu\\\/sk\\\/shop\\\/viazacie-materialy\\\/gulocky\\\/tungstenove-gulocky-s-drazkou\\\/tungstenove-hlavicky-jig-off-copper-code-joc\\\/#primaryimage\",\"url\":\"https:\\\/\\\/dohiku.eu\\\/wp-content\\\/uploads\\\/2022\\\/06\\\/2651-Tungsten-Beads-Jig-Off-Copper.jpg\",\"contentUrl\":\"https:\\\/\\\/dohiku.eu\\\/wp-content\\\/uploads\\\/2022\\\/06\\\/2651-Tungsten-Beads-Jig-Off-Copper.jpg\",\"width\":800,\"height\":477},{\"@type\":\"BreadcrumbList\",\"@id\":\"https:\\\/\\\/dohiku.eu\\\/sk\\\/shop\\\/viazacie-materialy\\\/gulocky\\\/tungstenove-gulocky-s-drazkou\\\/tungstenove-hlavicky-jig-off-copper-code-joc\\\/#breadcrumb\",\"itemListElement\":[{\"@type\":\"ListItem\",\"position\":1,\"name\":\"Home\",\"item\":\"https:\\\/\\\/dohiku.eu\\\/sk\\\/\"},{\"@type\":\"ListItem\",\"position\":2,\"name\":\"PRODUCTS\",\"item\":\"https:\\\/\\\/dohiku.eu\\\/sk\\\/products\\\/\"},{\"@type\":\"ListItem\",\"position\":3,\"name\":\"Tungstenov\u00e9 hlavi\u010dky Jig Off Copper, Code: JOC\"}]},{\"@type\":\"WebSite\",\"@id\":\"https:\\\/\\\/dohiku.eu\\\/sk\\\/#website\",\"url\":\"https:\\\/\\\/dohiku.eu\\\/sk\\\/\",\"name\":\"DOHIKU\",\"description\":\"H\u00e1\u010diky DOHIKU s\u00fa vyroben\u00e9 z vysoko uhl\u00edkovej ocele, ktor\u00e1 je kalen\u00e1 a pop\u00fa\u0161\u0165an\u00e1 pod\u013ea presn\u00e9ho receptu.\",\"publisher\":{\"@id\":\"https:\\\/\\\/dohiku.eu\\\/sk\\\/#organization\"},\"potentialAction\":[{\"@type\":\"SearchAction\",\"target\":{\"@type\":\"EntryPoint\",\"urlTemplate\":\"https:\\\/\\\/dohiku.eu\\\/sk\\\/?s={search_term_string}\"},\"query-input\":{\"@type\":\"PropertyValueSpecification\",\"valueRequired\":true,\"valueName\":\"search_term_string\"}}],\"inLanguage\":\"sk-SK\"},{\"@type\":\"Organization\",\"@id\":\"https:\\\/\\\/dohiku.eu\\\/sk\\\/#organization\",\"name\":\"DOHIKU s.r.o.\",\"url\":\"https:\\\/\\\/dohiku.eu\\\/sk\\\/\",\"logo\":{\"@type\":\"ImageObject\",\"inLanguage\":\"sk-SK\",\"@id\":\"https:\\\/\\\/dohiku.eu\\\/sk\\\/#\\\/schema\\\/logo\\\/image\\\/\",\"url\":\"https:\\\/\\\/dohiku.eu\\\/wp-content\\\/uploads\\\/2024\\\/01\\\/cropped-dohiku.png\",\"contentUrl\":\"https:\\\/\\\/dohiku.eu\\\/wp-content\\\/uploads\\\/2024\\\/01\\\/cropped-dohiku.png\",\"width\":137,\"height\":87,\"caption\":\"DOHIKU s.r.o.\"},\"image\":{\"@id\":\"https:\\\/\\\/dohiku.eu\\\/sk\\\/#\\\/schema\\\/logo\\\/image\\\/\"}}]}<\/script>\n<!-- \/ Yoast SEO plugin. -->","yoast_head_json":{"title":"Tungstenov\u00e9 hlavi\u010dky Jig Off Copper, Code: JOC - DOHIKU","description":"Mucha vo vodnom st\u013apci v\u017edy pl\u00e1va \u0161pi\u010dkou nahor. Mu\u0161ky sa teda v\u017edy pot\u00e1paj\u00fa \u0165a\u017ekou stranou kor\u00e1lika nadol a h\u00e1\u010dik je...","robots":{"index":"index","follow":"follow","max-snippet":"max-snippet:-1","max-image-preview":"max-image-preview:large","max-video-preview":"max-video-preview:-1"},"canonical":"https:\/\/dohiku.eu\/sk\/shop\/viazacie-materialy\/gulocky\/tungstenove-gulocky-s-drazkou\/tungstenove-hlavicky-jig-off-copper-code-joc\/","og_locale":"sk_SK","og_type":"article","og_title":"Tungstenov\u00e9 hlavi\u010dky Jig Off Copper, Code: JOC - DOHIKU","og_description":"Mucha vo vodnom st\u013apci v\u017edy pl\u00e1va \u0161pi\u010dkou nahor. Mu\u0161ky sa teda v\u017edy pot\u00e1paj\u00fa \u0165a\u017ekou stranou kor\u00e1lika nadol a h\u00e1\u010dik je...","og_url":"https:\/\/dohiku.eu\/sk\/shop\/viazacie-materialy\/gulocky\/tungstenove-gulocky-s-drazkou\/tungstenove-hlavicky-jig-off-copper-code-joc\/","og_site_name":"DOHIKU","article_modified_time":"2026-01-27T10:23:00+00:00","og_image":[{"width":800,"height":477,"url":"https:\/\/dohiku.eu\/wp-content\/uploads\/2022\/06\/2651-Tungsten-Beads-Jig-Off-Copper.jpg","type":"image\/jpeg"}],"twitter_card":"summary_large_image","twitter_misc":{"Predpokladan\u00fd \u010das \u010d\u00edtania":"1 min\u00fata"},"schema":{"@context":"https:\/\/schema.org","@graph":[{"@type":"WebPage","@id":"https:\/\/dohiku.eu\/sk\/shop\/viazacie-materialy\/gulocky\/tungstenove-gulocky-s-drazkou\/tungstenove-hlavicky-jig-off-copper-code-joc\/","url":"https:\/\/dohiku.eu\/sk\/shop\/viazacie-materialy\/gulocky\/tungstenove-gulocky-s-drazkou\/tungstenove-hlavicky-jig-off-copper-code-joc\/","name":"Tungstenov\u00e9 hlavi\u010dky Jig Off Copper, Code: JOC - DOHIKU","isPartOf":{"@id":"https:\/\/dohiku.eu\/sk\/#website"},"primaryImageOfPage":{"@id":"https:\/\/dohiku.eu\/sk\/shop\/viazacie-materialy\/gulocky\/tungstenove-gulocky-s-drazkou\/tungstenove-hlavicky-jig-off-copper-code-joc\/#primaryimage"},"image":{"@id":"https:\/\/dohiku.eu\/sk\/shop\/viazacie-materialy\/gulocky\/tungstenove-gulocky-s-drazkou\/tungstenove-hlavicky-jig-off-copper-code-joc\/#primaryimage"},"thumbnailUrl":"https:\/\/dohiku.eu\/wp-content\/uploads\/2022\/06\/2651-Tungsten-Beads-Jig-Off-Copper.jpg","datePublished":"2022-06-20T13:36:10+00:00","dateModified":"2026-01-27T10:23:00+00:00","description":"Mucha vo vodnom st\u013apci v\u017edy pl\u00e1va \u0161pi\u010dkou nahor. Mu\u0161ky sa teda v\u017edy pot\u00e1paj\u00fa \u0165a\u017ekou stranou kor\u00e1lika nadol a h\u00e1\u010dik je...","breadcrumb":{"@id":"https:\/\/dohiku.eu\/sk\/shop\/viazacie-materialy\/gulocky\/tungstenove-gulocky-s-drazkou\/tungstenove-hlavicky-jig-off-copper-code-joc\/#breadcrumb"},"inLanguage":"sk-SK","potentialAction":[{"@type":"ReadAction","target":["https:\/\/dohiku.eu\/sk\/shop\/viazacie-materialy\/gulocky\/tungstenove-gulocky-s-drazkou\/tungstenove-hlavicky-jig-off-copper-code-joc\/"]}]},{"@type":"ImageObject","inLanguage":"sk-SK","@id":"https:\/\/dohiku.eu\/sk\/shop\/viazacie-materialy\/gulocky\/tungstenove-gulocky-s-drazkou\/tungstenove-hlavicky-jig-off-copper-code-joc\/#primaryimage","url":"https:\/\/dohiku.eu\/wp-content\/uploads\/2022\/06\/2651-Tungsten-Beads-Jig-Off-Copper.jpg","contentUrl":"https:\/\/dohiku.eu\/wp-content\/uploads\/2022\/06\/2651-Tungsten-Beads-Jig-Off-Copper.jpg","width":800,"height":477},{"@type":"BreadcrumbList","@id":"https:\/\/dohiku.eu\/sk\/shop\/viazacie-materialy\/gulocky\/tungstenove-gulocky-s-drazkou\/tungstenove-hlavicky-jig-off-copper-code-joc\/#breadcrumb","itemListElement":[{"@type":"ListItem","position":1,"name":"Home","item":"https:\/\/dohiku.eu\/sk\/"},{"@type":"ListItem","position":2,"name":"PRODUCTS","item":"https:\/\/dohiku.eu\/sk\/products\/"},{"@type":"ListItem","position":3,"name":"Tungstenov\u00e9 hlavi\u010dky Jig Off Copper, Code: JOC"}]},{"@type":"WebSite","@id":"https:\/\/dohiku.eu\/sk\/#website","url":"https:\/\/dohiku.eu\/sk\/","name":"DOHIKU","description":"H\u00e1\u010diky DOHIKU s\u00fa vyroben\u00e9 z vysoko uhl\u00edkovej ocele, ktor\u00e1 je kalen\u00e1 a pop\u00fa\u0161\u0165an\u00e1 pod\u013ea presn\u00e9ho receptu.","publisher":{"@id":"https:\/\/dohiku.eu\/sk\/#organization"},"potentialAction":[{"@type":"SearchAction","target":{"@type":"EntryPoint","urlTemplate":"https:\/\/dohiku.eu\/sk\/?s={search_term_string}"},"query-input":{"@type":"PropertyValueSpecification","valueRequired":true,"valueName":"search_term_string"}}],"inLanguage":"sk-SK"},{"@type":"Organization","@id":"https:\/\/dohiku.eu\/sk\/#organization","name":"DOHIKU s.r.o.","url":"https:\/\/dohiku.eu\/sk\/","logo":{"@type":"ImageObject","inLanguage":"sk-SK","@id":"https:\/\/dohiku.eu\/sk\/#\/schema\/logo\/image\/","url":"https:\/\/dohiku.eu\/wp-content\/uploads\/2024\/01\/cropped-dohiku.png","contentUrl":"https:\/\/dohiku.eu\/wp-content\/uploads\/2024\/01\/cropped-dohiku.png","width":137,"height":87,"caption":"DOHIKU s.r.o."},"image":{"@id":"https:\/\/dohiku.eu\/sk\/#\/schema\/logo\/image\/"}}]}},"_links":{"self":[{"href":"https:\/\/dohiku.eu\/sk\/wp-json\/wp\/v2\/product\/13477","targetHints":{"allow":["GET"]}}],"collection":[{"href":"https:\/\/dohiku.eu\/sk\/wp-json\/wp\/v2\/product"}],"about":[{"href":"https:\/\/dohiku.eu\/sk\/wp-json\/wp\/v2\/types\/product"}],"replies":[{"embeddable":true,"href":"https:\/\/dohiku.eu\/sk\/wp-json\/wp\/v2\/comments?post=13477"}],"wp:featuredmedia":[{"embeddable":true,"href":"https:\/\/dohiku.eu\/sk\/wp-json\/wp\/v2\/media\/6737"}],"wp:attachment":[{"href":"https:\/\/dohiku.eu\/sk\/wp-json\/wp\/v2\/media?parent=13477"}],"wp:term":[{"taxonomy":"product_brand","embeddable":true,"href":"https:\/\/dohiku.eu\/sk\/wp-json\/wp\/v2\/product_brand?post=13477"},{"taxonomy":"product_cat","embeddable":true,"href":"https:\/\/dohiku.eu\/sk\/wp-json\/wp\/v2\/product_cat?post=13477"},{"taxonomy":"product_tag","embeddable":true,"href":"https:\/\/dohiku.eu\/sk\/wp-json\/wp\/v2\/product_tag?post=13477"}],"curies":[{"name":"wp","href":"https:\/\/api.w.org\/{rel}","templated":true}]}}