{"id":13463,"date":"2019-03-01T12:02:01","date_gmt":"2019-03-01T12:02:01","guid":{"rendered":"https:\/\/dohiku.eu\/shop\/nezaraden\u00e9\/tungstenove-gulocky-s-drazkou-tmavofialova-htddf\/"},"modified":"2026-03-16T14:22:32","modified_gmt":"2026-03-16T14:22:32","slug":"tungstenove-gulocky-s-drazkou-tmavofialova-htddf","status":"publish","type":"product","link":"https:\/\/dohiku.eu\/sk\/shop\/viazacie-materialy\/gulocky\/tungstenove-gulocky-s-drazkou\/tungstenove-gulocky-s-drazkou-tmavofialova-htddf\/","title":{"rendered":"Tungstenov\u00e9 gul\u00f4\u010dky s dr\u00e1\u017ekou &#8211; Tmavofialov\u00e1, HTDDF"},"content":{"rendered":"<p>Gu\u013ev\u00f4\u010dky tie\u017e zvy\u0161uj\u00fa hmotnos\u0165 mu\u0161ky a umo\u017e\u0148uj\u00fa jej lep\u0161ie pl\u00e1vanie pri dne. \u0160peci\u00e1lne vyroben\u00e1 dr\u00e1\u017eka (\u017eliabok) v gu\u013e\u00f4\u010dke ponech\u00e1va maxim\u00e1lne mno\u017estvo materi\u00e1lu a u\u013eah\u010duje navle\u010denie hlavi\u010dky na h\u00e1\u010dik. Hlavi\u010dky s\u00fa vyroben\u00e9 z kvalitn\u00e9ho volfr\u00e1mu . To znamen\u00e1, \u017ee hlavi\u010dky z volfr\u00e1mu s\u00fa 1,7 kr\u00e1t \u0165a\u017e\u0161ie ako olovo a 2,2 \u0165a\u017e\u0161ie ako klasick\u00e9 mosadzn\u00e9 hlavi\u010dky.<br \/>\n1 balenie \u2013 10 ks.<\/p>\n","protected":false},"excerpt":{"rendered":"<p>Gu\u013ev\u00f4\u010dky tie\u017e zvy\u0161uj\u00fa hmotnos\u0165 mu\u0161ky a umo\u017e\u0148uj\u00fa jej lep\u0161ie pl\u00e1vanie pri dne. \u0160peci\u00e1lne vyroben\u00e1 dr\u00e1\u017eka (\u017eliabok) v gu\u013e\u00f4\u010dke ponech\u00e1va maxim\u00e1lne mno\u017estvo materi\u00e1lu a u\u013eah\u010duje navle\u010denie hlavi\u010dky na h\u00e1\u010dik. Hlavi\u010dky s\u00fa vyroben\u00e9 z kvalitn\u00e9ho volfr\u00e1mu . To znamen\u00e1, \u017ee hlavi\u010dky z volfr\u00e1mu s\u00fa 1,7 kr\u00e1t \u0165a\u017e\u0161ie ako olovo a 2,2 \u0165a\u017e\u0161ie ako klasick\u00e9 mosadzn\u00e9 hlavi\u010dky.<br \/>\n1 balenie \u2013 10 ks.<\/p>\n","protected":false},"featured_media":6395,"comment_status":"closed","ping_status":"closed","template":"","meta":[],"product_brand":[],"product_cat":[525,528,529],"product_tag":[],"class_list":{"0":"post-13463","1":"product","2":"type-product","3":"status-publish","4":"has-post-thumbnail","6":"product_cat-viazacie-materialy","7":"product_cat-gulocky","8":"product_cat-tungstenove-gulocky-s-drazkou","10":"first","11":"outofstock","12":"taxable","13":"shipping-taxable","14":"purchasable","15":"product-type-variable","16":"has-default-attributes"},"yoast_head":"<!-- This site is optimized with the Yoast SEO plugin v27.4 - https:\/\/yoast.com\/product\/yoast-seo-wordpress\/ -->\n<title>Tungstenov\u00e9 gul\u00f4\u010dky s dr\u00e1\u017ekou - Tmavofialov\u00e1, HTDDF - DOHIKU<\/title>\n<meta name=\"robots\" content=\"index, follow, max-snippet:-1, max-image-preview:large, max-video-preview:-1\" \/>\n<link rel=\"canonical\" href=\"https:\/\/dohiku.eu\/sk\/shop\/viazacie-materialy\/gulocky\/tungstenove-gulocky-s-drazkou\/tungstenove-gulocky-s-drazkou-tmavofialova-htddf\/\" \/>\n<meta property=\"og:locale\" content=\"sk_SK\" \/>\n<meta property=\"og:type\" content=\"article\" \/>\n<meta property=\"og:title\" content=\"Tungstenov\u00e9 gul\u00f4\u010dky s dr\u00e1\u017ekou - Tmavofialov\u00e1, HTDDF - DOHIKU\" \/>\n<meta property=\"og:description\" content=\"Gu\u013ev\u00f4\u010dky tie\u017e zvy\u0161uj\u00fa hmotnos\u0165 mu\u0161ky a umo\u017e\u0148uj\u00fa jej lep\u0161ie pl\u00e1vanie pri dne. \u0160peci\u00e1lne vyroben\u00e1 dr\u00e1\u017eka (\u017eliabok) v gu\u013e\u00f4\u010dke ponech\u00e1va maxim\u00e1lne mno\u017estvo materi\u00e1lu a u\u013eah\u010duje navle\u010denie hlavi\u010dky na h\u00e1\u010dik. Hlavi\u010dky s\u00fa vyroben\u00e9 z kvalitn\u00e9ho volfr\u00e1mu . To znamen\u00e1, \u017ee hlavi\u010dky z volfr\u00e1mu s\u00fa 1,7 kr\u00e1t \u0165a\u017e\u0161ie ako olovo a 2,2 \u0165a\u017e\u0161ie ako klasick\u00e9 mosadzn\u00e9 hlavi\u010dky. 1 balenie \u2013 10 ks.\" \/>\n<meta property=\"og:url\" content=\"https:\/\/dohiku.eu\/sk\/shop\/viazacie-materialy\/gulocky\/tungstenove-gulocky-s-drazkou\/tungstenove-gulocky-s-drazkou-tmavofialova-htddf\/\" \/>\n<meta property=\"og:site_name\" content=\"DOHIKU\" \/>\n<meta property=\"article:modified_time\" content=\"2026-03-16T14:22:32+00:00\" \/>\n<meta property=\"og:image\" content=\"https:\/\/dohiku.eu\/wp-content\/uploads\/2019\/03\/1796-Tungsten-Slotted-Dark-purple.jpg\" \/>\n\t<meta property=\"og:image:width\" content=\"1494\" \/>\n\t<meta property=\"og:image:height\" content=\"1068\" \/>\n\t<meta property=\"og:image:type\" content=\"image\/jpeg\" \/>\n<meta name=\"twitter:card\" content=\"summary_large_image\" \/>\n<meta name=\"twitter:label1\" content=\"Predpokladan\u00fd \u010das \u010d\u00edtania\" \/>\n\t<meta name=\"twitter:data1\" content=\"1 min\u00fata\" \/>\n<script type=\"application\/ld+json\" class=\"yoast-schema-graph\">{\"@context\":\"https:\\\/\\\/schema.org\",\"@graph\":[{\"@type\":\"WebPage\",\"@id\":\"https:\\\/\\\/dohiku.eu\\\/sk\\\/shop\\\/viazacie-materialy\\\/gulocky\\\/tungstenove-gulocky-s-drazkou\\\/tungstenove-gulocky-s-drazkou-tmavofialova-htddf\\\/\",\"url\":\"https:\\\/\\\/dohiku.eu\\\/sk\\\/shop\\\/viazacie-materialy\\\/gulocky\\\/tungstenove-gulocky-s-drazkou\\\/tungstenove-gulocky-s-drazkou-tmavofialova-htddf\\\/\",\"name\":\"Tungstenov\u00e9 gul\u00f4\u010dky s dr\u00e1\u017ekou - Tmavofialov\u00e1, HTDDF - DOHIKU\",\"isPartOf\":{\"@id\":\"https:\\\/\\\/dohiku.eu\\\/sk\\\/#website\"},\"primaryImageOfPage\":{\"@id\":\"https:\\\/\\\/dohiku.eu\\\/sk\\\/shop\\\/viazacie-materialy\\\/gulocky\\\/tungstenove-gulocky-s-drazkou\\\/tungstenove-gulocky-s-drazkou-tmavofialova-htddf\\\/#primaryimage\"},\"image\":{\"@id\":\"https:\\\/\\\/dohiku.eu\\\/sk\\\/shop\\\/viazacie-materialy\\\/gulocky\\\/tungstenove-gulocky-s-drazkou\\\/tungstenove-gulocky-s-drazkou-tmavofialova-htddf\\\/#primaryimage\"},\"thumbnailUrl\":\"https:\\\/\\\/dohiku.eu\\\/wp-content\\\/uploads\\\/2019\\\/03\\\/1796-Tungsten-Slotted-Dark-purple.jpg\",\"datePublished\":\"2019-03-01T12:02:01+00:00\",\"dateModified\":\"2026-03-16T14:22:32+00:00\",\"breadcrumb\":{\"@id\":\"https:\\\/\\\/dohiku.eu\\\/sk\\\/shop\\\/viazacie-materialy\\\/gulocky\\\/tungstenove-gulocky-s-drazkou\\\/tungstenove-gulocky-s-drazkou-tmavofialova-htddf\\\/#breadcrumb\"},\"inLanguage\":\"sk-SK\",\"potentialAction\":[{\"@type\":\"ReadAction\",\"target\":[\"https:\\\/\\\/dohiku.eu\\\/sk\\\/shop\\\/viazacie-materialy\\\/gulocky\\\/tungstenove-gulocky-s-drazkou\\\/tungstenove-gulocky-s-drazkou-tmavofialova-htddf\\\/\"]}]},{\"@type\":\"ImageObject\",\"inLanguage\":\"sk-SK\",\"@id\":\"https:\\\/\\\/dohiku.eu\\\/sk\\\/shop\\\/viazacie-materialy\\\/gulocky\\\/tungstenove-gulocky-s-drazkou\\\/tungstenove-gulocky-s-drazkou-tmavofialova-htddf\\\/#primaryimage\",\"url\":\"https:\\\/\\\/dohiku.eu\\\/wp-content\\\/uploads\\\/2019\\\/03\\\/1796-Tungsten-Slotted-Dark-purple.jpg\",\"contentUrl\":\"https:\\\/\\\/dohiku.eu\\\/wp-content\\\/uploads\\\/2019\\\/03\\\/1796-Tungsten-Slotted-Dark-purple.jpg\",\"width\":1494,\"height\":1068},{\"@type\":\"BreadcrumbList\",\"@id\":\"https:\\\/\\\/dohiku.eu\\\/sk\\\/shop\\\/viazacie-materialy\\\/gulocky\\\/tungstenove-gulocky-s-drazkou\\\/tungstenove-gulocky-s-drazkou-tmavofialova-htddf\\\/#breadcrumb\",\"itemListElement\":[{\"@type\":\"ListItem\",\"position\":1,\"name\":\"Home\",\"item\":\"https:\\\/\\\/dohiku.eu\\\/sk\\\/\"},{\"@type\":\"ListItem\",\"position\":2,\"name\":\"PRODUCTS\",\"item\":\"https:\\\/\\\/dohiku.eu\\\/sk\\\/products\\\/\"},{\"@type\":\"ListItem\",\"position\":3,\"name\":\"Tungstenov\u00e9 gul\u00f4\u010dky s dr\u00e1\u017ekou &#8211; Tmavofialov\u00e1, HTDDF\"}]},{\"@type\":\"WebSite\",\"@id\":\"https:\\\/\\\/dohiku.eu\\\/sk\\\/#website\",\"url\":\"https:\\\/\\\/dohiku.eu\\\/sk\\\/\",\"name\":\"DOHIKU\",\"description\":\"H\u00e1\u010diky DOHIKU s\u00fa vyroben\u00e9 z vysoko uhl\u00edkovej ocele, ktor\u00e1 je kalen\u00e1 a pop\u00fa\u0161\u0165an\u00e1 pod\u013ea presn\u00e9ho receptu.\",\"publisher\":{\"@id\":\"https:\\\/\\\/dohiku.eu\\\/sk\\\/#organization\"},\"potentialAction\":[{\"@type\":\"SearchAction\",\"target\":{\"@type\":\"EntryPoint\",\"urlTemplate\":\"https:\\\/\\\/dohiku.eu\\\/sk\\\/?s={search_term_string}\"},\"query-input\":{\"@type\":\"PropertyValueSpecification\",\"valueRequired\":true,\"valueName\":\"search_term_string\"}}],\"inLanguage\":\"sk-SK\"},{\"@type\":\"Organization\",\"@id\":\"https:\\\/\\\/dohiku.eu\\\/sk\\\/#organization\",\"name\":\"DOHIKU s.r.o.\",\"url\":\"https:\\\/\\\/dohiku.eu\\\/sk\\\/\",\"logo\":{\"@type\":\"ImageObject\",\"inLanguage\":\"sk-SK\",\"@id\":\"https:\\\/\\\/dohiku.eu\\\/sk\\\/#\\\/schema\\\/logo\\\/image\\\/\",\"url\":\"https:\\\/\\\/dohiku.eu\\\/wp-content\\\/uploads\\\/2024\\\/01\\\/cropped-dohiku.png\",\"contentUrl\":\"https:\\\/\\\/dohiku.eu\\\/wp-content\\\/uploads\\\/2024\\\/01\\\/cropped-dohiku.png\",\"width\":137,\"height\":87,\"caption\":\"DOHIKU s.r.o.\"},\"image\":{\"@id\":\"https:\\\/\\\/dohiku.eu\\\/sk\\\/#\\\/schema\\\/logo\\\/image\\\/\"}}]}<\/script>\n<!-- \/ Yoast SEO plugin. -->","yoast_head_json":{"title":"Tungstenov\u00e9 gul\u00f4\u010dky s dr\u00e1\u017ekou - Tmavofialov\u00e1, HTDDF - DOHIKU","robots":{"index":"index","follow":"follow","max-snippet":"max-snippet:-1","max-image-preview":"max-image-preview:large","max-video-preview":"max-video-preview:-1"},"canonical":"https:\/\/dohiku.eu\/sk\/shop\/viazacie-materialy\/gulocky\/tungstenove-gulocky-s-drazkou\/tungstenove-gulocky-s-drazkou-tmavofialova-htddf\/","og_locale":"sk_SK","og_type":"article","og_title":"Tungstenov\u00e9 gul\u00f4\u010dky s dr\u00e1\u017ekou - Tmavofialov\u00e1, HTDDF - DOHIKU","og_description":"Gu\u013ev\u00f4\u010dky tie\u017e zvy\u0161uj\u00fa hmotnos\u0165 mu\u0161ky a umo\u017e\u0148uj\u00fa jej lep\u0161ie pl\u00e1vanie pri dne. \u0160peci\u00e1lne vyroben\u00e1 dr\u00e1\u017eka (\u017eliabok) v gu\u013e\u00f4\u010dke ponech\u00e1va maxim\u00e1lne mno\u017estvo materi\u00e1lu a u\u013eah\u010duje navle\u010denie hlavi\u010dky na h\u00e1\u010dik. Hlavi\u010dky s\u00fa vyroben\u00e9 z kvalitn\u00e9ho volfr\u00e1mu . To znamen\u00e1, \u017ee hlavi\u010dky z volfr\u00e1mu s\u00fa 1,7 kr\u00e1t \u0165a\u017e\u0161ie ako olovo a 2,2 \u0165a\u017e\u0161ie ako klasick\u00e9 mosadzn\u00e9 hlavi\u010dky. 1 balenie \u2013 10 ks.","og_url":"https:\/\/dohiku.eu\/sk\/shop\/viazacie-materialy\/gulocky\/tungstenove-gulocky-s-drazkou\/tungstenove-gulocky-s-drazkou-tmavofialova-htddf\/","og_site_name":"DOHIKU","article_modified_time":"2026-03-16T14:22:32+00:00","og_image":[{"width":1494,"height":1068,"url":"https:\/\/dohiku.eu\/wp-content\/uploads\/2019\/03\/1796-Tungsten-Slotted-Dark-purple.jpg","type":"image\/jpeg"}],"twitter_card":"summary_large_image","twitter_misc":{"Predpokladan\u00fd \u010das \u010d\u00edtania":"1 min\u00fata"},"schema":{"@context":"https:\/\/schema.org","@graph":[{"@type":"WebPage","@id":"https:\/\/dohiku.eu\/sk\/shop\/viazacie-materialy\/gulocky\/tungstenove-gulocky-s-drazkou\/tungstenove-gulocky-s-drazkou-tmavofialova-htddf\/","url":"https:\/\/dohiku.eu\/sk\/shop\/viazacie-materialy\/gulocky\/tungstenove-gulocky-s-drazkou\/tungstenove-gulocky-s-drazkou-tmavofialova-htddf\/","name":"Tungstenov\u00e9 gul\u00f4\u010dky s dr\u00e1\u017ekou - Tmavofialov\u00e1, HTDDF - DOHIKU","isPartOf":{"@id":"https:\/\/dohiku.eu\/sk\/#website"},"primaryImageOfPage":{"@id":"https:\/\/dohiku.eu\/sk\/shop\/viazacie-materialy\/gulocky\/tungstenove-gulocky-s-drazkou\/tungstenove-gulocky-s-drazkou-tmavofialova-htddf\/#primaryimage"},"image":{"@id":"https:\/\/dohiku.eu\/sk\/shop\/viazacie-materialy\/gulocky\/tungstenove-gulocky-s-drazkou\/tungstenove-gulocky-s-drazkou-tmavofialova-htddf\/#primaryimage"},"thumbnailUrl":"https:\/\/dohiku.eu\/wp-content\/uploads\/2019\/03\/1796-Tungsten-Slotted-Dark-purple.jpg","datePublished":"2019-03-01T12:02:01+00:00","dateModified":"2026-03-16T14:22:32+00:00","breadcrumb":{"@id":"https:\/\/dohiku.eu\/sk\/shop\/viazacie-materialy\/gulocky\/tungstenove-gulocky-s-drazkou\/tungstenove-gulocky-s-drazkou-tmavofialova-htddf\/#breadcrumb"},"inLanguage":"sk-SK","potentialAction":[{"@type":"ReadAction","target":["https:\/\/dohiku.eu\/sk\/shop\/viazacie-materialy\/gulocky\/tungstenove-gulocky-s-drazkou\/tungstenove-gulocky-s-drazkou-tmavofialova-htddf\/"]}]},{"@type":"ImageObject","inLanguage":"sk-SK","@id":"https:\/\/dohiku.eu\/sk\/shop\/viazacie-materialy\/gulocky\/tungstenove-gulocky-s-drazkou\/tungstenove-gulocky-s-drazkou-tmavofialova-htddf\/#primaryimage","url":"https:\/\/dohiku.eu\/wp-content\/uploads\/2019\/03\/1796-Tungsten-Slotted-Dark-purple.jpg","contentUrl":"https:\/\/dohiku.eu\/wp-content\/uploads\/2019\/03\/1796-Tungsten-Slotted-Dark-purple.jpg","width":1494,"height":1068},{"@type":"BreadcrumbList","@id":"https:\/\/dohiku.eu\/sk\/shop\/viazacie-materialy\/gulocky\/tungstenove-gulocky-s-drazkou\/tungstenove-gulocky-s-drazkou-tmavofialova-htddf\/#breadcrumb","itemListElement":[{"@type":"ListItem","position":1,"name":"Home","item":"https:\/\/dohiku.eu\/sk\/"},{"@type":"ListItem","position":2,"name":"PRODUCTS","item":"https:\/\/dohiku.eu\/sk\/products\/"},{"@type":"ListItem","position":3,"name":"Tungstenov\u00e9 gul\u00f4\u010dky s dr\u00e1\u017ekou &#8211; Tmavofialov\u00e1, HTDDF"}]},{"@type":"WebSite","@id":"https:\/\/dohiku.eu\/sk\/#website","url":"https:\/\/dohiku.eu\/sk\/","name":"DOHIKU","description":"H\u00e1\u010diky DOHIKU s\u00fa vyroben\u00e9 z vysoko uhl\u00edkovej ocele, ktor\u00e1 je kalen\u00e1 a pop\u00fa\u0161\u0165an\u00e1 pod\u013ea presn\u00e9ho receptu.","publisher":{"@id":"https:\/\/dohiku.eu\/sk\/#organization"},"potentialAction":[{"@type":"SearchAction","target":{"@type":"EntryPoint","urlTemplate":"https:\/\/dohiku.eu\/sk\/?s={search_term_string}"},"query-input":{"@type":"PropertyValueSpecification","valueRequired":true,"valueName":"search_term_string"}}],"inLanguage":"sk-SK"},{"@type":"Organization","@id":"https:\/\/dohiku.eu\/sk\/#organization","name":"DOHIKU s.r.o.","url":"https:\/\/dohiku.eu\/sk\/","logo":{"@type":"ImageObject","inLanguage":"sk-SK","@id":"https:\/\/dohiku.eu\/sk\/#\/schema\/logo\/image\/","url":"https:\/\/dohiku.eu\/wp-content\/uploads\/2024\/01\/cropped-dohiku.png","contentUrl":"https:\/\/dohiku.eu\/wp-content\/uploads\/2024\/01\/cropped-dohiku.png","width":137,"height":87,"caption":"DOHIKU s.r.o."},"image":{"@id":"https:\/\/dohiku.eu\/sk\/#\/schema\/logo\/image\/"}}]}},"_links":{"self":[{"href":"https:\/\/dohiku.eu\/sk\/wp-json\/wp\/v2\/product\/13463","targetHints":{"allow":["GET"]}}],"collection":[{"href":"https:\/\/dohiku.eu\/sk\/wp-json\/wp\/v2\/product"}],"about":[{"href":"https:\/\/dohiku.eu\/sk\/wp-json\/wp\/v2\/types\/product"}],"replies":[{"embeddable":true,"href":"https:\/\/dohiku.eu\/sk\/wp-json\/wp\/v2\/comments?post=13463"}],"wp:featuredmedia":[{"embeddable":true,"href":"https:\/\/dohiku.eu\/sk\/wp-json\/wp\/v2\/media\/6395"}],"wp:attachment":[{"href":"https:\/\/dohiku.eu\/sk\/wp-json\/wp\/v2\/media?parent=13463"}],"wp:term":[{"taxonomy":"product_brand","embeddable":true,"href":"https:\/\/dohiku.eu\/sk\/wp-json\/wp\/v2\/product_brand?post=13463"},{"taxonomy":"product_cat","embeddable":true,"href":"https:\/\/dohiku.eu\/sk\/wp-json\/wp\/v2\/product_cat?post=13463"},{"taxonomy":"product_tag","embeddable":true,"href":"https:\/\/dohiku.eu\/sk\/wp-json\/wp\/v2\/product_tag?post=13463"}],"curies":[{"name":"wp","href":"https:\/\/api.w.org\/{rel}","templated":true}]}}