{"id":13307,"date":"2019-03-01T12:01:45","date_gmt":"2019-03-01T12:01:45","guid":{"rendered":"https:\/\/dohiku.eu\/shop\/nezaraden\u00e9\/tungstenove-gulocky-s-drazkou-farba-zlata-1-balenie-10-ks-specialne-vyrobena-drazka-zliabok-v-gulocke-ponechava-maximalne-mnozstvo-materialu-a-ulahcuje-navlecenie-hlavicky-na-hacik-hlavicky-su\/"},"modified":"2026-04-21T15:56:27","modified_gmt":"2026-04-21T15:56:27","slug":"tungstenove-gulocky-s-drazkou-farba-zlata-htdg","status":"publish","type":"product","link":"https:\/\/dohiku.eu\/sk\/shop\/viazacie-materialy\/gulocky\/tungstenove-gulocky-s-drazkou\/tungstenove-gulocky-s-drazkou-farba-zlata-htdg\/","title":{"rendered":"Tungstenov\u00e9 gul\u00f4\u010dky s dr\u00e1\u017ekou. Farba: zlat\u00e1. HTDG"},"content":{"rendered":"<p>1 balenie \/ 10 ks<\/p>\n<p>Na\u0161e volfr\u00e1mov\u00e9 kor\u00e1lkov\u00e9 hlavi\u010dky dodaj\u00fa va\u0161im nymf\u00e1m prirodzenej\u0161\u00ed vzh\u013ead. gu\u013ev\u00f4\u010dky tie\u017e zvy\u0161uj\u00fa hmotnos\u0165 mu\u0161ky a umo\u017e\u0148uj\u00fa jej lep\u0161ie pl\u00e1vanie pri dne. Dr\u00e1\u017eka pom\u00e1ha navliec\u0165 kor\u00e1lku na h\u00e1\u010dik.<br \/>\nVynikaj\u00faca kvalita. Volfr\u00e1mov\u00e9 hlavi\u010dky s\u00fa 1,7-kr\u00e1t \u0165a\u017e\u0161ie ako oloven\u00e9 a 2,2-kr\u00e1t \u0165a\u017e\u0161ie ako klasick\u00e9 mosadzn\u00e9 hlavi\u010dky.<\/p>\n","protected":false},"excerpt":{"rendered":"<p>1 balenie \/ 10 ks<\/p>\n<p>Na\u0161e volfr\u00e1mov\u00e9 kor\u00e1lkov\u00e9 hlavi\u010dky dodaj\u00fa va\u0161im nymf\u00e1m prirodzenej\u0161\u00ed vzh\u013ead. gu\u013ev\u00f4\u010dky tie\u017e zvy\u0161uj\u00fa hmotnos\u0165 mu\u0161ky a umo\u017e\u0148uj\u00fa jej lep\u0161ie pl\u00e1vanie pri dne. Dr\u00e1\u017eka pom\u00e1ha navliec\u0165 kor\u00e1lku na h\u00e1\u010dik.<br \/>\nVynikaj\u00faca kvalita. Volfr\u00e1mov\u00e9 hlavi\u010dky s\u00fa 1,7-kr\u00e1t \u0165a\u017e\u0161ie ako oloven\u00e9 a 2,2-kr\u00e1t \u0165a\u017e\u0161ie ako klasick\u00e9 mosadzn\u00e9 hlavi\u010dky.<\/p>\n","protected":false},"featured_media":5165,"comment_status":"closed","ping_status":"closed","template":"","meta":[],"product_brand":[],"product_cat":[528,529,525],"product_tag":[776,777,718],"class_list":{"0":"post-13307","1":"product","2":"type-product","3":"status-publish","4":"has-post-thumbnail","6":"product_cat-gulocky","7":"product_cat-tungstenove-gulocky-s-drazkou","8":"product_cat-viazacie-materialy","9":"product_tag-materials-beads-tungsten-sk","10":"product_tag-slotted-sk","11":"product_tag-tying-sk","13":"first","14":"outofstock","15":"taxable","16":"shipping-taxable","17":"purchasable","18":"product-type-variable","19":"has-default-attributes"},"yoast_head":"<!-- This site is optimized with the Yoast SEO plugin v27.4 - https:\/\/yoast.com\/product\/yoast-seo-wordpress\/ -->\n<title>Tungstenov\u00e9 gul\u00f4\u010dky s dr\u00e1\u017ekou. Farba: zlat\u00e1. HTDG - DOHIKU<\/title>\n<meta name=\"robots\" content=\"index, follow, max-snippet:-1, max-image-preview:large, max-video-preview:-1\" \/>\n<link rel=\"canonical\" href=\"https:\/\/dohiku.eu\/sk\/shop\/viazacie-materialy\/gulocky\/tungstenove-gulocky-s-drazkou\/tungstenove-gulocky-s-drazkou-farba-zlata-htdg\/\" \/>\n<meta property=\"og:locale\" content=\"sk_SK\" \/>\n<meta property=\"og:type\" content=\"article\" \/>\n<meta property=\"og:title\" content=\"Tungstenov\u00e9 gul\u00f4\u010dky s dr\u00e1\u017ekou. Farba: zlat\u00e1. HTDG - DOHIKU\" \/>\n<meta property=\"og:description\" content=\"1 balenie \/ 10 ks  Na\u0161e volfr\u00e1mov\u00e9 kor\u00e1lkov\u00e9 hlavi\u010dky dodaj\u00fa va\u0161im nymf\u00e1m prirodzenej\u0161\u00ed vzh\u013ead. gu\u013ev\u00f4\u010dky tie\u017e zvy\u0161uj\u00fa hmotnos\u0165 mu\u0161ky a umo\u017e\u0148uj\u00fa jej lep\u0161ie pl\u00e1vanie pri dne. Dr\u00e1\u017eka pom\u00e1ha navliec\u0165 kor\u00e1lku na h\u00e1\u010dik. Vynikaj\u00faca kvalita. Volfr\u00e1mov\u00e9 hlavi\u010dky s\u00fa 1,7-kr\u00e1t \u0165a\u017e\u0161ie ako oloven\u00e9 a 2,2-kr\u00e1t \u0165a\u017e\u0161ie ako klasick\u00e9 mosadzn\u00e9 hlavi\u010dky.\" \/>\n<meta property=\"og:url\" content=\"https:\/\/dohiku.eu\/sk\/shop\/viazacie-materialy\/gulocky\/tungstenove-gulocky-s-drazkou\/tungstenove-gulocky-s-drazkou-farba-zlata-htdg\/\" \/>\n<meta property=\"og:site_name\" content=\"DOHIKU\" \/>\n<meta property=\"article:modified_time\" content=\"2026-04-21T15:56:27+00:00\" \/>\n<meta property=\"og:image\" content=\"https:\/\/dohiku.eu\/wp-content\/uploads\/2019\/03\/2076-Tungsten-Slotted-Gold.jpg\" \/>\n\t<meta property=\"og:image:width\" content=\"500\" \/>\n\t<meta property=\"og:image:height\" content=\"400\" \/>\n\t<meta property=\"og:image:type\" content=\"image\/jpeg\" \/>\n<meta name=\"twitter:card\" content=\"summary_large_image\" \/>\n<meta name=\"twitter:label1\" content=\"Predpokladan\u00fd \u010das \u010d\u00edtania\" \/>\n\t<meta name=\"twitter:data1\" content=\"1 min\u00fata\" \/>\n<script type=\"application\/ld+json\" class=\"yoast-schema-graph\">{\"@context\":\"https:\\\/\\\/schema.org\",\"@graph\":[{\"@type\":\"WebPage\",\"@id\":\"https:\\\/\\\/dohiku.eu\\\/sk\\\/shop\\\/viazacie-materialy\\\/gulocky\\\/tungstenove-gulocky-s-drazkou\\\/tungstenove-gulocky-s-drazkou-farba-zlata-htdg\\\/\",\"url\":\"https:\\\/\\\/dohiku.eu\\\/sk\\\/shop\\\/viazacie-materialy\\\/gulocky\\\/tungstenove-gulocky-s-drazkou\\\/tungstenove-gulocky-s-drazkou-farba-zlata-htdg\\\/\",\"name\":\"Tungstenov\u00e9 gul\u00f4\u010dky s dr\u00e1\u017ekou. Farba: zlat\u00e1. HTDG - DOHIKU\",\"isPartOf\":{\"@id\":\"https:\\\/\\\/dohiku.eu\\\/sk\\\/#website\"},\"primaryImageOfPage\":{\"@id\":\"https:\\\/\\\/dohiku.eu\\\/sk\\\/shop\\\/viazacie-materialy\\\/gulocky\\\/tungstenove-gulocky-s-drazkou\\\/tungstenove-gulocky-s-drazkou-farba-zlata-htdg\\\/#primaryimage\"},\"image\":{\"@id\":\"https:\\\/\\\/dohiku.eu\\\/sk\\\/shop\\\/viazacie-materialy\\\/gulocky\\\/tungstenove-gulocky-s-drazkou\\\/tungstenove-gulocky-s-drazkou-farba-zlata-htdg\\\/#primaryimage\"},\"thumbnailUrl\":\"https:\\\/\\\/dohiku.eu\\\/wp-content\\\/uploads\\\/2019\\\/03\\\/2076-Tungsten-Slotted-Gold.jpg\",\"datePublished\":\"2019-03-01T12:01:45+00:00\",\"dateModified\":\"2026-04-21T15:56:27+00:00\",\"breadcrumb\":{\"@id\":\"https:\\\/\\\/dohiku.eu\\\/sk\\\/shop\\\/viazacie-materialy\\\/gulocky\\\/tungstenove-gulocky-s-drazkou\\\/tungstenove-gulocky-s-drazkou-farba-zlata-htdg\\\/#breadcrumb\"},\"inLanguage\":\"sk-SK\",\"potentialAction\":[{\"@type\":\"ReadAction\",\"target\":[\"https:\\\/\\\/dohiku.eu\\\/sk\\\/shop\\\/viazacie-materialy\\\/gulocky\\\/tungstenove-gulocky-s-drazkou\\\/tungstenove-gulocky-s-drazkou-farba-zlata-htdg\\\/\"]}]},{\"@type\":\"ImageObject\",\"inLanguage\":\"sk-SK\",\"@id\":\"https:\\\/\\\/dohiku.eu\\\/sk\\\/shop\\\/viazacie-materialy\\\/gulocky\\\/tungstenove-gulocky-s-drazkou\\\/tungstenove-gulocky-s-drazkou-farba-zlata-htdg\\\/#primaryimage\",\"url\":\"https:\\\/\\\/dohiku.eu\\\/wp-content\\\/uploads\\\/2019\\\/03\\\/2076-Tungsten-Slotted-Gold.jpg\",\"contentUrl\":\"https:\\\/\\\/dohiku.eu\\\/wp-content\\\/uploads\\\/2019\\\/03\\\/2076-Tungsten-Slotted-Gold.jpg\",\"width\":500,\"height\":400},{\"@type\":\"BreadcrumbList\",\"@id\":\"https:\\\/\\\/dohiku.eu\\\/sk\\\/shop\\\/viazacie-materialy\\\/gulocky\\\/tungstenove-gulocky-s-drazkou\\\/tungstenove-gulocky-s-drazkou-farba-zlata-htdg\\\/#breadcrumb\",\"itemListElement\":[{\"@type\":\"ListItem\",\"position\":1,\"name\":\"Home\",\"item\":\"https:\\\/\\\/dohiku.eu\\\/sk\\\/\"},{\"@type\":\"ListItem\",\"position\":2,\"name\":\"PRODUCTS\",\"item\":\"https:\\\/\\\/dohiku.eu\\\/sk\\\/products\\\/\"},{\"@type\":\"ListItem\",\"position\":3,\"name\":\"Tungstenov\u00e9 gul\u00f4\u010dky s dr\u00e1\u017ekou. Farba: zlat\u00e1. HTDG\"}]},{\"@type\":\"WebSite\",\"@id\":\"https:\\\/\\\/dohiku.eu\\\/sk\\\/#website\",\"url\":\"https:\\\/\\\/dohiku.eu\\\/sk\\\/\",\"name\":\"DOHIKU\",\"description\":\"H\u00e1\u010diky DOHIKU s\u00fa vyroben\u00e9 z vysoko uhl\u00edkovej ocele, ktor\u00e1 je kalen\u00e1 a pop\u00fa\u0161\u0165an\u00e1 pod\u013ea presn\u00e9ho receptu.\",\"publisher\":{\"@id\":\"https:\\\/\\\/dohiku.eu\\\/sk\\\/#organization\"},\"potentialAction\":[{\"@type\":\"SearchAction\",\"target\":{\"@type\":\"EntryPoint\",\"urlTemplate\":\"https:\\\/\\\/dohiku.eu\\\/sk\\\/?s={search_term_string}\"},\"query-input\":{\"@type\":\"PropertyValueSpecification\",\"valueRequired\":true,\"valueName\":\"search_term_string\"}}],\"inLanguage\":\"sk-SK\"},{\"@type\":\"Organization\",\"@id\":\"https:\\\/\\\/dohiku.eu\\\/sk\\\/#organization\",\"name\":\"DOHIKU s.r.o.\",\"url\":\"https:\\\/\\\/dohiku.eu\\\/sk\\\/\",\"logo\":{\"@type\":\"ImageObject\",\"inLanguage\":\"sk-SK\",\"@id\":\"https:\\\/\\\/dohiku.eu\\\/sk\\\/#\\\/schema\\\/logo\\\/image\\\/\",\"url\":\"https:\\\/\\\/dohiku.eu\\\/wp-content\\\/uploads\\\/2024\\\/01\\\/cropped-dohiku.png\",\"contentUrl\":\"https:\\\/\\\/dohiku.eu\\\/wp-content\\\/uploads\\\/2024\\\/01\\\/cropped-dohiku.png\",\"width\":137,\"height\":87,\"caption\":\"DOHIKU s.r.o.\"},\"image\":{\"@id\":\"https:\\\/\\\/dohiku.eu\\\/sk\\\/#\\\/schema\\\/logo\\\/image\\\/\"}}]}<\/script>\n<!-- \/ Yoast SEO plugin. -->","yoast_head_json":{"title":"Tungstenov\u00e9 gul\u00f4\u010dky s dr\u00e1\u017ekou. Farba: zlat\u00e1. HTDG - DOHIKU","robots":{"index":"index","follow":"follow","max-snippet":"max-snippet:-1","max-image-preview":"max-image-preview:large","max-video-preview":"max-video-preview:-1"},"canonical":"https:\/\/dohiku.eu\/sk\/shop\/viazacie-materialy\/gulocky\/tungstenove-gulocky-s-drazkou\/tungstenove-gulocky-s-drazkou-farba-zlata-htdg\/","og_locale":"sk_SK","og_type":"article","og_title":"Tungstenov\u00e9 gul\u00f4\u010dky s dr\u00e1\u017ekou. Farba: zlat\u00e1. HTDG - DOHIKU","og_description":"1 balenie \/ 10 ks  Na\u0161e volfr\u00e1mov\u00e9 kor\u00e1lkov\u00e9 hlavi\u010dky dodaj\u00fa va\u0161im nymf\u00e1m prirodzenej\u0161\u00ed vzh\u013ead. gu\u013ev\u00f4\u010dky tie\u017e zvy\u0161uj\u00fa hmotnos\u0165 mu\u0161ky a umo\u017e\u0148uj\u00fa jej lep\u0161ie pl\u00e1vanie pri dne. Dr\u00e1\u017eka pom\u00e1ha navliec\u0165 kor\u00e1lku na h\u00e1\u010dik. Vynikaj\u00faca kvalita. Volfr\u00e1mov\u00e9 hlavi\u010dky s\u00fa 1,7-kr\u00e1t \u0165a\u017e\u0161ie ako oloven\u00e9 a 2,2-kr\u00e1t \u0165a\u017e\u0161ie ako klasick\u00e9 mosadzn\u00e9 hlavi\u010dky.","og_url":"https:\/\/dohiku.eu\/sk\/shop\/viazacie-materialy\/gulocky\/tungstenove-gulocky-s-drazkou\/tungstenove-gulocky-s-drazkou-farba-zlata-htdg\/","og_site_name":"DOHIKU","article_modified_time":"2026-04-21T15:56:27+00:00","og_image":[{"width":500,"height":400,"url":"https:\/\/dohiku.eu\/wp-content\/uploads\/2019\/03\/2076-Tungsten-Slotted-Gold.jpg","type":"image\/jpeg"}],"twitter_card":"summary_large_image","twitter_misc":{"Predpokladan\u00fd \u010das \u010d\u00edtania":"1 min\u00fata"},"schema":{"@context":"https:\/\/schema.org","@graph":[{"@type":"WebPage","@id":"https:\/\/dohiku.eu\/sk\/shop\/viazacie-materialy\/gulocky\/tungstenove-gulocky-s-drazkou\/tungstenove-gulocky-s-drazkou-farba-zlata-htdg\/","url":"https:\/\/dohiku.eu\/sk\/shop\/viazacie-materialy\/gulocky\/tungstenove-gulocky-s-drazkou\/tungstenove-gulocky-s-drazkou-farba-zlata-htdg\/","name":"Tungstenov\u00e9 gul\u00f4\u010dky s dr\u00e1\u017ekou. Farba: zlat\u00e1. HTDG - DOHIKU","isPartOf":{"@id":"https:\/\/dohiku.eu\/sk\/#website"},"primaryImageOfPage":{"@id":"https:\/\/dohiku.eu\/sk\/shop\/viazacie-materialy\/gulocky\/tungstenove-gulocky-s-drazkou\/tungstenove-gulocky-s-drazkou-farba-zlata-htdg\/#primaryimage"},"image":{"@id":"https:\/\/dohiku.eu\/sk\/shop\/viazacie-materialy\/gulocky\/tungstenove-gulocky-s-drazkou\/tungstenove-gulocky-s-drazkou-farba-zlata-htdg\/#primaryimage"},"thumbnailUrl":"https:\/\/dohiku.eu\/wp-content\/uploads\/2019\/03\/2076-Tungsten-Slotted-Gold.jpg","datePublished":"2019-03-01T12:01:45+00:00","dateModified":"2026-04-21T15:56:27+00:00","breadcrumb":{"@id":"https:\/\/dohiku.eu\/sk\/shop\/viazacie-materialy\/gulocky\/tungstenove-gulocky-s-drazkou\/tungstenove-gulocky-s-drazkou-farba-zlata-htdg\/#breadcrumb"},"inLanguage":"sk-SK","potentialAction":[{"@type":"ReadAction","target":["https:\/\/dohiku.eu\/sk\/shop\/viazacie-materialy\/gulocky\/tungstenove-gulocky-s-drazkou\/tungstenove-gulocky-s-drazkou-farba-zlata-htdg\/"]}]},{"@type":"ImageObject","inLanguage":"sk-SK","@id":"https:\/\/dohiku.eu\/sk\/shop\/viazacie-materialy\/gulocky\/tungstenove-gulocky-s-drazkou\/tungstenove-gulocky-s-drazkou-farba-zlata-htdg\/#primaryimage","url":"https:\/\/dohiku.eu\/wp-content\/uploads\/2019\/03\/2076-Tungsten-Slotted-Gold.jpg","contentUrl":"https:\/\/dohiku.eu\/wp-content\/uploads\/2019\/03\/2076-Tungsten-Slotted-Gold.jpg","width":500,"height":400},{"@type":"BreadcrumbList","@id":"https:\/\/dohiku.eu\/sk\/shop\/viazacie-materialy\/gulocky\/tungstenove-gulocky-s-drazkou\/tungstenove-gulocky-s-drazkou-farba-zlata-htdg\/#breadcrumb","itemListElement":[{"@type":"ListItem","position":1,"name":"Home","item":"https:\/\/dohiku.eu\/sk\/"},{"@type":"ListItem","position":2,"name":"PRODUCTS","item":"https:\/\/dohiku.eu\/sk\/products\/"},{"@type":"ListItem","position":3,"name":"Tungstenov\u00e9 gul\u00f4\u010dky s dr\u00e1\u017ekou. Farba: zlat\u00e1. HTDG"}]},{"@type":"WebSite","@id":"https:\/\/dohiku.eu\/sk\/#website","url":"https:\/\/dohiku.eu\/sk\/","name":"DOHIKU","description":"H\u00e1\u010diky DOHIKU s\u00fa vyroben\u00e9 z vysoko uhl\u00edkovej ocele, ktor\u00e1 je kalen\u00e1 a pop\u00fa\u0161\u0165an\u00e1 pod\u013ea presn\u00e9ho receptu.","publisher":{"@id":"https:\/\/dohiku.eu\/sk\/#organization"},"potentialAction":[{"@type":"SearchAction","target":{"@type":"EntryPoint","urlTemplate":"https:\/\/dohiku.eu\/sk\/?s={search_term_string}"},"query-input":{"@type":"PropertyValueSpecification","valueRequired":true,"valueName":"search_term_string"}}],"inLanguage":"sk-SK"},{"@type":"Organization","@id":"https:\/\/dohiku.eu\/sk\/#organization","name":"DOHIKU s.r.o.","url":"https:\/\/dohiku.eu\/sk\/","logo":{"@type":"ImageObject","inLanguage":"sk-SK","@id":"https:\/\/dohiku.eu\/sk\/#\/schema\/logo\/image\/","url":"https:\/\/dohiku.eu\/wp-content\/uploads\/2024\/01\/cropped-dohiku.png","contentUrl":"https:\/\/dohiku.eu\/wp-content\/uploads\/2024\/01\/cropped-dohiku.png","width":137,"height":87,"caption":"DOHIKU s.r.o."},"image":{"@id":"https:\/\/dohiku.eu\/sk\/#\/schema\/logo\/image\/"}}]}},"_links":{"self":[{"href":"https:\/\/dohiku.eu\/sk\/wp-json\/wp\/v2\/product\/13307","targetHints":{"allow":["GET"]}}],"collection":[{"href":"https:\/\/dohiku.eu\/sk\/wp-json\/wp\/v2\/product"}],"about":[{"href":"https:\/\/dohiku.eu\/sk\/wp-json\/wp\/v2\/types\/product"}],"replies":[{"embeddable":true,"href":"https:\/\/dohiku.eu\/sk\/wp-json\/wp\/v2\/comments?post=13307"}],"wp:featuredmedia":[{"embeddable":true,"href":"https:\/\/dohiku.eu\/sk\/wp-json\/wp\/v2\/media\/5165"}],"wp:attachment":[{"href":"https:\/\/dohiku.eu\/sk\/wp-json\/wp\/v2\/media?parent=13307"}],"wp:term":[{"taxonomy":"product_brand","embeddable":true,"href":"https:\/\/dohiku.eu\/sk\/wp-json\/wp\/v2\/product_brand?post=13307"},{"taxonomy":"product_cat","embeddable":true,"href":"https:\/\/dohiku.eu\/sk\/wp-json\/wp\/v2\/product_cat?post=13307"},{"taxonomy":"product_tag","embeddable":true,"href":"https:\/\/dohiku.eu\/sk\/wp-json\/wp\/v2\/product_tag?post=13307"}],"curies":[{"name":"wp","href":"https:\/\/api.w.org\/{rel}","templated":true}]}}