{"id":13260,"date":"2019-03-01T12:01:57","date_gmt":"2019-03-01T12:01:57","guid":{"rendered":"https:\/\/dohiku.eu\/shop\/nezaraden\u00e9\/nylon-dohiku-max-spider\/"},"modified":"2026-01-21T09:57:02","modified_gmt":"2026-01-21T09:57:02","slug":"nylon-dohiku-max-spider","status":"publish","type":"product","link":"https:\/\/dohiku.eu\/sk\/shop\/silony-navazce-a-indikatory\/nylon-dohiku-max-spider\/","title":{"rendered":"Nylon &#8211; DOHIKU Max Spider"},"content":{"rendered":"<p>Super siln\u00fd nylon, vysok\u00e1 pevnos\u0165 uzla, pru\u017enos\u0165, vysok\u00e1 trvanlivos\u0165 a minim\u00e1lne zauzlenie.<\/p>\n<p><span>Priemer &#8211; pevnos\u0165:<\/span><\/p>\n<\/p>\n<p>0,10 mm &#8211; 1,30 kg<\/p>\n<p>0,12 mm &#8211; 1,70 kg<\/p>\n<p>0,14 mm &#8211; 2,20 kg<\/p>\n<p>0,16 mm &#8211; 2,60 kg<\/p>\n<p>0,18 mm &#8211; 3,10 kg<\/p>\n<p>0,20 mm &#8211; 4,00 kg<\/p>\n<p><span style=\"color:#777777;font-family:Karla, sans-serif;font-size:15px\">0,22 mm &#8211; 4,45 kg<\/span><\/p>\n<p><span>1 bal.\/100 m<\/span><\/p>\n<p><span>Priemer cievky: 6,3 cm<\/span><\/p>\n","protected":false},"excerpt":{"rendered":"<p style=\"margin-top:0px;margin-bottom:.8rem;color:#777777;font-family:Karla, sans-serif;font-size:15px\"><span style=\"color:#d0121a;font-family:Arial, Helvetica, sans-serif;font-size:small\">Dve mu\u0161ky zdarma pod\u013ea v\u00e1\u0161ho v\u00fdberu z:<\/span><\/p>\n<p style=\"margin-top:0px;margin-bottom:.8rem;color:#777777;font-family:Karla, sans-serif;font-size:15px\"><a href=\"https:\/\/www.dohiku.eu\/14-flies.html\" target=\"_blank\" style=\"color:#1155cc;font-family:Arial, Helvetica, sans-serif;font-size:small\" rel=\"noreferrer noopener\">https:\/\/www.dohiku.eu\/14-flies.html<\/a><\/p>\n<p><span>Super siln\u00fd nylon, vysok\u00e1 pevnos\u0165 uzla, pru\u017enos\u0165, vysok\u00e1 trvanlivos\u0165 a minim\u00e1lne zauzlenie.<\/span><\/p>\n<p><span style=\"line-height:1.5\">Priemer &#8211; pevnos\u0165:<\/span><\/p>\n<\/p>\n<p>0,10 mm &#8211; 1,30 kg<\/p>\n<p>0,12 mm &#8211; 1,70 kg<\/p>\n<p>0,14 mm &#8211; 2,20 kg<\/p>\n<p>0,16 mm &#8211; 2,60 kg<\/p>\n<p>0,18 mm &#8211; 3,10 kg<\/p>\n<p>0,20 mm &#8211; 4,00 kg<\/p>\n<p><span style=\"color:#777777;font-family:Karla, sans-serif;font-size:15px\">0,22 mm &#8211; 4,45 kg<\/span><\/p>\n<p><span style=\"line-height:1.5\">1 bal.\/100 m<\/span><\/p>\n<p><span style=\"line-height:1.5\">Priemer cievky: 6,3 cm<\/span><\/p>\n","protected":false},"featured_media":6026,"comment_status":"closed","ping_status":"closed","template":"","meta":[],"product_brand":[],"product_cat":[559,555],"product_tag":[],"class_list":{"0":"post-13260","1":"product","2":"type-product","3":"status-publish","4":"has-post-thumbnail","6":"product_cat-dohiku-max-spider-fluorokarbon-a-nylon","7":"product_cat-silony-navazce-a-indikatory","9":"first","10":"outofstock","11":"taxable","12":"shipping-taxable","13":"purchasable","14":"product-type-variable","15":"has-default-attributes"},"yoast_head":"<!-- This site is optimized with the Yoast SEO plugin v27.4 - https:\/\/yoast.com\/product\/yoast-seo-wordpress\/ -->\n<title>Nylon - DOHIKU Max Spider - DOHIKU<\/title>\n<meta name=\"description\" content=\"Super siln\u00fd nylon, vysok\u00e1 pevnos\u0165 uzla, pru\u017enos\u0165, vysok\u00e1 trvanlivos\u0165 a minim\u00e1lne zauzlenie.\" \/>\n<meta name=\"robots\" content=\"index, follow, max-snippet:-1, max-image-preview:large, max-video-preview:-1\" \/>\n<link rel=\"canonical\" href=\"https:\/\/dohiku.eu\/sk\/shop\/silony-navazce-a-indikatory\/nylon-dohiku-max-spider\/\" \/>\n<meta property=\"og:locale\" content=\"sk_SK\" \/>\n<meta property=\"og:type\" content=\"article\" \/>\n<meta property=\"og:title\" content=\"Nylon - DOHIKU Max Spider - DOHIKU\" \/>\n<meta property=\"og:description\" content=\"Super siln\u00fd nylon, vysok\u00e1 pevnos\u0165 uzla, pru\u017enos\u0165, vysok\u00e1 trvanlivos\u0165 a minim\u00e1lne zauzlenie.\" \/>\n<meta property=\"og:url\" content=\"https:\/\/dohiku.eu\/sk\/shop\/silony-navazce-a-indikatory\/nylon-dohiku-max-spider\/\" \/>\n<meta property=\"og:site_name\" content=\"DOHIKU\" \/>\n<meta property=\"article:modified_time\" content=\"2026-01-21T09:57:02+00:00\" \/>\n<meta property=\"og:image\" content=\"https:\/\/dohiku.eu\/wp-content\/uploads\/2019\/03\/1411-Nylon-DOHIKU-Max-Spider.jpg\" \/>\n\t<meta property=\"og:image:width\" content=\"264\" \/>\n\t<meta property=\"og:image:height\" content=\"264\" \/>\n\t<meta property=\"og:image:type\" content=\"image\/jpeg\" \/>\n<meta name=\"twitter:card\" content=\"summary_large_image\" \/>\n<meta name=\"twitter:label1\" content=\"Predpokladan\u00fd \u010das \u010d\u00edtania\" \/>\n\t<meta name=\"twitter:data1\" content=\"1 min\u00fata\" \/>\n<script type=\"application\/ld+json\" class=\"yoast-schema-graph\">{\"@context\":\"https:\\\/\\\/schema.org\",\"@graph\":[{\"@type\":\"WebPage\",\"@id\":\"https:\\\/\\\/dohiku.eu\\\/sk\\\/shop\\\/silony-navazce-a-indikatory\\\/nylon-dohiku-max-spider\\\/\",\"url\":\"https:\\\/\\\/dohiku.eu\\\/sk\\\/shop\\\/silony-navazce-a-indikatory\\\/nylon-dohiku-max-spider\\\/\",\"name\":\"Nylon - DOHIKU Max Spider - DOHIKU\",\"isPartOf\":{\"@id\":\"https:\\\/\\\/dohiku.eu\\\/sk\\\/#website\"},\"primaryImageOfPage\":{\"@id\":\"https:\\\/\\\/dohiku.eu\\\/sk\\\/shop\\\/silony-navazce-a-indikatory\\\/nylon-dohiku-max-spider\\\/#primaryimage\"},\"image\":{\"@id\":\"https:\\\/\\\/dohiku.eu\\\/sk\\\/shop\\\/silony-navazce-a-indikatory\\\/nylon-dohiku-max-spider\\\/#primaryimage\"},\"thumbnailUrl\":\"https:\\\/\\\/dohiku.eu\\\/wp-content\\\/uploads\\\/2019\\\/03\\\/1411-Nylon-DOHIKU-Max-Spider.jpg\",\"datePublished\":\"2019-03-01T12:01:57+00:00\",\"dateModified\":\"2026-01-21T09:57:02+00:00\",\"description\":\"Super siln\u00fd nylon, vysok\u00e1 pevnos\u0165 uzla, pru\u017enos\u0165, vysok\u00e1 trvanlivos\u0165 a minim\u00e1lne zauzlenie.\",\"breadcrumb\":{\"@id\":\"https:\\\/\\\/dohiku.eu\\\/sk\\\/shop\\\/silony-navazce-a-indikatory\\\/nylon-dohiku-max-spider\\\/#breadcrumb\"},\"inLanguage\":\"sk-SK\",\"potentialAction\":[{\"@type\":\"ReadAction\",\"target\":[\"https:\\\/\\\/dohiku.eu\\\/sk\\\/shop\\\/silony-navazce-a-indikatory\\\/nylon-dohiku-max-spider\\\/\"]}]},{\"@type\":\"ImageObject\",\"inLanguage\":\"sk-SK\",\"@id\":\"https:\\\/\\\/dohiku.eu\\\/sk\\\/shop\\\/silony-navazce-a-indikatory\\\/nylon-dohiku-max-spider\\\/#primaryimage\",\"url\":\"https:\\\/\\\/dohiku.eu\\\/wp-content\\\/uploads\\\/2019\\\/03\\\/1411-Nylon-DOHIKU-Max-Spider.jpg\",\"contentUrl\":\"https:\\\/\\\/dohiku.eu\\\/wp-content\\\/uploads\\\/2019\\\/03\\\/1411-Nylon-DOHIKU-Max-Spider.jpg\",\"width\":264,\"height\":264},{\"@type\":\"BreadcrumbList\",\"@id\":\"https:\\\/\\\/dohiku.eu\\\/sk\\\/shop\\\/silony-navazce-a-indikatory\\\/nylon-dohiku-max-spider\\\/#breadcrumb\",\"itemListElement\":[{\"@type\":\"ListItem\",\"position\":1,\"name\":\"Home\",\"item\":\"https:\\\/\\\/dohiku.eu\\\/sk\\\/\"},{\"@type\":\"ListItem\",\"position\":2,\"name\":\"PRODUCTS\",\"item\":\"https:\\\/\\\/dohiku.eu\\\/sk\\\/products\\\/\"},{\"@type\":\"ListItem\",\"position\":3,\"name\":\"Nylon &#8211; DOHIKU Max Spider\"}]},{\"@type\":\"WebSite\",\"@id\":\"https:\\\/\\\/dohiku.eu\\\/sk\\\/#website\",\"url\":\"https:\\\/\\\/dohiku.eu\\\/sk\\\/\",\"name\":\"DOHIKU\",\"description\":\"H\u00e1\u010diky DOHIKU s\u00fa vyroben\u00e9 z vysoko uhl\u00edkovej ocele, ktor\u00e1 je kalen\u00e1 a pop\u00fa\u0161\u0165an\u00e1 pod\u013ea presn\u00e9ho receptu.\",\"publisher\":{\"@id\":\"https:\\\/\\\/dohiku.eu\\\/sk\\\/#organization\"},\"potentialAction\":[{\"@type\":\"SearchAction\",\"target\":{\"@type\":\"EntryPoint\",\"urlTemplate\":\"https:\\\/\\\/dohiku.eu\\\/sk\\\/?s={search_term_string}\"},\"query-input\":{\"@type\":\"PropertyValueSpecification\",\"valueRequired\":true,\"valueName\":\"search_term_string\"}}],\"inLanguage\":\"sk-SK\"},{\"@type\":\"Organization\",\"@id\":\"https:\\\/\\\/dohiku.eu\\\/sk\\\/#organization\",\"name\":\"DOHIKU s.r.o.\",\"url\":\"https:\\\/\\\/dohiku.eu\\\/sk\\\/\",\"logo\":{\"@type\":\"ImageObject\",\"inLanguage\":\"sk-SK\",\"@id\":\"https:\\\/\\\/dohiku.eu\\\/sk\\\/#\\\/schema\\\/logo\\\/image\\\/\",\"url\":\"https:\\\/\\\/dohiku.eu\\\/wp-content\\\/uploads\\\/2024\\\/01\\\/cropped-dohiku.png\",\"contentUrl\":\"https:\\\/\\\/dohiku.eu\\\/wp-content\\\/uploads\\\/2024\\\/01\\\/cropped-dohiku.png\",\"width\":137,\"height\":87,\"caption\":\"DOHIKU s.r.o.\"},\"image\":{\"@id\":\"https:\\\/\\\/dohiku.eu\\\/sk\\\/#\\\/schema\\\/logo\\\/image\\\/\"}}]}<\/script>\n<!-- \/ Yoast SEO plugin. -->","yoast_head_json":{"title":"Nylon - DOHIKU Max Spider - DOHIKU","description":"Super siln\u00fd nylon, vysok\u00e1 pevnos\u0165 uzla, pru\u017enos\u0165, vysok\u00e1 trvanlivos\u0165 a minim\u00e1lne zauzlenie.","robots":{"index":"index","follow":"follow","max-snippet":"max-snippet:-1","max-image-preview":"max-image-preview:large","max-video-preview":"max-video-preview:-1"},"canonical":"https:\/\/dohiku.eu\/sk\/shop\/silony-navazce-a-indikatory\/nylon-dohiku-max-spider\/","og_locale":"sk_SK","og_type":"article","og_title":"Nylon - DOHIKU Max Spider - DOHIKU","og_description":"Super siln\u00fd nylon, vysok\u00e1 pevnos\u0165 uzla, pru\u017enos\u0165, vysok\u00e1 trvanlivos\u0165 a minim\u00e1lne zauzlenie.","og_url":"https:\/\/dohiku.eu\/sk\/shop\/silony-navazce-a-indikatory\/nylon-dohiku-max-spider\/","og_site_name":"DOHIKU","article_modified_time":"2026-01-21T09:57:02+00:00","og_image":[{"width":264,"height":264,"url":"https:\/\/dohiku.eu\/wp-content\/uploads\/2019\/03\/1411-Nylon-DOHIKU-Max-Spider.jpg","type":"image\/jpeg"}],"twitter_card":"summary_large_image","twitter_misc":{"Predpokladan\u00fd \u010das \u010d\u00edtania":"1 min\u00fata"},"schema":{"@context":"https:\/\/schema.org","@graph":[{"@type":"WebPage","@id":"https:\/\/dohiku.eu\/sk\/shop\/silony-navazce-a-indikatory\/nylon-dohiku-max-spider\/","url":"https:\/\/dohiku.eu\/sk\/shop\/silony-navazce-a-indikatory\/nylon-dohiku-max-spider\/","name":"Nylon - DOHIKU Max Spider - DOHIKU","isPartOf":{"@id":"https:\/\/dohiku.eu\/sk\/#website"},"primaryImageOfPage":{"@id":"https:\/\/dohiku.eu\/sk\/shop\/silony-navazce-a-indikatory\/nylon-dohiku-max-spider\/#primaryimage"},"image":{"@id":"https:\/\/dohiku.eu\/sk\/shop\/silony-navazce-a-indikatory\/nylon-dohiku-max-spider\/#primaryimage"},"thumbnailUrl":"https:\/\/dohiku.eu\/wp-content\/uploads\/2019\/03\/1411-Nylon-DOHIKU-Max-Spider.jpg","datePublished":"2019-03-01T12:01:57+00:00","dateModified":"2026-01-21T09:57:02+00:00","description":"Super siln\u00fd nylon, vysok\u00e1 pevnos\u0165 uzla, pru\u017enos\u0165, vysok\u00e1 trvanlivos\u0165 a minim\u00e1lne zauzlenie.","breadcrumb":{"@id":"https:\/\/dohiku.eu\/sk\/shop\/silony-navazce-a-indikatory\/nylon-dohiku-max-spider\/#breadcrumb"},"inLanguage":"sk-SK","potentialAction":[{"@type":"ReadAction","target":["https:\/\/dohiku.eu\/sk\/shop\/silony-navazce-a-indikatory\/nylon-dohiku-max-spider\/"]}]},{"@type":"ImageObject","inLanguage":"sk-SK","@id":"https:\/\/dohiku.eu\/sk\/shop\/silony-navazce-a-indikatory\/nylon-dohiku-max-spider\/#primaryimage","url":"https:\/\/dohiku.eu\/wp-content\/uploads\/2019\/03\/1411-Nylon-DOHIKU-Max-Spider.jpg","contentUrl":"https:\/\/dohiku.eu\/wp-content\/uploads\/2019\/03\/1411-Nylon-DOHIKU-Max-Spider.jpg","width":264,"height":264},{"@type":"BreadcrumbList","@id":"https:\/\/dohiku.eu\/sk\/shop\/silony-navazce-a-indikatory\/nylon-dohiku-max-spider\/#breadcrumb","itemListElement":[{"@type":"ListItem","position":1,"name":"Home","item":"https:\/\/dohiku.eu\/sk\/"},{"@type":"ListItem","position":2,"name":"PRODUCTS","item":"https:\/\/dohiku.eu\/sk\/products\/"},{"@type":"ListItem","position":3,"name":"Nylon &#8211; DOHIKU Max Spider"}]},{"@type":"WebSite","@id":"https:\/\/dohiku.eu\/sk\/#website","url":"https:\/\/dohiku.eu\/sk\/","name":"DOHIKU","description":"H\u00e1\u010diky DOHIKU s\u00fa vyroben\u00e9 z vysoko uhl\u00edkovej ocele, ktor\u00e1 je kalen\u00e1 a pop\u00fa\u0161\u0165an\u00e1 pod\u013ea presn\u00e9ho receptu.","publisher":{"@id":"https:\/\/dohiku.eu\/sk\/#organization"},"potentialAction":[{"@type":"SearchAction","target":{"@type":"EntryPoint","urlTemplate":"https:\/\/dohiku.eu\/sk\/?s={search_term_string}"},"query-input":{"@type":"PropertyValueSpecification","valueRequired":true,"valueName":"search_term_string"}}],"inLanguage":"sk-SK"},{"@type":"Organization","@id":"https:\/\/dohiku.eu\/sk\/#organization","name":"DOHIKU s.r.o.","url":"https:\/\/dohiku.eu\/sk\/","logo":{"@type":"ImageObject","inLanguage":"sk-SK","@id":"https:\/\/dohiku.eu\/sk\/#\/schema\/logo\/image\/","url":"https:\/\/dohiku.eu\/wp-content\/uploads\/2024\/01\/cropped-dohiku.png","contentUrl":"https:\/\/dohiku.eu\/wp-content\/uploads\/2024\/01\/cropped-dohiku.png","width":137,"height":87,"caption":"DOHIKU s.r.o."},"image":{"@id":"https:\/\/dohiku.eu\/sk\/#\/schema\/logo\/image\/"}}]}},"_links":{"self":[{"href":"https:\/\/dohiku.eu\/sk\/wp-json\/wp\/v2\/product\/13260","targetHints":{"allow":["GET"]}}],"collection":[{"href":"https:\/\/dohiku.eu\/sk\/wp-json\/wp\/v2\/product"}],"about":[{"href":"https:\/\/dohiku.eu\/sk\/wp-json\/wp\/v2\/types\/product"}],"replies":[{"embeddable":true,"href":"https:\/\/dohiku.eu\/sk\/wp-json\/wp\/v2\/comments?post=13260"}],"wp:featuredmedia":[{"embeddable":true,"href":"https:\/\/dohiku.eu\/sk\/wp-json\/wp\/v2\/media\/6026"}],"wp:attachment":[{"href":"https:\/\/dohiku.eu\/sk\/wp-json\/wp\/v2\/media?parent=13260"}],"wp:term":[{"taxonomy":"product_brand","embeddable":true,"href":"https:\/\/dohiku.eu\/sk\/wp-json\/wp\/v2\/product_brand?post=13260"},{"taxonomy":"product_cat","embeddable":true,"href":"https:\/\/dohiku.eu\/sk\/wp-json\/wp\/v2\/product_cat?post=13260"},{"taxonomy":"product_tag","embeddable":true,"href":"https:\/\/dohiku.eu\/sk\/wp-json\/wp\/v2\/product_tag?post=13260"}],"curies":[{"name":"wp","href":"https:\/\/api.w.org\/{rel}","templated":true}]}}