{"id":13243,"date":"2019-03-01T12:02:02","date_gmt":"2019-03-01T12:02:02","guid":{"rendered":"https:\/\/dohiku.eu\/shop\/nezaraden\u00e9\/dohiku-spider-plus-fluorokarbon\/"},"modified":"2026-04-07T08:22:11","modified_gmt":"2026-04-07T08:22:11","slug":"dohiku-spider-plus-fluorokarbon","status":"publish","type":"product","link":"https:\/\/dohiku.eu\/sk\/shop\/silony-navazce-a-indikatory\/dohiku-spider-plus-fluorokarbon\/","title":{"rendered":"DOHIKU Spider PLUS &#8211; Fluorokarb\u00f3n"},"content":{"rendered":"<p><span style=\"color:#222222;font-family:Arial, Helvetica, sans-serif;font-size:small\">Nov\u00fd fluorokarb\u00f3n &#8222;Spider PLUS&#8220; od Dohiku. N\u00edzka vidite\u013enos\u0165, vysok\u00e1 pevnos\u0165 v uzle a odolnos\u0165 proti oderu. Spider PLUS je o nie\u010do m\u00e4k\u0161\u00ed ako Spider Max.<\/span><\/p>\n<p><span style=\"color:#ff0000\">Vyroben\u00e9 v Japonsku<\/span><\/p>\n<p>1 cievka \/ 100 m &#8211; priemer &#8211; 70 mm, \u0161\u00edrka &#8211; 15 mm<\/p>\n<p>DSPF 0,129 mm &#8211; 1,00 kg<\/p>\n<p>DSPF 0,137 mm &#8211; 1,36 kg<\/p>\n<p>DSPF 0,159 mm &#8211; 1,73 kg<\/p>\n<p>DSPF 0,180 mm &#8211; 2,00 kg<\/p>\n<p>DSPF 0,200 mm &#8211; 2,73 kg<\/p>\n","protected":false},"excerpt":{"rendered":"<p><span style=\"color:#d0121a;font-family:Arial, Helvetica, sans-serif;font-size:small\">Dve mu\u0161ky zdarma pod\u013ea v\u00e1\u0161ho v\u00fdberu z:<\/span><\/p>\n<p><a href=\"https:\/\/www.dohiku.eu\/14-flies.html\" target=\"_blank\" style=\"color:#1155cc;font-family:Arial, Helvetica, sans-serif;font-size:small\" rel=\"noreferrer noopener\">https:\/\/www.dohiku.eu\/14-flies.html<\/a><\/p>\n<p><span style=\"color:#222222;font-family:Arial, Helvetica, sans-serif;font-size:small\">Nov\u00fd fluorokarb\u00f3n &#8222;Spider PLUS&#8220; od Dohiku. N\u00edzka vidite\u013enos\u0165, vysok\u00e1 pevnos\u0165 v uzle a odolnos\u0165 proti oderu. Spider PLUS je o nie\u010do m\u00e4k\u0161\u00ed ako Spider Max.<\/span><\/p>\n<p><span style=\"color:#ff0000\">Vyroben\u00e9 v Japonsku<\/span><\/p>\n<p>1 cievka \/ 100 m &#8211; priemer &#8211; 70 mm, \u0161\u00edrka &#8211; 15 mm<\/p>\n<p>DSPF 0,129 mm &#8211; 1,00 kg<\/p>\n<p>DSPF 0,137 mm &#8211; 1,36 kg<\/p>\n<p>DSPF 0,159 mm &#8211; 1,73 kg<\/p>\n<p>DSPF 0,180 mm &#8211; 2,00 kg<\/p>\n<p>DSPF 0,200 mm &#8211; 2,73 kg<\/p>\n<p><span> <\/span><\/p>\n","protected":false},"featured_media":6449,"comment_status":"closed","ping_status":"closed","template":"","meta":[],"product_brand":[],"product_cat":[559,555],"product_tag":[],"class_list":{"0":"post-13243","1":"product","2":"type-product","3":"status-publish","4":"has-post-thumbnail","6":"product_cat-dohiku-max-spider-fluorokarbon-a-nylon","7":"product_cat-silony-navazce-a-indikatory","9":"first","10":"outofstock","11":"taxable","12":"shipping-taxable","13":"purchasable","14":"product-type-variable","15":"has-default-attributes"},"yoast_head":"<!-- This site is optimized with the Yoast SEO plugin v27.4 - https:\/\/yoast.com\/product\/yoast-seo-wordpress\/ -->\n<title>DOHIKU Spider PLUS - Fluorokarb\u00f3n - DOHIKU<\/title>\n<meta name=\"description\" content=\"Nov\u00fd fluorokarb\u00f3n &quot;Spider PLUS&quot; od Dohiku. N\u00edzka vidite\u013enos\u0165, vysok\u00e1 pevnos\u0165 v uzle a odolnos\u0165 proti oderu. Spider PLUS je o nie\u010do m\u00e4k\u0161\u00ed ako...\" \/>\n<meta name=\"robots\" content=\"index, follow, max-snippet:-1, max-image-preview:large, max-video-preview:-1\" \/>\n<link rel=\"canonical\" href=\"https:\/\/dohiku.eu\/sk\/shop\/silony-navazce-a-indikatory\/dohiku-spider-plus-fluorokarbon\/\" \/>\n<meta property=\"og:locale\" content=\"sk_SK\" \/>\n<meta property=\"og:type\" content=\"article\" \/>\n<meta property=\"og:title\" content=\"DOHIKU Spider PLUS - Fluorokarb\u00f3n - DOHIKU\" \/>\n<meta property=\"og:description\" content=\"Nov\u00fd fluorokarb\u00f3n &quot;Spider PLUS&quot; od Dohiku. N\u00edzka vidite\u013enos\u0165, vysok\u00e1 pevnos\u0165 v uzle a odolnos\u0165 proti oderu. Spider PLUS je o nie\u010do m\u00e4k\u0161\u00ed ako...\" \/>\n<meta property=\"og:url\" content=\"https:\/\/dohiku.eu\/sk\/shop\/silony-navazce-a-indikatory\/dohiku-spider-plus-fluorokarbon\/\" \/>\n<meta property=\"og:site_name\" content=\"DOHIKU\" \/>\n<meta property=\"article:modified_time\" content=\"2026-04-07T08:22:11+00:00\" \/>\n<meta property=\"og:image\" content=\"https:\/\/dohiku.eu\/wp-content\/uploads\/2019\/03\/2066-DOHIKU-Spider-PLUS-Fluorocarbon.jpg\" \/>\n\t<meta property=\"og:image:width\" content=\"738\" \/>\n\t<meta property=\"og:image:height\" content=\"737\" \/>\n\t<meta property=\"og:image:type\" content=\"image\/jpeg\" \/>\n<meta name=\"twitter:card\" content=\"summary_large_image\" \/>\n<meta name=\"twitter:label1\" content=\"Predpokladan\u00fd \u010das \u010d\u00edtania\" \/>\n\t<meta name=\"twitter:data1\" content=\"1 min\u00fata\" \/>\n<script type=\"application\/ld+json\" class=\"yoast-schema-graph\">{\"@context\":\"https:\\\/\\\/schema.org\",\"@graph\":[{\"@type\":\"WebPage\",\"@id\":\"https:\\\/\\\/dohiku.eu\\\/sk\\\/shop\\\/silony-navazce-a-indikatory\\\/dohiku-spider-plus-fluorokarbon\\\/\",\"url\":\"https:\\\/\\\/dohiku.eu\\\/sk\\\/shop\\\/silony-navazce-a-indikatory\\\/dohiku-spider-plus-fluorokarbon\\\/\",\"name\":\"DOHIKU Spider PLUS - Fluorokarb\u00f3n - DOHIKU\",\"isPartOf\":{\"@id\":\"https:\\\/\\\/dohiku.eu\\\/sk\\\/#website\"},\"primaryImageOfPage\":{\"@id\":\"https:\\\/\\\/dohiku.eu\\\/sk\\\/shop\\\/silony-navazce-a-indikatory\\\/dohiku-spider-plus-fluorokarbon\\\/#primaryimage\"},\"image\":{\"@id\":\"https:\\\/\\\/dohiku.eu\\\/sk\\\/shop\\\/silony-navazce-a-indikatory\\\/dohiku-spider-plus-fluorokarbon\\\/#primaryimage\"},\"thumbnailUrl\":\"https:\\\/\\\/dohiku.eu\\\/wp-content\\\/uploads\\\/2019\\\/03\\\/2066-DOHIKU-Spider-PLUS-Fluorocarbon.jpg\",\"datePublished\":\"2019-03-01T12:02:02+00:00\",\"dateModified\":\"2026-04-07T08:22:11+00:00\",\"description\":\"Nov\u00fd fluorokarb\u00f3n \\\"Spider PLUS\\\" od Dohiku. N\u00edzka vidite\u013enos\u0165, vysok\u00e1 pevnos\u0165 v uzle a odolnos\u0165 proti oderu. Spider PLUS je o nie\u010do m\u00e4k\u0161\u00ed ako...\",\"breadcrumb\":{\"@id\":\"https:\\\/\\\/dohiku.eu\\\/sk\\\/shop\\\/silony-navazce-a-indikatory\\\/dohiku-spider-plus-fluorokarbon\\\/#breadcrumb\"},\"inLanguage\":\"sk-SK\",\"potentialAction\":[{\"@type\":\"ReadAction\",\"target\":[\"https:\\\/\\\/dohiku.eu\\\/sk\\\/shop\\\/silony-navazce-a-indikatory\\\/dohiku-spider-plus-fluorokarbon\\\/\"]}]},{\"@type\":\"ImageObject\",\"inLanguage\":\"sk-SK\",\"@id\":\"https:\\\/\\\/dohiku.eu\\\/sk\\\/shop\\\/silony-navazce-a-indikatory\\\/dohiku-spider-plus-fluorokarbon\\\/#primaryimage\",\"url\":\"https:\\\/\\\/dohiku.eu\\\/wp-content\\\/uploads\\\/2019\\\/03\\\/2066-DOHIKU-Spider-PLUS-Fluorocarbon.jpg\",\"contentUrl\":\"https:\\\/\\\/dohiku.eu\\\/wp-content\\\/uploads\\\/2019\\\/03\\\/2066-DOHIKU-Spider-PLUS-Fluorocarbon.jpg\",\"width\":738,\"height\":737},{\"@type\":\"BreadcrumbList\",\"@id\":\"https:\\\/\\\/dohiku.eu\\\/sk\\\/shop\\\/silony-navazce-a-indikatory\\\/dohiku-spider-plus-fluorokarbon\\\/#breadcrumb\",\"itemListElement\":[{\"@type\":\"ListItem\",\"position\":1,\"name\":\"Home\",\"item\":\"https:\\\/\\\/dohiku.eu\\\/sk\\\/\"},{\"@type\":\"ListItem\",\"position\":2,\"name\":\"PRODUCTS\",\"item\":\"https:\\\/\\\/dohiku.eu\\\/sk\\\/products\\\/\"},{\"@type\":\"ListItem\",\"position\":3,\"name\":\"DOHIKU Spider PLUS &#8211; Fluorokarb\u00f3n\"}]},{\"@type\":\"WebSite\",\"@id\":\"https:\\\/\\\/dohiku.eu\\\/sk\\\/#website\",\"url\":\"https:\\\/\\\/dohiku.eu\\\/sk\\\/\",\"name\":\"DOHIKU\",\"description\":\"H\u00e1\u010diky DOHIKU s\u00fa vyroben\u00e9 z vysoko uhl\u00edkovej ocele, ktor\u00e1 je kalen\u00e1 a pop\u00fa\u0161\u0165an\u00e1 pod\u013ea presn\u00e9ho receptu.\",\"publisher\":{\"@id\":\"https:\\\/\\\/dohiku.eu\\\/sk\\\/#organization\"},\"potentialAction\":[{\"@type\":\"SearchAction\",\"target\":{\"@type\":\"EntryPoint\",\"urlTemplate\":\"https:\\\/\\\/dohiku.eu\\\/sk\\\/?s={search_term_string}\"},\"query-input\":{\"@type\":\"PropertyValueSpecification\",\"valueRequired\":true,\"valueName\":\"search_term_string\"}}],\"inLanguage\":\"sk-SK\"},{\"@type\":\"Organization\",\"@id\":\"https:\\\/\\\/dohiku.eu\\\/sk\\\/#organization\",\"name\":\"DOHIKU s.r.o.\",\"url\":\"https:\\\/\\\/dohiku.eu\\\/sk\\\/\",\"logo\":{\"@type\":\"ImageObject\",\"inLanguage\":\"sk-SK\",\"@id\":\"https:\\\/\\\/dohiku.eu\\\/sk\\\/#\\\/schema\\\/logo\\\/image\\\/\",\"url\":\"https:\\\/\\\/dohiku.eu\\\/wp-content\\\/uploads\\\/2024\\\/01\\\/cropped-dohiku.png\",\"contentUrl\":\"https:\\\/\\\/dohiku.eu\\\/wp-content\\\/uploads\\\/2024\\\/01\\\/cropped-dohiku.png\",\"width\":137,\"height\":87,\"caption\":\"DOHIKU s.r.o.\"},\"image\":{\"@id\":\"https:\\\/\\\/dohiku.eu\\\/sk\\\/#\\\/schema\\\/logo\\\/image\\\/\"}}]}<\/script>\n<!-- \/ Yoast SEO plugin. -->","yoast_head_json":{"title":"DOHIKU Spider PLUS - Fluorokarb\u00f3n - DOHIKU","description":"Nov\u00fd fluorokarb\u00f3n \"Spider PLUS\" od Dohiku. N\u00edzka vidite\u013enos\u0165, vysok\u00e1 pevnos\u0165 v uzle a odolnos\u0165 proti oderu. Spider PLUS je o nie\u010do m\u00e4k\u0161\u00ed ako...","robots":{"index":"index","follow":"follow","max-snippet":"max-snippet:-1","max-image-preview":"max-image-preview:large","max-video-preview":"max-video-preview:-1"},"canonical":"https:\/\/dohiku.eu\/sk\/shop\/silony-navazce-a-indikatory\/dohiku-spider-plus-fluorokarbon\/","og_locale":"sk_SK","og_type":"article","og_title":"DOHIKU Spider PLUS - Fluorokarb\u00f3n - DOHIKU","og_description":"Nov\u00fd fluorokarb\u00f3n \"Spider PLUS\" od Dohiku. N\u00edzka vidite\u013enos\u0165, vysok\u00e1 pevnos\u0165 v uzle a odolnos\u0165 proti oderu. Spider PLUS je o nie\u010do m\u00e4k\u0161\u00ed ako...","og_url":"https:\/\/dohiku.eu\/sk\/shop\/silony-navazce-a-indikatory\/dohiku-spider-plus-fluorokarbon\/","og_site_name":"DOHIKU","article_modified_time":"2026-04-07T08:22:11+00:00","og_image":[{"width":738,"height":737,"url":"https:\/\/dohiku.eu\/wp-content\/uploads\/2019\/03\/2066-DOHIKU-Spider-PLUS-Fluorocarbon.jpg","type":"image\/jpeg"}],"twitter_card":"summary_large_image","twitter_misc":{"Predpokladan\u00fd \u010das \u010d\u00edtania":"1 min\u00fata"},"schema":{"@context":"https:\/\/schema.org","@graph":[{"@type":"WebPage","@id":"https:\/\/dohiku.eu\/sk\/shop\/silony-navazce-a-indikatory\/dohiku-spider-plus-fluorokarbon\/","url":"https:\/\/dohiku.eu\/sk\/shop\/silony-navazce-a-indikatory\/dohiku-spider-plus-fluorokarbon\/","name":"DOHIKU Spider PLUS - Fluorokarb\u00f3n - DOHIKU","isPartOf":{"@id":"https:\/\/dohiku.eu\/sk\/#website"},"primaryImageOfPage":{"@id":"https:\/\/dohiku.eu\/sk\/shop\/silony-navazce-a-indikatory\/dohiku-spider-plus-fluorokarbon\/#primaryimage"},"image":{"@id":"https:\/\/dohiku.eu\/sk\/shop\/silony-navazce-a-indikatory\/dohiku-spider-plus-fluorokarbon\/#primaryimage"},"thumbnailUrl":"https:\/\/dohiku.eu\/wp-content\/uploads\/2019\/03\/2066-DOHIKU-Spider-PLUS-Fluorocarbon.jpg","datePublished":"2019-03-01T12:02:02+00:00","dateModified":"2026-04-07T08:22:11+00:00","description":"Nov\u00fd fluorokarb\u00f3n \"Spider PLUS\" od Dohiku. N\u00edzka vidite\u013enos\u0165, vysok\u00e1 pevnos\u0165 v uzle a odolnos\u0165 proti oderu. Spider PLUS je o nie\u010do m\u00e4k\u0161\u00ed ako...","breadcrumb":{"@id":"https:\/\/dohiku.eu\/sk\/shop\/silony-navazce-a-indikatory\/dohiku-spider-plus-fluorokarbon\/#breadcrumb"},"inLanguage":"sk-SK","potentialAction":[{"@type":"ReadAction","target":["https:\/\/dohiku.eu\/sk\/shop\/silony-navazce-a-indikatory\/dohiku-spider-plus-fluorokarbon\/"]}]},{"@type":"ImageObject","inLanguage":"sk-SK","@id":"https:\/\/dohiku.eu\/sk\/shop\/silony-navazce-a-indikatory\/dohiku-spider-plus-fluorokarbon\/#primaryimage","url":"https:\/\/dohiku.eu\/wp-content\/uploads\/2019\/03\/2066-DOHIKU-Spider-PLUS-Fluorocarbon.jpg","contentUrl":"https:\/\/dohiku.eu\/wp-content\/uploads\/2019\/03\/2066-DOHIKU-Spider-PLUS-Fluorocarbon.jpg","width":738,"height":737},{"@type":"BreadcrumbList","@id":"https:\/\/dohiku.eu\/sk\/shop\/silony-navazce-a-indikatory\/dohiku-spider-plus-fluorokarbon\/#breadcrumb","itemListElement":[{"@type":"ListItem","position":1,"name":"Home","item":"https:\/\/dohiku.eu\/sk\/"},{"@type":"ListItem","position":2,"name":"PRODUCTS","item":"https:\/\/dohiku.eu\/sk\/products\/"},{"@type":"ListItem","position":3,"name":"DOHIKU Spider PLUS &#8211; Fluorokarb\u00f3n"}]},{"@type":"WebSite","@id":"https:\/\/dohiku.eu\/sk\/#website","url":"https:\/\/dohiku.eu\/sk\/","name":"DOHIKU","description":"H\u00e1\u010diky DOHIKU s\u00fa vyroben\u00e9 z vysoko uhl\u00edkovej ocele, ktor\u00e1 je kalen\u00e1 a pop\u00fa\u0161\u0165an\u00e1 pod\u013ea presn\u00e9ho receptu.","publisher":{"@id":"https:\/\/dohiku.eu\/sk\/#organization"},"potentialAction":[{"@type":"SearchAction","target":{"@type":"EntryPoint","urlTemplate":"https:\/\/dohiku.eu\/sk\/?s={search_term_string}"},"query-input":{"@type":"PropertyValueSpecification","valueRequired":true,"valueName":"search_term_string"}}],"inLanguage":"sk-SK"},{"@type":"Organization","@id":"https:\/\/dohiku.eu\/sk\/#organization","name":"DOHIKU s.r.o.","url":"https:\/\/dohiku.eu\/sk\/","logo":{"@type":"ImageObject","inLanguage":"sk-SK","@id":"https:\/\/dohiku.eu\/sk\/#\/schema\/logo\/image\/","url":"https:\/\/dohiku.eu\/wp-content\/uploads\/2024\/01\/cropped-dohiku.png","contentUrl":"https:\/\/dohiku.eu\/wp-content\/uploads\/2024\/01\/cropped-dohiku.png","width":137,"height":87,"caption":"DOHIKU s.r.o."},"image":{"@id":"https:\/\/dohiku.eu\/sk\/#\/schema\/logo\/image\/"}}]}},"_links":{"self":[{"href":"https:\/\/dohiku.eu\/sk\/wp-json\/wp\/v2\/product\/13243","targetHints":{"allow":["GET"]}}],"collection":[{"href":"https:\/\/dohiku.eu\/sk\/wp-json\/wp\/v2\/product"}],"about":[{"href":"https:\/\/dohiku.eu\/sk\/wp-json\/wp\/v2\/types\/product"}],"replies":[{"embeddable":true,"href":"https:\/\/dohiku.eu\/sk\/wp-json\/wp\/v2\/comments?post=13243"}],"wp:featuredmedia":[{"embeddable":true,"href":"https:\/\/dohiku.eu\/sk\/wp-json\/wp\/v2\/media\/6449"}],"wp:attachment":[{"href":"https:\/\/dohiku.eu\/sk\/wp-json\/wp\/v2\/media?parent=13243"}],"wp:term":[{"taxonomy":"product_brand","embeddable":true,"href":"https:\/\/dohiku.eu\/sk\/wp-json\/wp\/v2\/product_brand?post=13243"},{"taxonomy":"product_cat","embeddable":true,"href":"https:\/\/dohiku.eu\/sk\/wp-json\/wp\/v2\/product_cat?post=13243"},{"taxonomy":"product_tag","embeddable":true,"href":"https:\/\/dohiku.eu\/sk\/wp-json\/wp\/v2\/product_tag?post=13243"}],"curies":[{"name":"wp","href":"https:\/\/api.w.org\/{rel}","templated":true}]}}