{"id":13218,"date":"2019-03-01T12:01:50","date_gmt":"2019-03-01T12:01:50","guid":{"rendered":"https:\/\/dohiku.eu\/shop\/nezaraden\u00e9\/fluorokarbon-grandmax-fx-vsetky-velkosti\/"},"modified":"2026-04-26T19:06:20","modified_gmt":"2026-04-26T19:06:20","slug":"fluorokarbon-grandmax-fx-vsetky-velkosti","status":"publish","type":"product","link":"https:\/\/dohiku.eu\/sk\/shop\/fluorocarbon-grand-max\/fluorokarbon-grandmax-fx-vsetky-velkosti\/","title":{"rendered":"Fluorokarb\u00f3n Grandmax FX &#8211; v\u0161etky ve\u013ekosti"},"content":{"rendered":"<p><span style=\"color: #363a41;font-family: 'Open Sans', Helvetica, Arial, sans-serif;font-size: 12.8px\">Grandmax FX &#8211; 100yds &#8211; GMFX 0,074 mm &#8211; 1,34 lbs\/0,61 kg<\/span><\/p>\n<p><span style=\"color: #363a41;font-family: 'Open Sans', Helvetica, Arial, sans-serif;font-size: 12.8px\">Grandmax FX &#8211; <span style=\"font-size: 12.8px\">100yds<\/span><span style=\"font-size: 12.8px\"> <\/span> &#8211; GMFX 0,083 mm &#8211; 1,67 lbs\/0,76 kg<\/span><\/p>\n<p><span style=\"color: #363a41;font-family: 'Open Sans', Helvetica, Arial, sans-serif;font-size: 12.8px\">Grandmax FX &#8211; <span style=\"font-size: 12.8px\">100yds<\/span><span style=\"font-size: 12.8px\"> <\/span> &#8211; GMFX 0,09 mm &#8211; 1,89 lbs\/0,86 kg<\/span><\/p>\n<p>Grandmax FX &#8211; <span style=\"color: #363a41;font-family: 'Open Sans', Helvetica, Arial, sans-serif;font-size: 12.8px\">100yds<\/span><span style=\"color: #363a41;font-family: 'Open Sans', Helvetica, Arial, sans-serif;font-size: 12.8px\"> <\/span> &#8211; GMFX 0,104 mm &#8211; 8x \u20132,4 lbs\/1,1 kg<\/p>\n<p>Grandmax FX &#8211; <span style=\"color: #363a41;font-family: 'Open Sans', Helvetica, Arial, sans-serif;font-size: 12.8px\">100yds<\/span><span style=\"color: #363a41;font-family: 'Open Sans', Helvetica, Arial, sans-serif;font-size: 12.8px\"> <\/span> &#8211; GMFX 0,115 mm &#8211; 7x -3,5 lbs\/1,6 kg<\/p>\n<p>Grandmax FX &#8211; <span style=\"color: #363a41;font-family: 'Open Sans', Helvetica, Arial, sans-serif;font-size: 12.8px\">100yds<\/span><span style=\"color: #363a41;font-family: 'Open Sans', Helvetica, Arial, sans-serif;font-size: 12.8px\"> <\/span> &#8211; GMFX 0,128 mm 7x -3,85 lbs\/1,75 kg<\/p>\n<p>Grandmax FX &#8211; <span style=\"color: #363a41;font-family: 'Open Sans', Helvetica, Arial, sans-serif;font-size: 12.8px\">100yds<\/span><span style=\"color: #363a41;font-family: 'Open Sans', Helvetica, Arial, sans-serif;font-size: 12.8px\"> <\/span> &#8211; GMFX 0,14 mm &#8211; 6x -4,75 lbs\/2,2 kg<\/p>\n<p><span style=\"color: #363a41;font-family: 'Open Sans', Helvetica, Arial, sans-serif;font-size: 12.8px\">Grandmax FX &#8211; <span style=\"font-size: 12.8px\">100yds<\/span><span style=\"font-size: 12.8px\"> <\/span> &#8211; GMFX 0,16 mm &#8211; 5x- 6,0 lbs\/2,72 kg<\/span><\/p>\n<p>Grandmax FX &#8211; <span style=\"color: #363a41;font-family: 'Open Sans', Helvetica, Arial, sans-serif;font-size: 12.8px\">100yds<\/span><span style=\"color: #363a41;font-family: 'Open Sans', Helvetica, Arial, sans-serif;font-size: 12.8px\"> <\/span> &#8211; GMFX 0,185 mm &#8211; 4x -7,5 lbs\/3,4 kg<\/p>\n<p><span style=\"color: #363a41;font-family: 'Open Sans', Helvetica, Arial, sans-serif;font-size: 12.8px\">Grandmax FX &#8211; <span style=\"font-size: 12.8px\">100yds<\/span><span style=\"font-size: 12.8px\"> <\/span> &#8211; GMFX 0,21 mm &#8211; 3x &#8211; 9,50 lbs\/4,31 kg<\/span><\/p>\n<p><span style=\"color: #363a41;font-family: 'Open Sans', Helvetica, Arial, sans-serif;font-size: 12.8px\">  Grandmax FX &#8211; <span style=\"font-size: 12.8px\">100yds<\/span><span style=\"font-size: 12.8px\"> <\/span> &#8211; GMFX 0,24 mm &#8211; 2x &#8211; 12,5 lbs\/5,66 kg<\/span><\/p>\n<p>Grand Max je jedn\u00fdm z najsilnej\u0161\u00edch flu\u00f3rovan\u00fdch uh\u013eovod\u00edkov. Vo vode je prakticky nevidite\u013en\u00fd, \u013eahko sa pot\u00e1pa bez \u00fapravy pribli\u017ene 3-kr\u00e1t r\u00fdchlej\u0161ie ako nylon.Odolnos\u0165 proti oderu a nevidite\u013enos\u0165 Grand Max zaru\u010duje, \u017ee ryby sa &#8222;nevypla\u0161ia&#8220; ani nestratia. Grand Max je o nie\u010do m\u00e4k\u0161\u00ed ako Riverge a m\u00e1 vy\u0161\u0161ie nap\u00e4tie pri pretrhnut\u00ed vzh\u013eadom na priemer. Bol podrobne testovan\u00fd a pomocou \u0161tandardn\u00fdch uzlov sa zistilo, \u017ee sa \u013eahko via\u017ee a je \u00faplne spo\u013eahliv\u00fd. 100% fluorokarb\u00f3nov\u00fd nadv\u00e4zec &#8211; Riverge je o nie\u010do tuh\u0161\u00ed ako Grand Max a je vhodn\u00fd najm\u00e4 na lov s nadv\u00e4zcami. T\u00e1to v\u00e4\u010d\u0161ia tuhos\u0165 tie\u017e umo\u017e\u0148uje \u013eah\u0161\u00ed obrat pri nahadzovan\u00ed. Vo vode je prakticky nevidite\u013en\u00fd. Fluorokarb\u00f3nov\u00e9 nadv\u00e4zce sa \u013eahko pot\u00e1paj\u00fa bez \u00fapravy, preto\u017ee s\u00fa \u0165a\u017e\u0161ie ako nylon. Pri pou\u017eit\u00ed \u0161tandardn\u00fdch uzlov si vo vode zachov\u00e1 100 % pevnos\u0165 v porovnan\u00ed s 20 % stratou pevnosti nylonu.<\/p>\n","protected":false},"excerpt":{"rendered":"<p>Grand Max je jedn\u00fdm z najsilnej\u0161\u00edch flu\u00f3rovan\u00fdch uh\u013eovod\u00edkov. Vo vode je prakticky nevidite\u013en\u00fd, bez \u00fapravy sa \u013eahko pot\u00e1pa pribli\u017ene 3-kr\u00e1t r\u00fdchlej\u0161ie ako nylon.<\/p>\n","protected":false},"featured_media":5449,"comment_status":"closed","ping_status":"closed","template":"","meta":[],"product_brand":[],"product_cat":[548],"product_tag":[701,702,703],"class_list":{"0":"post-13218","1":"product","2":"type-product","3":"status-publish","4":"has-post-thumbnail","6":"product_cat-fluorocarbon-grand-max","7":"product_tag-grand-sk","8":"product_tag-max-sk","9":"product_tag-tippets-sk","11":"first","12":"instock","13":"taxable","14":"shipping-taxable","15":"purchasable","16":"product-type-variable","17":"has-default-attributes"},"yoast_head":"<!-- This site is optimized with the Yoast SEO plugin v27.4 - https:\/\/yoast.com\/product\/yoast-seo-wordpress\/ -->\n<title>Fluorokarb\u00f3n Grandmax FX - v\u0161etky ve\u013ekosti - DOHIKU<\/title>\n<meta name=\"description\" content=\"Grand Max je jedn\u00fdm z najsilnej\u0161\u00edch flu\u00f3rovan\u00fdch uh\u013eovod\u00edkov. Je prakticky nevidite\u013en\u00fd vo vode, \u013eahko sa pot\u00e1pa bez \u00fapravy pribli\u017ene 3-kr\u00e1t...\" \/>\n<meta name=\"robots\" content=\"index, follow, max-snippet:-1, max-image-preview:large, max-video-preview:-1\" \/>\n<link rel=\"canonical\" href=\"https:\/\/dohiku.eu\/sk\/shop\/fluorocarbon-grand-max\/fluorokarbon-grandmax-fx-vsetky-velkosti\/\" \/>\n<meta property=\"og:locale\" content=\"sk_SK\" \/>\n<meta property=\"og:type\" content=\"article\" \/>\n<meta property=\"og:title\" content=\"Fluorokarb\u00f3n Grandmax FX - v\u0161etky ve\u013ekosti - DOHIKU\" \/>\n<meta property=\"og:description\" content=\"Grand Max je jedn\u00fdm z najsilnej\u0161\u00edch flu\u00f3rovan\u00fdch uh\u013eovod\u00edkov. Je prakticky nevidite\u013en\u00fd vo vode, \u013eahko sa pot\u00e1pa bez \u00fapravy pribli\u017ene 3-kr\u00e1t...\" \/>\n<meta property=\"og:url\" content=\"https:\/\/dohiku.eu\/sk\/shop\/fluorocarbon-grand-max\/fluorokarbon-grandmax-fx-vsetky-velkosti\/\" \/>\n<meta property=\"og:site_name\" content=\"DOHIKU\" \/>\n<meta property=\"article:modified_time\" content=\"2026-04-26T19:06:20+00:00\" \/>\n<meta property=\"og:image\" content=\"https:\/\/dohiku.eu\/wp-content\/uploads\/2019\/03\/2733-Fluorocarbon-Grandmax-FX-All-sizes.jpg\" \/>\n\t<meta property=\"og:image:width\" content=\"1946\" \/>\n\t<meta property=\"og:image:height\" content=\"2541\" \/>\n\t<meta property=\"og:image:type\" content=\"image\/jpeg\" \/>\n<meta name=\"twitter:card\" content=\"summary_large_image\" \/>\n<meta name=\"twitter:label1\" content=\"Predpokladan\u00fd \u010das \u010d\u00edtania\" \/>\n\t<meta name=\"twitter:data1\" content=\"2 min\u00faty\" \/>\n<script type=\"application\/ld+json\" class=\"yoast-schema-graph\">{\"@context\":\"https:\\\/\\\/schema.org\",\"@graph\":[{\"@type\":\"WebPage\",\"@id\":\"https:\\\/\\\/dohiku.eu\\\/sk\\\/shop\\\/fluorocarbon-grand-max\\\/fluorokarbon-grandmax-fx-vsetky-velkosti\\\/\",\"url\":\"https:\\\/\\\/dohiku.eu\\\/sk\\\/shop\\\/fluorocarbon-grand-max\\\/fluorokarbon-grandmax-fx-vsetky-velkosti\\\/\",\"name\":\"Fluorokarb\u00f3n Grandmax FX - v\u0161etky ve\u013ekosti - DOHIKU\",\"isPartOf\":{\"@id\":\"https:\\\/\\\/dohiku.eu\\\/sk\\\/#website\"},\"primaryImageOfPage\":{\"@id\":\"https:\\\/\\\/dohiku.eu\\\/sk\\\/shop\\\/fluorocarbon-grand-max\\\/fluorokarbon-grandmax-fx-vsetky-velkosti\\\/#primaryimage\"},\"image\":{\"@id\":\"https:\\\/\\\/dohiku.eu\\\/sk\\\/shop\\\/fluorocarbon-grand-max\\\/fluorokarbon-grandmax-fx-vsetky-velkosti\\\/#primaryimage\"},\"thumbnailUrl\":\"https:\\\/\\\/dohiku.eu\\\/wp-content\\\/uploads\\\/2019\\\/03\\\/2733-Fluorocarbon-Grandmax-FX-All-sizes.jpg\",\"datePublished\":\"2019-03-01T12:01:50+00:00\",\"dateModified\":\"2026-04-26T19:06:20+00:00\",\"description\":\"Grand Max je jedn\u00fdm z najsilnej\u0161\u00edch flu\u00f3rovan\u00fdch uh\u013eovod\u00edkov. Je prakticky nevidite\u013en\u00fd vo vode, \u013eahko sa pot\u00e1pa bez \u00fapravy pribli\u017ene 3-kr\u00e1t...\",\"breadcrumb\":{\"@id\":\"https:\\\/\\\/dohiku.eu\\\/sk\\\/shop\\\/fluorocarbon-grand-max\\\/fluorokarbon-grandmax-fx-vsetky-velkosti\\\/#breadcrumb\"},\"inLanguage\":\"sk-SK\",\"potentialAction\":[{\"@type\":\"ReadAction\",\"target\":[\"https:\\\/\\\/dohiku.eu\\\/sk\\\/shop\\\/fluorocarbon-grand-max\\\/fluorokarbon-grandmax-fx-vsetky-velkosti\\\/\"]}]},{\"@type\":\"ImageObject\",\"inLanguage\":\"sk-SK\",\"@id\":\"https:\\\/\\\/dohiku.eu\\\/sk\\\/shop\\\/fluorocarbon-grand-max\\\/fluorokarbon-grandmax-fx-vsetky-velkosti\\\/#primaryimage\",\"url\":\"https:\\\/\\\/dohiku.eu\\\/wp-content\\\/uploads\\\/2019\\\/03\\\/2733-Fluorocarbon-Grandmax-FX-All-sizes.jpg\",\"contentUrl\":\"https:\\\/\\\/dohiku.eu\\\/wp-content\\\/uploads\\\/2019\\\/03\\\/2733-Fluorocarbon-Grandmax-FX-All-sizes.jpg\",\"width\":1946,\"height\":2541},{\"@type\":\"BreadcrumbList\",\"@id\":\"https:\\\/\\\/dohiku.eu\\\/sk\\\/shop\\\/fluorocarbon-grand-max\\\/fluorokarbon-grandmax-fx-vsetky-velkosti\\\/#breadcrumb\",\"itemListElement\":[{\"@type\":\"ListItem\",\"position\":1,\"name\":\"Home\",\"item\":\"https:\\\/\\\/dohiku.eu\\\/sk\\\/\"},{\"@type\":\"ListItem\",\"position\":2,\"name\":\"PRODUCTS\",\"item\":\"https:\\\/\\\/dohiku.eu\\\/sk\\\/products\\\/\"},{\"@type\":\"ListItem\",\"position\":3,\"name\":\"Fluorokarb\u00f3n Grandmax FX &#8211; v\u0161etky ve\u013ekosti\"}]},{\"@type\":\"WebSite\",\"@id\":\"https:\\\/\\\/dohiku.eu\\\/sk\\\/#website\",\"url\":\"https:\\\/\\\/dohiku.eu\\\/sk\\\/\",\"name\":\"DOHIKU\",\"description\":\"H\u00e1\u010diky DOHIKU s\u00fa vyroben\u00e9 z vysoko uhl\u00edkovej ocele, ktor\u00e1 je kalen\u00e1 a pop\u00fa\u0161\u0165an\u00e1 pod\u013ea presn\u00e9ho receptu.\",\"publisher\":{\"@id\":\"https:\\\/\\\/dohiku.eu\\\/sk\\\/#organization\"},\"potentialAction\":[{\"@type\":\"SearchAction\",\"target\":{\"@type\":\"EntryPoint\",\"urlTemplate\":\"https:\\\/\\\/dohiku.eu\\\/sk\\\/?s={search_term_string}\"},\"query-input\":{\"@type\":\"PropertyValueSpecification\",\"valueRequired\":true,\"valueName\":\"search_term_string\"}}],\"inLanguage\":\"sk-SK\"},{\"@type\":\"Organization\",\"@id\":\"https:\\\/\\\/dohiku.eu\\\/sk\\\/#organization\",\"name\":\"DOHIKU s.r.o.\",\"url\":\"https:\\\/\\\/dohiku.eu\\\/sk\\\/\",\"logo\":{\"@type\":\"ImageObject\",\"inLanguage\":\"sk-SK\",\"@id\":\"https:\\\/\\\/dohiku.eu\\\/sk\\\/#\\\/schema\\\/logo\\\/image\\\/\",\"url\":\"https:\\\/\\\/dohiku.eu\\\/wp-content\\\/uploads\\\/2024\\\/01\\\/cropped-dohiku.png\",\"contentUrl\":\"https:\\\/\\\/dohiku.eu\\\/wp-content\\\/uploads\\\/2024\\\/01\\\/cropped-dohiku.png\",\"width\":137,\"height\":87,\"caption\":\"DOHIKU s.r.o.\"},\"image\":{\"@id\":\"https:\\\/\\\/dohiku.eu\\\/sk\\\/#\\\/schema\\\/logo\\\/image\\\/\"}}]}<\/script>\n<!-- \/ Yoast SEO plugin. -->","yoast_head_json":{"title":"Fluorokarb\u00f3n Grandmax FX - v\u0161etky ve\u013ekosti - DOHIKU","description":"Grand Max je jedn\u00fdm z najsilnej\u0161\u00edch flu\u00f3rovan\u00fdch uh\u013eovod\u00edkov. Je prakticky nevidite\u013en\u00fd vo vode, \u013eahko sa pot\u00e1pa bez \u00fapravy pribli\u017ene 3-kr\u00e1t...","robots":{"index":"index","follow":"follow","max-snippet":"max-snippet:-1","max-image-preview":"max-image-preview:large","max-video-preview":"max-video-preview:-1"},"canonical":"https:\/\/dohiku.eu\/sk\/shop\/fluorocarbon-grand-max\/fluorokarbon-grandmax-fx-vsetky-velkosti\/","og_locale":"sk_SK","og_type":"article","og_title":"Fluorokarb\u00f3n Grandmax FX - v\u0161etky ve\u013ekosti - DOHIKU","og_description":"Grand Max je jedn\u00fdm z najsilnej\u0161\u00edch flu\u00f3rovan\u00fdch uh\u013eovod\u00edkov. Je prakticky nevidite\u013en\u00fd vo vode, \u013eahko sa pot\u00e1pa bez \u00fapravy pribli\u017ene 3-kr\u00e1t...","og_url":"https:\/\/dohiku.eu\/sk\/shop\/fluorocarbon-grand-max\/fluorokarbon-grandmax-fx-vsetky-velkosti\/","og_site_name":"DOHIKU","article_modified_time":"2026-04-26T19:06:20+00:00","og_image":[{"width":1946,"height":2541,"url":"https:\/\/dohiku.eu\/wp-content\/uploads\/2019\/03\/2733-Fluorocarbon-Grandmax-FX-All-sizes.jpg","type":"image\/jpeg"}],"twitter_card":"summary_large_image","twitter_misc":{"Predpokladan\u00fd \u010das \u010d\u00edtania":"2 min\u00faty"},"schema":{"@context":"https:\/\/schema.org","@graph":[{"@type":"WebPage","@id":"https:\/\/dohiku.eu\/sk\/shop\/fluorocarbon-grand-max\/fluorokarbon-grandmax-fx-vsetky-velkosti\/","url":"https:\/\/dohiku.eu\/sk\/shop\/fluorocarbon-grand-max\/fluorokarbon-grandmax-fx-vsetky-velkosti\/","name":"Fluorokarb\u00f3n Grandmax FX - v\u0161etky ve\u013ekosti - DOHIKU","isPartOf":{"@id":"https:\/\/dohiku.eu\/sk\/#website"},"primaryImageOfPage":{"@id":"https:\/\/dohiku.eu\/sk\/shop\/fluorocarbon-grand-max\/fluorokarbon-grandmax-fx-vsetky-velkosti\/#primaryimage"},"image":{"@id":"https:\/\/dohiku.eu\/sk\/shop\/fluorocarbon-grand-max\/fluorokarbon-grandmax-fx-vsetky-velkosti\/#primaryimage"},"thumbnailUrl":"https:\/\/dohiku.eu\/wp-content\/uploads\/2019\/03\/2733-Fluorocarbon-Grandmax-FX-All-sizes.jpg","datePublished":"2019-03-01T12:01:50+00:00","dateModified":"2026-04-26T19:06:20+00:00","description":"Grand Max je jedn\u00fdm z najsilnej\u0161\u00edch flu\u00f3rovan\u00fdch uh\u013eovod\u00edkov. Je prakticky nevidite\u013en\u00fd vo vode, \u013eahko sa pot\u00e1pa bez \u00fapravy pribli\u017ene 3-kr\u00e1t...","breadcrumb":{"@id":"https:\/\/dohiku.eu\/sk\/shop\/fluorocarbon-grand-max\/fluorokarbon-grandmax-fx-vsetky-velkosti\/#breadcrumb"},"inLanguage":"sk-SK","potentialAction":[{"@type":"ReadAction","target":["https:\/\/dohiku.eu\/sk\/shop\/fluorocarbon-grand-max\/fluorokarbon-grandmax-fx-vsetky-velkosti\/"]}]},{"@type":"ImageObject","inLanguage":"sk-SK","@id":"https:\/\/dohiku.eu\/sk\/shop\/fluorocarbon-grand-max\/fluorokarbon-grandmax-fx-vsetky-velkosti\/#primaryimage","url":"https:\/\/dohiku.eu\/wp-content\/uploads\/2019\/03\/2733-Fluorocarbon-Grandmax-FX-All-sizes.jpg","contentUrl":"https:\/\/dohiku.eu\/wp-content\/uploads\/2019\/03\/2733-Fluorocarbon-Grandmax-FX-All-sizes.jpg","width":1946,"height":2541},{"@type":"BreadcrumbList","@id":"https:\/\/dohiku.eu\/sk\/shop\/fluorocarbon-grand-max\/fluorokarbon-grandmax-fx-vsetky-velkosti\/#breadcrumb","itemListElement":[{"@type":"ListItem","position":1,"name":"Home","item":"https:\/\/dohiku.eu\/sk\/"},{"@type":"ListItem","position":2,"name":"PRODUCTS","item":"https:\/\/dohiku.eu\/sk\/products\/"},{"@type":"ListItem","position":3,"name":"Fluorokarb\u00f3n Grandmax FX &#8211; v\u0161etky ve\u013ekosti"}]},{"@type":"WebSite","@id":"https:\/\/dohiku.eu\/sk\/#website","url":"https:\/\/dohiku.eu\/sk\/","name":"DOHIKU","description":"H\u00e1\u010diky DOHIKU s\u00fa vyroben\u00e9 z vysoko uhl\u00edkovej ocele, ktor\u00e1 je kalen\u00e1 a pop\u00fa\u0161\u0165an\u00e1 pod\u013ea presn\u00e9ho receptu.","publisher":{"@id":"https:\/\/dohiku.eu\/sk\/#organization"},"potentialAction":[{"@type":"SearchAction","target":{"@type":"EntryPoint","urlTemplate":"https:\/\/dohiku.eu\/sk\/?s={search_term_string}"},"query-input":{"@type":"PropertyValueSpecification","valueRequired":true,"valueName":"search_term_string"}}],"inLanguage":"sk-SK"},{"@type":"Organization","@id":"https:\/\/dohiku.eu\/sk\/#organization","name":"DOHIKU s.r.o.","url":"https:\/\/dohiku.eu\/sk\/","logo":{"@type":"ImageObject","inLanguage":"sk-SK","@id":"https:\/\/dohiku.eu\/sk\/#\/schema\/logo\/image\/","url":"https:\/\/dohiku.eu\/wp-content\/uploads\/2024\/01\/cropped-dohiku.png","contentUrl":"https:\/\/dohiku.eu\/wp-content\/uploads\/2024\/01\/cropped-dohiku.png","width":137,"height":87,"caption":"DOHIKU s.r.o."},"image":{"@id":"https:\/\/dohiku.eu\/sk\/#\/schema\/logo\/image\/"}}]}},"_links":{"self":[{"href":"https:\/\/dohiku.eu\/sk\/wp-json\/wp\/v2\/product\/13218","targetHints":{"allow":["GET"]}}],"collection":[{"href":"https:\/\/dohiku.eu\/sk\/wp-json\/wp\/v2\/product"}],"about":[{"href":"https:\/\/dohiku.eu\/sk\/wp-json\/wp\/v2\/types\/product"}],"replies":[{"embeddable":true,"href":"https:\/\/dohiku.eu\/sk\/wp-json\/wp\/v2\/comments?post=13218"}],"wp:featuredmedia":[{"embeddable":true,"href":"https:\/\/dohiku.eu\/sk\/wp-json\/wp\/v2\/media\/5449"}],"wp:attachment":[{"href":"https:\/\/dohiku.eu\/sk\/wp-json\/wp\/v2\/media?parent=13218"}],"wp:term":[{"taxonomy":"product_brand","embeddable":true,"href":"https:\/\/dohiku.eu\/sk\/wp-json\/wp\/v2\/product_brand?post=13218"},{"taxonomy":"product_cat","embeddable":true,"href":"https:\/\/dohiku.eu\/sk\/wp-json\/wp\/v2\/product_cat?post=13218"},{"taxonomy":"product_tag","embeddable":true,"href":"https:\/\/dohiku.eu\/sk\/wp-json\/wp\/v2\/product_tag?post=13218"}],"curies":[{"name":"wp","href":"https:\/\/api.w.org\/{rel}","templated":true}]}}