{"id":13157,"date":"2019-03-01T12:01:49","date_gmt":"2019-03-01T12:01:49","guid":{"rendered":"https:\/\/dohiku.eu\/shop\/nezaraden\u00e9\/varivas-flat-butt-svl\/"},"modified":"2026-01-16T11:23:42","modified_gmt":"2026-01-16T11:23:42","slug":"varivas-flat-butt-svl","status":"publish","type":"product","link":"https:\/\/dohiku.eu\/sk\/shop\/silony-navazce-a-indikatory\/varivas-flat-butt-svl\/","title":{"rendered":"Varivas Flat Butt, SVL"},"content":{"rendered":"<p>K\u00f3nicky zu\u017eovan\u00fd nylonov\u00fd n\u00e1v\u00e4zec pred\u013a\u017euje a spres\u0148uje hody. Novinkou, ktor\u00e1 rob\u00ed tento n\u00e1v\u00e4zec odli\u0161n\u00fdm je, \u017ee jeho v\u00e4\u010d\u0161ia \u010das\u0165 je ploch\u00e1 52%. Je vysoko \u00fa\u010dinn\u00fd pre lov na such\u00e9 mu\u0161ky, kukly a \u013eahk\u00e9 nymfy. \u00da\u010delom ak\u00e9hoko\u013evek z\u00fa\u017een\u00e9ho nadv\u00e4zca je zabezpe\u010di\u0165 lep\u0161\u00ed obrat, aby bola mu\u0161ka umiestnen\u00e1 \u010do naj\u010falej od vlasca. Nov\u00fd dizajn Flat Butt pon\u00faka lep\u0161\u00ed v\u00fdkon ako \u0161tandardn\u00e9 z\u00fa\u017een\u00e9 nadv\u00e4zce, poskytuje pru\u017en\u00e9 spojenie s mu\u0161kou, ktor\u00e1 sa prirodzene pohybuje s vodou, a n\u00edzky jazdn\u00fd profil; ide\u00e1lny pre such\u00e9 mu\u0161ky. <\/p>\n<p>Ploch\u00fd zadok 4X &#8211; d\u013a\u017eka: 4,57 m\/15 st\u00f4p<\/p>\n<p>Ploch\u00fd zadok 5X &#8211; d\u013a\u017eka: 4,57 m\/15 st\u00f4p<\/p>\n<p>Ploch\u00fd zadok 6X &#8211; d\u013a\u017eka: 4,57 m\/15 st\u00f4p<\/p>\n","protected":false},"excerpt":{"rendered":"<p>K\u00f3nicky zu\u017eovan\u00fd nylonov\u00fd n\u00e1v\u00e4zec pred\u013a\u017euje a spres\u0148uje hody. Novinkou, ktor\u00e1 rob\u00ed tento n\u00e1v\u00e4zec odli\u0161n\u00fdm je, \u017ee jeho v\u00e4\u010d\u0161ia \u010das\u0165 je ploch\u00e1 52%. Je vysoko \u00fa\u010dinn\u00fd pre lov na such\u00e9 mu\u0161ky, kukly a \u013eahk\u00e9 nymfy. \u00da\u010delom ak\u00e9hoko\u013evek z\u00fa\u017een\u00e9ho nadv\u00e4zca je zabezpe\u010di\u0165 lep\u0161\u00ed obrat, aby bola mu\u0161ka umiestnen\u00e1 \u010do naj\u010falej od vlasca. <\/p>\n<p>Ploch\u00fd zadok 4X &#8211; d\u013a\u017eka: 4,57 m\/15 st\u00f4p<\/p>\n<p>Ploch\u00fd zadok 5X &#8211; d\u013a\u017eka: 4,57 m\/15 st\u00f4p<\/p>\n<p>Ploch\u00fd zadok 6X &#8211; d\u013a\u017eka: 4,57 m\/15 st\u00f4p<\/p>\n","protected":false},"featured_media":5442,"comment_status":"closed","ping_status":"closed","template":"","meta":[],"product_brand":[],"product_cat":[555],"product_tag":[699,700],"class_list":{"0":"post-13157","1":"product","2":"type-product","3":"status-publish","4":"has-post-thumbnail","6":"product_cat-silony-navazce-a-indikatory","7":"product_tag-leader-sk","8":"product_tag-tapered-sk","10":"first","11":"outofstock","12":"taxable","13":"shipping-taxable","14":"purchasable","15":"product-type-variable","16":"has-default-attributes"},"yoast_head":"<!-- This site is optimized with the Yoast SEO plugin v27.4 - https:\/\/yoast.com\/product\/yoast-seo-wordpress\/ -->\n<title>Varivas Flat Butt, SVL - DOHIKU<\/title>\n<meta name=\"description\" content=\"K\u00f3nicky zu\u017eovan\u00fd nylonov\u00fd n\u00e1v\u00e4zec pred\u013a\u017euje a spres\u0148uje hody. Novinkou, ktor\u00e1 rob\u00ed tento n\u00e1v\u00e4zec odli\u0161n\u00fdm je, \u017ee jeho v\u00e4\u010d\u0161ia \u010das\u0165 je ploch\u00e1 52%. Je vysoko \u00fa\u010dinn\u00fd pre lov na such\u00e9 mu\u0161ky, kukly a \u013eahk\u00e9 nymfy. \u00da\u010delom ka\u017ed\u00e9ho z\u00fa\u017een\u00e9ho nadv\u00e4zca je...\" \/>\n<meta name=\"robots\" content=\"index, follow, max-snippet:-1, max-image-preview:large, max-video-preview:-1\" \/>\n<link rel=\"canonical\" href=\"https:\/\/dohiku.eu\/sk\/shop\/silony-navazce-a-indikatory\/varivas-flat-butt-svl\/\" \/>\n<meta property=\"og:locale\" content=\"sk_SK\" \/>\n<meta property=\"og:type\" content=\"article\" \/>\n<meta property=\"og:title\" content=\"Varivas Flat Butt, SVL - DOHIKU\" \/>\n<meta property=\"og:description\" content=\"K\u00f3nicky zu\u017eovan\u00fd nylonov\u00fd n\u00e1v\u00e4zec pred\u013a\u017euje a spres\u0148uje hody. Novinkou, ktor\u00e1 rob\u00ed tento n\u00e1v\u00e4zec odli\u0161n\u00fdm je, \u017ee jeho v\u00e4\u010d\u0161ia \u010das\u0165 je ploch\u00e1 52%. Je vysoko \u00fa\u010dinn\u00fd pre lov na such\u00e9 mu\u0161ky, kukly a \u013eahk\u00e9 nymfy. \u00da\u010delom ka\u017ed\u00e9ho z\u00fa\u017een\u00e9ho nadv\u00e4zca je...\" \/>\n<meta property=\"og:url\" content=\"https:\/\/dohiku.eu\/sk\/shop\/silony-navazce-a-indikatory\/varivas-flat-butt-svl\/\" \/>\n<meta property=\"og:site_name\" content=\"DOHIKU\" \/>\n<meta property=\"article:modified_time\" content=\"2026-01-16T11:23:42+00:00\" \/>\n<meta property=\"og:image\" content=\"https:\/\/dohiku.eu\/wp-content\/uploads\/2019\/03\/807-Varivas-Flat-Butt-SVL-scaled.jpg\" \/>\n\t<meta property=\"og:image:width\" content=\"1768\" \/>\n\t<meta property=\"og:image:height\" content=\"2560\" \/>\n\t<meta property=\"og:image:type\" content=\"image\/jpeg\" \/>\n<meta name=\"twitter:card\" content=\"summary_large_image\" \/>\n<meta name=\"twitter:label1\" content=\"Predpokladan\u00fd \u010das \u010d\u00edtania\" \/>\n\t<meta name=\"twitter:data1\" content=\"1 min\u00fata\" \/>\n<script type=\"application\/ld+json\" class=\"yoast-schema-graph\">{\"@context\":\"https:\\\/\\\/schema.org\",\"@graph\":[{\"@type\":\"WebPage\",\"@id\":\"https:\\\/\\\/dohiku.eu\\\/sk\\\/shop\\\/silony-navazce-a-indikatory\\\/varivas-flat-butt-svl\\\/\",\"url\":\"https:\\\/\\\/dohiku.eu\\\/sk\\\/shop\\\/silony-navazce-a-indikatory\\\/varivas-flat-butt-svl\\\/\",\"name\":\"Varivas Flat Butt, SVL - DOHIKU\",\"isPartOf\":{\"@id\":\"https:\\\/\\\/dohiku.eu\\\/sk\\\/#website\"},\"primaryImageOfPage\":{\"@id\":\"https:\\\/\\\/dohiku.eu\\\/sk\\\/shop\\\/silony-navazce-a-indikatory\\\/varivas-flat-butt-svl\\\/#primaryimage\"},\"image\":{\"@id\":\"https:\\\/\\\/dohiku.eu\\\/sk\\\/shop\\\/silony-navazce-a-indikatory\\\/varivas-flat-butt-svl\\\/#primaryimage\"},\"thumbnailUrl\":\"https:\\\/\\\/dohiku.eu\\\/wp-content\\\/uploads\\\/2019\\\/03\\\/807-Varivas-Flat-Butt-SVL-scaled.jpg\",\"datePublished\":\"2019-03-01T12:01:49+00:00\",\"dateModified\":\"2026-01-16T11:23:42+00:00\",\"description\":\"K\u00f3nicky zu\u017eovan\u00fd nylonov\u00fd n\u00e1v\u00e4zec pred\u013a\u017euje a spres\u0148uje hody. Novinkou, ktor\u00e1 rob\u00ed tento n\u00e1v\u00e4zec odli\u0161n\u00fdm je, \u017ee jeho v\u00e4\u010d\u0161ia \u010das\u0165 je ploch\u00e1 52%. Je vysoko \u00fa\u010dinn\u00fd pre lov na such\u00e9 mu\u0161ky, kukly a \u013eahk\u00e9 nymfy. \u00da\u010delom ka\u017ed\u00e9ho z\u00fa\u017een\u00e9ho nadv\u00e4zca je...\",\"breadcrumb\":{\"@id\":\"https:\\\/\\\/dohiku.eu\\\/sk\\\/shop\\\/silony-navazce-a-indikatory\\\/varivas-flat-butt-svl\\\/#breadcrumb\"},\"inLanguage\":\"sk-SK\",\"potentialAction\":[{\"@type\":\"ReadAction\",\"target\":[\"https:\\\/\\\/dohiku.eu\\\/sk\\\/shop\\\/silony-navazce-a-indikatory\\\/varivas-flat-butt-svl\\\/\"]}]},{\"@type\":\"ImageObject\",\"inLanguage\":\"sk-SK\",\"@id\":\"https:\\\/\\\/dohiku.eu\\\/sk\\\/shop\\\/silony-navazce-a-indikatory\\\/varivas-flat-butt-svl\\\/#primaryimage\",\"url\":\"https:\\\/\\\/dohiku.eu\\\/wp-content\\\/uploads\\\/2019\\\/03\\\/807-Varivas-Flat-Butt-SVL-scaled.jpg\",\"contentUrl\":\"https:\\\/\\\/dohiku.eu\\\/wp-content\\\/uploads\\\/2019\\\/03\\\/807-Varivas-Flat-Butt-SVL-scaled.jpg\",\"width\":1768,\"height\":2560},{\"@type\":\"BreadcrumbList\",\"@id\":\"https:\\\/\\\/dohiku.eu\\\/sk\\\/shop\\\/silony-navazce-a-indikatory\\\/varivas-flat-butt-svl\\\/#breadcrumb\",\"itemListElement\":[{\"@type\":\"ListItem\",\"position\":1,\"name\":\"Home\",\"item\":\"https:\\\/\\\/dohiku.eu\\\/sk\\\/\"},{\"@type\":\"ListItem\",\"position\":2,\"name\":\"PRODUCTS\",\"item\":\"https:\\\/\\\/dohiku.eu\\\/sk\\\/products\\\/\"},{\"@type\":\"ListItem\",\"position\":3,\"name\":\"Varivas Flat Butt, SVL\"}]},{\"@type\":\"WebSite\",\"@id\":\"https:\\\/\\\/dohiku.eu\\\/sk\\\/#website\",\"url\":\"https:\\\/\\\/dohiku.eu\\\/sk\\\/\",\"name\":\"DOHIKU\",\"description\":\"H\u00e1\u010diky DOHIKU s\u00fa vyroben\u00e9 z vysoko uhl\u00edkovej ocele, ktor\u00e1 je kalen\u00e1 a pop\u00fa\u0161\u0165an\u00e1 pod\u013ea presn\u00e9ho receptu.\",\"publisher\":{\"@id\":\"https:\\\/\\\/dohiku.eu\\\/sk\\\/#organization\"},\"potentialAction\":[{\"@type\":\"SearchAction\",\"target\":{\"@type\":\"EntryPoint\",\"urlTemplate\":\"https:\\\/\\\/dohiku.eu\\\/sk\\\/?s={search_term_string}\"},\"query-input\":{\"@type\":\"PropertyValueSpecification\",\"valueRequired\":true,\"valueName\":\"search_term_string\"}}],\"inLanguage\":\"sk-SK\"},{\"@type\":\"Organization\",\"@id\":\"https:\\\/\\\/dohiku.eu\\\/sk\\\/#organization\",\"name\":\"DOHIKU s.r.o.\",\"url\":\"https:\\\/\\\/dohiku.eu\\\/sk\\\/\",\"logo\":{\"@type\":\"ImageObject\",\"inLanguage\":\"sk-SK\",\"@id\":\"https:\\\/\\\/dohiku.eu\\\/sk\\\/#\\\/schema\\\/logo\\\/image\\\/\",\"url\":\"https:\\\/\\\/dohiku.eu\\\/wp-content\\\/uploads\\\/2024\\\/01\\\/cropped-dohiku.png\",\"contentUrl\":\"https:\\\/\\\/dohiku.eu\\\/wp-content\\\/uploads\\\/2024\\\/01\\\/cropped-dohiku.png\",\"width\":137,\"height\":87,\"caption\":\"DOHIKU s.r.o.\"},\"image\":{\"@id\":\"https:\\\/\\\/dohiku.eu\\\/sk\\\/#\\\/schema\\\/logo\\\/image\\\/\"}}]}<\/script>\n<!-- \/ Yoast SEO plugin. -->","yoast_head_json":{"title":"Varivas Flat Butt, SVL - DOHIKU","description":"K\u00f3nicky zu\u017eovan\u00fd nylonov\u00fd n\u00e1v\u00e4zec pred\u013a\u017euje a spres\u0148uje hody. Novinkou, ktor\u00e1 rob\u00ed tento n\u00e1v\u00e4zec odli\u0161n\u00fdm je, \u017ee jeho v\u00e4\u010d\u0161ia \u010das\u0165 je ploch\u00e1 52%. Je vysoko \u00fa\u010dinn\u00fd pre lov na such\u00e9 mu\u0161ky, kukly a \u013eahk\u00e9 nymfy. \u00da\u010delom ka\u017ed\u00e9ho z\u00fa\u017een\u00e9ho nadv\u00e4zca je...","robots":{"index":"index","follow":"follow","max-snippet":"max-snippet:-1","max-image-preview":"max-image-preview:large","max-video-preview":"max-video-preview:-1"},"canonical":"https:\/\/dohiku.eu\/sk\/shop\/silony-navazce-a-indikatory\/varivas-flat-butt-svl\/","og_locale":"sk_SK","og_type":"article","og_title":"Varivas Flat Butt, SVL - DOHIKU","og_description":"K\u00f3nicky zu\u017eovan\u00fd nylonov\u00fd n\u00e1v\u00e4zec pred\u013a\u017euje a spres\u0148uje hody. Novinkou, ktor\u00e1 rob\u00ed tento n\u00e1v\u00e4zec odli\u0161n\u00fdm je, \u017ee jeho v\u00e4\u010d\u0161ia \u010das\u0165 je ploch\u00e1 52%. Je vysoko \u00fa\u010dinn\u00fd pre lov na such\u00e9 mu\u0161ky, kukly a \u013eahk\u00e9 nymfy. \u00da\u010delom ka\u017ed\u00e9ho z\u00fa\u017een\u00e9ho nadv\u00e4zca je...","og_url":"https:\/\/dohiku.eu\/sk\/shop\/silony-navazce-a-indikatory\/varivas-flat-butt-svl\/","og_site_name":"DOHIKU","article_modified_time":"2026-01-16T11:23:42+00:00","og_image":[{"width":1768,"height":2560,"url":"https:\/\/dohiku.eu\/wp-content\/uploads\/2019\/03\/807-Varivas-Flat-Butt-SVL-scaled.jpg","type":"image\/jpeg"}],"twitter_card":"summary_large_image","twitter_misc":{"Predpokladan\u00fd \u010das \u010d\u00edtania":"1 min\u00fata"},"schema":{"@context":"https:\/\/schema.org","@graph":[{"@type":"WebPage","@id":"https:\/\/dohiku.eu\/sk\/shop\/silony-navazce-a-indikatory\/varivas-flat-butt-svl\/","url":"https:\/\/dohiku.eu\/sk\/shop\/silony-navazce-a-indikatory\/varivas-flat-butt-svl\/","name":"Varivas Flat Butt, SVL - DOHIKU","isPartOf":{"@id":"https:\/\/dohiku.eu\/sk\/#website"},"primaryImageOfPage":{"@id":"https:\/\/dohiku.eu\/sk\/shop\/silony-navazce-a-indikatory\/varivas-flat-butt-svl\/#primaryimage"},"image":{"@id":"https:\/\/dohiku.eu\/sk\/shop\/silony-navazce-a-indikatory\/varivas-flat-butt-svl\/#primaryimage"},"thumbnailUrl":"https:\/\/dohiku.eu\/wp-content\/uploads\/2019\/03\/807-Varivas-Flat-Butt-SVL-scaled.jpg","datePublished":"2019-03-01T12:01:49+00:00","dateModified":"2026-01-16T11:23:42+00:00","description":"K\u00f3nicky zu\u017eovan\u00fd nylonov\u00fd n\u00e1v\u00e4zec pred\u013a\u017euje a spres\u0148uje hody. Novinkou, ktor\u00e1 rob\u00ed tento n\u00e1v\u00e4zec odli\u0161n\u00fdm je, \u017ee jeho v\u00e4\u010d\u0161ia \u010das\u0165 je ploch\u00e1 52%. Je vysoko \u00fa\u010dinn\u00fd pre lov na such\u00e9 mu\u0161ky, kukly a \u013eahk\u00e9 nymfy. \u00da\u010delom ka\u017ed\u00e9ho z\u00fa\u017een\u00e9ho nadv\u00e4zca je...","breadcrumb":{"@id":"https:\/\/dohiku.eu\/sk\/shop\/silony-navazce-a-indikatory\/varivas-flat-butt-svl\/#breadcrumb"},"inLanguage":"sk-SK","potentialAction":[{"@type":"ReadAction","target":["https:\/\/dohiku.eu\/sk\/shop\/silony-navazce-a-indikatory\/varivas-flat-butt-svl\/"]}]},{"@type":"ImageObject","inLanguage":"sk-SK","@id":"https:\/\/dohiku.eu\/sk\/shop\/silony-navazce-a-indikatory\/varivas-flat-butt-svl\/#primaryimage","url":"https:\/\/dohiku.eu\/wp-content\/uploads\/2019\/03\/807-Varivas-Flat-Butt-SVL-scaled.jpg","contentUrl":"https:\/\/dohiku.eu\/wp-content\/uploads\/2019\/03\/807-Varivas-Flat-Butt-SVL-scaled.jpg","width":1768,"height":2560},{"@type":"BreadcrumbList","@id":"https:\/\/dohiku.eu\/sk\/shop\/silony-navazce-a-indikatory\/varivas-flat-butt-svl\/#breadcrumb","itemListElement":[{"@type":"ListItem","position":1,"name":"Home","item":"https:\/\/dohiku.eu\/sk\/"},{"@type":"ListItem","position":2,"name":"PRODUCTS","item":"https:\/\/dohiku.eu\/sk\/products\/"},{"@type":"ListItem","position":3,"name":"Varivas Flat Butt, SVL"}]},{"@type":"WebSite","@id":"https:\/\/dohiku.eu\/sk\/#website","url":"https:\/\/dohiku.eu\/sk\/","name":"DOHIKU","description":"H\u00e1\u010diky DOHIKU s\u00fa vyroben\u00e9 z vysoko uhl\u00edkovej ocele, ktor\u00e1 je kalen\u00e1 a pop\u00fa\u0161\u0165an\u00e1 pod\u013ea presn\u00e9ho receptu.","publisher":{"@id":"https:\/\/dohiku.eu\/sk\/#organization"},"potentialAction":[{"@type":"SearchAction","target":{"@type":"EntryPoint","urlTemplate":"https:\/\/dohiku.eu\/sk\/?s={search_term_string}"},"query-input":{"@type":"PropertyValueSpecification","valueRequired":true,"valueName":"search_term_string"}}],"inLanguage":"sk-SK"},{"@type":"Organization","@id":"https:\/\/dohiku.eu\/sk\/#organization","name":"DOHIKU s.r.o.","url":"https:\/\/dohiku.eu\/sk\/","logo":{"@type":"ImageObject","inLanguage":"sk-SK","@id":"https:\/\/dohiku.eu\/sk\/#\/schema\/logo\/image\/","url":"https:\/\/dohiku.eu\/wp-content\/uploads\/2024\/01\/cropped-dohiku.png","contentUrl":"https:\/\/dohiku.eu\/wp-content\/uploads\/2024\/01\/cropped-dohiku.png","width":137,"height":87,"caption":"DOHIKU s.r.o."},"image":{"@id":"https:\/\/dohiku.eu\/sk\/#\/schema\/logo\/image\/"}}]}},"_links":{"self":[{"href":"https:\/\/dohiku.eu\/sk\/wp-json\/wp\/v2\/product\/13157","targetHints":{"allow":["GET"]}}],"collection":[{"href":"https:\/\/dohiku.eu\/sk\/wp-json\/wp\/v2\/product"}],"about":[{"href":"https:\/\/dohiku.eu\/sk\/wp-json\/wp\/v2\/types\/product"}],"replies":[{"embeddable":true,"href":"https:\/\/dohiku.eu\/sk\/wp-json\/wp\/v2\/comments?post=13157"}],"wp:featuredmedia":[{"embeddable":true,"href":"https:\/\/dohiku.eu\/sk\/wp-json\/wp\/v2\/media\/5442"}],"wp:attachment":[{"href":"https:\/\/dohiku.eu\/sk\/wp-json\/wp\/v2\/media?parent=13157"}],"wp:term":[{"taxonomy":"product_brand","embeddable":true,"href":"https:\/\/dohiku.eu\/sk\/wp-json\/wp\/v2\/product_brand?post=13157"},{"taxonomy":"product_cat","embeddable":true,"href":"https:\/\/dohiku.eu\/sk\/wp-json\/wp\/v2\/product_cat?post=13157"},{"taxonomy":"product_tag","embeddable":true,"href":"https:\/\/dohiku.eu\/sk\/wp-json\/wp\/v2\/product_tag?post=13157"}],"curies":[{"name":"wp","href":"https:\/\/api.w.org\/{rel}","templated":true}]}}