{"id":13144,"date":"2019-03-01T12:01:49","date_gmt":"2019-03-01T12:01:49","guid":{"rendered":"https:\/\/dohiku.eu\/shop\/nezaraden\u00e9\/konicke-navazce-francuz-skn\/"},"modified":"2026-02-09T09:47:37","modified_gmt":"2026-02-09T09:47:37","slug":"konicke-navazce-francuz-skn","status":"publish","type":"product","link":"https:\/\/dohiku.eu\/sk\/shop\/silony-navazce-a-indikatory\/konicke-navazce-francuz-skn\/","title":{"rendered":"K\u00f3nick\u00e9 n\u00e1v\u00e4zce \u201eFranc\u00faz\u201c, SKN"},"content":{"rendered":"<p>Pozrite sa na tabulku<\/p>\n<p>D\u013a\u017eka 10 m a 15 m.<\/p>\n<p>SKN 1 &#8211; 10 m, SKN 2 &#8211; 15 m &#8211; \u010d\u00edre<\/p>\n<p>SKN 3 &#8211; 10 m, SKN 4 &#8211; 15 m &#8211; Svetl\u00e1 oliva<\/p>\n<p>SKN 5 &#8211; 10m, SKN 6 &#8211; 15m &#8211; \u010derven\u00e1<\/p>\n<p>SKN 7 &#8211; 10m, SKN 8 &#8211; 15m &#8211; Tmav\u00e1 oliva<\/p>\n<p>SKN 9 &#8211; 10 m, SKN 10 &#8211; 15 m &#8211; \u010d\u00edre<\/p>\n<p>SKN 11 &#8211; 10m, SKN 12 &#8211; 15m &#8211; oran\u017eov\u00e1<\/p>\n","protected":false},"excerpt":{"rendered":"<p>K\u00f3nick\u00e9 n\u00e1v\u00e4zce &#8222;Franc\u00faz&#8220; Pozrite sa na tabulku<\/p>\n<p>D\u013a\u017eka 10 m a 15 m.<\/p>\n<p>SKN 1 &#8211; 10 m, SKN 2 &#8211; 15 m &#8211; \u010d\u00edre<\/p>\n<p>SKN 3 &#8211; 10 m, SKN 4 &#8211; 15 m &#8211; Svetl\u00e1 oliva<\/p>\n<p>SKN 5 &#8211; 10m, SKN 6 &#8211; 15m &#8211; \u010derven\u00e1<\/p>\n<p>SKN 7 &#8211; 10m, SKN 8 &#8211; 15m &#8211; Tmav\u00e1 oliva<\/p>\n<p>SKN 9 &#8211; 10 m, SKN 10 &#8211; 15 m &#8211; \u010d\u00edre<\/p>\n<p>SKN 11 &#8211; 10m, SKN 12 &#8211; 15m &#8211; oran\u017eov\u00e1<\/p>\n","protected":false},"featured_media":5435,"comment_status":"closed","ping_status":"closed","template":"","meta":[],"product_brand":[],"product_cat":[555],"product_tag":[699,700],"class_list":{"0":"post-13144","1":"product","2":"type-product","3":"status-publish","4":"has-post-thumbnail","6":"product_cat-silony-navazce-a-indikatory","7":"product_tag-leader-sk","8":"product_tag-tapered-sk","10":"first","11":"outofstock","12":"taxable","13":"shipping-taxable","14":"purchasable","15":"product-type-variable","16":"has-default-attributes"},"yoast_head":"<!-- This site is optimized with the Yoast SEO plugin v27.4 - https:\/\/yoast.com\/product\/yoast-seo-wordpress\/ -->\n<title>K\u00f3nick\u00e9 n\u00e1v\u00e4zce \u201eFranc\u00faz\u201c, SKN - DOHIKU<\/title>\n<meta name=\"description\" content=\"K\u00f3nick\u00e9 n\u00e1v\u00e4zce &quot;Franc\u00faz&quot; Pozrite sa na tabulku D\u013a\u017eka 10 m a 15 m.\" \/>\n<meta name=\"robots\" content=\"index, follow, max-snippet:-1, max-image-preview:large, max-video-preview:-1\" \/>\n<link rel=\"canonical\" href=\"https:\/\/dohiku.eu\/sk\/shop\/silony-navazce-a-indikatory\/konicke-navazce-francuz-skn\/\" \/>\n<meta property=\"og:locale\" content=\"sk_SK\" \/>\n<meta property=\"og:type\" content=\"article\" \/>\n<meta property=\"og:title\" content=\"K\u00f3nick\u00e9 n\u00e1v\u00e4zce \u201eFranc\u00faz\u201c, SKN - DOHIKU\" \/>\n<meta property=\"og:description\" content=\"K\u00f3nick\u00e9 n\u00e1v\u00e4zce &quot;Franc\u00faz&quot; Pozrite sa na tabulku D\u013a\u017eka 10 m a 15 m.\" \/>\n<meta property=\"og:url\" content=\"https:\/\/dohiku.eu\/sk\/shop\/silony-navazce-a-indikatory\/konicke-navazce-francuz-skn\/\" \/>\n<meta property=\"og:site_name\" content=\"DOHIKU\" \/>\n<meta property=\"article:modified_time\" content=\"2026-02-09T09:47:37+00:00\" \/>\n<meta property=\"og:image\" content=\"https:\/\/dohiku.eu\/wp-content\/uploads\/2019\/03\/2727-Tapered-Leader-French.jpg\" \/>\n\t<meta property=\"og:image:width\" content=\"1517\" \/>\n\t<meta property=\"og:image:height\" content=\"2489\" \/>\n\t<meta property=\"og:image:type\" content=\"image\/jpeg\" \/>\n<meta name=\"twitter:card\" content=\"summary_large_image\" \/>\n<meta name=\"twitter:label1\" content=\"Predpokladan\u00fd \u010das \u010d\u00edtania\" \/>\n\t<meta name=\"twitter:data1\" content=\"1 min\u00fata\" \/>\n<script type=\"application\/ld+json\" class=\"yoast-schema-graph\">{\"@context\":\"https:\\\/\\\/schema.org\",\"@graph\":[{\"@type\":\"WebPage\",\"@id\":\"https:\\\/\\\/dohiku.eu\\\/sk\\\/shop\\\/silony-navazce-a-indikatory\\\/konicke-navazce-francuz-skn\\\/\",\"url\":\"https:\\\/\\\/dohiku.eu\\\/sk\\\/shop\\\/silony-navazce-a-indikatory\\\/konicke-navazce-francuz-skn\\\/\",\"name\":\"K\u00f3nick\u00e9 n\u00e1v\u00e4zce \u201eFranc\u00faz\u201c, SKN - DOHIKU\",\"isPartOf\":{\"@id\":\"https:\\\/\\\/dohiku.eu\\\/sk\\\/#website\"},\"primaryImageOfPage\":{\"@id\":\"https:\\\/\\\/dohiku.eu\\\/sk\\\/shop\\\/silony-navazce-a-indikatory\\\/konicke-navazce-francuz-skn\\\/#primaryimage\"},\"image\":{\"@id\":\"https:\\\/\\\/dohiku.eu\\\/sk\\\/shop\\\/silony-navazce-a-indikatory\\\/konicke-navazce-francuz-skn\\\/#primaryimage\"},\"thumbnailUrl\":\"https:\\\/\\\/dohiku.eu\\\/wp-content\\\/uploads\\\/2019\\\/03\\\/2727-Tapered-Leader-French.jpg\",\"datePublished\":\"2019-03-01T12:01:49+00:00\",\"dateModified\":\"2026-02-09T09:47:37+00:00\",\"description\":\"K\u00f3nick\u00e9 n\u00e1v\u00e4zce \\\"Franc\u00faz\\\" Pozrite sa na tabulku D\u013a\u017eka 10 m a 15 m.\",\"breadcrumb\":{\"@id\":\"https:\\\/\\\/dohiku.eu\\\/sk\\\/shop\\\/silony-navazce-a-indikatory\\\/konicke-navazce-francuz-skn\\\/#breadcrumb\"},\"inLanguage\":\"sk-SK\",\"potentialAction\":[{\"@type\":\"ReadAction\",\"target\":[\"https:\\\/\\\/dohiku.eu\\\/sk\\\/shop\\\/silony-navazce-a-indikatory\\\/konicke-navazce-francuz-skn\\\/\"]}]},{\"@type\":\"ImageObject\",\"inLanguage\":\"sk-SK\",\"@id\":\"https:\\\/\\\/dohiku.eu\\\/sk\\\/shop\\\/silony-navazce-a-indikatory\\\/konicke-navazce-francuz-skn\\\/#primaryimage\",\"url\":\"https:\\\/\\\/dohiku.eu\\\/wp-content\\\/uploads\\\/2019\\\/03\\\/2727-Tapered-Leader-French.jpg\",\"contentUrl\":\"https:\\\/\\\/dohiku.eu\\\/wp-content\\\/uploads\\\/2019\\\/03\\\/2727-Tapered-Leader-French.jpg\",\"width\":1517,\"height\":2489},{\"@type\":\"BreadcrumbList\",\"@id\":\"https:\\\/\\\/dohiku.eu\\\/sk\\\/shop\\\/silony-navazce-a-indikatory\\\/konicke-navazce-francuz-skn\\\/#breadcrumb\",\"itemListElement\":[{\"@type\":\"ListItem\",\"position\":1,\"name\":\"Home\",\"item\":\"https:\\\/\\\/dohiku.eu\\\/sk\\\/\"},{\"@type\":\"ListItem\",\"position\":2,\"name\":\"PRODUCTS\",\"item\":\"https:\\\/\\\/dohiku.eu\\\/sk\\\/products\\\/\"},{\"@type\":\"ListItem\",\"position\":3,\"name\":\"K\u00f3nick\u00e9 n\u00e1v\u00e4zce \u201eFranc\u00faz\u201c, SKN\"}]},{\"@type\":\"WebSite\",\"@id\":\"https:\\\/\\\/dohiku.eu\\\/sk\\\/#website\",\"url\":\"https:\\\/\\\/dohiku.eu\\\/sk\\\/\",\"name\":\"DOHIKU\",\"description\":\"H\u00e1\u010diky DOHIKU s\u00fa vyroben\u00e9 z vysoko uhl\u00edkovej ocele, ktor\u00e1 je kalen\u00e1 a pop\u00fa\u0161\u0165an\u00e1 pod\u013ea presn\u00e9ho receptu.\",\"publisher\":{\"@id\":\"https:\\\/\\\/dohiku.eu\\\/sk\\\/#organization\"},\"potentialAction\":[{\"@type\":\"SearchAction\",\"target\":{\"@type\":\"EntryPoint\",\"urlTemplate\":\"https:\\\/\\\/dohiku.eu\\\/sk\\\/?s={search_term_string}\"},\"query-input\":{\"@type\":\"PropertyValueSpecification\",\"valueRequired\":true,\"valueName\":\"search_term_string\"}}],\"inLanguage\":\"sk-SK\"},{\"@type\":\"Organization\",\"@id\":\"https:\\\/\\\/dohiku.eu\\\/sk\\\/#organization\",\"name\":\"DOHIKU s.r.o.\",\"url\":\"https:\\\/\\\/dohiku.eu\\\/sk\\\/\",\"logo\":{\"@type\":\"ImageObject\",\"inLanguage\":\"sk-SK\",\"@id\":\"https:\\\/\\\/dohiku.eu\\\/sk\\\/#\\\/schema\\\/logo\\\/image\\\/\",\"url\":\"https:\\\/\\\/dohiku.eu\\\/wp-content\\\/uploads\\\/2024\\\/01\\\/cropped-dohiku.png\",\"contentUrl\":\"https:\\\/\\\/dohiku.eu\\\/wp-content\\\/uploads\\\/2024\\\/01\\\/cropped-dohiku.png\",\"width\":137,\"height\":87,\"caption\":\"DOHIKU s.r.o.\"},\"image\":{\"@id\":\"https:\\\/\\\/dohiku.eu\\\/sk\\\/#\\\/schema\\\/logo\\\/image\\\/\"}}]}<\/script>\n<!-- \/ Yoast SEO plugin. -->","yoast_head_json":{"title":"K\u00f3nick\u00e9 n\u00e1v\u00e4zce \u201eFranc\u00faz\u201c, SKN - DOHIKU","description":"K\u00f3nick\u00e9 n\u00e1v\u00e4zce \"Franc\u00faz\" Pozrite sa na tabulku D\u013a\u017eka 10 m a 15 m.","robots":{"index":"index","follow":"follow","max-snippet":"max-snippet:-1","max-image-preview":"max-image-preview:large","max-video-preview":"max-video-preview:-1"},"canonical":"https:\/\/dohiku.eu\/sk\/shop\/silony-navazce-a-indikatory\/konicke-navazce-francuz-skn\/","og_locale":"sk_SK","og_type":"article","og_title":"K\u00f3nick\u00e9 n\u00e1v\u00e4zce \u201eFranc\u00faz\u201c, SKN - DOHIKU","og_description":"K\u00f3nick\u00e9 n\u00e1v\u00e4zce \"Franc\u00faz\" Pozrite sa na tabulku D\u013a\u017eka 10 m a 15 m.","og_url":"https:\/\/dohiku.eu\/sk\/shop\/silony-navazce-a-indikatory\/konicke-navazce-francuz-skn\/","og_site_name":"DOHIKU","article_modified_time":"2026-02-09T09:47:37+00:00","og_image":[{"width":1517,"height":2489,"url":"https:\/\/dohiku.eu\/wp-content\/uploads\/2019\/03\/2727-Tapered-Leader-French.jpg","type":"image\/jpeg"}],"twitter_card":"summary_large_image","twitter_misc":{"Predpokladan\u00fd \u010das \u010d\u00edtania":"1 min\u00fata"},"schema":{"@context":"https:\/\/schema.org","@graph":[{"@type":"WebPage","@id":"https:\/\/dohiku.eu\/sk\/shop\/silony-navazce-a-indikatory\/konicke-navazce-francuz-skn\/","url":"https:\/\/dohiku.eu\/sk\/shop\/silony-navazce-a-indikatory\/konicke-navazce-francuz-skn\/","name":"K\u00f3nick\u00e9 n\u00e1v\u00e4zce \u201eFranc\u00faz\u201c, SKN - DOHIKU","isPartOf":{"@id":"https:\/\/dohiku.eu\/sk\/#website"},"primaryImageOfPage":{"@id":"https:\/\/dohiku.eu\/sk\/shop\/silony-navazce-a-indikatory\/konicke-navazce-francuz-skn\/#primaryimage"},"image":{"@id":"https:\/\/dohiku.eu\/sk\/shop\/silony-navazce-a-indikatory\/konicke-navazce-francuz-skn\/#primaryimage"},"thumbnailUrl":"https:\/\/dohiku.eu\/wp-content\/uploads\/2019\/03\/2727-Tapered-Leader-French.jpg","datePublished":"2019-03-01T12:01:49+00:00","dateModified":"2026-02-09T09:47:37+00:00","description":"K\u00f3nick\u00e9 n\u00e1v\u00e4zce \"Franc\u00faz\" Pozrite sa na tabulku D\u013a\u017eka 10 m a 15 m.","breadcrumb":{"@id":"https:\/\/dohiku.eu\/sk\/shop\/silony-navazce-a-indikatory\/konicke-navazce-francuz-skn\/#breadcrumb"},"inLanguage":"sk-SK","potentialAction":[{"@type":"ReadAction","target":["https:\/\/dohiku.eu\/sk\/shop\/silony-navazce-a-indikatory\/konicke-navazce-francuz-skn\/"]}]},{"@type":"ImageObject","inLanguage":"sk-SK","@id":"https:\/\/dohiku.eu\/sk\/shop\/silony-navazce-a-indikatory\/konicke-navazce-francuz-skn\/#primaryimage","url":"https:\/\/dohiku.eu\/wp-content\/uploads\/2019\/03\/2727-Tapered-Leader-French.jpg","contentUrl":"https:\/\/dohiku.eu\/wp-content\/uploads\/2019\/03\/2727-Tapered-Leader-French.jpg","width":1517,"height":2489},{"@type":"BreadcrumbList","@id":"https:\/\/dohiku.eu\/sk\/shop\/silony-navazce-a-indikatory\/konicke-navazce-francuz-skn\/#breadcrumb","itemListElement":[{"@type":"ListItem","position":1,"name":"Home","item":"https:\/\/dohiku.eu\/sk\/"},{"@type":"ListItem","position":2,"name":"PRODUCTS","item":"https:\/\/dohiku.eu\/sk\/products\/"},{"@type":"ListItem","position":3,"name":"K\u00f3nick\u00e9 n\u00e1v\u00e4zce \u201eFranc\u00faz\u201c, SKN"}]},{"@type":"WebSite","@id":"https:\/\/dohiku.eu\/sk\/#website","url":"https:\/\/dohiku.eu\/sk\/","name":"DOHIKU","description":"H\u00e1\u010diky DOHIKU s\u00fa vyroben\u00e9 z vysoko uhl\u00edkovej ocele, ktor\u00e1 je kalen\u00e1 a pop\u00fa\u0161\u0165an\u00e1 pod\u013ea presn\u00e9ho receptu.","publisher":{"@id":"https:\/\/dohiku.eu\/sk\/#organization"},"potentialAction":[{"@type":"SearchAction","target":{"@type":"EntryPoint","urlTemplate":"https:\/\/dohiku.eu\/sk\/?s={search_term_string}"},"query-input":{"@type":"PropertyValueSpecification","valueRequired":true,"valueName":"search_term_string"}}],"inLanguage":"sk-SK"},{"@type":"Organization","@id":"https:\/\/dohiku.eu\/sk\/#organization","name":"DOHIKU s.r.o.","url":"https:\/\/dohiku.eu\/sk\/","logo":{"@type":"ImageObject","inLanguage":"sk-SK","@id":"https:\/\/dohiku.eu\/sk\/#\/schema\/logo\/image\/","url":"https:\/\/dohiku.eu\/wp-content\/uploads\/2024\/01\/cropped-dohiku.png","contentUrl":"https:\/\/dohiku.eu\/wp-content\/uploads\/2024\/01\/cropped-dohiku.png","width":137,"height":87,"caption":"DOHIKU s.r.o."},"image":{"@id":"https:\/\/dohiku.eu\/sk\/#\/schema\/logo\/image\/"}}]}},"_links":{"self":[{"href":"https:\/\/dohiku.eu\/sk\/wp-json\/wp\/v2\/product\/13144","targetHints":{"allow":["GET"]}}],"collection":[{"href":"https:\/\/dohiku.eu\/sk\/wp-json\/wp\/v2\/product"}],"about":[{"href":"https:\/\/dohiku.eu\/sk\/wp-json\/wp\/v2\/types\/product"}],"replies":[{"embeddable":true,"href":"https:\/\/dohiku.eu\/sk\/wp-json\/wp\/v2\/comments?post=13144"}],"wp:featuredmedia":[{"embeddable":true,"href":"https:\/\/dohiku.eu\/sk\/wp-json\/wp\/v2\/media\/5435"}],"wp:attachment":[{"href":"https:\/\/dohiku.eu\/sk\/wp-json\/wp\/v2\/media?parent=13144"}],"wp:term":[{"taxonomy":"product_brand","embeddable":true,"href":"https:\/\/dohiku.eu\/sk\/wp-json\/wp\/v2\/product_brand?post=13144"},{"taxonomy":"product_cat","embeddable":true,"href":"https:\/\/dohiku.eu\/sk\/wp-json\/wp\/v2\/product_cat?post=13144"},{"taxonomy":"product_tag","embeddable":true,"href":"https:\/\/dohiku.eu\/sk\/wp-json\/wp\/v2\/product_tag?post=13144"}],"curies":[{"name":"wp","href":"https:\/\/api.w.org\/{rel}","templated":true}]}}