{"id":12845,"date":"2019-03-01T12:01:49","date_gmt":"2019-03-01T12:01:49","guid":{"rendered":"https:\/\/dohiku.eu\/shop\/nezaraden\u00e9\/indikatory-ind-01\/"},"modified":"2026-01-04T17:10:32","modified_gmt":"2026-01-04T17:10:32","slug":"indikatory-ind-01","status":"publish","type":"product","link":"https:\/\/dohiku.eu\/sk\/shop\/prislusenstvo\/indikatory-ind-01\/","title":{"rendered":"Indik\u00e1tory, IND 01"},"content":{"rendered":"","protected":false},"excerpt":{"rendered":"<p style=\"margin-top: 0px;margin-bottom: .8rem;color: #777777;font-family: Karla, sans-serif;font-size: 15px\">Ide\u00e1lne na lov na nymfu a franc\u00fazsku nymfu. Dva mikrokr\u00fa\u017eky na oboch stran\u00e1ch.<\/p>\n<p style=\"margin-top: 0px;margin-bottom: .8rem;color: #777777;font-family: Karla, sans-serif;font-size: 15px\">Dvojfarebn\u00fd: oran\u017eov\u00e1 \u2013 \u017elt\u00e1<\/p>\n<p style=\"margin-top: 0px;margin-bottom: .8rem;color: #777777;font-family: Karla, sans-serif;font-size: 15px\">D\u013a\u017eka: 10\/13 cm<\/p>\n<p style=\"margin-top: 0px;margin-bottom: 0px;color: #777777;font-family: Karla, sans-serif;font-size: 15px\">Testovacia pevnos\u0165: 4,8 kg<\/p>\n","protected":false},"featured_media":5433,"comment_status":"closed","ping_status":"closed","template":"","meta":[],"product_brand":[],"product_cat":[558,535,555],"product_tag":[699,700],"class_list":{"0":"post-12845","1":"product","2":"type-product","3":"status-publish","4":"has-post-thumbnail","6":"product_cat-muskarske-snury","7":"product_cat-prislusenstvo","8":"product_cat-silony-navazce-a-indikatory","9":"product_tag-leader-sk","10":"product_tag-tapered-sk","12":"first","13":"instock","14":"taxable","15":"shipping-taxable","16":"purchasable","17":"product-type-simple"},"yoast_head":"<!-- This site is optimized with the Yoast SEO plugin v27.4 - https:\/\/yoast.com\/product\/yoast-seo-wordpress\/ -->\n<title>Indik\u00e1tory, IND 01 - DOHIKU<\/title>\n<meta name=\"robots\" content=\"index, follow, max-snippet:-1, max-image-preview:large, max-video-preview:-1\" \/>\n<link rel=\"canonical\" href=\"https:\/\/dohiku.eu\/sk\/shop\/prislusenstvo\/indikatory-ind-01\/\" \/>\n<meta property=\"og:locale\" content=\"sk_SK\" \/>\n<meta property=\"og:type\" content=\"article\" \/>\n<meta property=\"og:title\" content=\"Indik\u00e1tory, IND 01 - DOHIKU\" \/>\n<meta property=\"og:description\" content=\"Ide\u00e1lne na lov na nymfu a franc\u00fazsku nymfu. Dva mikrokr\u00fa\u017eky na oboch stran\u00e1ch. Dvojfarebn\u00fd: oran\u017eov\u00e1 \u2013 \u017elt\u00e1 D\u013a\u017eka: 10\/13 cm Testovacia pevnos\u0165: 4,8 kg\" \/>\n<meta property=\"og:url\" content=\"https:\/\/dohiku.eu\/sk\/shop\/prislusenstvo\/indikatory-ind-01\/\" \/>\n<meta property=\"og:site_name\" content=\"DOHIKU\" \/>\n<meta property=\"article:modified_time\" content=\"2026-01-04T17:10:32+00:00\" \/>\n<meta property=\"og:image\" content=\"https:\/\/dohiku.eu\/wp-content\/uploads\/2019\/03\/797-Striker-Indicators-IND-01.jpg\" \/>\n\t<meta property=\"og:image:width\" content=\"331\" \/>\n\t<meta property=\"og:image:height\" content=\"414\" \/>\n\t<meta property=\"og:image:type\" content=\"image\/jpeg\" \/>\n<meta name=\"twitter:card\" content=\"summary_large_image\" \/>\n<meta name=\"twitter:label1\" content=\"Predpokladan\u00fd \u010das \u010d\u00edtania\" \/>\n\t<meta name=\"twitter:data1\" content=\"1 min\u00fata\" \/>\n<script type=\"application\/ld+json\" class=\"yoast-schema-graph\">{\"@context\":\"https:\\\/\\\/schema.org\",\"@graph\":[{\"@type\":\"WebPage\",\"@id\":\"https:\\\/\\\/dohiku.eu\\\/sk\\\/shop\\\/prislusenstvo\\\/indikatory-ind-01\\\/\",\"url\":\"https:\\\/\\\/dohiku.eu\\\/sk\\\/shop\\\/prislusenstvo\\\/indikatory-ind-01\\\/\",\"name\":\"Indik\u00e1tory, IND 01 - DOHIKU\",\"isPartOf\":{\"@id\":\"https:\\\/\\\/dohiku.eu\\\/sk\\\/#website\"},\"primaryImageOfPage\":{\"@id\":\"https:\\\/\\\/dohiku.eu\\\/sk\\\/shop\\\/prislusenstvo\\\/indikatory-ind-01\\\/#primaryimage\"},\"image\":{\"@id\":\"https:\\\/\\\/dohiku.eu\\\/sk\\\/shop\\\/prislusenstvo\\\/indikatory-ind-01\\\/#primaryimage\"},\"thumbnailUrl\":\"https:\\\/\\\/dohiku.eu\\\/wp-content\\\/uploads\\\/2019\\\/03\\\/797-Striker-Indicators-IND-01.jpg\",\"datePublished\":\"2019-03-01T12:01:49+00:00\",\"dateModified\":\"2026-01-04T17:10:32+00:00\",\"breadcrumb\":{\"@id\":\"https:\\\/\\\/dohiku.eu\\\/sk\\\/shop\\\/prislusenstvo\\\/indikatory-ind-01\\\/#breadcrumb\"},\"inLanguage\":\"sk-SK\",\"potentialAction\":[{\"@type\":\"ReadAction\",\"target\":[\"https:\\\/\\\/dohiku.eu\\\/sk\\\/shop\\\/prislusenstvo\\\/indikatory-ind-01\\\/\"]}]},{\"@type\":\"ImageObject\",\"inLanguage\":\"sk-SK\",\"@id\":\"https:\\\/\\\/dohiku.eu\\\/sk\\\/shop\\\/prislusenstvo\\\/indikatory-ind-01\\\/#primaryimage\",\"url\":\"https:\\\/\\\/dohiku.eu\\\/wp-content\\\/uploads\\\/2019\\\/03\\\/797-Striker-Indicators-IND-01.jpg\",\"contentUrl\":\"https:\\\/\\\/dohiku.eu\\\/wp-content\\\/uploads\\\/2019\\\/03\\\/797-Striker-Indicators-IND-01.jpg\",\"width\":331,\"height\":414},{\"@type\":\"BreadcrumbList\",\"@id\":\"https:\\\/\\\/dohiku.eu\\\/sk\\\/shop\\\/prislusenstvo\\\/indikatory-ind-01\\\/#breadcrumb\",\"itemListElement\":[{\"@type\":\"ListItem\",\"position\":1,\"name\":\"Home\",\"item\":\"https:\\\/\\\/dohiku.eu\\\/sk\\\/\"},{\"@type\":\"ListItem\",\"position\":2,\"name\":\"PRODUCTS\",\"item\":\"https:\\\/\\\/dohiku.eu\\\/sk\\\/products\\\/\"},{\"@type\":\"ListItem\",\"position\":3,\"name\":\"Indik\u00e1tory, IND 01\"}]},{\"@type\":\"WebSite\",\"@id\":\"https:\\\/\\\/dohiku.eu\\\/sk\\\/#website\",\"url\":\"https:\\\/\\\/dohiku.eu\\\/sk\\\/\",\"name\":\"DOHIKU\",\"description\":\"H\u00e1\u010diky DOHIKU s\u00fa vyroben\u00e9 z vysoko uhl\u00edkovej ocele, ktor\u00e1 je kalen\u00e1 a pop\u00fa\u0161\u0165an\u00e1 pod\u013ea presn\u00e9ho receptu.\",\"publisher\":{\"@id\":\"https:\\\/\\\/dohiku.eu\\\/sk\\\/#organization\"},\"potentialAction\":[{\"@type\":\"SearchAction\",\"target\":{\"@type\":\"EntryPoint\",\"urlTemplate\":\"https:\\\/\\\/dohiku.eu\\\/sk\\\/?s={search_term_string}\"},\"query-input\":{\"@type\":\"PropertyValueSpecification\",\"valueRequired\":true,\"valueName\":\"search_term_string\"}}],\"inLanguage\":\"sk-SK\"},{\"@type\":\"Organization\",\"@id\":\"https:\\\/\\\/dohiku.eu\\\/sk\\\/#organization\",\"name\":\"DOHIKU s.r.o.\",\"url\":\"https:\\\/\\\/dohiku.eu\\\/sk\\\/\",\"logo\":{\"@type\":\"ImageObject\",\"inLanguage\":\"sk-SK\",\"@id\":\"https:\\\/\\\/dohiku.eu\\\/sk\\\/#\\\/schema\\\/logo\\\/image\\\/\",\"url\":\"https:\\\/\\\/dohiku.eu\\\/wp-content\\\/uploads\\\/2024\\\/01\\\/cropped-dohiku.png\",\"contentUrl\":\"https:\\\/\\\/dohiku.eu\\\/wp-content\\\/uploads\\\/2024\\\/01\\\/cropped-dohiku.png\",\"width\":137,\"height\":87,\"caption\":\"DOHIKU s.r.o.\"},\"image\":{\"@id\":\"https:\\\/\\\/dohiku.eu\\\/sk\\\/#\\\/schema\\\/logo\\\/image\\\/\"}}]}<\/script>\n<!-- \/ Yoast SEO plugin. -->","yoast_head_json":{"title":"Indik\u00e1tory, IND 01 - DOHIKU","robots":{"index":"index","follow":"follow","max-snippet":"max-snippet:-1","max-image-preview":"max-image-preview:large","max-video-preview":"max-video-preview:-1"},"canonical":"https:\/\/dohiku.eu\/sk\/shop\/prislusenstvo\/indikatory-ind-01\/","og_locale":"sk_SK","og_type":"article","og_title":"Indik\u00e1tory, IND 01 - DOHIKU","og_description":"Ide\u00e1lne na lov na nymfu a franc\u00fazsku nymfu. Dva mikrokr\u00fa\u017eky na oboch stran\u00e1ch. Dvojfarebn\u00fd: oran\u017eov\u00e1 \u2013 \u017elt\u00e1 D\u013a\u017eka: 10\/13 cm Testovacia pevnos\u0165: 4,8 kg","og_url":"https:\/\/dohiku.eu\/sk\/shop\/prislusenstvo\/indikatory-ind-01\/","og_site_name":"DOHIKU","article_modified_time":"2026-01-04T17:10:32+00:00","og_image":[{"width":331,"height":414,"url":"https:\/\/dohiku.eu\/wp-content\/uploads\/2019\/03\/797-Striker-Indicators-IND-01.jpg","type":"image\/jpeg"}],"twitter_card":"summary_large_image","twitter_misc":{"Predpokladan\u00fd \u010das \u010d\u00edtania":"1 min\u00fata"},"schema":{"@context":"https:\/\/schema.org","@graph":[{"@type":"WebPage","@id":"https:\/\/dohiku.eu\/sk\/shop\/prislusenstvo\/indikatory-ind-01\/","url":"https:\/\/dohiku.eu\/sk\/shop\/prislusenstvo\/indikatory-ind-01\/","name":"Indik\u00e1tory, IND 01 - DOHIKU","isPartOf":{"@id":"https:\/\/dohiku.eu\/sk\/#website"},"primaryImageOfPage":{"@id":"https:\/\/dohiku.eu\/sk\/shop\/prislusenstvo\/indikatory-ind-01\/#primaryimage"},"image":{"@id":"https:\/\/dohiku.eu\/sk\/shop\/prislusenstvo\/indikatory-ind-01\/#primaryimage"},"thumbnailUrl":"https:\/\/dohiku.eu\/wp-content\/uploads\/2019\/03\/797-Striker-Indicators-IND-01.jpg","datePublished":"2019-03-01T12:01:49+00:00","dateModified":"2026-01-04T17:10:32+00:00","breadcrumb":{"@id":"https:\/\/dohiku.eu\/sk\/shop\/prislusenstvo\/indikatory-ind-01\/#breadcrumb"},"inLanguage":"sk-SK","potentialAction":[{"@type":"ReadAction","target":["https:\/\/dohiku.eu\/sk\/shop\/prislusenstvo\/indikatory-ind-01\/"]}]},{"@type":"ImageObject","inLanguage":"sk-SK","@id":"https:\/\/dohiku.eu\/sk\/shop\/prislusenstvo\/indikatory-ind-01\/#primaryimage","url":"https:\/\/dohiku.eu\/wp-content\/uploads\/2019\/03\/797-Striker-Indicators-IND-01.jpg","contentUrl":"https:\/\/dohiku.eu\/wp-content\/uploads\/2019\/03\/797-Striker-Indicators-IND-01.jpg","width":331,"height":414},{"@type":"BreadcrumbList","@id":"https:\/\/dohiku.eu\/sk\/shop\/prislusenstvo\/indikatory-ind-01\/#breadcrumb","itemListElement":[{"@type":"ListItem","position":1,"name":"Home","item":"https:\/\/dohiku.eu\/sk\/"},{"@type":"ListItem","position":2,"name":"PRODUCTS","item":"https:\/\/dohiku.eu\/sk\/products\/"},{"@type":"ListItem","position":3,"name":"Indik\u00e1tory, IND 01"}]},{"@type":"WebSite","@id":"https:\/\/dohiku.eu\/sk\/#website","url":"https:\/\/dohiku.eu\/sk\/","name":"DOHIKU","description":"H\u00e1\u010diky DOHIKU s\u00fa vyroben\u00e9 z vysoko uhl\u00edkovej ocele, ktor\u00e1 je kalen\u00e1 a pop\u00fa\u0161\u0165an\u00e1 pod\u013ea presn\u00e9ho receptu.","publisher":{"@id":"https:\/\/dohiku.eu\/sk\/#organization"},"potentialAction":[{"@type":"SearchAction","target":{"@type":"EntryPoint","urlTemplate":"https:\/\/dohiku.eu\/sk\/?s={search_term_string}"},"query-input":{"@type":"PropertyValueSpecification","valueRequired":true,"valueName":"search_term_string"}}],"inLanguage":"sk-SK"},{"@type":"Organization","@id":"https:\/\/dohiku.eu\/sk\/#organization","name":"DOHIKU s.r.o.","url":"https:\/\/dohiku.eu\/sk\/","logo":{"@type":"ImageObject","inLanguage":"sk-SK","@id":"https:\/\/dohiku.eu\/sk\/#\/schema\/logo\/image\/","url":"https:\/\/dohiku.eu\/wp-content\/uploads\/2024\/01\/cropped-dohiku.png","contentUrl":"https:\/\/dohiku.eu\/wp-content\/uploads\/2024\/01\/cropped-dohiku.png","width":137,"height":87,"caption":"DOHIKU s.r.o."},"image":{"@id":"https:\/\/dohiku.eu\/sk\/#\/schema\/logo\/image\/"}}]}},"_links":{"self":[{"href":"https:\/\/dohiku.eu\/sk\/wp-json\/wp\/v2\/product\/12845","targetHints":{"allow":["GET"]}}],"collection":[{"href":"https:\/\/dohiku.eu\/sk\/wp-json\/wp\/v2\/product"}],"about":[{"href":"https:\/\/dohiku.eu\/sk\/wp-json\/wp\/v2\/types\/product"}],"replies":[{"embeddable":true,"href":"https:\/\/dohiku.eu\/sk\/wp-json\/wp\/v2\/comments?post=12845"}],"wp:featuredmedia":[{"embeddable":true,"href":"https:\/\/dohiku.eu\/sk\/wp-json\/wp\/v2\/media\/5433"}],"wp:attachment":[{"href":"https:\/\/dohiku.eu\/sk\/wp-json\/wp\/v2\/media?parent=12845"}],"wp:term":[{"taxonomy":"product_brand","embeddable":true,"href":"https:\/\/dohiku.eu\/sk\/wp-json\/wp\/v2\/product_brand?post=12845"},{"taxonomy":"product_cat","embeddable":true,"href":"https:\/\/dohiku.eu\/sk\/wp-json\/wp\/v2\/product_cat?post=12845"},{"taxonomy":"product_tag","embeddable":true,"href":"https:\/\/dohiku.eu\/sk\/wp-json\/wp\/v2\/product_tag?post=12845"}],"curies":[{"name":"wp","href":"https:\/\/api.w.org\/{rel}","templated":true}]}}