{"id":12820,"date":"2019-03-01T12:01:47","date_gmt":"2019-03-01T12:01:47","guid":{"rendered":"https:\/\/dohiku.eu\/shop\/nezaraden\u00e9\/jungle-cock-nahrada-natural\/"},"modified":"2025-12-30T10:15:48","modified_gmt":"2025-12-30T10:15:48","slug":"zlaty-bazant-chvost-cerveny-pt6-2","status":"publish","type":"product","link":"https:\/\/dohiku.eu\/sk\/shop\/viazacie-materialy\/perie\/zlaty-bazant-chvost-cerveny-pt6-2\/","title":{"rendered":"Zlat\u00fd ba\u017eant chvost &#8211; \u010derven\u00fd, PT6"},"content":{"rendered":"<p>N\u00e1hrada pierok Jongle Cock. Pierka Jungle Cock Substitute s\u00fa vytla\u010den\u00e9 na trvanlivej f\u00f3lii (samolepka).F\u00f3lia m\u00e1 kvalitn\u00fd povrch. V\u00fdhody: Dokonal\u00e1 kresba,zaru\u010den\u00e9 rozmery pri danej ve\u013ekosti, stabiln\u00e1 trv\u00e1cnos\u0165, jednoduch\u0161ie viazanie. Pierko sa priv\u00e4zuje be\u017en\u00fdm sp\u00f4sobom.<\/p>\n","protected":false},"excerpt":{"rendered":"<p>N\u00e1hrada pierok Jongle Cock. Pierka Jungle Cock Substitute s\u00fa vytla\u010den\u00e9 na trvanlivej f\u00f3lii (samolepka).F\u00f3lia m\u00e1 kvalitn\u00fd povrch. V\u00fdhody: Dokonal\u00e1 kresba,zaru\u010den\u00e9 rozmery pri danej ve\u013ekosti, stabiln\u00e1 trv\u00e1cnos\u0165, jednoduch\u0161ie viazanie. Pierko sa priv\u00e4zuje be\u017en\u00fdm sp\u00f4sobom.<\/p>\n","protected":false},"featured_media":5271,"comment_status":"closed","ping_status":"closed","template":"","meta":[],"product_brand":[],"product_cat":[750,515,525],"product_tag":[748,749,751,718],"class_list":{"0":"post-12820","1":"product","2":"type-product","3":"status-publish","4":"has-post-thumbnail","6":"product_cat-nahrada-pierok-jungle-cock","7":"product_cat-perie","8":"product_cat-viazacie-materialy","9":"product_tag-cock-sk","10":"product_tag-materials-feathers-jungle-sk","11":"product_tag-subsitute-sk","12":"product_tag-tying-sk","14":"first","15":"instock","16":"taxable","17":"shipping-taxable","18":"purchasable","19":"product-type-variable","20":"has-default-attributes"},"yoast_head":"<!-- This site is optimized with the Yoast SEO plugin v27.4 - https:\/\/yoast.com\/product\/yoast-seo-wordpress\/ -->\n<title>Zlat\u00fd ba\u017eant chvost - \u010derven\u00fd, PT6 - DOHIKU<\/title>\n<meta name=\"robots\" content=\"index, follow, max-snippet:-1, max-image-preview:large, max-video-preview:-1\" \/>\n<link rel=\"canonical\" href=\"https:\/\/dohiku.eu\/sk\/shop\/viazacie-materialy\/perie\/zlaty-bazant-chvost-cerveny-pt6-2\/\" \/>\n<meta property=\"og:locale\" content=\"sk_SK\" \/>\n<meta property=\"og:type\" content=\"article\" \/>\n<meta property=\"og:title\" content=\"Zlat\u00fd ba\u017eant chvost - \u010derven\u00fd, PT6 - DOHIKU\" \/>\n<meta property=\"og:description\" content=\"N\u00e1hrada pierok Jongle Cock. Pierka Jungle Cock Substitute s\u00fa vytla\u010den\u00e9 na trvanlivej f\u00f3lii (samolepka).F\u00f3lia m\u00e1 kvalitn\u00fd povrch. V\u00fdhody: Dokonal\u00e1 kresba,zaru\u010den\u00e9 rozmery pri danej ve\u013ekosti, stabiln\u00e1 trv\u00e1cnos\u0165, jednoduch\u0161ie viazanie. Pierko sa priv\u00e4zuje be\u017en\u00fdm sp\u00f4sobom.\" \/>\n<meta property=\"og:url\" content=\"https:\/\/dohiku.eu\/sk\/shop\/viazacie-materialy\/perie\/zlaty-bazant-chvost-cerveny-pt6-2\/\" \/>\n<meta property=\"og:site_name\" content=\"DOHIKU\" \/>\n<meta property=\"article:modified_time\" content=\"2025-12-30T10:15:48+00:00\" \/>\n<meta property=\"og:image\" content=\"https:\/\/dohiku.eu\/wp-content\/uploads\/2019\/03\/622-Jungle-Cock-substitute-Natural.jpg\" \/>\n\t<meta property=\"og:image:width\" content=\"129\" \/>\n\t<meta property=\"og:image:height\" content=\"230\" \/>\n\t<meta property=\"og:image:type\" content=\"image\/jpeg\" \/>\n<meta name=\"twitter:card\" content=\"summary_large_image\" \/>\n<meta name=\"twitter:label1\" content=\"Predpokladan\u00fd \u010das \u010d\u00edtania\" \/>\n\t<meta name=\"twitter:data1\" content=\"1 min\u00fata\" \/>\n<script type=\"application\/ld+json\" class=\"yoast-schema-graph\">{\"@context\":\"https:\\\/\\\/schema.org\",\"@graph\":[{\"@type\":\"WebPage\",\"@id\":\"https:\\\/\\\/dohiku.eu\\\/sk\\\/shop\\\/viazacie-materialy\\\/perie\\\/zlaty-bazant-chvost-cerveny-pt6-2\\\/\",\"url\":\"https:\\\/\\\/dohiku.eu\\\/sk\\\/shop\\\/viazacie-materialy\\\/perie\\\/zlaty-bazant-chvost-cerveny-pt6-2\\\/\",\"name\":\"Zlat\u00fd ba\u017eant chvost - \u010derven\u00fd, PT6 - DOHIKU\",\"isPartOf\":{\"@id\":\"https:\\\/\\\/dohiku.eu\\\/sk\\\/#website\"},\"primaryImageOfPage\":{\"@id\":\"https:\\\/\\\/dohiku.eu\\\/sk\\\/shop\\\/viazacie-materialy\\\/perie\\\/zlaty-bazant-chvost-cerveny-pt6-2\\\/#primaryimage\"},\"image\":{\"@id\":\"https:\\\/\\\/dohiku.eu\\\/sk\\\/shop\\\/viazacie-materialy\\\/perie\\\/zlaty-bazant-chvost-cerveny-pt6-2\\\/#primaryimage\"},\"thumbnailUrl\":\"https:\\\/\\\/dohiku.eu\\\/wp-content\\\/uploads\\\/2019\\\/03\\\/622-Jungle-Cock-substitute-Natural.jpg\",\"datePublished\":\"2019-03-01T12:01:47+00:00\",\"dateModified\":\"2025-12-30T10:15:48+00:00\",\"breadcrumb\":{\"@id\":\"https:\\\/\\\/dohiku.eu\\\/sk\\\/shop\\\/viazacie-materialy\\\/perie\\\/zlaty-bazant-chvost-cerveny-pt6-2\\\/#breadcrumb\"},\"inLanguage\":\"sk-SK\",\"potentialAction\":[{\"@type\":\"ReadAction\",\"target\":[\"https:\\\/\\\/dohiku.eu\\\/sk\\\/shop\\\/viazacie-materialy\\\/perie\\\/zlaty-bazant-chvost-cerveny-pt6-2\\\/\"]}]},{\"@type\":\"ImageObject\",\"inLanguage\":\"sk-SK\",\"@id\":\"https:\\\/\\\/dohiku.eu\\\/sk\\\/shop\\\/viazacie-materialy\\\/perie\\\/zlaty-bazant-chvost-cerveny-pt6-2\\\/#primaryimage\",\"url\":\"https:\\\/\\\/dohiku.eu\\\/wp-content\\\/uploads\\\/2019\\\/03\\\/622-Jungle-Cock-substitute-Natural.jpg\",\"contentUrl\":\"https:\\\/\\\/dohiku.eu\\\/wp-content\\\/uploads\\\/2019\\\/03\\\/622-Jungle-Cock-substitute-Natural.jpg\",\"width\":129,\"height\":230},{\"@type\":\"BreadcrumbList\",\"@id\":\"https:\\\/\\\/dohiku.eu\\\/sk\\\/shop\\\/viazacie-materialy\\\/perie\\\/zlaty-bazant-chvost-cerveny-pt6-2\\\/#breadcrumb\",\"itemListElement\":[{\"@type\":\"ListItem\",\"position\":1,\"name\":\"Home\",\"item\":\"https:\\\/\\\/dohiku.eu\\\/sk\\\/\"},{\"@type\":\"ListItem\",\"position\":2,\"name\":\"PRODUCTS\",\"item\":\"https:\\\/\\\/dohiku.eu\\\/sk\\\/products\\\/\"},{\"@type\":\"ListItem\",\"position\":3,\"name\":\"Zlat\u00fd ba\u017eant chvost &#8211; \u010derven\u00fd, PT6\"}]},{\"@type\":\"WebSite\",\"@id\":\"https:\\\/\\\/dohiku.eu\\\/sk\\\/#website\",\"url\":\"https:\\\/\\\/dohiku.eu\\\/sk\\\/\",\"name\":\"DOHIKU\",\"description\":\"H\u00e1\u010diky DOHIKU s\u00fa vyroben\u00e9 z vysoko uhl\u00edkovej ocele, ktor\u00e1 je kalen\u00e1 a pop\u00fa\u0161\u0165an\u00e1 pod\u013ea presn\u00e9ho receptu.\",\"publisher\":{\"@id\":\"https:\\\/\\\/dohiku.eu\\\/sk\\\/#organization\"},\"potentialAction\":[{\"@type\":\"SearchAction\",\"target\":{\"@type\":\"EntryPoint\",\"urlTemplate\":\"https:\\\/\\\/dohiku.eu\\\/sk\\\/?s={search_term_string}\"},\"query-input\":{\"@type\":\"PropertyValueSpecification\",\"valueRequired\":true,\"valueName\":\"search_term_string\"}}],\"inLanguage\":\"sk-SK\"},{\"@type\":\"Organization\",\"@id\":\"https:\\\/\\\/dohiku.eu\\\/sk\\\/#organization\",\"name\":\"DOHIKU s.r.o.\",\"url\":\"https:\\\/\\\/dohiku.eu\\\/sk\\\/\",\"logo\":{\"@type\":\"ImageObject\",\"inLanguage\":\"sk-SK\",\"@id\":\"https:\\\/\\\/dohiku.eu\\\/sk\\\/#\\\/schema\\\/logo\\\/image\\\/\",\"url\":\"https:\\\/\\\/dohiku.eu\\\/wp-content\\\/uploads\\\/2024\\\/01\\\/cropped-dohiku.png\",\"contentUrl\":\"https:\\\/\\\/dohiku.eu\\\/wp-content\\\/uploads\\\/2024\\\/01\\\/cropped-dohiku.png\",\"width\":137,\"height\":87,\"caption\":\"DOHIKU s.r.o.\"},\"image\":{\"@id\":\"https:\\\/\\\/dohiku.eu\\\/sk\\\/#\\\/schema\\\/logo\\\/image\\\/\"}}]}<\/script>\n<!-- \/ Yoast SEO plugin. -->","yoast_head_json":{"title":"Zlat\u00fd ba\u017eant chvost - \u010derven\u00fd, PT6 - DOHIKU","robots":{"index":"index","follow":"follow","max-snippet":"max-snippet:-1","max-image-preview":"max-image-preview:large","max-video-preview":"max-video-preview:-1"},"canonical":"https:\/\/dohiku.eu\/sk\/shop\/viazacie-materialy\/perie\/zlaty-bazant-chvost-cerveny-pt6-2\/","og_locale":"sk_SK","og_type":"article","og_title":"Zlat\u00fd ba\u017eant chvost - \u010derven\u00fd, PT6 - DOHIKU","og_description":"N\u00e1hrada pierok Jongle Cock. Pierka Jungle Cock Substitute s\u00fa vytla\u010den\u00e9 na trvanlivej f\u00f3lii (samolepka).F\u00f3lia m\u00e1 kvalitn\u00fd povrch. V\u00fdhody: Dokonal\u00e1 kresba,zaru\u010den\u00e9 rozmery pri danej ve\u013ekosti, stabiln\u00e1 trv\u00e1cnos\u0165, jednoduch\u0161ie viazanie. Pierko sa priv\u00e4zuje be\u017en\u00fdm sp\u00f4sobom.","og_url":"https:\/\/dohiku.eu\/sk\/shop\/viazacie-materialy\/perie\/zlaty-bazant-chvost-cerveny-pt6-2\/","og_site_name":"DOHIKU","article_modified_time":"2025-12-30T10:15:48+00:00","og_image":[{"width":129,"height":230,"url":"https:\/\/dohiku.eu\/wp-content\/uploads\/2019\/03\/622-Jungle-Cock-substitute-Natural.jpg","type":"image\/jpeg"}],"twitter_card":"summary_large_image","twitter_misc":{"Predpokladan\u00fd \u010das \u010d\u00edtania":"1 min\u00fata"},"schema":{"@context":"https:\/\/schema.org","@graph":[{"@type":"WebPage","@id":"https:\/\/dohiku.eu\/sk\/shop\/viazacie-materialy\/perie\/zlaty-bazant-chvost-cerveny-pt6-2\/","url":"https:\/\/dohiku.eu\/sk\/shop\/viazacie-materialy\/perie\/zlaty-bazant-chvost-cerveny-pt6-2\/","name":"Zlat\u00fd ba\u017eant chvost - \u010derven\u00fd, PT6 - DOHIKU","isPartOf":{"@id":"https:\/\/dohiku.eu\/sk\/#website"},"primaryImageOfPage":{"@id":"https:\/\/dohiku.eu\/sk\/shop\/viazacie-materialy\/perie\/zlaty-bazant-chvost-cerveny-pt6-2\/#primaryimage"},"image":{"@id":"https:\/\/dohiku.eu\/sk\/shop\/viazacie-materialy\/perie\/zlaty-bazant-chvost-cerveny-pt6-2\/#primaryimage"},"thumbnailUrl":"https:\/\/dohiku.eu\/wp-content\/uploads\/2019\/03\/622-Jungle-Cock-substitute-Natural.jpg","datePublished":"2019-03-01T12:01:47+00:00","dateModified":"2025-12-30T10:15:48+00:00","breadcrumb":{"@id":"https:\/\/dohiku.eu\/sk\/shop\/viazacie-materialy\/perie\/zlaty-bazant-chvost-cerveny-pt6-2\/#breadcrumb"},"inLanguage":"sk-SK","potentialAction":[{"@type":"ReadAction","target":["https:\/\/dohiku.eu\/sk\/shop\/viazacie-materialy\/perie\/zlaty-bazant-chvost-cerveny-pt6-2\/"]}]},{"@type":"ImageObject","inLanguage":"sk-SK","@id":"https:\/\/dohiku.eu\/sk\/shop\/viazacie-materialy\/perie\/zlaty-bazant-chvost-cerveny-pt6-2\/#primaryimage","url":"https:\/\/dohiku.eu\/wp-content\/uploads\/2019\/03\/622-Jungle-Cock-substitute-Natural.jpg","contentUrl":"https:\/\/dohiku.eu\/wp-content\/uploads\/2019\/03\/622-Jungle-Cock-substitute-Natural.jpg","width":129,"height":230},{"@type":"BreadcrumbList","@id":"https:\/\/dohiku.eu\/sk\/shop\/viazacie-materialy\/perie\/zlaty-bazant-chvost-cerveny-pt6-2\/#breadcrumb","itemListElement":[{"@type":"ListItem","position":1,"name":"Home","item":"https:\/\/dohiku.eu\/sk\/"},{"@type":"ListItem","position":2,"name":"PRODUCTS","item":"https:\/\/dohiku.eu\/sk\/products\/"},{"@type":"ListItem","position":3,"name":"Zlat\u00fd ba\u017eant chvost &#8211; \u010derven\u00fd, PT6"}]},{"@type":"WebSite","@id":"https:\/\/dohiku.eu\/sk\/#website","url":"https:\/\/dohiku.eu\/sk\/","name":"DOHIKU","description":"H\u00e1\u010diky DOHIKU s\u00fa vyroben\u00e9 z vysoko uhl\u00edkovej ocele, ktor\u00e1 je kalen\u00e1 a pop\u00fa\u0161\u0165an\u00e1 pod\u013ea presn\u00e9ho receptu.","publisher":{"@id":"https:\/\/dohiku.eu\/sk\/#organization"},"potentialAction":[{"@type":"SearchAction","target":{"@type":"EntryPoint","urlTemplate":"https:\/\/dohiku.eu\/sk\/?s={search_term_string}"},"query-input":{"@type":"PropertyValueSpecification","valueRequired":true,"valueName":"search_term_string"}}],"inLanguage":"sk-SK"},{"@type":"Organization","@id":"https:\/\/dohiku.eu\/sk\/#organization","name":"DOHIKU s.r.o.","url":"https:\/\/dohiku.eu\/sk\/","logo":{"@type":"ImageObject","inLanguage":"sk-SK","@id":"https:\/\/dohiku.eu\/sk\/#\/schema\/logo\/image\/","url":"https:\/\/dohiku.eu\/wp-content\/uploads\/2024\/01\/cropped-dohiku.png","contentUrl":"https:\/\/dohiku.eu\/wp-content\/uploads\/2024\/01\/cropped-dohiku.png","width":137,"height":87,"caption":"DOHIKU s.r.o."},"image":{"@id":"https:\/\/dohiku.eu\/sk\/#\/schema\/logo\/image\/"}}]}},"_links":{"self":[{"href":"https:\/\/dohiku.eu\/sk\/wp-json\/wp\/v2\/product\/12820","targetHints":{"allow":["GET"]}}],"collection":[{"href":"https:\/\/dohiku.eu\/sk\/wp-json\/wp\/v2\/product"}],"about":[{"href":"https:\/\/dohiku.eu\/sk\/wp-json\/wp\/v2\/types\/product"}],"replies":[{"embeddable":true,"href":"https:\/\/dohiku.eu\/sk\/wp-json\/wp\/v2\/comments?post=12820"}],"wp:featuredmedia":[{"embeddable":true,"href":"https:\/\/dohiku.eu\/sk\/wp-json\/wp\/v2\/media\/5271"}],"wp:attachment":[{"href":"https:\/\/dohiku.eu\/sk\/wp-json\/wp\/v2\/media?parent=12820"}],"wp:term":[{"taxonomy":"product_brand","embeddable":true,"href":"https:\/\/dohiku.eu\/sk\/wp-json\/wp\/v2\/product_brand?post=12820"},{"taxonomy":"product_cat","embeddable":true,"href":"https:\/\/dohiku.eu\/sk\/wp-json\/wp\/v2\/product_cat?post=12820"},{"taxonomy":"product_tag","embeddable":true,"href":"https:\/\/dohiku.eu\/sk\/wp-json\/wp\/v2\/product_tag?post=12820"}],"curies":[{"name":"wp","href":"https:\/\/api.w.org\/{rel}","templated":true}]}}