{"id":12100,"date":"2025-09-25T07:10:46","date_gmt":"2025-09-25T07:10:46","guid":{"rendered":"https:\/\/dohiku.eu\/?post_type=product&#038;p=12100"},"modified":"2026-04-02T10:15:38","modified_gmt":"2026-04-02T10:15:38","slug":"dohiku-muskarske-haciky-bez-protihrotu-hdv-304-16-pavucik","status":"publish","type":"product","link":"https:\/\/dohiku.eu\/sk\/shop\/haciky\/muskarske-haciky-dohiku-bez-protihrotu\/dohiku-muskarske-haciky-bez-protihrotu-hdv-304-16-pavucik\/","title":{"rendered":"DOHIKU Mu\u0161k\u00e1rske h\u00e1\u010diky bez protihrotu &#8211; HDV 304\/16 &#8211; Pav\u00fa\u010dik"},"content":{"rendered":"<div class=\"wp-block-image\">\n<div style=\"width: 1220px;\" class=\"wp-video\"><!--[if lt IE 9]><script>document.createElement('video');<\/script><![endif]-->\n<video class=\"wp-video-shortcode\" id=\"video-12100-1\" width=\"1220\" height=\"686\" preload=\"metadata\" controls=\"controls\"><source type=\"video\/mp4\" src=\"https:\/\/dohiku.eu\/wp-content\/uploads\/2025\/09\/1769742980662.mp4?_=1\" \/><a href=\"https:\/\/dohiku.eu\/wp-content\/uploads\/2025\/09\/1769742980662.mp4\">https:\/\/dohiku.eu\/wp-content\/uploads\/2025\/09\/1769742980662.mp4<\/a><\/video><\/div>\n<\/div>\n<p>H\u00e1\u010diky DOHIKU HDV 304 sa odpor\u00fa\u010daj\u00fa najm\u00e4 na viazanie pav\u00fa\u010d\u00edch mu\u0161iek. Samozrejme, daj\u00fa sa pou\u017ei\u0165 aj na viazanie suchozemsk\u00fdch, mokr\u00fdch a such\u00fdch mu\u0161iek.<\/p>\n<p>Povrchov\u00e1 \u00faprava: Black Nickel. 1 balenie &#8211; 25 ks.<\/p>\n","protected":false},"excerpt":{"rendered":"<p>H\u00e1\u010diky DOHIKU HDV 304 sa odpor\u00fa\u010daj\u00fa najm\u00e4 na viazanie pav\u00fa\u010d\u00edch mu\u0161iek. Samozrejme, daj\u00fa sa pou\u017ei\u0165 aj na viazanie suchozemsk\u00fdch, mokr\u00fdch a such\u00fdch mu\u0161iek.<\/p>\n<p>Povrchov\u00e1 \u00faprava: Black Nickel. 1 balenie &#8211; 25 ks.<\/p>\n","protected":false},"featured_media":12099,"comment_status":"open","ping_status":"closed","template":"","meta":[],"product_brand":[],"product_cat":[2285,511,509,2421],"product_tag":[],"class_list":{"0":"post-12100","1":"product","2":"type-product","3":"status-publish","4":"has-post-thumbnail","6":"product_cat-dohiku-hdv-304","7":"product_cat-haciky","8":"product_cat-muskarske-haciky-dohiku-bez-protihrotu","9":"product_cat-nase-produkty","11":"first","12":"instock","13":"taxable","14":"shipping-taxable","15":"purchasable","16":"product-type-simple"},"yoast_head":"<!-- This site is optimized with the Yoast SEO plugin v27.4 - https:\/\/yoast.com\/product\/yoast-seo-wordpress\/ -->\n<title>DOHIKU Mu\u0161k\u00e1rske h\u00e1\u010diky bez protihrotu - HDV 304\/16 - Pav\u00fa\u010dik - DOHIKU<\/title>\n<meta name=\"robots\" content=\"index, follow, max-snippet:-1, max-image-preview:large, max-video-preview:-1\" \/>\n<link rel=\"canonical\" href=\"https:\/\/dohiku.eu\/sk\/shop\/haciky\/muskarske-haciky-dohiku-bez-protihrotu\/dohiku-muskarske-haciky-bez-protihrotu-hdv-304-16-pavucik\/\" \/>\n<meta property=\"og:locale\" content=\"sk_SK\" \/>\n<meta property=\"og:type\" content=\"article\" \/>\n<meta property=\"og:title\" content=\"DOHIKU Mu\u0161k\u00e1rske h\u00e1\u010diky bez protihrotu - HDV 304\/16 - Pav\u00fa\u010dik - DOHIKU\" \/>\n<meta property=\"og:description\" content=\"H\u00e1\u010diky DOHIKU HDV 304 sa odpor\u00fa\u010daj\u00fa najm\u00e4 na viazanie pav\u00fa\u010d\u00edch mu\u0161iek. Samozrejme, daj\u00fa sa pou\u017ei\u0165 aj na viazanie suchozemsk\u00fdch, mokr\u00fdch a such\u00fdch mu\u0161iek.  Povrchov\u00e1 \u00faprava: Black Nickel. 1 balenie - 25 ks.\" \/>\n<meta property=\"og:url\" content=\"https:\/\/dohiku.eu\/sk\/shop\/haciky\/muskarske-haciky-dohiku-bez-protihrotu\/dohiku-muskarske-haciky-bez-protihrotu-hdv-304-16-pavucik\/\" \/>\n<meta property=\"og:site_name\" content=\"DOHIKU\" \/>\n<meta property=\"article:modified_time\" content=\"2026-04-02T10:15:38+00:00\" \/>\n<meta property=\"og:image\" content=\"https:\/\/dohiku.eu\/wp-content\/uploads\/2025\/09\/universal-hook-hdv-30410-1-5.jpg\" \/>\n\t<meta property=\"og:image:width\" content=\"1100\" \/>\n\t<meta property=\"og:image:height\" content=\"1422\" \/>\n\t<meta property=\"og:image:type\" content=\"image\/jpeg\" \/>\n<meta name=\"twitter:card\" content=\"summary_large_image\" \/>\n<meta name=\"twitter:label1\" content=\"Predpokladan\u00fd \u010das \u010d\u00edtania\" \/>\n\t<meta name=\"twitter:data1\" content=\"1 min\u00fata\" \/>\n<script type=\"application\/ld+json\" class=\"yoast-schema-graph\">{\"@context\":\"https:\\\/\\\/schema.org\",\"@graph\":[{\"@type\":\"WebPage\",\"@id\":\"https:\\\/\\\/dohiku.eu\\\/sk\\\/shop\\\/haciky\\\/muskarske-haciky-dohiku-bez-protihrotu\\\/dohiku-muskarske-haciky-bez-protihrotu-hdv-304-16-pavucik\\\/\",\"url\":\"https:\\\/\\\/dohiku.eu\\\/sk\\\/shop\\\/haciky\\\/muskarske-haciky-dohiku-bez-protihrotu\\\/dohiku-muskarske-haciky-bez-protihrotu-hdv-304-16-pavucik\\\/\",\"name\":\"DOHIKU Mu\u0161k\u00e1rske h\u00e1\u010diky bez protihrotu - HDV 304\\\/16 - Pav\u00fa\u010dik - DOHIKU\",\"isPartOf\":{\"@id\":\"https:\\\/\\\/dohiku.eu\\\/sk\\\/#website\"},\"primaryImageOfPage\":{\"@id\":\"https:\\\/\\\/dohiku.eu\\\/sk\\\/shop\\\/haciky\\\/muskarske-haciky-dohiku-bez-protihrotu\\\/dohiku-muskarske-haciky-bez-protihrotu-hdv-304-16-pavucik\\\/#primaryimage\"},\"image\":{\"@id\":\"https:\\\/\\\/dohiku.eu\\\/sk\\\/shop\\\/haciky\\\/muskarske-haciky-dohiku-bez-protihrotu\\\/dohiku-muskarske-haciky-bez-protihrotu-hdv-304-16-pavucik\\\/#primaryimage\"},\"thumbnailUrl\":\"https:\\\/\\\/dohiku.eu\\\/wp-content\\\/uploads\\\/2025\\\/09\\\/universal-hook-hdv-30410-1-5.jpg\",\"datePublished\":\"2025-09-25T07:10:46+00:00\",\"dateModified\":\"2026-04-02T10:15:38+00:00\",\"breadcrumb\":{\"@id\":\"https:\\\/\\\/dohiku.eu\\\/sk\\\/shop\\\/haciky\\\/muskarske-haciky-dohiku-bez-protihrotu\\\/dohiku-muskarske-haciky-bez-protihrotu-hdv-304-16-pavucik\\\/#breadcrumb\"},\"inLanguage\":\"sk-SK\",\"potentialAction\":[{\"@type\":\"ReadAction\",\"target\":[\"https:\\\/\\\/dohiku.eu\\\/sk\\\/shop\\\/haciky\\\/muskarske-haciky-dohiku-bez-protihrotu\\\/dohiku-muskarske-haciky-bez-protihrotu-hdv-304-16-pavucik\\\/\"]}]},{\"@type\":\"ImageObject\",\"inLanguage\":\"sk-SK\",\"@id\":\"https:\\\/\\\/dohiku.eu\\\/sk\\\/shop\\\/haciky\\\/muskarske-haciky-dohiku-bez-protihrotu\\\/dohiku-muskarske-haciky-bez-protihrotu-hdv-304-16-pavucik\\\/#primaryimage\",\"url\":\"https:\\\/\\\/dohiku.eu\\\/wp-content\\\/uploads\\\/2025\\\/09\\\/universal-hook-hdv-30410-1-5.jpg\",\"contentUrl\":\"https:\\\/\\\/dohiku.eu\\\/wp-content\\\/uploads\\\/2025\\\/09\\\/universal-hook-hdv-30410-1-5.jpg\",\"width\":1100,\"height\":1422},{\"@type\":\"BreadcrumbList\",\"@id\":\"https:\\\/\\\/dohiku.eu\\\/sk\\\/shop\\\/haciky\\\/muskarske-haciky-dohiku-bez-protihrotu\\\/dohiku-muskarske-haciky-bez-protihrotu-hdv-304-16-pavucik\\\/#breadcrumb\",\"itemListElement\":[{\"@type\":\"ListItem\",\"position\":1,\"name\":\"Home\",\"item\":\"https:\\\/\\\/dohiku.eu\\\/sk\\\/\"},{\"@type\":\"ListItem\",\"position\":2,\"name\":\"PRODUCTS\",\"item\":\"https:\\\/\\\/dohiku.eu\\\/sk\\\/products\\\/\"},{\"@type\":\"ListItem\",\"position\":3,\"name\":\"DOHIKU Mu\u0161k\u00e1rske h\u00e1\u010diky bez protihrotu &#8211; HDV 304\\\/16 &#8211; Pav\u00fa\u010dik\"}]},{\"@type\":\"WebSite\",\"@id\":\"https:\\\/\\\/dohiku.eu\\\/sk\\\/#website\",\"url\":\"https:\\\/\\\/dohiku.eu\\\/sk\\\/\",\"name\":\"DOHIKU\",\"description\":\"H\u00e1\u010diky DOHIKU s\u00fa vyroben\u00e9 z vysoko uhl\u00edkovej ocele, ktor\u00e1 je kalen\u00e1 a pop\u00fa\u0161\u0165an\u00e1 pod\u013ea presn\u00e9ho receptu.\",\"publisher\":{\"@id\":\"https:\\\/\\\/dohiku.eu\\\/sk\\\/#organization\"},\"potentialAction\":[{\"@type\":\"SearchAction\",\"target\":{\"@type\":\"EntryPoint\",\"urlTemplate\":\"https:\\\/\\\/dohiku.eu\\\/sk\\\/?s={search_term_string}\"},\"query-input\":{\"@type\":\"PropertyValueSpecification\",\"valueRequired\":true,\"valueName\":\"search_term_string\"}}],\"inLanguage\":\"sk-SK\"},{\"@type\":\"Organization\",\"@id\":\"https:\\\/\\\/dohiku.eu\\\/sk\\\/#organization\",\"name\":\"DOHIKU s.r.o.\",\"url\":\"https:\\\/\\\/dohiku.eu\\\/sk\\\/\",\"logo\":{\"@type\":\"ImageObject\",\"inLanguage\":\"sk-SK\",\"@id\":\"https:\\\/\\\/dohiku.eu\\\/sk\\\/#\\\/schema\\\/logo\\\/image\\\/\",\"url\":\"https:\\\/\\\/dohiku.eu\\\/wp-content\\\/uploads\\\/2024\\\/01\\\/cropped-dohiku.png\",\"contentUrl\":\"https:\\\/\\\/dohiku.eu\\\/wp-content\\\/uploads\\\/2024\\\/01\\\/cropped-dohiku.png\",\"width\":137,\"height\":87,\"caption\":\"DOHIKU s.r.o.\"},\"image\":{\"@id\":\"https:\\\/\\\/dohiku.eu\\\/sk\\\/#\\\/schema\\\/logo\\\/image\\\/\"}}]}<\/script>\n<!-- \/ Yoast SEO plugin. -->","yoast_head_json":{"title":"DOHIKU Mu\u0161k\u00e1rske h\u00e1\u010diky bez protihrotu - HDV 304\/16 - Pav\u00fa\u010dik - DOHIKU","robots":{"index":"index","follow":"follow","max-snippet":"max-snippet:-1","max-image-preview":"max-image-preview:large","max-video-preview":"max-video-preview:-1"},"canonical":"https:\/\/dohiku.eu\/sk\/shop\/haciky\/muskarske-haciky-dohiku-bez-protihrotu\/dohiku-muskarske-haciky-bez-protihrotu-hdv-304-16-pavucik\/","og_locale":"sk_SK","og_type":"article","og_title":"DOHIKU Mu\u0161k\u00e1rske h\u00e1\u010diky bez protihrotu - HDV 304\/16 - Pav\u00fa\u010dik - DOHIKU","og_description":"H\u00e1\u010diky DOHIKU HDV 304 sa odpor\u00fa\u010daj\u00fa najm\u00e4 na viazanie pav\u00fa\u010d\u00edch mu\u0161iek. Samozrejme, daj\u00fa sa pou\u017ei\u0165 aj na viazanie suchozemsk\u00fdch, mokr\u00fdch a such\u00fdch mu\u0161iek.  Povrchov\u00e1 \u00faprava: Black Nickel. 1 balenie - 25 ks.","og_url":"https:\/\/dohiku.eu\/sk\/shop\/haciky\/muskarske-haciky-dohiku-bez-protihrotu\/dohiku-muskarske-haciky-bez-protihrotu-hdv-304-16-pavucik\/","og_site_name":"DOHIKU","article_modified_time":"2026-04-02T10:15:38+00:00","og_image":[{"width":1100,"height":1422,"url":"https:\/\/dohiku.eu\/wp-content\/uploads\/2025\/09\/universal-hook-hdv-30410-1-5.jpg","type":"image\/jpeg"}],"twitter_card":"summary_large_image","twitter_misc":{"Predpokladan\u00fd \u010das \u010d\u00edtania":"1 min\u00fata"},"schema":{"@context":"https:\/\/schema.org","@graph":[{"@type":"WebPage","@id":"https:\/\/dohiku.eu\/sk\/shop\/haciky\/muskarske-haciky-dohiku-bez-protihrotu\/dohiku-muskarske-haciky-bez-protihrotu-hdv-304-16-pavucik\/","url":"https:\/\/dohiku.eu\/sk\/shop\/haciky\/muskarske-haciky-dohiku-bez-protihrotu\/dohiku-muskarske-haciky-bez-protihrotu-hdv-304-16-pavucik\/","name":"DOHIKU Mu\u0161k\u00e1rske h\u00e1\u010diky bez protihrotu - HDV 304\/16 - Pav\u00fa\u010dik - DOHIKU","isPartOf":{"@id":"https:\/\/dohiku.eu\/sk\/#website"},"primaryImageOfPage":{"@id":"https:\/\/dohiku.eu\/sk\/shop\/haciky\/muskarske-haciky-dohiku-bez-protihrotu\/dohiku-muskarske-haciky-bez-protihrotu-hdv-304-16-pavucik\/#primaryimage"},"image":{"@id":"https:\/\/dohiku.eu\/sk\/shop\/haciky\/muskarske-haciky-dohiku-bez-protihrotu\/dohiku-muskarske-haciky-bez-protihrotu-hdv-304-16-pavucik\/#primaryimage"},"thumbnailUrl":"https:\/\/dohiku.eu\/wp-content\/uploads\/2025\/09\/universal-hook-hdv-30410-1-5.jpg","datePublished":"2025-09-25T07:10:46+00:00","dateModified":"2026-04-02T10:15:38+00:00","breadcrumb":{"@id":"https:\/\/dohiku.eu\/sk\/shop\/haciky\/muskarske-haciky-dohiku-bez-protihrotu\/dohiku-muskarske-haciky-bez-protihrotu-hdv-304-16-pavucik\/#breadcrumb"},"inLanguage":"sk-SK","potentialAction":[{"@type":"ReadAction","target":["https:\/\/dohiku.eu\/sk\/shop\/haciky\/muskarske-haciky-dohiku-bez-protihrotu\/dohiku-muskarske-haciky-bez-protihrotu-hdv-304-16-pavucik\/"]}]},{"@type":"ImageObject","inLanguage":"sk-SK","@id":"https:\/\/dohiku.eu\/sk\/shop\/haciky\/muskarske-haciky-dohiku-bez-protihrotu\/dohiku-muskarske-haciky-bez-protihrotu-hdv-304-16-pavucik\/#primaryimage","url":"https:\/\/dohiku.eu\/wp-content\/uploads\/2025\/09\/universal-hook-hdv-30410-1-5.jpg","contentUrl":"https:\/\/dohiku.eu\/wp-content\/uploads\/2025\/09\/universal-hook-hdv-30410-1-5.jpg","width":1100,"height":1422},{"@type":"BreadcrumbList","@id":"https:\/\/dohiku.eu\/sk\/shop\/haciky\/muskarske-haciky-dohiku-bez-protihrotu\/dohiku-muskarske-haciky-bez-protihrotu-hdv-304-16-pavucik\/#breadcrumb","itemListElement":[{"@type":"ListItem","position":1,"name":"Home","item":"https:\/\/dohiku.eu\/sk\/"},{"@type":"ListItem","position":2,"name":"PRODUCTS","item":"https:\/\/dohiku.eu\/sk\/products\/"},{"@type":"ListItem","position":3,"name":"DOHIKU Mu\u0161k\u00e1rske h\u00e1\u010diky bez protihrotu &#8211; HDV 304\/16 &#8211; Pav\u00fa\u010dik"}]},{"@type":"WebSite","@id":"https:\/\/dohiku.eu\/sk\/#website","url":"https:\/\/dohiku.eu\/sk\/","name":"DOHIKU","description":"H\u00e1\u010diky DOHIKU s\u00fa vyroben\u00e9 z vysoko uhl\u00edkovej ocele, ktor\u00e1 je kalen\u00e1 a pop\u00fa\u0161\u0165an\u00e1 pod\u013ea presn\u00e9ho receptu.","publisher":{"@id":"https:\/\/dohiku.eu\/sk\/#organization"},"potentialAction":[{"@type":"SearchAction","target":{"@type":"EntryPoint","urlTemplate":"https:\/\/dohiku.eu\/sk\/?s={search_term_string}"},"query-input":{"@type":"PropertyValueSpecification","valueRequired":true,"valueName":"search_term_string"}}],"inLanguage":"sk-SK"},{"@type":"Organization","@id":"https:\/\/dohiku.eu\/sk\/#organization","name":"DOHIKU s.r.o.","url":"https:\/\/dohiku.eu\/sk\/","logo":{"@type":"ImageObject","inLanguage":"sk-SK","@id":"https:\/\/dohiku.eu\/sk\/#\/schema\/logo\/image\/","url":"https:\/\/dohiku.eu\/wp-content\/uploads\/2024\/01\/cropped-dohiku.png","contentUrl":"https:\/\/dohiku.eu\/wp-content\/uploads\/2024\/01\/cropped-dohiku.png","width":137,"height":87,"caption":"DOHIKU s.r.o."},"image":{"@id":"https:\/\/dohiku.eu\/sk\/#\/schema\/logo\/image\/"}}]}},"_links":{"self":[{"href":"https:\/\/dohiku.eu\/sk\/wp-json\/wp\/v2\/product\/12100","targetHints":{"allow":["GET"]}}],"collection":[{"href":"https:\/\/dohiku.eu\/sk\/wp-json\/wp\/v2\/product"}],"about":[{"href":"https:\/\/dohiku.eu\/sk\/wp-json\/wp\/v2\/types\/product"}],"replies":[{"embeddable":true,"href":"https:\/\/dohiku.eu\/sk\/wp-json\/wp\/v2\/comments?post=12100"}],"wp:featuredmedia":[{"embeddable":true,"href":"https:\/\/dohiku.eu\/sk\/wp-json\/wp\/v2\/media\/12099"}],"wp:attachment":[{"href":"https:\/\/dohiku.eu\/sk\/wp-json\/wp\/v2\/media?parent=12100"}],"wp:term":[{"taxonomy":"product_brand","embeddable":true,"href":"https:\/\/dohiku.eu\/sk\/wp-json\/wp\/v2\/product_brand?post=12100"},{"taxonomy":"product_cat","embeddable":true,"href":"https:\/\/dohiku.eu\/sk\/wp-json\/wp\/v2\/product_cat?post=12100"},{"taxonomy":"product_tag","embeddable":true,"href":"https:\/\/dohiku.eu\/sk\/wp-json\/wp\/v2\/product_tag?post=12100"}],"curies":[{"name":"wp","href":"https:\/\/api.w.org\/{rel}","templated":true}]}}